{"id":72909,"date":"2024-11-25T10:29:17","date_gmt":"2024-11-25T08:29:17","guid":{"rendered":"https:\/\/cambrabcn.org\/articulos-partners-internacionalizacion\/caramoon-asesoria-integral-y-soluciones-personalizadas-para-clientes-internacionales\/"},"modified":"2024-11-25T12:28:04","modified_gmt":"2024-11-25T10:28:04","slug":"caramoon-asesoria-integral-y-soluciones-personalizadas-para-clientes-internacionales","status":"publish","type":"page","link":"https:\/\/cambrabcn.org\/es\/articulos-partners-internacionalizacion\/caramoon-asesoria-integral-y-soluciones-personalizadas-para-clientes-internacionales\/","title":{"rendered":"Caramoon: Asesor\u00eda integral y soluciones personalizadas para clientes internacionales"},"content":{"rendered":"\n<div class=\"wp-block-group cambra-page-about-us-single is-layout-constrained wp-container-core-group-is-layout-e9b1e06a wp-block-group-is-layout-constrained\">\n<div style=\"height:2.5rem\" aria-hidden=\"true\" class=\"wp-block-spacer hide-mobile\"><\/div>\n\n\n\n<div class=\"wp-block-group is-layout-constrained wp-container-core-group-is-layout-6b712b1a wp-block-group-is-layout-constrained\"><div class=\"wp-block-cambra-custom-blocks-cambra-breadcrumbs\"><nav role=\"navigation\" aria-label=\"Breadcrumb\" class=\"breadcrumb\"><ol class=\"breadcrumb-items\"><li class=\"breadcrumb-item breadcrumb-item--current breadcrumb-item--home\"><span class=\"breadcrumb-item-name\">Inicio<\/span><\/li><\/ol><\/nav><\/div><\/div>\n\n\n\n<div style=\"height:2.5rem\" aria-hidden=\"true\" class=\"wp-block-spacer hide-mobile\"><\/div>\n\n\n\n<div class=\"wp-block-group main-content is-layout-constrained wp-container-core-group-is-layout-6b712b1a wp-block-group-is-layout-constrained\"><figure class=\"aligncenter wp-block-post-featured-image\"><img loading=\"lazy\" decoding=\"async\" width=\"1200\" height=\"273\" src=\"https:\/\/cambrabcn.org\/wp-content\/uploads\/2024\/11\/Caramoon_1200x273.png\" class=\"attachment-post-thumbnail size-post-thumbnail wp-post-image\" alt=\"\" style=\"object-fit:cover;\" srcset=\"https:\/\/cambrabcn.org\/wp-content\/uploads\/2024\/11\/Caramoon_1200x273.png 1200w, https:\/\/cambrabcn.org\/wp-content\/uploads\/2024\/11\/Caramoon_1200x273-300x68.png 300w, https:\/\/cambrabcn.org\/wp-content\/uploads\/2024\/11\/Caramoon_1200x273-1024x233.png 1024w, https:\/\/cambrabcn.org\/wp-content\/uploads\/2024\/11\/Caramoon_1200x273-768x175.png 768w, https:\/\/cambrabcn.org\/wp-content\/uploads\/2024\/11\/Caramoon_1200x273-600x137.png 600w\" sizes=\"auto, (max-width: 1200px) 100vw, 1200px\" \/><\/figure>\n\n\n<div class=\"wp-block-group cambra-bottom-line is-layout-constrained wp-container-core-group-is-layout-7fca5b48 wp-block-group-is-layout-constrained\"><h1 class=\"heading-1 wp-block-post-title\">Caramoon: Asesor\u00eda integral y soluciones personalizadas para clientes internacionales<\/h1><\/div>\n<\/div>\n\n\n\n<div style=\"height:3.75rem\" aria-hidden=\"true\" class=\"wp-block-spacer\"><\/div>\n\n\n\n<div class=\"wp-block-group has-secondary-neutral-black-color has-text-color is-layout-constrained wp-container-core-group-is-layout-6b712b1a wp-block-group-is-layout-constrained\">\n<div class=\"wp-block-group is-layout-constrained wp-container-core-group-is-layout-7fca5b48 wp-block-group-is-layout-constrained\">\n<p>Caramoon Group Internacional S.L. es una empresa multinacional especializada en inversiones, seguros, construcci\u00f3n y turismo, con un enfoque particular en el mercado espa\u00f1ol. Su misi\u00f3n es brindar asesor\u00eda integral y soluciones personalizadas para clientes internacionales interesados a adquirir propiedades y servicios en Espa\u00f1a. Caramoon destaca por su enfoque multiling\u00fce y multicultural, lo cual le permite ofrecer una atenci\u00f3n \u00fanica y adaptada a las expectativas de una clientela internacional diversa.  <\/p>\n\n\n\n<p>Entre sus l\u00edneas de negocio podemos encontrar:<\/p>\n\n\n\n<p>a. Inversiones: Caramoon identifica oportunidades de inversi\u00f3n en bienes ra\u00edces residenciales y comerciales, franquicias, acciones de empresas y f\u00e1bricas, ofreciendo un acompa\u00f1amiento integral en todas las etapas del proceso. Desde la identificaci\u00f3n de la oportunidad adecuada hasta la finalizaci\u00f3n de la transacci\u00f3n, Caramoon se enfoca a garantizar inversiones seguras y de alta rentabilidad para sus clientes.  <\/p>\n\n\n\n<p>b. Seguros: La empresa ofrece una amplia gama de seguros, incluyendo vida, salud, hogar y autom\u00f3viles, ajustados a las necesidades individuales de cada cliente para brindar una experiencia personalizada. Pr\u00f3ximamente, Caramoon lanzar\u00e1 una plataforma en l\u00ednea que permitir\u00e1 a los clientes comparar y contratar seguros de manera directa, simplificando la gesti\u00f3n y eliminando la necesidad de intermediarios.  <\/p>\n\n\n\n<p>c. Construcci\u00f3n y Reformas: Caramoon gestiona proyectos de construcci\u00f3n y reformas en los sectores residencial y comercial, asegurando que cada proyecto se realice con los m\u00e1s altos est\u00e1ndares de calidad y eficiencia. Su equipo se encarga de cada detalle, brindando a los clientes tranquilidad y satisfacci\u00f3n con los resultados finales de sus proyectos.  <\/p>\n\n\n\n<p>d. Turismo: Caramoon tambi\u00e9n ofrece servicios tur\u00edsticos personalizados que incluyen la gesti\u00f3n de visados, organizaci\u00f3n de tours a medida, transporte y asistencia en traducci\u00f3n. Su equipo facilita visados comerciales y de exposici\u00f3n, asegurando una experiencia sin complicaciones para visitantes internacionales que desean disfrutar de una estancia c\u00f3moda y segura en Espa\u00f1a.  <\/p>\n\n\n\n<p>Caramoon est\u00e1 especialmente enfocada en el mercado inmobiliario de las principales ciudades y zonas residenciales de Espa\u00f1a, con una atenci\u00f3n particular en Barcelona, Madrid y la Costa del Sol. Estas \u00e1reas son muy atractivas tanto para inversores locales como internacionales, al ofrecer una amplia gama de propiedades, desde apartamentos en el centro urbano hasta lujosas villas en la costa. <\/p>\n\n\n\n<p>La empresa trabaja principalmente con inversores internacionales, expatriados y ciudadanos de fuera de la Uni\u00f3n Europea, especialmente de Oriente Medio, Asia, Rusia y Turqu\u00eda, que buscan adquirir propiedades y servicios en Espa\u00f1a. Adem\u00e1s, sus servicios de seguros y construcci\u00f3n est\u00e1n dise\u00f1ados para satisfacer las demandas de los residentes locales e internacionales, ofreciendo soluciones de calidad y seguridad en cada proyecto. <\/p>\n\n\n\n<p>El que diferencia a Caramoon es su enfoque personalizado y su profundo conocimiento del mercado espa\u00f1ol. Su oferta de servicios alcanza asesor\u00eda legal, financiera y log\u00edstica, lo cual permite a cada cliente recibir una atenci\u00f3n individualizada y soluciones adaptadas a sus necesidades. El equipo multiling\u00fce y multicultural facilita una comunicaci\u00f3n pr\u00f3xima y efectiva con los clientes, mientras que la integraci\u00f3n de varias \u00e1reas de negocio bajo un mismo grupo empresarial permite ofrecer soluciones completas y coherentes. La empresa se distingue en el mercado por su experiencia, transparencia y compromiso con la satisfacci\u00f3n del cliente.   <\/p>\n\n\n\n<p>Su equipo directivo est\u00e1 formado por Mohsen Majboori Esfahani, director General, es un profesional con amplia experiencia en el asesoramiento y desarrollo de inversiones en varios sectores, como construcci\u00f3n, seguros y franquicias. Por su parte Noushin Shafaattalab, directora del Departamento de Seguros, es experta en el sector asegurador que ha conseguido desarrollar un servicio asegurador personalizado, adaptado a clientes de varias nacionalidades. <\/p>\n\n\n\n<p>Caramoon ofrece diferentes l\u00edneas de negocio para socios internacionales en los sectores inmobiliarios, financieros, aseguradores y de construcci\u00f3n, brindando oportunidades para alianzas con empresas internacionales.<\/p>\n\n\n\n<p>Caramoon busca establecer conexiones con empresas del mismo sector en Catalu\u00f1a y otros pa\u00edses, con la intenci\u00f3n de explorar colaboraciones y asociaciones de beneficio mutuo. Estas alianzas permitir\u00e1n a la empresa expandir sus servicios y facilitar la entrada de nuevos inversores en el mercado espa\u00f1ol, promoviendo un ambiente de cooperaci\u00f3n internacional que beneficie a todas las partes involucradas. <\/p>\n<\/div>\n<\/div>\n\n\n\n<div style=\"height:3rem\" aria-hidden=\"true\" class=\"wp-block-spacer\"><\/div>\n<\/div>\n","protected":false},"excerpt":{"rendered":"<p>Caramoon Group Internacional S.L. es una empresa multinacional especializada en inversiones, seguros, construcci\u00f3n y turismo, con un enfoque particular en el mercado espa\u00f1ol. Su misi\u00f3n es brindar asesor\u00eda integral y soluciones personalizadas para clientes internacionales interesados a adquirir propiedades y servicios en Espa\u00f1a. Caramoon destaca por su enfoque multiling\u00fce y multicultural, lo cual le permite [&hellip;]<\/p>\n","protected":false},"author":6,"featured_media":72903,"parent":51533,"menu_order":0,"comment_status":"closed","ping_status":"closed","template":"","meta":{"_acf_changed":false,"inline_featured_image":false,"ep_exclude_from_search":false,"footnotes":""},"class_list":["post-72909","page","type-page","status-publish","has-post-thumbnail","hentry"],"pp_statuses_selecting_workflow":false,"pp_workflow_action":"current","pp_status_selection":"publish","acf":[],"yoast_head":"<!-- This site is optimized with the Yoast SEO Premium plugin v27.1 (Yoast SEO v27.1.1) - https:\/\/yoast.com\/product\/yoast-seo-premium-wordpress\/ -->\n<title>Caramoon: Asesor\u00eda integral y soluciones personalizadas para clientes internacionales | Cambra de Comer\u00e7 de Barcelona<\/title>\n<meta name=\"robots\" content=\"index, follow, max-snippet:-1, max-image-preview:large, max-video-preview:-1\" \/>\n<link rel=\"canonical\" href=\"https:\/\/cambrabcn.org\/es\/articulos-partners-internacionalizacion\/caramoon-asesoria-integral-y-soluciones-personalizadas-para-clientes-internacionales\/\" \/>\n<meta property=\"og:locale\" content=\"es_ES\" \/>\n<meta property=\"og:type\" content=\"article\" \/>\n<meta property=\"og:title\" content=\"Caramoon: Asesor\u00eda integral y soluciones personalizadas para clientes internacionales\" \/>\n<meta property=\"og:description\" content=\"Caramoon Group Internacional S.L. es una empresa multinacional especializada en inversiones, seguros, construcci\u00f3n y turismo, con un enfoque particular en el mercado espa\u00f1ol. Su misi\u00f3n es brindar asesor\u00eda integral y soluciones personalizadas para clientes internacionales interesados a adquirir propiedades y servicios en Espa\u00f1a. Caramoon destaca por su enfoque multiling\u00fce y multicultural, lo cual le permite [&hellip;]\" \/>\n<meta property=\"og:url\" content=\"https:\/\/cambrabcn.org\/es\/articulos-partners-internacionalizacion\/caramoon-asesoria-integral-y-soluciones-personalizadas-para-clientes-internacionales\/\" \/>\n<meta property=\"og:site_name\" content=\"Cambra de Comer\u00e7 de Barcelona\" \/>\n<meta property=\"article:modified_time\" content=\"2024-11-25T10:28:04+00:00\" \/>\n<meta property=\"og:image\" content=\"https:\/\/cambrabcn.org\/wp-content\/uploads\/2024\/11\/Caramoon_1200x273.png\" \/>\n\t<meta property=\"og:image:width\" content=\"1200\" \/>\n\t<meta property=\"og:image:height\" content=\"273\" \/>\n\t<meta property=\"og:image:type\" content=\"image\/png\" \/>\n<meta name=\"twitter:card\" content=\"summary_large_image\" \/>\n<meta name=\"twitter:site\" content=\"@cambrabcn\" \/>\n<meta name=\"twitter:label1\" content=\"Tiempo de lectura\" \/>\n\t<meta name=\"twitter:data1\" content=\"4 minutos\" \/>\n<script type=\"application\/ld+json\" class=\"yoast-schema-graph\">{\"@context\":\"https:\/\/schema.org\",\"@graph\":[{\"@type\":\"WebPage\",\"@id\":\"https:\/\/cambrabcn.org\/es\/articulos-partners-internacionalizacion\/caramoon-asesoria-integral-y-soluciones-personalizadas-para-clientes-internacionales\/\",\"url\":\"https:\/\/cambrabcn.org\/es\/articulos-partners-internacionalizacion\/caramoon-asesoria-integral-y-soluciones-personalizadas-para-clientes-internacionales\/\",\"name\":\"Caramoon: Asesor\u00eda integral y soluciones personalizadas para clientes internacionales | Cambra de Comer\u00e7 de Barcelona\",\"isPartOf\":{\"@id\":\"https:\/\/cambrabcn.org\/es\/#website\"},\"primaryImageOfPage\":{\"@id\":\"https:\/\/cambrabcn.org\/es\/articulos-partners-internacionalizacion\/caramoon-asesoria-integral-y-soluciones-personalizadas-para-clientes-internacionales\/#primaryimage\"},\"image\":{\"@id\":\"https:\/\/cambrabcn.org\/es\/articulos-partners-internacionalizacion\/caramoon-asesoria-integral-y-soluciones-personalizadas-para-clientes-internacionales\/#primaryimage\"},\"thumbnailUrl\":\"https:\/\/cambrabcn.org\/wp-content\/uploads\/2024\/11\/Caramoon_1200x273.png\",\"datePublished\":\"2024-11-25T08:29:17+00:00\",\"dateModified\":\"2024-11-25T10:28:04+00:00\",\"breadcrumb\":{\"@id\":\"https:\/\/cambrabcn.org\/es\/articulos-partners-internacionalizacion\/caramoon-asesoria-integral-y-soluciones-personalizadas-para-clientes-internacionales\/#breadcrumb\"},\"inLanguage\":\"es\",\"potentialAction\":[{\"@type\":\"ReadAction\",\"target\":[\"https:\/\/cambrabcn.org\/es\/articulos-partners-internacionalizacion\/caramoon-asesoria-integral-y-soluciones-personalizadas-para-clientes-internacionales\/\"]}]},{\"@type\":\"ImageObject\",\"inLanguage\":\"es\",\"@id\":\"https:\/\/cambrabcn.org\/es\/articulos-partners-internacionalizacion\/caramoon-asesoria-integral-y-soluciones-personalizadas-para-clientes-internacionales\/#primaryimage\",\"url\":\"https:\/\/cambrabcn.org\/wp-content\/uploads\/2024\/11\/Caramoon_1200x273.png\",\"contentUrl\":\"https:\/\/cambrabcn.org\/wp-content\/uploads\/2024\/11\/Caramoon_1200x273.png\",\"width\":1200,\"height\":273},{\"@type\":\"BreadcrumbList\",\"@id\":\"https:\/\/cambrabcn.org\/es\/articulos-partners-internacionalizacion\/caramoon-asesoria-integral-y-soluciones-personalizadas-para-clientes-internacionales\/#breadcrumb\",\"itemListElement\":[{\"@type\":\"ListItem\",\"position\":1,\"name\":\"Home\",\"item\":\"https:\/\/cambrabcn.org\/es\/\"},{\"@type\":\"ListItem\",\"position\":2,\"name\":\"Art\u00edculos Partners Internacionalizaci\u00f3n\",\"item\":\"https:\/\/cambrabcn.org\/es\/articulos-partners-internacionalizacion\/\"},{\"@type\":\"ListItem\",\"position\":3,\"name\":\"Caramoon: Asesor\u00eda integral y soluciones personalizadas para clientes internacionales\"}]},{\"@type\":\"WebSite\",\"@id\":\"https:\/\/cambrabcn.org\/es\/#website\",\"url\":\"https:\/\/cambrabcn.org\/es\/\",\"name\":\"Cambra de Comer\u00e7 de Barcelona\",\"description\":\"La Cambra de Tothom\",\"publisher\":{\"@id\":\"https:\/\/cambrabcn.org\/es\/#organization\"},\"alternateName\":\"Cambra Oficial de Comer\u00e7, Ind\u00fastria, Serveis i Navegaci\u00f3 de Barcelona\",\"potentialAction\":[{\"@type\":\"SearchAction\",\"target\":{\"@type\":\"EntryPoint\",\"urlTemplate\":\"https:\/\/cambrabcn.org\/es\/?s={search_term_string}\"},\"query-input\":{\"@type\":\"PropertyValueSpecification\",\"valueRequired\":true,\"valueName\":\"search_term_string\"}}],\"inLanguage\":\"es\"},{\"@type\":\"Organization\",\"@id\":\"https:\/\/cambrabcn.org\/es\/#organization\",\"name\":\"Cambra de Comer\u00e7 de Barcelona\",\"alternateName\":\"Cambra Oficial de Comer\u00e7, Ind\u00fastria, Serveis i Navegaci\u00f3 de Barcelona\",\"url\":\"https:\/\/cambrabcn.org\/es\/\",\"logo\":{\"@type\":\"ImageObject\",\"inLanguage\":\"es\",\"@id\":\"https:\/\/cambrabcn.org\/es\/#\/schema\/logo\/image\/\",\"url\":\"https:\/\/cambrabcn.org\/wp-content\/uploads\/2023\/11\/logo-cambra-300x77-1.png\",\"contentUrl\":\"https:\/\/cambrabcn.org\/wp-content\/uploads\/2023\/11\/logo-cambra-300x77-1.png\",\"width\":300,\"height\":77,\"caption\":\"Cambra de Comer\u00e7 de Barcelona\"},\"image\":{\"@id\":\"https:\/\/cambrabcn.org\/es\/#\/schema\/logo\/image\/\"},\"sameAs\":[\"https:\/\/x.com\/cambrabcn\",\"https:\/\/www.instagram.com\/cambrabcn\/\",\"https:\/\/www.linkedin.com\/school\/cambrabcn\",\"https:\/\/www.youtube.com\/user\/PressCambrabcn\",\"https:\/\/ca.wikipedia.org\/wiki\/Cambra_Oficial_de_Comer\u00e7,_Ind\u00fastria_i_Navegaci\u00f3_de_Barcelona\",\"http:\/\/viaf.org\/viaf\/124017095\"],\"description\":\"La Cambra Oficial de Comer\u00e7, Ind\u00fastria, Serveis i Navegaci\u00f3 de Barcelona \u00e9s una corporaci\u00f3 de dret p\u00fablic que presta serveis a les empreses, contribuint a la regeneraci\u00f3 del teixit econ\u00f2mic i la creaci\u00f3 d\u2019ocupaci\u00f3.\",\"email\":\"cambra@cambrabcn.cat\",\"telephone\":\"+34 93 416 93 00\",\"legalName\":\"La Cambra Oficial de Comer\u00e7, Ind\u00fastria, Serveis i Navegaci\u00f3 de Barcelona\",\"foundingDate\":\"1886-01-01\",\"vatID\":\"Q0873001B\",\"taxID\":\"Q0873001B\",\"naics\":\"813910\"}]}<\/script>\n<!-- \/ Yoast SEO Premium plugin. -->","yoast_head_json":{"title":"Caramoon: Asesor\u00eda integral y soluciones personalizadas para clientes internacionales | Cambra de Comer\u00e7 de Barcelona","robots":{"index":"index","follow":"follow","max-snippet":"max-snippet:-1","max-image-preview":"max-image-preview:large","max-video-preview":"max-video-preview:-1"},"canonical":"https:\/\/cambrabcn.org\/es\/articulos-partners-internacionalizacion\/caramoon-asesoria-integral-y-soluciones-personalizadas-para-clientes-internacionales\/","og_locale":"es_ES","og_type":"article","og_title":"Caramoon: Asesor\u00eda integral y soluciones personalizadas para clientes internacionales","og_description":"Caramoon Group Internacional S.L. es una empresa multinacional especializada en inversiones, seguros, construcci\u00f3n y turismo, con un enfoque particular en el mercado espa\u00f1ol. Su misi\u00f3n es brindar asesor\u00eda integral y soluciones personalizadas para clientes internacionales interesados a adquirir propiedades y servicios en Espa\u00f1a. Caramoon destaca por su enfoque multiling\u00fce y multicultural, lo cual le permite [&hellip;]","og_url":"https:\/\/cambrabcn.org\/es\/articulos-partners-internacionalizacion\/caramoon-asesoria-integral-y-soluciones-personalizadas-para-clientes-internacionales\/","og_site_name":"Cambra de Comer\u00e7 de Barcelona","article_modified_time":"2024-11-25T10:28:04+00:00","og_image":[{"width":1200,"height":273,"url":"https:\/\/cambrabcn.org\/wp-content\/uploads\/2024\/11\/Caramoon_1200x273.png","type":"image\/png"}],"twitter_card":"summary_large_image","twitter_site":"@cambrabcn","twitter_misc":{"Tiempo de lectura":"4 minutos"},"schema":{"@context":"https:\/\/schema.org","@graph":[{"@type":"WebPage","@id":"https:\/\/cambrabcn.org\/es\/articulos-partners-internacionalizacion\/caramoon-asesoria-integral-y-soluciones-personalizadas-para-clientes-internacionales\/","url":"https:\/\/cambrabcn.org\/es\/articulos-partners-internacionalizacion\/caramoon-asesoria-integral-y-soluciones-personalizadas-para-clientes-internacionales\/","name":"Caramoon: Asesor\u00eda integral y soluciones personalizadas para clientes internacionales | Cambra de Comer\u00e7 de Barcelona","isPartOf":{"@id":"https:\/\/cambrabcn.org\/es\/#website"},"primaryImageOfPage":{"@id":"https:\/\/cambrabcn.org\/es\/articulos-partners-internacionalizacion\/caramoon-asesoria-integral-y-soluciones-personalizadas-para-clientes-internacionales\/#primaryimage"},"image":{"@id":"https:\/\/cambrabcn.org\/es\/articulos-partners-internacionalizacion\/caramoon-asesoria-integral-y-soluciones-personalizadas-para-clientes-internacionales\/#primaryimage"},"thumbnailUrl":"https:\/\/cambrabcn.org\/wp-content\/uploads\/2024\/11\/Caramoon_1200x273.png","datePublished":"2024-11-25T08:29:17+00:00","dateModified":"2024-11-25T10:28:04+00:00","breadcrumb":{"@id":"https:\/\/cambrabcn.org\/es\/articulos-partners-internacionalizacion\/caramoon-asesoria-integral-y-soluciones-personalizadas-para-clientes-internacionales\/#breadcrumb"},"inLanguage":"es","potentialAction":[{"@type":"ReadAction","target":["https:\/\/cambrabcn.org\/es\/articulos-partners-internacionalizacion\/caramoon-asesoria-integral-y-soluciones-personalizadas-para-clientes-internacionales\/"]}]},{"@type":"ImageObject","inLanguage":"es","@id":"https:\/\/cambrabcn.org\/es\/articulos-partners-internacionalizacion\/caramoon-asesoria-integral-y-soluciones-personalizadas-para-clientes-internacionales\/#primaryimage","url":"https:\/\/cambrabcn.org\/wp-content\/uploads\/2024\/11\/Caramoon_1200x273.png","contentUrl":"https:\/\/cambrabcn.org\/wp-content\/uploads\/2024\/11\/Caramoon_1200x273.png","width":1200,"height":273},{"@type":"BreadcrumbList","@id":"https:\/\/cambrabcn.org\/es\/articulos-partners-internacionalizacion\/caramoon-asesoria-integral-y-soluciones-personalizadas-para-clientes-internacionales\/#breadcrumb","itemListElement":[{"@type":"ListItem","position":1,"name":"Home","item":"https:\/\/cambrabcn.org\/es\/"},{"@type":"ListItem","position":2,"name":"Art\u00edculos Partners Internacionalizaci\u00f3n","item":"https:\/\/cambrabcn.org\/es\/articulos-partners-internacionalizacion\/"},{"@type":"ListItem","position":3,"name":"Caramoon: Asesor\u00eda integral y soluciones personalizadas para clientes internacionales"}]},{"@type":"WebSite","@id":"https:\/\/cambrabcn.org\/es\/#website","url":"https:\/\/cambrabcn.org\/es\/","name":"Cambra de Comer\u00e7 de Barcelona","description":"La Cambra de Tothom","publisher":{"@id":"https:\/\/cambrabcn.org\/es\/#organization"},"alternateName":"Cambra Oficial de Comer\u00e7, Ind\u00fastria, Serveis i Navegaci\u00f3 de Barcelona","potentialAction":[{"@type":"SearchAction","target":{"@type":"EntryPoint","urlTemplate":"https:\/\/cambrabcn.org\/es\/?s={search_term_string}"},"query-input":{"@type":"PropertyValueSpecification","valueRequired":true,"valueName":"search_term_string"}}],"inLanguage":"es"},{"@type":"Organization","@id":"https:\/\/cambrabcn.org\/es\/#organization","name":"Cambra de Comer\u00e7 de Barcelona","alternateName":"Cambra Oficial de Comer\u00e7, Ind\u00fastria, Serveis i Navegaci\u00f3 de Barcelona","url":"https:\/\/cambrabcn.org\/es\/","logo":{"@type":"ImageObject","inLanguage":"es","@id":"https:\/\/cambrabcn.org\/es\/#\/schema\/logo\/image\/","url":"https:\/\/cambrabcn.org\/wp-content\/uploads\/2023\/11\/logo-cambra-300x77-1.png","contentUrl":"https:\/\/cambrabcn.org\/wp-content\/uploads\/2023\/11\/logo-cambra-300x77-1.png","width":300,"height":77,"caption":"Cambra de Comer\u00e7 de Barcelona"},"image":{"@id":"https:\/\/cambrabcn.org\/es\/#\/schema\/logo\/image\/"},"sameAs":["https:\/\/x.com\/cambrabcn","https:\/\/www.instagram.com\/cambrabcn\/","https:\/\/www.linkedin.com\/school\/cambrabcn","https:\/\/www.youtube.com\/user\/PressCambrabcn","https:\/\/ca.wikipedia.org\/wiki\/Cambra_Oficial_de_Comer\u00e7,_Ind\u00fastria_i_Navegaci\u00f3_de_Barcelona","http:\/\/viaf.org\/viaf\/124017095"],"description":"La Cambra Oficial de Comer\u00e7, Ind\u00fastria, Serveis i Navegaci\u00f3 de Barcelona \u00e9s una corporaci\u00f3 de dret p\u00fablic que presta serveis a les empreses, contribuint a la regeneraci\u00f3 del teixit econ\u00f2mic i la creaci\u00f3 d\u2019ocupaci\u00f3.","email":"cambra@cambrabcn.cat","telephone":"+34 93 416 93 00","legalName":"La Cambra Oficial de Comer\u00e7, Ind\u00fastria, Serveis i Navegaci\u00f3 de Barcelona","foundingDate":"1886-01-01","vatID":"Q0873001B","taxID":"Q0873001B","naics":"813910"}]}},"mfb_rest_fields":["pp_statuses_selecting_workflow","pp_workflow_action","pp_status_selection","yoast_head","yoast_head_json"],"_links":{"self":[{"href":"https:\/\/cambrabcn.org\/es\/wp-json\/wp\/v2\/pages\/72909","targetHints":{"allow":["GET"]}}],"collection":[{"href":"https:\/\/cambrabcn.org\/es\/wp-json\/wp\/v2\/pages"}],"about":[{"href":"https:\/\/cambrabcn.org\/es\/wp-json\/wp\/v2\/types\/page"}],"author":[{"embeddable":true,"href":"https:\/\/cambrabcn.org\/es\/wp-json\/wp\/v2\/users\/6"}],"replies":[{"embeddable":true,"href":"https:\/\/cambrabcn.org\/es\/wp-json\/wp\/v2\/comments?post=72909"}],"version-history":[{"count":1,"href":"https:\/\/cambrabcn.org\/es\/wp-json\/wp\/v2\/pages\/72909\/revisions"}],"predecessor-version":[{"id":72910,"href":"https:\/\/cambrabcn.org\/es\/wp-json\/wp\/v2\/pages\/72909\/revisions\/72910"}],"up":[{"embeddable":true,"href":"https:\/\/cambrabcn.org\/es\/wp-json\/wp\/v2\/pages\/51533"}],"wp:featuredmedia":[{"embeddable":true,"href":"https:\/\/cambrabcn.org\/es\/wp-json\/wp\/v2\/media\/72903"}],"wp:attachment":[{"href":"https:\/\/cambrabcn.org\/es\/wp-json\/wp\/v2\/media?parent=72909"}],"curies":[{"name":"wp","href":"https:\/\/api.w.org\/{rel}","templated":true}]}}