{"id":65998,"date":"2024-09-17T12:33:02","date_gmt":"2024-09-17T10:33:02","guid":{"rendered":"https:\/\/cambrabcn.org\/articulos-partners-internacionalizacion\/lawants-asistencia-de-empresas-extranjeras-en-espana\/"},"modified":"2024-09-17T12:38:12","modified_gmt":"2024-09-17T10:38:12","slug":"lawants-asistencia-de-empresas-extranjeras-en-espana","status":"publish","type":"page","link":"https:\/\/cambrabcn.org\/es\/articulos-partners-internacionalizacion\/lawants-asistencia-de-empresas-extranjeras-en-espana\/","title":{"rendered":"Lawants: Asistencia de empresas extranjeras en Espa\u00f1a"},"content":{"rendered":"\n<div class=\"wp-block-group cambra-page-about-us-single is-layout-constrained wp-container-core-group-is-layout-e9b1e06a wp-block-group-is-layout-constrained\">\n<div style=\"height:2.5rem\" aria-hidden=\"true\" class=\"wp-block-spacer hide-mobile\"><\/div>\n\n\n\n<div class=\"wp-block-group is-layout-constrained wp-container-core-group-is-layout-6b712b1a wp-block-group-is-layout-constrained\"><div class=\"wp-block-cambra-custom-blocks-cambra-breadcrumbs\"><nav role=\"navigation\" aria-label=\"Breadcrumb\" class=\"breadcrumb\"><ol class=\"breadcrumb-items\"><li class=\"breadcrumb-item breadcrumb-item--current breadcrumb-item--home\"><span class=\"breadcrumb-item-name\">Inicio<\/span><\/li><\/ol><\/nav><\/div><\/div>\n\n\n\n<div style=\"height:2.5rem\" aria-hidden=\"true\" class=\"wp-block-spacer hide-mobile\"><\/div>\n\n\n\n<div class=\"wp-block-group main-content is-layout-constrained wp-container-core-group-is-layout-6b712b1a wp-block-group-is-layout-constrained\"><figure class=\"aligncenter wp-block-post-featured-image\"><img loading=\"lazy\" decoding=\"async\" width=\"1200\" height=\"273\" src=\"https:\/\/cambrabcn.org\/wp-content\/uploads\/2024\/09\/Assessorament_1200x273.png\" class=\"attachment-post-thumbnail size-post-thumbnail wp-post-image\" alt=\"\" style=\"object-fit:cover;\" srcset=\"https:\/\/cambrabcn.org\/wp-content\/uploads\/2024\/09\/Assessorament_1200x273.png 1200w, https:\/\/cambrabcn.org\/wp-content\/uploads\/2024\/09\/Assessorament_1200x273-300x68.png 300w, https:\/\/cambrabcn.org\/wp-content\/uploads\/2024\/09\/Assessorament_1200x273-1024x233.png 1024w, https:\/\/cambrabcn.org\/wp-content\/uploads\/2024\/09\/Assessorament_1200x273-768x175.png 768w, https:\/\/cambrabcn.org\/wp-content\/uploads\/2024\/09\/Assessorament_1200x273-600x137.png 600w\" sizes=\"auto, (max-width: 1200px) 100vw, 1200px\" \/><\/figure>\n\n\n<div class=\"wp-block-group cambra-bottom-line is-layout-constrained wp-container-core-group-is-layout-7fca5b48 wp-block-group-is-layout-constrained\"><h1 class=\"heading-1 wp-block-post-title\">Lawants: Asistencia de empresas extranjeras en Espa\u00f1a<\/h1><\/div>\n<\/div>\n\n\n\n<div style=\"height:3.75rem\" aria-hidden=\"true\" class=\"wp-block-spacer\"><\/div>\n\n\n\n<div class=\"wp-block-group has-secondary-neutral-black-color has-text-color is-layout-constrained wp-container-core-group-is-layout-6b712b1a wp-block-group-is-layout-constrained\">\n<div class=\"wp-block-group is-layout-constrained wp-container-core-group-is-layout-7fca5b48 wp-block-group-is-layout-constrained\">\n<p>Lawants es una firma de abogados y economistas dedicada a la asistencia de empresas extranjeras en Espa\u00f1a. Con oficinas en Barcelona y Madrid, nuestro objetivo es ser el mejor socio para nuestros clientes, ofreciendo un enfoque integral y personalizado en el asesoramiento de asuntos legales, laborales, fiscales y contables. Este enfoque one-stop shop nos distingue en el mercado, permitiendo brindar un servicio 360\u00ba adaptado a las necesidades de cada cliente.  <\/p>\n\n\n\n<p>Gracias a nuestra experiencia internacional entendemos la complejidad de operar en un mercado extranjero, por lo que nos aseguramos de que nuestros clientes reciban todo el apoyo necesario desde el primer contacto, facilitando su entrada y permanencia en el mercado espa\u00f1ol con eficiencia y efectividad, desarrollando, as\u00ed, una relaci\u00f3n de partnership con el cliente al convertirnos en su punto de contacto y referencia en el territorio espa\u00f1ol.<\/p>\n\n\n\n<p>Esta perspectiva one-stop shop implica que los clientes pueden encontrar todos los servicios que puedan necesitar en un solo lugar, eliminando la necesidad de gestionar m\u00faltiples proveedores. Desde el asesoramiento legal integral hasta la gesti\u00f3n y asesoramiento laboral, fiscal y contable, nuestra filosof\u00eda de trabajo se centra en la competencia profesional, seriedad, rapidez y dedicaci\u00f3n, lo que nos permite anticipar las tendencias del sector y crear oportunidades de negocio, ayudando a nuestros clientes a alcanzar sus objetivos al emplear la mejor combinaci\u00f3n de recursos. <\/p>\n\n\n\n<p>En este entendimiento, intervenimos en la constituci\u00f3n de cualquier tipo de sociedades, acuerdos de joint-venture, redacci\u00f3n de contratos, fusiones y adquisiciones, y resoluci\u00f3n de conflictos derivados de la actividad empresarial en \u00e1mbito judicial y extrajudicial. En materia laboral, prestamos asesoramiento sobre contrataciones y despidos de personal extranjero y ayudamos a nuestros clientes a cumplir todas las obligaciones con la Seguridad Social. En el \u00e1mbito de la fiscalidad, garantizamos el cumplimiento de obligaciones tributarias, asesoramos en fiscalidad internacional y representamos a nuestros clientes ante las autoridades fiscales. Finalmente, proporcionamos servicios de contabilidad, as\u00ed como la elaboraci\u00f3n de informes financieros y auditor\u00edas internas.   <\/p>\n\n\n\n<p>En resumen, el valor a\u00f1adido de Lawants radica en nuestra capacidad para ofrecer un servicio integral y coordinado, con el objetivo principal de ser el socio de confianza de nuestros clientes, proporcionando, en consecuencia, soluciones personalizadas que les permitan centrarse en lo que realmente importa: el crecimiento y el \u00e9xito de su empresa en Espa\u00f1a. Y es que el \u00e9xito de nuestros clientes es tambi\u00e9n nuestro \u00e9xito, por lo que nos dedicamos a brindar un apoyo incondicional y una orientaci\u00f3n experta en cada etapa del proceso. <\/p>\n\n\n\n<p class=\"has-normal-b-font-size\"><strong>Roberto Bosco<\/strong><\/p>\n\n\n\n<p class=\"has-normal-b-font-size\">Managing Director de Lawants<\/p>\n<\/div>\n<\/div>\n\n\n\n<div style=\"height:3rem\" aria-hidden=\"true\" class=\"wp-block-spacer\"><\/div>\n<\/div>\n","protected":false},"excerpt":{"rendered":"<p>Lawants es una firma de abogados y economistas dedicada a la asistencia de empresas extranjeras en Espa\u00f1a. Con oficinas en Barcelona y Madrid, nuestro objetivo es ser el mejor socio para nuestros clientes, ofreciendo un enfoque integral y personalizado en el asesoramiento de asuntos legales, laborales, fiscales y contables. Este enfoque one-stop shop nos distingue [&hellip;]<\/p>\n","protected":false},"author":6,"featured_media":65995,"parent":51533,"menu_order":0,"comment_status":"closed","ping_status":"closed","template":"","meta":{"_acf_changed":false,"inline_featured_image":false,"ep_exclude_from_search":false,"footnotes":""},"class_list":["post-65998","page","type-page","status-publish","has-post-thumbnail","hentry"],"pp_statuses_selecting_workflow":false,"pp_workflow_action":"current","pp_status_selection":"publish","acf":[],"yoast_head":"<!-- This site is optimized with the Yoast SEO Premium plugin v27.1 (Yoast SEO v27.1.1) - https:\/\/yoast.com\/product\/yoast-seo-premium-wordpress\/ -->\n<title>Lawants: Asistencia de empresas extranjeras en Espa\u00f1a | Cambra de Comer\u00e7 de Barcelona<\/title>\n<meta name=\"robots\" content=\"index, follow, max-snippet:-1, max-image-preview:large, max-video-preview:-1\" \/>\n<link rel=\"canonical\" href=\"https:\/\/cambrabcn.org\/es\/articulos-partners-internacionalizacion\/lawants-asistencia-de-empresas-extranjeras-en-espana\/\" \/>\n<meta property=\"og:locale\" content=\"es_ES\" \/>\n<meta property=\"og:type\" content=\"article\" \/>\n<meta property=\"og:title\" content=\"Lawants: Asistencia de empresas extranjeras en Espa\u00f1a\" \/>\n<meta property=\"og:description\" content=\"Lawants es una firma de abogados y economistas dedicada a la asistencia de empresas extranjeras en Espa\u00f1a. Con oficinas en Barcelona y Madrid, nuestro objetivo es ser el mejor socio para nuestros clientes, ofreciendo un enfoque integral y personalizado en el asesoramiento de asuntos legales, laborales, fiscales y contables. Este enfoque one-stop shop nos distingue [&hellip;]\" \/>\n<meta property=\"og:url\" content=\"https:\/\/cambrabcn.org\/es\/articulos-partners-internacionalizacion\/lawants-asistencia-de-empresas-extranjeras-en-espana\/\" \/>\n<meta property=\"og:site_name\" content=\"Cambra de Comer\u00e7 de Barcelona\" \/>\n<meta property=\"article:modified_time\" content=\"2024-09-17T10:38:12+00:00\" \/>\n<meta property=\"og:image\" content=\"https:\/\/cambrabcn.org\/wp-content\/uploads\/2024\/09\/Assessorament_1200x273.png\" \/>\n\t<meta property=\"og:image:width\" content=\"1200\" \/>\n\t<meta property=\"og:image:height\" content=\"273\" \/>\n\t<meta property=\"og:image:type\" content=\"image\/png\" \/>\n<meta name=\"twitter:card\" content=\"summary_large_image\" \/>\n<meta name=\"twitter:site\" content=\"@cambrabcn\" \/>\n<meta name=\"twitter:label1\" content=\"Tiempo de lectura\" \/>\n\t<meta name=\"twitter:data1\" content=\"2 minutos\" \/>\n<script type=\"application\/ld+json\" class=\"yoast-schema-graph\">{\"@context\":\"https:\/\/schema.org\",\"@graph\":[{\"@type\":\"WebPage\",\"@id\":\"https:\/\/cambrabcn.org\/es\/articulos-partners-internacionalizacion\/lawants-asistencia-de-empresas-extranjeras-en-espana\/\",\"url\":\"https:\/\/cambrabcn.org\/es\/articulos-partners-internacionalizacion\/lawants-asistencia-de-empresas-extranjeras-en-espana\/\",\"name\":\"Lawants: Asistencia de empresas extranjeras en Espa\u00f1a | Cambra de Comer\u00e7 de Barcelona\",\"isPartOf\":{\"@id\":\"https:\/\/cambrabcn.org\/es\/#website\"},\"primaryImageOfPage\":{\"@id\":\"https:\/\/cambrabcn.org\/es\/articulos-partners-internacionalizacion\/lawants-asistencia-de-empresas-extranjeras-en-espana\/#primaryimage\"},\"image\":{\"@id\":\"https:\/\/cambrabcn.org\/es\/articulos-partners-internacionalizacion\/lawants-asistencia-de-empresas-extranjeras-en-espana\/#primaryimage\"},\"thumbnailUrl\":\"https:\/\/cambrabcn.org\/wp-content\/uploads\/2024\/09\/Assessorament_1200x273.png\",\"datePublished\":\"2024-09-17T10:33:02+00:00\",\"dateModified\":\"2024-09-17T10:38:12+00:00\",\"breadcrumb\":{\"@id\":\"https:\/\/cambrabcn.org\/es\/articulos-partners-internacionalizacion\/lawants-asistencia-de-empresas-extranjeras-en-espana\/#breadcrumb\"},\"inLanguage\":\"es\",\"potentialAction\":[{\"@type\":\"ReadAction\",\"target\":[\"https:\/\/cambrabcn.org\/es\/articulos-partners-internacionalizacion\/lawants-asistencia-de-empresas-extranjeras-en-espana\/\"]}]},{\"@type\":\"ImageObject\",\"inLanguage\":\"es\",\"@id\":\"https:\/\/cambrabcn.org\/es\/articulos-partners-internacionalizacion\/lawants-asistencia-de-empresas-extranjeras-en-espana\/#primaryimage\",\"url\":\"https:\/\/cambrabcn.org\/wp-content\/uploads\/2024\/09\/Assessorament_1200x273.png\",\"contentUrl\":\"https:\/\/cambrabcn.org\/wp-content\/uploads\/2024\/09\/Assessorament_1200x273.png\",\"width\":1200,\"height\":273},{\"@type\":\"BreadcrumbList\",\"@id\":\"https:\/\/cambrabcn.org\/es\/articulos-partners-internacionalizacion\/lawants-asistencia-de-empresas-extranjeras-en-espana\/#breadcrumb\",\"itemListElement\":[{\"@type\":\"ListItem\",\"position\":1,\"name\":\"Home\",\"item\":\"https:\/\/cambrabcn.org\/es\/\"},{\"@type\":\"ListItem\",\"position\":2,\"name\":\"Art\u00edculos Partners Internacionalizaci\u00f3n\",\"item\":\"https:\/\/cambrabcn.org\/es\/articulos-partners-internacionalizacion\/\"},{\"@type\":\"ListItem\",\"position\":3,\"name\":\"Lawants: Asistencia de empresas extranjeras en Espa\u00f1a\"}]},{\"@type\":\"WebSite\",\"@id\":\"https:\/\/cambrabcn.org\/es\/#website\",\"url\":\"https:\/\/cambrabcn.org\/es\/\",\"name\":\"Cambra de Comer\u00e7 de Barcelona\",\"description\":\"La Cambra de Tothom\",\"publisher\":{\"@id\":\"https:\/\/cambrabcn.org\/es\/#organization\"},\"alternateName\":\"Cambra Oficial de Comer\u00e7, Ind\u00fastria, Serveis i Navegaci\u00f3 de Barcelona\",\"potentialAction\":[{\"@type\":\"SearchAction\",\"target\":{\"@type\":\"EntryPoint\",\"urlTemplate\":\"https:\/\/cambrabcn.org\/es\/?s={search_term_string}\"},\"query-input\":{\"@type\":\"PropertyValueSpecification\",\"valueRequired\":true,\"valueName\":\"search_term_string\"}}],\"inLanguage\":\"es\"},{\"@type\":\"Organization\",\"@id\":\"https:\/\/cambrabcn.org\/es\/#organization\",\"name\":\"Cambra de Comer\u00e7 de Barcelona\",\"alternateName\":\"Cambra Oficial de Comer\u00e7, Ind\u00fastria, Serveis i Navegaci\u00f3 de Barcelona\",\"url\":\"https:\/\/cambrabcn.org\/es\/\",\"logo\":{\"@type\":\"ImageObject\",\"inLanguage\":\"es\",\"@id\":\"https:\/\/cambrabcn.org\/es\/#\/schema\/logo\/image\/\",\"url\":\"https:\/\/cambrabcn.org\/wp-content\/uploads\/2023\/11\/logo-cambra-300x77-1.png\",\"contentUrl\":\"https:\/\/cambrabcn.org\/wp-content\/uploads\/2023\/11\/logo-cambra-300x77-1.png\",\"width\":300,\"height\":77,\"caption\":\"Cambra de Comer\u00e7 de Barcelona\"},\"image\":{\"@id\":\"https:\/\/cambrabcn.org\/es\/#\/schema\/logo\/image\/\"},\"sameAs\":[\"https:\/\/x.com\/cambrabcn\",\"https:\/\/www.instagram.com\/cambrabcn\/\",\"https:\/\/www.linkedin.com\/school\/cambrabcn\",\"https:\/\/www.youtube.com\/user\/PressCambrabcn\",\"https:\/\/ca.wikipedia.org\/wiki\/Cambra_Oficial_de_Comer\u00e7,_Ind\u00fastria_i_Navegaci\u00f3_de_Barcelona\",\"http:\/\/viaf.org\/viaf\/124017095\"],\"description\":\"La Cambra Oficial de Comer\u00e7, Ind\u00fastria, Serveis i Navegaci\u00f3 de Barcelona \u00e9s una corporaci\u00f3 de dret p\u00fablic que presta serveis a les empreses, contribuint a la regeneraci\u00f3 del teixit econ\u00f2mic i la creaci\u00f3 d\u2019ocupaci\u00f3.\",\"email\":\"cambra@cambrabcn.cat\",\"telephone\":\"+34 93 416 93 00\",\"legalName\":\"La Cambra Oficial de Comer\u00e7, Ind\u00fastria, Serveis i Navegaci\u00f3 de Barcelona\",\"foundingDate\":\"1886-01-01\",\"vatID\":\"Q0873001B\",\"taxID\":\"Q0873001B\",\"naics\":\"813910\"}]}<\/script>\n<!-- \/ Yoast SEO Premium plugin. -->","yoast_head_json":{"title":"Lawants: Asistencia de empresas extranjeras en Espa\u00f1a | Cambra de Comer\u00e7 de Barcelona","robots":{"index":"index","follow":"follow","max-snippet":"max-snippet:-1","max-image-preview":"max-image-preview:large","max-video-preview":"max-video-preview:-1"},"canonical":"https:\/\/cambrabcn.org\/es\/articulos-partners-internacionalizacion\/lawants-asistencia-de-empresas-extranjeras-en-espana\/","og_locale":"es_ES","og_type":"article","og_title":"Lawants: Asistencia de empresas extranjeras en Espa\u00f1a","og_description":"Lawants es una firma de abogados y economistas dedicada a la asistencia de empresas extranjeras en Espa\u00f1a. Con oficinas en Barcelona y Madrid, nuestro objetivo es ser el mejor socio para nuestros clientes, ofreciendo un enfoque integral y personalizado en el asesoramiento de asuntos legales, laborales, fiscales y contables. Este enfoque one-stop shop nos distingue [&hellip;]","og_url":"https:\/\/cambrabcn.org\/es\/articulos-partners-internacionalizacion\/lawants-asistencia-de-empresas-extranjeras-en-espana\/","og_site_name":"Cambra de Comer\u00e7 de Barcelona","article_modified_time":"2024-09-17T10:38:12+00:00","og_image":[{"width":1200,"height":273,"url":"https:\/\/cambrabcn.org\/wp-content\/uploads\/2024\/09\/Assessorament_1200x273.png","type":"image\/png"}],"twitter_card":"summary_large_image","twitter_site":"@cambrabcn","twitter_misc":{"Tiempo de lectura":"2 minutos"},"schema":{"@context":"https:\/\/schema.org","@graph":[{"@type":"WebPage","@id":"https:\/\/cambrabcn.org\/es\/articulos-partners-internacionalizacion\/lawants-asistencia-de-empresas-extranjeras-en-espana\/","url":"https:\/\/cambrabcn.org\/es\/articulos-partners-internacionalizacion\/lawants-asistencia-de-empresas-extranjeras-en-espana\/","name":"Lawants: Asistencia de empresas extranjeras en Espa\u00f1a | Cambra de Comer\u00e7 de Barcelona","isPartOf":{"@id":"https:\/\/cambrabcn.org\/es\/#website"},"primaryImageOfPage":{"@id":"https:\/\/cambrabcn.org\/es\/articulos-partners-internacionalizacion\/lawants-asistencia-de-empresas-extranjeras-en-espana\/#primaryimage"},"image":{"@id":"https:\/\/cambrabcn.org\/es\/articulos-partners-internacionalizacion\/lawants-asistencia-de-empresas-extranjeras-en-espana\/#primaryimage"},"thumbnailUrl":"https:\/\/cambrabcn.org\/wp-content\/uploads\/2024\/09\/Assessorament_1200x273.png","datePublished":"2024-09-17T10:33:02+00:00","dateModified":"2024-09-17T10:38:12+00:00","breadcrumb":{"@id":"https:\/\/cambrabcn.org\/es\/articulos-partners-internacionalizacion\/lawants-asistencia-de-empresas-extranjeras-en-espana\/#breadcrumb"},"inLanguage":"es","potentialAction":[{"@type":"ReadAction","target":["https:\/\/cambrabcn.org\/es\/articulos-partners-internacionalizacion\/lawants-asistencia-de-empresas-extranjeras-en-espana\/"]}]},{"@type":"ImageObject","inLanguage":"es","@id":"https:\/\/cambrabcn.org\/es\/articulos-partners-internacionalizacion\/lawants-asistencia-de-empresas-extranjeras-en-espana\/#primaryimage","url":"https:\/\/cambrabcn.org\/wp-content\/uploads\/2024\/09\/Assessorament_1200x273.png","contentUrl":"https:\/\/cambrabcn.org\/wp-content\/uploads\/2024\/09\/Assessorament_1200x273.png","width":1200,"height":273},{"@type":"BreadcrumbList","@id":"https:\/\/cambrabcn.org\/es\/articulos-partners-internacionalizacion\/lawants-asistencia-de-empresas-extranjeras-en-espana\/#breadcrumb","itemListElement":[{"@type":"ListItem","position":1,"name":"Home","item":"https:\/\/cambrabcn.org\/es\/"},{"@type":"ListItem","position":2,"name":"Art\u00edculos Partners Internacionalizaci\u00f3n","item":"https:\/\/cambrabcn.org\/es\/articulos-partners-internacionalizacion\/"},{"@type":"ListItem","position":3,"name":"Lawants: Asistencia de empresas extranjeras en Espa\u00f1a"}]},{"@type":"WebSite","@id":"https:\/\/cambrabcn.org\/es\/#website","url":"https:\/\/cambrabcn.org\/es\/","name":"Cambra de Comer\u00e7 de Barcelona","description":"La Cambra de Tothom","publisher":{"@id":"https:\/\/cambrabcn.org\/es\/#organization"},"alternateName":"Cambra Oficial de Comer\u00e7, Ind\u00fastria, Serveis i Navegaci\u00f3 de Barcelona","potentialAction":[{"@type":"SearchAction","target":{"@type":"EntryPoint","urlTemplate":"https:\/\/cambrabcn.org\/es\/?s={search_term_string}"},"query-input":{"@type":"PropertyValueSpecification","valueRequired":true,"valueName":"search_term_string"}}],"inLanguage":"es"},{"@type":"Organization","@id":"https:\/\/cambrabcn.org\/es\/#organization","name":"Cambra de Comer\u00e7 de Barcelona","alternateName":"Cambra Oficial de Comer\u00e7, Ind\u00fastria, Serveis i Navegaci\u00f3 de Barcelona","url":"https:\/\/cambrabcn.org\/es\/","logo":{"@type":"ImageObject","inLanguage":"es","@id":"https:\/\/cambrabcn.org\/es\/#\/schema\/logo\/image\/","url":"https:\/\/cambrabcn.org\/wp-content\/uploads\/2023\/11\/logo-cambra-300x77-1.png","contentUrl":"https:\/\/cambrabcn.org\/wp-content\/uploads\/2023\/11\/logo-cambra-300x77-1.png","width":300,"height":77,"caption":"Cambra de Comer\u00e7 de Barcelona"},"image":{"@id":"https:\/\/cambrabcn.org\/es\/#\/schema\/logo\/image\/"},"sameAs":["https:\/\/x.com\/cambrabcn","https:\/\/www.instagram.com\/cambrabcn\/","https:\/\/www.linkedin.com\/school\/cambrabcn","https:\/\/www.youtube.com\/user\/PressCambrabcn","https:\/\/ca.wikipedia.org\/wiki\/Cambra_Oficial_de_Comer\u00e7,_Ind\u00fastria_i_Navegaci\u00f3_de_Barcelona","http:\/\/viaf.org\/viaf\/124017095"],"description":"La Cambra Oficial de Comer\u00e7, Ind\u00fastria, Serveis i Navegaci\u00f3 de Barcelona \u00e9s una corporaci\u00f3 de dret p\u00fablic que presta serveis a les empreses, contribuint a la regeneraci\u00f3 del teixit econ\u00f2mic i la creaci\u00f3 d\u2019ocupaci\u00f3.","email":"cambra@cambrabcn.cat","telephone":"+34 93 416 93 00","legalName":"La Cambra Oficial de Comer\u00e7, Ind\u00fastria, Serveis i Navegaci\u00f3 de Barcelona","foundingDate":"1886-01-01","vatID":"Q0873001B","taxID":"Q0873001B","naics":"813910"}]}},"mfb_rest_fields":["pp_statuses_selecting_workflow","pp_workflow_action","pp_status_selection","yoast_head","yoast_head_json"],"_links":{"self":[{"href":"https:\/\/cambrabcn.org\/es\/wp-json\/wp\/v2\/pages\/65998","targetHints":{"allow":["GET"]}}],"collection":[{"href":"https:\/\/cambrabcn.org\/es\/wp-json\/wp\/v2\/pages"}],"about":[{"href":"https:\/\/cambrabcn.org\/es\/wp-json\/wp\/v2\/types\/page"}],"author":[{"embeddable":true,"href":"https:\/\/cambrabcn.org\/es\/wp-json\/wp\/v2\/users\/6"}],"replies":[{"embeddable":true,"href":"https:\/\/cambrabcn.org\/es\/wp-json\/wp\/v2\/comments?post=65998"}],"version-history":[{"count":1,"href":"https:\/\/cambrabcn.org\/es\/wp-json\/wp\/v2\/pages\/65998\/revisions"}],"predecessor-version":[{"id":65999,"href":"https:\/\/cambrabcn.org\/es\/wp-json\/wp\/v2\/pages\/65998\/revisions\/65999"}],"up":[{"embeddable":true,"href":"https:\/\/cambrabcn.org\/es\/wp-json\/wp\/v2\/pages\/51533"}],"wp:featuredmedia":[{"embeddable":true,"href":"https:\/\/cambrabcn.org\/es\/wp-json\/wp\/v2\/media\/65995"}],"wp:attachment":[{"href":"https:\/\/cambrabcn.org\/es\/wp-json\/wp\/v2\/media?parent=65998"}],"curies":[{"name":"wp","href":"https:\/\/api.w.org\/{rel}","templated":true}]}}