{"id":6486,"date":"2024-02-01T12:00:00","date_gmt":"2024-02-01T10:00:00","guid":{"rendered":"https:\/\/cambrabcn.org\/prensa\/contacte-premsa\/"},"modified":"2024-03-19T22:01:47","modified_gmt":"2024-03-19T20:01:47","slug":"contacte-premsa","status":"publish","type":"page","link":"https:\/\/cambrabcn.org\/es\/prensa\/contacte-premsa\/","title":{"rendered":"Contacte"},"content":{"rendered":"\n<div class=\"wp-block-group is-layout-constrained wp-block-group-is-layout-constrained\">\n<div style=\"height:30px\" aria-hidden=\"true\" class=\"wp-block-spacer\"><\/div>\n\n\n\n<div class=\"wp-block-group is-layout-constrained wp-block-group-is-layout-constrained\"><div class=\"wp-block-cambra-custom-blocks-cambra-breadcrumbs\"><nav role=\"navigation\" aria-label=\"Breadcrumb\" class=\"breadcrumb\"><ol class=\"breadcrumb-items\"><li class=\"breadcrumb-item breadcrumb-item--current breadcrumb-item--home\"><span class=\"breadcrumb-item-name\">Inicio<\/span><\/li><\/ol><\/nav><\/div><\/div>\n\n\n\n<div class=\"wp-block-group cambra-bottom-line cambra-bottom-line--center is-layout-constrained wp-block-group-is-layout-constrained\">\n<h1 class=\"wp-block-heading has-text-align-center heading-1\">Contacte<\/h1>\n\n\n\n<p class=\"has-text-align-center paragraph-s-big has-secondary-neutral-black-color has-text-color has-link-color wp-elements-dff88e3ebb6830fde791734c5744f297\">Mantente actualizado de nuestras \u00faltimas noticias<\/p>\n<\/div>\n\n\n\n<div style=\"height:60px\" aria-hidden=\"true\" class=\"wp-block-spacer\"><\/div>\n\n\n\n<div class=\"wp-block-group is-content-justification-center is-nowrap is-layout-flex wp-container-core-group-is-layout-a679d4a2 wp-block-group-is-layout-flex\">\n<div id=\"cambra-side-menu-block-block_a9d59d203f2fd8395eff7bfd7a0e91f5\" class=\"cambra-side-menu-block columns-4\">\n\t<div data-control=\"tablet-dropdown\" class=\"cambra-side-menu cambra-dropdown tablet-dropdown\">\n    <a class=\"cambra-side-menu--title drop\" href=\"#\">\n\t\tSala de comunicaci\u00f3n        <span class=\"cambra-arrow-down\"><\/span>\n    <\/a>\n    <ul class=\"cambra-side-menu--links cambra-dropdown-list\">\n\t\t            <li>\n\t\t\t\t                    <a class=\"\"\n                       href=\"\/premsa\/notes-premsa\/\">\n\t\t\t\t\t\tNotes de Premsa                    <\/a>\n\t\t\t\t            <\/li>\n\t\t            <li>\n\t\t\t\t                    <a class=\"\"\n                       href=\"#\">\n\t\t\t\t\t\tConvocatories de premsa                    <\/a>\n\t\t\t\t            <\/li>\n\t\t            <li>\n\t\t\t\t                    <a class=\"current\"\n                       href=\"#\">\n\t\t\t\t\t\tMediateca                    <\/a>\n\t\t\t\t            <\/li>\n\t\t            <li>\n\t\t\t\t                    <a class=\"\"\n                       href=\"\/premsa\/estudis\/\">\n\t\t\t\t\t\tEstudis                    <\/a>\n\t\t\t\t            <\/li>\n\t\t            <li>\n\t\t\t\t                    <a class=\"\"\n                       href=\"#\">\n\t\t\t\t\t\tArticles i entrevistas                    <\/a>\n\t\t\t\t            <\/li>\n\t\t    <\/ul>\n<\/div>\n<\/div>\n\n\n\n<div class=\"wp-block-group is-layout-constrained wp-block-group-is-layout-constrained\">\n<div class=\"wp-block-group is-layout-constrained wp-block-group-is-layout-constrained\">\n<div class=\"wp-block-group is-content-justification-space-between is-nowrap is-layout-flex wp-container-core-group-is-layout-cb46ffcb wp-block-group-is-layout-flex\">\n<h2 class=\"wp-block-heading has-large-b-font-size\">Contacte<\/h2>\n\n\n\n<p class=\"icon-right icon-right--black\"><strong><a href=\"#\">Ver m\u00e1s<\/a><\/strong><\/p>\n<\/div>\n\n\n\n<p>Mauris ultrices nulla sit amet nunc consectetur, sit amet faucibus orci ornare. Interdum et malesuada fames ac ante ipsum primis in faucibus. Nunc nec elit at lectus scelerisque facilisis at tempus risus. Morbi ex nunc, tempus eget rhoncus sit amet, dictum eget velit. Fusce pulvinar ex a porttitor imperdiet. Mauris elit ligula, interdum et mi vitae, mollis gravida neque. Praesent eget nisi bibendum, sagittis nisi nec, sodales tellus. Proin justo odio, iaculis luctus metus a, consequat facilisis justo. Mauris rutrum vel nibh eu iaculis. Duis sagittis ante non semper euismod. Maecenas malesuada consequat elit at efficitur. Curabitur id ligula sit amet mauris tincidunt vestibulum. Aenean ac accumsan sapien. Donec lorem ante, porttitor ac ullamcorper dictum, scelerisque ut tortor. Class aptent taciti sociosqu ad litora torquent per conubia nostra, per inceptos himenaeos.<\/p>\n<\/div>\n\n\n\n<div style=\"height:4rem\" aria-hidden=\"true\" class=\"wp-block-spacer\"><\/div>\n<\/div>\n<\/div>\n\n\n\n<div style=\"height:60px\" aria-hidden=\"true\" class=\"wp-block-spacer\"><\/div>\n<\/div>\n","protected":false},"excerpt":{"rendered":"<p>Contacte Mantente actualizado de nuestras \u00faltimas noticias Contacte Ver m\u00e1s Mauris ultrices nulla sit amet nunc consectetur, sit amet faucibus orci ornare. Interdum et malesuada fames ac ante ipsum primis in faucibus. Nunc nec elit at lectus scelerisque facilisis at tempus risus. Morbi ex nunc, tempus eget rhoncus sit amet, dictum eget velit. Fusce pulvinar [&hellip;]<\/p>\n","protected":false},"author":16,"featured_media":0,"parent":6484,"menu_order":0,"comment_status":"closed","ping_status":"closed","template":"","meta":{"_acf_changed":false,"inline_featured_image":false,"ep_exclude_from_search":false,"footnotes":""},"class_list":["post-6486","page","type-page","status-publish","hentry"],"pp_statuses_selecting_workflow":false,"pp_workflow_action":"current","pp_status_selection":"publish","acf":[],"yoast_head":"<!-- This site is optimized with the Yoast SEO Premium plugin v27.1 (Yoast SEO v27.1.1) - https:\/\/yoast.com\/product\/yoast-seo-premium-wordpress\/ -->\n<title>Contacte | Cambra de Comer\u00e7 de Barcelona<\/title>\n<meta name=\"robots\" content=\"index, follow, max-snippet:-1, max-image-preview:large, max-video-preview:-1\" \/>\n<link rel=\"canonical\" href=\"https:\/\/cambrabcn.org\/es\/prensa\/contacte-premsa\/\" \/>\n<meta property=\"og:locale\" content=\"es_ES\" \/>\n<meta property=\"og:type\" content=\"article\" \/>\n<meta property=\"og:title\" content=\"Contacte\" \/>\n<meta property=\"og:description\" content=\"Contacte Mantente actualizado de nuestras \u00faltimas noticias Contacte Ver m\u00e1s Mauris ultrices nulla sit amet nunc consectetur, sit amet faucibus orci ornare. Interdum et malesuada fames ac ante ipsum primis in faucibus. Nunc nec elit at lectus scelerisque facilisis at tempus risus. Morbi ex nunc, tempus eget rhoncus sit amet, dictum eget velit. Fusce pulvinar [&hellip;]\" \/>\n<meta property=\"og:url\" content=\"https:\/\/cambrabcn.org\/es\/prensa\/contacte-premsa\/\" \/>\n<meta property=\"og:site_name\" content=\"Cambra de Comer\u00e7 de Barcelona\" \/>\n<meta property=\"article:modified_time\" content=\"2024-03-19T20:01:47+00:00\" \/>\n<meta property=\"og:image\" content=\"https:\/\/cambrabcn.org\/wp-content\/uploads\/2024\/04\/Captura-de-pantalla-2024-04-04-a-les-8.47.44.png\" \/>\n\t<meta property=\"og:image:width\" content=\"1004\" \/>\n\t<meta property=\"og:image:height\" content=\"528\" \/>\n\t<meta property=\"og:image:type\" content=\"image\/png\" \/>\n<meta name=\"twitter:card\" content=\"summary_large_image\" \/>\n<meta name=\"twitter:site\" content=\"@cambrabcn\" \/>\n<meta name=\"twitter:label1\" content=\"Tiempo de lectura\" \/>\n\t<meta name=\"twitter:data1\" content=\"1 minuto\" \/>\n<script type=\"application\/ld+json\" class=\"yoast-schema-graph\">{\"@context\":\"https:\/\/schema.org\",\"@graph\":[{\"@type\":\"WebPage\",\"@id\":\"https:\/\/cambrabcn.org\/es\/prensa\/contacte-premsa\/\",\"url\":\"https:\/\/cambrabcn.org\/es\/prensa\/contacte-premsa\/\",\"name\":\"Contacte | Cambra de Comer\u00e7 de Barcelona\",\"isPartOf\":{\"@id\":\"https:\/\/cambrabcn.org\/es\/#website\"},\"datePublished\":\"2024-02-01T10:00:00+00:00\",\"dateModified\":\"2024-03-19T20:01:47+00:00\",\"breadcrumb\":{\"@id\":\"https:\/\/cambrabcn.org\/es\/prensa\/contacte-premsa\/#breadcrumb\"},\"inLanguage\":\"es\",\"potentialAction\":[{\"@type\":\"ReadAction\",\"target\":[\"https:\/\/cambrabcn.org\/es\/prensa\/contacte-premsa\/\"]}]},{\"@type\":\"BreadcrumbList\",\"@id\":\"https:\/\/cambrabcn.org\/es\/prensa\/contacte-premsa\/#breadcrumb\",\"itemListElement\":[{\"@type\":\"ListItem\",\"position\":1,\"name\":\"Home\",\"item\":\"https:\/\/cambrabcn.org\/es\/\"},{\"@type\":\"ListItem\",\"position\":2,\"name\":\"Contacto\",\"item\":\"https:\/\/cambrabcn.org\/es\/prensa\/\"},{\"@type\":\"ListItem\",\"position\":3,\"name\":\"Contacte\"}]},{\"@type\":\"WebSite\",\"@id\":\"https:\/\/cambrabcn.org\/es\/#website\",\"url\":\"https:\/\/cambrabcn.org\/es\/\",\"name\":\"Cambra de Comer\u00e7 de Barcelona\",\"description\":\"La Cambra de Tothom\",\"publisher\":{\"@id\":\"https:\/\/cambrabcn.org\/es\/#organization\"},\"alternateName\":\"Cambra Oficial de Comer\u00e7, Ind\u00fastria, Serveis i Navegaci\u00f3 de Barcelona\",\"potentialAction\":[{\"@type\":\"SearchAction\",\"target\":{\"@type\":\"EntryPoint\",\"urlTemplate\":\"https:\/\/cambrabcn.org\/es\/?s={search_term_string}\"},\"query-input\":{\"@type\":\"PropertyValueSpecification\",\"valueRequired\":true,\"valueName\":\"search_term_string\"}}],\"inLanguage\":\"es\"},{\"@type\":\"Organization\",\"@id\":\"https:\/\/cambrabcn.org\/es\/#organization\",\"name\":\"Cambra de Comer\u00e7 de Barcelona\",\"alternateName\":\"Cambra Oficial de Comer\u00e7, Ind\u00fastria, Serveis i Navegaci\u00f3 de Barcelona\",\"url\":\"https:\/\/cambrabcn.org\/es\/\",\"logo\":{\"@type\":\"ImageObject\",\"inLanguage\":\"es\",\"@id\":\"https:\/\/cambrabcn.org\/es\/#\/schema\/logo\/image\/\",\"url\":\"https:\/\/cambrabcn.org\/wp-content\/uploads\/2023\/11\/logo-cambra-300x77-1.png\",\"contentUrl\":\"https:\/\/cambrabcn.org\/wp-content\/uploads\/2023\/11\/logo-cambra-300x77-1.png\",\"width\":300,\"height\":77,\"caption\":\"Cambra de Comer\u00e7 de Barcelona\"},\"image\":{\"@id\":\"https:\/\/cambrabcn.org\/es\/#\/schema\/logo\/image\/\"},\"sameAs\":[\"https:\/\/x.com\/cambrabcn\",\"https:\/\/www.instagram.com\/cambrabcn\/\",\"https:\/\/www.linkedin.com\/school\/cambrabcn\",\"https:\/\/www.youtube.com\/user\/PressCambrabcn\",\"https:\/\/ca.wikipedia.org\/wiki\/Cambra_Oficial_de_Comer\u00e7,_Ind\u00fastria_i_Navegaci\u00f3_de_Barcelona\",\"http:\/\/viaf.org\/viaf\/124017095\"],\"description\":\"La Cambra Oficial de Comer\u00e7, Ind\u00fastria, Serveis i Navegaci\u00f3 de Barcelona \u00e9s una corporaci\u00f3 de dret p\u00fablic que presta serveis a les empreses, contribuint a la regeneraci\u00f3 del teixit econ\u00f2mic i la creaci\u00f3 d\u2019ocupaci\u00f3.\",\"email\":\"cambra@cambrabcn.cat\",\"telephone\":\"+34 93 416 93 00\",\"legalName\":\"La Cambra Oficial de Comer\u00e7, Ind\u00fastria, Serveis i Navegaci\u00f3 de Barcelona\",\"foundingDate\":\"1886-01-01\",\"vatID\":\"Q0873001B\",\"taxID\":\"Q0873001B\",\"naics\":\"813910\"}]}<\/script>\n<!-- \/ Yoast SEO Premium plugin. -->","yoast_head_json":{"title":"Contacte | Cambra de Comer\u00e7 de Barcelona","robots":{"index":"index","follow":"follow","max-snippet":"max-snippet:-1","max-image-preview":"max-image-preview:large","max-video-preview":"max-video-preview:-1"},"canonical":"https:\/\/cambrabcn.org\/es\/prensa\/contacte-premsa\/","og_locale":"es_ES","og_type":"article","og_title":"Contacte","og_description":"Contacte Mantente actualizado de nuestras \u00faltimas noticias Contacte Ver m\u00e1s Mauris ultrices nulla sit amet nunc consectetur, sit amet faucibus orci ornare. Interdum et malesuada fames ac ante ipsum primis in faucibus. Nunc nec elit at lectus scelerisque facilisis at tempus risus. Morbi ex nunc, tempus eget rhoncus sit amet, dictum eget velit. Fusce pulvinar [&hellip;]","og_url":"https:\/\/cambrabcn.org\/es\/prensa\/contacte-premsa\/","og_site_name":"Cambra de Comer\u00e7 de Barcelona","article_modified_time":"2024-03-19T20:01:47+00:00","og_image":[{"width":1004,"height":528,"url":"https:\/\/cambrabcn.org\/wp-content\/uploads\/2024\/04\/Captura-de-pantalla-2024-04-04-a-les-8.47.44.png","type":"image\/png"}],"twitter_card":"summary_large_image","twitter_site":"@cambrabcn","twitter_misc":{"Tiempo de lectura":"1 minuto"},"schema":{"@context":"https:\/\/schema.org","@graph":[{"@type":"WebPage","@id":"https:\/\/cambrabcn.org\/es\/prensa\/contacte-premsa\/","url":"https:\/\/cambrabcn.org\/es\/prensa\/contacte-premsa\/","name":"Contacte | Cambra de Comer\u00e7 de Barcelona","isPartOf":{"@id":"https:\/\/cambrabcn.org\/es\/#website"},"datePublished":"2024-02-01T10:00:00+00:00","dateModified":"2024-03-19T20:01:47+00:00","breadcrumb":{"@id":"https:\/\/cambrabcn.org\/es\/prensa\/contacte-premsa\/#breadcrumb"},"inLanguage":"es","potentialAction":[{"@type":"ReadAction","target":["https:\/\/cambrabcn.org\/es\/prensa\/contacte-premsa\/"]}]},{"@type":"BreadcrumbList","@id":"https:\/\/cambrabcn.org\/es\/prensa\/contacte-premsa\/#breadcrumb","itemListElement":[{"@type":"ListItem","position":1,"name":"Home","item":"https:\/\/cambrabcn.org\/es\/"},{"@type":"ListItem","position":2,"name":"Contacto","item":"https:\/\/cambrabcn.org\/es\/prensa\/"},{"@type":"ListItem","position":3,"name":"Contacte"}]},{"@type":"WebSite","@id":"https:\/\/cambrabcn.org\/es\/#website","url":"https:\/\/cambrabcn.org\/es\/","name":"Cambra de Comer\u00e7 de Barcelona","description":"La Cambra de Tothom","publisher":{"@id":"https:\/\/cambrabcn.org\/es\/#organization"},"alternateName":"Cambra Oficial de Comer\u00e7, Ind\u00fastria, Serveis i Navegaci\u00f3 de Barcelona","potentialAction":[{"@type":"SearchAction","target":{"@type":"EntryPoint","urlTemplate":"https:\/\/cambrabcn.org\/es\/?s={search_term_string}"},"query-input":{"@type":"PropertyValueSpecification","valueRequired":true,"valueName":"search_term_string"}}],"inLanguage":"es"},{"@type":"Organization","@id":"https:\/\/cambrabcn.org\/es\/#organization","name":"Cambra de Comer\u00e7 de Barcelona","alternateName":"Cambra Oficial de Comer\u00e7, Ind\u00fastria, Serveis i Navegaci\u00f3 de Barcelona","url":"https:\/\/cambrabcn.org\/es\/","logo":{"@type":"ImageObject","inLanguage":"es","@id":"https:\/\/cambrabcn.org\/es\/#\/schema\/logo\/image\/","url":"https:\/\/cambrabcn.org\/wp-content\/uploads\/2023\/11\/logo-cambra-300x77-1.png","contentUrl":"https:\/\/cambrabcn.org\/wp-content\/uploads\/2023\/11\/logo-cambra-300x77-1.png","width":300,"height":77,"caption":"Cambra de Comer\u00e7 de Barcelona"},"image":{"@id":"https:\/\/cambrabcn.org\/es\/#\/schema\/logo\/image\/"},"sameAs":["https:\/\/x.com\/cambrabcn","https:\/\/www.instagram.com\/cambrabcn\/","https:\/\/www.linkedin.com\/school\/cambrabcn","https:\/\/www.youtube.com\/user\/PressCambrabcn","https:\/\/ca.wikipedia.org\/wiki\/Cambra_Oficial_de_Comer\u00e7,_Ind\u00fastria_i_Navegaci\u00f3_de_Barcelona","http:\/\/viaf.org\/viaf\/124017095"],"description":"La Cambra Oficial de Comer\u00e7, Ind\u00fastria, Serveis i Navegaci\u00f3 de Barcelona \u00e9s una corporaci\u00f3 de dret p\u00fablic que presta serveis a les empreses, contribuint a la regeneraci\u00f3 del teixit econ\u00f2mic i la creaci\u00f3 d\u2019ocupaci\u00f3.","email":"cambra@cambrabcn.cat","telephone":"+34 93 416 93 00","legalName":"La Cambra Oficial de Comer\u00e7, Ind\u00fastria, Serveis i Navegaci\u00f3 de Barcelona","foundingDate":"1886-01-01","vatID":"Q0873001B","taxID":"Q0873001B","naics":"813910"}]}},"mfb_rest_fields":["pp_statuses_selecting_workflow","pp_workflow_action","pp_status_selection","yoast_head","yoast_head_json"],"_links":{"self":[{"href":"https:\/\/cambrabcn.org\/es\/wp-json\/wp\/v2\/pages\/6486","targetHints":{"allow":["GET"]}}],"collection":[{"href":"https:\/\/cambrabcn.org\/es\/wp-json\/wp\/v2\/pages"}],"about":[{"href":"https:\/\/cambrabcn.org\/es\/wp-json\/wp\/v2\/types\/page"}],"author":[{"embeddable":true,"href":"https:\/\/cambrabcn.org\/es\/wp-json\/wp\/v2\/users\/16"}],"replies":[{"embeddable":true,"href":"https:\/\/cambrabcn.org\/es\/wp-json\/wp\/v2\/comments?post=6486"}],"version-history":[{"count":2,"href":"https:\/\/cambrabcn.org\/es\/wp-json\/wp\/v2\/pages\/6486\/revisions"}],"predecessor-version":[{"id":43251,"href":"https:\/\/cambrabcn.org\/es\/wp-json\/wp\/v2\/pages\/6486\/revisions\/43251"}],"up":[{"embeddable":true,"href":"https:\/\/cambrabcn.org\/es\/wp-json\/wp\/v2\/pages\/6484"}],"wp:attachment":[{"href":"https:\/\/cambrabcn.org\/es\/wp-json\/wp\/v2\/media?parent=6486"}],"curies":[{"name":"wp","href":"https:\/\/api.w.org\/{rel}","templated":true}]}}