{"id":52305,"date":"2024-05-21T12:35:19","date_gmt":"2024-05-21T10:35:19","guid":{"rendered":"https:\/\/cambrabcn.org\/entrevistas-partners-internacionalizacion\/"},"modified":"2024-06-11T16:41:16","modified_gmt":"2024-06-11T14:41:16","slug":"entrevistas-partners-internacionalizacion","status":"publish","type":"page","link":"https:\/\/cambrabcn.org\/es\/entrevistas-partners-internacionalizacion\/","title":{"rendered":"Entrevistes Partners Internacionalizaci\u00f3n"},"content":{"rendered":"\n<div class=\"wp-block-group is-layout-constrained wp-block-group-is-layout-constrained\">\n<div style=\"height:40px\" aria-hidden=\"true\" class=\"wp-block-spacer\"><\/div>\n\n\n<div class=\"wp-block-cambra-custom-blocks-cambra-breadcrumbs\"><nav role=\"navigation\" aria-label=\"Breadcrumb\" class=\"breadcrumb\"><ol class=\"breadcrumb-items\"><li class=\"breadcrumb-item breadcrumb-item--current breadcrumb-item--home\"><span class=\"breadcrumb-item-name\">Inicio<\/span><\/li><\/ol><\/nav><\/div>\n\n\n<div class=\"wp-block-columns is-layout-flex wp-container-core-columns-is-layout-28f84493 wp-block-columns-is-layout-flex\">\n<div class=\"wp-block-column is-layout-flow wp-block-column-is-layout-flow\">\n<figure class=\"wp-block-image aligncenter size-large has-custom-border w-100\"><img data-dominant-color=\"8b8680\" data-has-transparency=\"true\" loading=\"lazy\" decoding=\"async\" width=\"1024\" height=\"233\" src=\"https:\/\/cambrabcn.org\/wp-content\/uploads\/2024\/05\/Entrevistes_1200x273-1024x233.png\" alt=\"\" class=\"wp-image-52230 has-transparency\" style=\"--dominant-color: #8b8680; border-radius:8px;object-fit:cover\" srcset=\"https:\/\/cambrabcn.org\/wp-content\/uploads\/2024\/05\/Entrevistes_1200x273-1024x233.png 1024w, https:\/\/cambrabcn.org\/wp-content\/uploads\/2024\/05\/Entrevistes_1200x273-300x68.png 300w, https:\/\/cambrabcn.org\/wp-content\/uploads\/2024\/05\/Entrevistes_1200x273-768x175.png 768w, https:\/\/cambrabcn.org\/wp-content\/uploads\/2024\/05\/Entrevistes_1200x273-600x137.png 600w, https:\/\/cambrabcn.org\/wp-content\/uploads\/2024\/05\/Entrevistes_1200x273.png 1200w\" sizes=\"auto, (max-width: 1024px) 100vw, 1024px\" \/><\/figure>\n<\/div>\n<\/div>\n\n\n\n<div class=\"wp-block-group cambra-bottom-line cambra-bottom-line--center is-layout-constrained wp-block-group-is-layout-constrained\">\n<h1 class=\"wp-block-heading has-text-align-center heading-1 has-xxl-font-size\">Entrevistas<\/h1>\n\n\n\n<p class=\"has-text-align-center paragraph-s-big paragraph-s-big--bold\" style=\"font-size:1.8rem\">Partners de internacionalizaci\u00f3n<\/p>\n<\/div>\n\n\n\n<div style=\"height:var(--wp--preset--spacing--20)\" aria-hidden=\"true\" class=\"wp-block-spacer\"><\/div>\n\n\n\n<div style=\"height:0px\" aria-hidden=\"true\" class=\"wp-block-spacer\"><\/div>\n\n\n\n<p style=\"font-size:23px\">MAYO 2024<\/p>\n\n\n\n<div class=\"wp-block-group is-layout-constrained wp-block-group-is-layout-constrained\">\n<div class=\"wp-block-columns is-layout-flex wp-container-core-columns-is-layout-28f84493 wp-block-columns-is-layout-flex\">\n<div class=\"wp-block-column is-layout-flow wp-block-column-is-layout-flow\">\n<div class=\"wp-block-media-text is-stacked-on-mobile is-vertically-aligned-top\"><figure class=\"wp-block-media-text__media\"><a href=\"https:\/\/el9nou.cat\/osona-ripolles\/actualitat\/montserrat-braut-dones-som-superheroines-fem-deo\/\" target=\"_blank\" rel=\"noreferrer noopener\"><img data-dominant-color=\"7f736d\" data-has-transparency=\"true\" style=\"--dominant-color: #7f736d;\" loading=\"lazy\" decoding=\"async\" width=\"1000\" height=\"495\" src=\"https:\/\/cambrabcn.org\/wp-content\/uploads\/2024\/05\/Fernando-Panadero_1000x495.png\" alt=\"\" class=\"wp-image-52211 size-full has-transparency\" srcset=\"https:\/\/cambrabcn.org\/wp-content\/uploads\/2024\/05\/Fernando-Panadero_1000x495.png 1000w, https:\/\/cambrabcn.org\/wp-content\/uploads\/2024\/05\/Fernando-Panadero_1000x495-300x149.png 300w, https:\/\/cambrabcn.org\/wp-content\/uploads\/2024\/05\/Fernando-Panadero_1000x495-768x380.png 768w, https:\/\/cambrabcn.org\/wp-content\/uploads\/2024\/05\/Fernando-Panadero_1000x495-600x297.png 600w\" sizes=\"auto, (max-width: 1000px) 100vw, 1000px\" \/><\/a><\/figure><div class=\"wp-block-media-text__content\">\n<p class=\"has-text-align-left\" style=\"padding-top:0;padding-right:0;padding-bottom:0;padding-left:0;font-size:1.3rem\"><strong>Fernando Panadero<\/strong> <br>Responsable del Departamento Civil y Procesal de ROSS<\/p>\n\n\n\n<p class=\"has-text-align-left\" style=\"padding-top:var(--wp--preset--spacing--20);padding-bottom:var(--wp--preset--spacing--20);font-size:1.1rem\">\u00abLa controversia con los cr\u00e9ditos ICO COVID ha surgido en su vencimiento cuando no han podido ser satisfechos por las empresas y aut\u00f3nomos prestatarios\u00bb<\/p>\n\n\n\n<div class=\"wp-block-buttons is-content-justification-left is-layout-flex wp-container-core-buttons-is-layout-fc4fd283 wp-block-buttons-is-layout-flex\">\n<div class=\"wp-block-button\"><a class=\"wp-block-button__link wp-element-button\" href=\"https:\/\/cambrabcn.org\/es\/entrevistas-partners-internacionalizacion\/creditos-ico-covid\/\" target=\"_blank\" rel=\"noreferrer noopener\">Leer m\u00e1s<\/a><\/div>\n<\/div>\n<\/div><\/div>\n\n\n\n<div style=\"height:10px\" aria-hidden=\"true\" class=\"wp-block-spacer\"><\/div>\n<\/div>\n<\/div>\n<\/div>\n<\/div>\n\n\n\n<div style=\"height:30px\" aria-hidden=\"true\" class=\"wp-block-spacer\"><\/div>\n","protected":false},"excerpt":{"rendered":"<p>Entrevistas Partners de internacionalizaci\u00f3n MAYO 2024 Fernando Panadero Responsable del Departamento Civil y Procesal de ROSS \u00abLa controversia con los cr\u00e9ditos ICO COVID ha surgido en su vencimiento cuando no han podido ser satisfechos por las empresas y aut\u00f3nomos prestatarios\u00bb<\/p>\n","protected":false},"author":6,"featured_media":0,"parent":0,"menu_order":0,"comment_status":"closed","ping_status":"closed","template":"","meta":{"_acf_changed":false,"inline_featured_image":false,"ep_exclude_from_search":false,"footnotes":""},"class_list":["post-52305","page","type-page","status-publish","hentry"],"pp_statuses_selecting_workflow":false,"pp_workflow_action":"current","pp_status_selection":"publish","acf":[],"yoast_head":"<!-- This site is optimized with the Yoast SEO Premium plugin v27.1 (Yoast SEO v27.1.1) - https:\/\/yoast.com\/product\/yoast-seo-premium-wordpress\/ -->\n<title>Entrevistes Partners Internacionalizaci\u00f3n | Cambra de Comer\u00e7 de Barcelona<\/title>\n<meta name=\"robots\" content=\"index, follow, max-snippet:-1, max-image-preview:large, max-video-preview:-1\" \/>\n<link rel=\"canonical\" href=\"https:\/\/cambrabcn.org\/es\/entrevistas-partners-internacionalizacion\/\" \/>\n<meta property=\"og:locale\" content=\"es_ES\" \/>\n<meta property=\"og:type\" content=\"article\" \/>\n<meta property=\"og:title\" content=\"Entrevistes Partners Internacionalizaci\u00f3n\" \/>\n<meta property=\"og:description\" content=\"Entrevistas Partners de internacionalizaci\u00f3n MAYO 2024 Fernando Panadero Responsable del Departamento Civil y Procesal de ROSS \u00abLa controversia con los cr\u00e9ditos ICO COVID ha surgido en su vencimiento cuando no han podido ser satisfechos por las empresas y aut\u00f3nomos prestatarios\u00bb\" \/>\n<meta property=\"og:url\" content=\"https:\/\/cambrabcn.org\/es\/entrevistas-partners-internacionalizacion\/\" \/>\n<meta property=\"og:site_name\" content=\"Cambra de Comer\u00e7 de Barcelona\" \/>\n<meta property=\"article:modified_time\" content=\"2024-06-11T14:41:16+00:00\" \/>\n<meta property=\"og:image\" content=\"https:\/\/cambrabcn.org\/wp-content\/uploads\/2024\/05\/Entrevistes_1200x273-1024x233.png\" \/>\n<meta name=\"twitter:card\" content=\"summary_large_image\" \/>\n<meta name=\"twitter:site\" content=\"@cambrabcn\" \/>\n<meta name=\"twitter:label1\" content=\"Tiempo de lectura\" \/>\n\t<meta name=\"twitter:data1\" content=\"1 minuto\" \/>\n<script type=\"application\/ld+json\" class=\"yoast-schema-graph\">{\"@context\":\"https:\/\/schema.org\",\"@graph\":[{\"@type\":\"WebPage\",\"@id\":\"https:\/\/cambrabcn.org\/es\/entrevistas-partners-internacionalizacion\/\",\"url\":\"https:\/\/cambrabcn.org\/es\/entrevistas-partners-internacionalizacion\/\",\"name\":\"Entrevistes Partners Internacionalizaci\u00f3n | Cambra de Comer\u00e7 de Barcelona\",\"isPartOf\":{\"@id\":\"https:\/\/cambrabcn.org\/es\/#website\"},\"primaryImageOfPage\":{\"@id\":\"https:\/\/cambrabcn.org\/es\/entrevistas-partners-internacionalizacion\/#primaryimage\"},\"image\":{\"@id\":\"https:\/\/cambrabcn.org\/es\/entrevistas-partners-internacionalizacion\/#primaryimage\"},\"thumbnailUrl\":\"https:\/\/cambrabcn.org\/wp-content\/uploads\/2024\/05\/Entrevistes_1200x273-1024x233.png\",\"datePublished\":\"2024-05-21T10:35:19+00:00\",\"dateModified\":\"2024-06-11T14:41:16+00:00\",\"breadcrumb\":{\"@id\":\"https:\/\/cambrabcn.org\/es\/entrevistas-partners-internacionalizacion\/#breadcrumb\"},\"inLanguage\":\"es\",\"potentialAction\":[{\"@type\":\"ReadAction\",\"target\":[\"https:\/\/cambrabcn.org\/es\/entrevistas-partners-internacionalizacion\/\"]}]},{\"@type\":\"ImageObject\",\"inLanguage\":\"es\",\"@id\":\"https:\/\/cambrabcn.org\/es\/entrevistas-partners-internacionalizacion\/#primaryimage\",\"url\":\"https:\/\/cambrabcn.org\/wp-content\/uploads\/2024\/05\/Entrevistes_1200x273-1024x233.png\",\"contentUrl\":\"https:\/\/cambrabcn.org\/wp-content\/uploads\/2024\/05\/Entrevistes_1200x273-1024x233.png\"},{\"@type\":\"BreadcrumbList\",\"@id\":\"https:\/\/cambrabcn.org\/es\/entrevistas-partners-internacionalizacion\/#breadcrumb\",\"itemListElement\":[{\"@type\":\"ListItem\",\"position\":1,\"name\":\"Home\",\"item\":\"https:\/\/cambrabcn.org\/es\/\"},{\"@type\":\"ListItem\",\"position\":2,\"name\":\"Entrevistes Partners Internacionalizaci\u00f3n\"}]},{\"@type\":\"WebSite\",\"@id\":\"https:\/\/cambrabcn.org\/es\/#website\",\"url\":\"https:\/\/cambrabcn.org\/es\/\",\"name\":\"Cambra de Comer\u00e7 de Barcelona\",\"description\":\"La Cambra de Tothom\",\"publisher\":{\"@id\":\"https:\/\/cambrabcn.org\/es\/#organization\"},\"alternateName\":\"Cambra Oficial de Comer\u00e7, Ind\u00fastria, Serveis i Navegaci\u00f3 de Barcelona\",\"potentialAction\":[{\"@type\":\"SearchAction\",\"target\":{\"@type\":\"EntryPoint\",\"urlTemplate\":\"https:\/\/cambrabcn.org\/es\/?s={search_term_string}\"},\"query-input\":{\"@type\":\"PropertyValueSpecification\",\"valueRequired\":true,\"valueName\":\"search_term_string\"}}],\"inLanguage\":\"es\"},{\"@type\":\"Organization\",\"@id\":\"https:\/\/cambrabcn.org\/es\/#organization\",\"name\":\"Cambra de Comer\u00e7 de Barcelona\",\"alternateName\":\"Cambra Oficial de Comer\u00e7, Ind\u00fastria, Serveis i Navegaci\u00f3 de Barcelona\",\"url\":\"https:\/\/cambrabcn.org\/es\/\",\"logo\":{\"@type\":\"ImageObject\",\"inLanguage\":\"es\",\"@id\":\"https:\/\/cambrabcn.org\/es\/#\/schema\/logo\/image\/\",\"url\":\"https:\/\/cambrabcn.org\/wp-content\/uploads\/2023\/11\/logo-cambra-300x77-1.png\",\"contentUrl\":\"https:\/\/cambrabcn.org\/wp-content\/uploads\/2023\/11\/logo-cambra-300x77-1.png\",\"width\":300,\"height\":77,\"caption\":\"Cambra de Comer\u00e7 de Barcelona\"},\"image\":{\"@id\":\"https:\/\/cambrabcn.org\/es\/#\/schema\/logo\/image\/\"},\"sameAs\":[\"https:\/\/x.com\/cambrabcn\",\"https:\/\/www.instagram.com\/cambrabcn\/\",\"https:\/\/www.linkedin.com\/school\/cambrabcn\",\"https:\/\/www.youtube.com\/user\/PressCambrabcn\",\"https:\/\/ca.wikipedia.org\/wiki\/Cambra_Oficial_de_Comer\u00e7,_Ind\u00fastria_i_Navegaci\u00f3_de_Barcelona\",\"http:\/\/viaf.org\/viaf\/124017095\"],\"description\":\"La Cambra Oficial de Comer\u00e7, Ind\u00fastria, Serveis i Navegaci\u00f3 de Barcelona \u00e9s una corporaci\u00f3 de dret p\u00fablic que presta serveis a les empreses, contribuint a la regeneraci\u00f3 del teixit econ\u00f2mic i la creaci\u00f3 d\u2019ocupaci\u00f3.\",\"email\":\"cambra@cambrabcn.cat\",\"telephone\":\"+34 93 416 93 00\",\"legalName\":\"La Cambra Oficial de Comer\u00e7, Ind\u00fastria, Serveis i Navegaci\u00f3 de Barcelona\",\"foundingDate\":\"1886-01-01\",\"vatID\":\"Q0873001B\",\"taxID\":\"Q0873001B\",\"naics\":\"813910\"}]}<\/script>\n<!-- \/ Yoast SEO Premium plugin. -->","yoast_head_json":{"title":"Entrevistes Partners Internacionalizaci\u00f3n | Cambra de Comer\u00e7 de Barcelona","robots":{"index":"index","follow":"follow","max-snippet":"max-snippet:-1","max-image-preview":"max-image-preview:large","max-video-preview":"max-video-preview:-1"},"canonical":"https:\/\/cambrabcn.org\/es\/entrevistas-partners-internacionalizacion\/","og_locale":"es_ES","og_type":"article","og_title":"Entrevistes Partners Internacionalizaci\u00f3n","og_description":"Entrevistas Partners de internacionalizaci\u00f3n MAYO 2024 Fernando Panadero Responsable del Departamento Civil y Procesal de ROSS \u00abLa controversia con los cr\u00e9ditos ICO COVID ha surgido en su vencimiento cuando no han podido ser satisfechos por las empresas y aut\u00f3nomos prestatarios\u00bb","og_url":"https:\/\/cambrabcn.org\/es\/entrevistas-partners-internacionalizacion\/","og_site_name":"Cambra de Comer\u00e7 de Barcelona","article_modified_time":"2024-06-11T14:41:16+00:00","og_image":[{"url":"https:\/\/cambrabcn.org\/wp-content\/uploads\/2024\/05\/Entrevistes_1200x273-1024x233.png","type":"","width":"","height":""}],"twitter_card":"summary_large_image","twitter_site":"@cambrabcn","twitter_misc":{"Tiempo de lectura":"1 minuto"},"schema":{"@context":"https:\/\/schema.org","@graph":[{"@type":"WebPage","@id":"https:\/\/cambrabcn.org\/es\/entrevistas-partners-internacionalizacion\/","url":"https:\/\/cambrabcn.org\/es\/entrevistas-partners-internacionalizacion\/","name":"Entrevistes Partners Internacionalizaci\u00f3n | Cambra de Comer\u00e7 de Barcelona","isPartOf":{"@id":"https:\/\/cambrabcn.org\/es\/#website"},"primaryImageOfPage":{"@id":"https:\/\/cambrabcn.org\/es\/entrevistas-partners-internacionalizacion\/#primaryimage"},"image":{"@id":"https:\/\/cambrabcn.org\/es\/entrevistas-partners-internacionalizacion\/#primaryimage"},"thumbnailUrl":"https:\/\/cambrabcn.org\/wp-content\/uploads\/2024\/05\/Entrevistes_1200x273-1024x233.png","datePublished":"2024-05-21T10:35:19+00:00","dateModified":"2024-06-11T14:41:16+00:00","breadcrumb":{"@id":"https:\/\/cambrabcn.org\/es\/entrevistas-partners-internacionalizacion\/#breadcrumb"},"inLanguage":"es","potentialAction":[{"@type":"ReadAction","target":["https:\/\/cambrabcn.org\/es\/entrevistas-partners-internacionalizacion\/"]}]},{"@type":"ImageObject","inLanguage":"es","@id":"https:\/\/cambrabcn.org\/es\/entrevistas-partners-internacionalizacion\/#primaryimage","url":"https:\/\/cambrabcn.org\/wp-content\/uploads\/2024\/05\/Entrevistes_1200x273-1024x233.png","contentUrl":"https:\/\/cambrabcn.org\/wp-content\/uploads\/2024\/05\/Entrevistes_1200x273-1024x233.png"},{"@type":"BreadcrumbList","@id":"https:\/\/cambrabcn.org\/es\/entrevistas-partners-internacionalizacion\/#breadcrumb","itemListElement":[{"@type":"ListItem","position":1,"name":"Home","item":"https:\/\/cambrabcn.org\/es\/"},{"@type":"ListItem","position":2,"name":"Entrevistes Partners Internacionalizaci\u00f3n"}]},{"@type":"WebSite","@id":"https:\/\/cambrabcn.org\/es\/#website","url":"https:\/\/cambrabcn.org\/es\/","name":"Cambra de Comer\u00e7 de Barcelona","description":"La Cambra de Tothom","publisher":{"@id":"https:\/\/cambrabcn.org\/es\/#organization"},"alternateName":"Cambra Oficial de Comer\u00e7, Ind\u00fastria, Serveis i Navegaci\u00f3 de Barcelona","potentialAction":[{"@type":"SearchAction","target":{"@type":"EntryPoint","urlTemplate":"https:\/\/cambrabcn.org\/es\/?s={search_term_string}"},"query-input":{"@type":"PropertyValueSpecification","valueRequired":true,"valueName":"search_term_string"}}],"inLanguage":"es"},{"@type":"Organization","@id":"https:\/\/cambrabcn.org\/es\/#organization","name":"Cambra de Comer\u00e7 de Barcelona","alternateName":"Cambra Oficial de Comer\u00e7, Ind\u00fastria, Serveis i Navegaci\u00f3 de Barcelona","url":"https:\/\/cambrabcn.org\/es\/","logo":{"@type":"ImageObject","inLanguage":"es","@id":"https:\/\/cambrabcn.org\/es\/#\/schema\/logo\/image\/","url":"https:\/\/cambrabcn.org\/wp-content\/uploads\/2023\/11\/logo-cambra-300x77-1.png","contentUrl":"https:\/\/cambrabcn.org\/wp-content\/uploads\/2023\/11\/logo-cambra-300x77-1.png","width":300,"height":77,"caption":"Cambra de Comer\u00e7 de Barcelona"},"image":{"@id":"https:\/\/cambrabcn.org\/es\/#\/schema\/logo\/image\/"},"sameAs":["https:\/\/x.com\/cambrabcn","https:\/\/www.instagram.com\/cambrabcn\/","https:\/\/www.linkedin.com\/school\/cambrabcn","https:\/\/www.youtube.com\/user\/PressCambrabcn","https:\/\/ca.wikipedia.org\/wiki\/Cambra_Oficial_de_Comer\u00e7,_Ind\u00fastria_i_Navegaci\u00f3_de_Barcelona","http:\/\/viaf.org\/viaf\/124017095"],"description":"La Cambra Oficial de Comer\u00e7, Ind\u00fastria, Serveis i Navegaci\u00f3 de Barcelona \u00e9s una corporaci\u00f3 de dret p\u00fablic que presta serveis a les empreses, contribuint a la regeneraci\u00f3 del teixit econ\u00f2mic i la creaci\u00f3 d\u2019ocupaci\u00f3.","email":"cambra@cambrabcn.cat","telephone":"+34 93 416 93 00","legalName":"La Cambra Oficial de Comer\u00e7, Ind\u00fastria, Serveis i Navegaci\u00f3 de Barcelona","foundingDate":"1886-01-01","vatID":"Q0873001B","taxID":"Q0873001B","naics":"813910"}]}},"mfb_rest_fields":["pp_statuses_selecting_workflow","pp_workflow_action","pp_status_selection","yoast_head","yoast_head_json"],"_links":{"self":[{"href":"https:\/\/cambrabcn.org\/es\/wp-json\/wp\/v2\/pages\/52305","targetHints":{"allow":["GET"]}}],"collection":[{"href":"https:\/\/cambrabcn.org\/es\/wp-json\/wp\/v2\/pages"}],"about":[{"href":"https:\/\/cambrabcn.org\/es\/wp-json\/wp\/v2\/types\/page"}],"author":[{"embeddable":true,"href":"https:\/\/cambrabcn.org\/es\/wp-json\/wp\/v2\/users\/6"}],"replies":[{"embeddable":true,"href":"https:\/\/cambrabcn.org\/es\/wp-json\/wp\/v2\/comments?post=52305"}],"version-history":[{"count":5,"href":"https:\/\/cambrabcn.org\/es\/wp-json\/wp\/v2\/pages\/52305\/revisions"}],"predecessor-version":[{"id":53773,"href":"https:\/\/cambrabcn.org\/es\/wp-json\/wp\/v2\/pages\/52305\/revisions\/53773"}],"wp:attachment":[{"href":"https:\/\/cambrabcn.org\/es\/wp-json\/wp\/v2\/media?parent=52305"}],"curies":[{"name":"wp","href":"https:\/\/api.w.org\/{rel}","templated":true}]}}