{"id":51382,"date":"2024-05-23T10:31:44","date_gmt":"2024-05-23T08:31:44","guid":{"rendered":"https:\/\/cambrabcn.org\/la-perspectiva-legal-en-los-procesos-de-internacionalizacion\/"},"modified":"2024-06-11T15:47:15","modified_gmt":"2024-06-11T13:47:15","slug":"la-perspectiva-legal-en-los-procesos-de-internacionalizacion","status":"publish","type":"page","link":"https:\/\/cambrabcn.org\/es\/articulos-partners-internacionalizacion\/la-perspectiva-legal-en-los-procesos-de-internacionalizacion\/","title":{"rendered":"La perspectiva legal en los procesos de internacionalizaci\u00f3n"},"content":{"rendered":"\n<div class=\"wp-block-group cambra-page-about-us-single is-layout-constrained wp-container-core-group-is-layout-e9b1e06a wp-block-group-is-layout-constrained\">\n<div style=\"height:2.5rem\" aria-hidden=\"true\" class=\"wp-block-spacer hide-mobile\"><\/div>\n\n\n\n<div class=\"wp-block-group is-layout-constrained wp-container-core-group-is-layout-6b712b1a wp-block-group-is-layout-constrained\"><div class=\"wp-block-cambra-custom-blocks-cambra-breadcrumbs\"><nav role=\"navigation\" aria-label=\"Breadcrumb\" class=\"breadcrumb\"><ol class=\"breadcrumb-items\"><li class=\"breadcrumb-item breadcrumb-item--current breadcrumb-item--home\"><span class=\"breadcrumb-item-name\">Inicio<\/span><\/li><\/ol><\/nav><\/div><\/div>\n\n\n\n<div style=\"height:2.5rem\" aria-hidden=\"true\" class=\"wp-block-spacer hide-mobile\"><\/div>\n\n\n\n<div class=\"wp-block-group main-content is-layout-constrained wp-container-core-group-is-layout-6b712b1a wp-block-group-is-layout-constrained\"><figure class=\"aligncenter wp-block-post-featured-image\"><img loading=\"lazy\" decoding=\"async\" width=\"1200\" height=\"273\" src=\"https:\/\/cambrabcn.org\/wp-content\/uploads\/2024\/05\/Internacionalitzacio_1200x273.png\" class=\"attachment-post-thumbnail size-post-thumbnail wp-post-image\" alt=\"\" style=\"object-fit:cover;\" srcset=\"https:\/\/cambrabcn.org\/wp-content\/uploads\/2024\/05\/Internacionalitzacio_1200x273.png 1200w, https:\/\/cambrabcn.org\/wp-content\/uploads\/2024\/05\/Internacionalitzacio_1200x273-300x68.png 300w, https:\/\/cambrabcn.org\/wp-content\/uploads\/2024\/05\/Internacionalitzacio_1200x273-1024x233.png 1024w, https:\/\/cambrabcn.org\/wp-content\/uploads\/2024\/05\/Internacionalitzacio_1200x273-768x175.png 768w, https:\/\/cambrabcn.org\/wp-content\/uploads\/2024\/05\/Internacionalitzacio_1200x273-600x137.png 600w\" sizes=\"auto, (max-width: 1200px) 100vw, 1200px\" \/><\/figure>\n\n\n<div class=\"wp-block-group cambra-bottom-line is-layout-constrained wp-container-core-group-is-layout-7fca5b48 wp-block-group-is-layout-constrained\"><h1 class=\"heading-1 wp-block-post-title\">La perspectiva legal en los procesos de internacionalizaci\u00f3n<\/h1><\/div>\n<\/div>\n\n\n\n<div style=\"height:3.75rem\" aria-hidden=\"true\" class=\"wp-block-spacer\"><\/div>\n\n\n\n<div class=\"wp-block-group has-secondary-neutral-black-color has-text-color is-layout-constrained wp-container-core-group-is-layout-6b712b1a wp-block-group-is-layout-constrained\">\n<div class=\"wp-block-group is-layout-constrained wp-container-core-group-is-layout-7fca5b48 wp-block-group-is-layout-constrained\">\n<p>En un mundo cada vez m\u00e1s interconectado, las empresas se encuentran inmersas en un entorno empresarial que presenta desaf\u00edos y oportunidades \u00fanicas. En Catalu\u00f1a, regi\u00f3n que hist\u00f3ricamente ha mantenido una intensa actividad comercial internacional, el contexto actual pide una comprensi\u00f3n profunda de las din\u00e1micas globales y una gesti\u00f3n experta de los aspectos legales y regulatorios que impacten en los negocios transfronterizos.<\/p>\n\n\n\n<p>En este contexto, contar con un partner legal estrat\u00e9gico constituye el palo de pajar para las empresas extranjeras que vuelen establecerse en Catalu\u00f1a desde cero y para las empresas catalanas de cualquier sector que vuelen expandirse globalmente. Comprender que la conformidad con la regulaci\u00f3n es esencial para mitigar riesgos y garantizar operaciones comerciales exitosas. En un escenario donde la legislaci\u00f3n y las normativas cambian constantemente, contar con buenos asesores legales a casa y en el extranjero, que est\u00e9n en el d\u00eda en cuestiones regulatorias, es crucial.<\/p>\n\n\n\n<p>Comprender que la conformidad con la regulaci\u00f3n es esencial para mitigar riesgos y garantizar operaciones comerciales exitosas. En un escenario donde la legislaci\u00f3n y las normativas cambian constantemente, contar con buenos asesores legales a casa y en el extranjero, que est\u00e9n en el d\u00eda en cuestiones regulatorias, es crucial. Con un equipo de abogados especializados en Derecho Internacional de los Negocios, TODA &amp; NEL-LO ofrece un amplio abanico de servicios dise\u00f1ados para abordar las complejidades legales y fiscales que acompa\u00f1an las operaciones transfronterizas.<\/p>\n\n\n\n<p>Desde fusiones y adquisiciones hasta la creaci\u00f3n de estructuras empresariales, pasando por contratos internacionales y litigios, creaci\u00f3n de start-ups o joint-ventures, fundaciones o asociaciones de empresas, la experiencia de nuestros abogados alcanza todos los aspectos del derecho mercantil internacional de los negocios. La firma es parte de varias redes internacionales que alcanzan m\u00e1s de 50 pa\u00edses y 130 ciudades, lo cual garantiza una representaci\u00f3n efectiva en los principales centros financieros del mundo.<\/p>\n\n\n\n<p>Una de las fortalezas clave de Toda &amp; Nel-lo radica en su capacidad para guiar empresas extranjeras en el establecimiento de sus operaciones en Catalu\u00f1a y en Espa\u00f1a. Desde la elecci\u00f3n de la estructura empresarial m\u00e1s adecuada, hasta definir la operativa fiscal m\u00e1s conveniente, o implementar estructuras comerciales (distribuci\u00f3n, agencia, franquicia) o la asistencia en tr\u00e1mites administrativos por la constituci\u00f3n de la entidad o incluso obtener el permiso de residencia y trabajo de sus directivos, nuestros abogados brindan un acompa\u00f1amiento integral en cada etapa del proceso de establecimiento.<\/p>\n\n\n\n<p>Adem\u00e1s, entendemos la importancia de la optimizaci\u00f3n fiscal en las transacciones comerciales internacionales. Con un enfoque proactivo, ayudamos nuestros clientes a identificar las implicaciones fiscales y a dise\u00f1ar estructuras de inversi\u00f3n que maximicen el rendimiento y minimicen los riesgos.<\/p>\n\n\n\n<p>La compraventa de acciones o participaciones sociales y las rondas de financiaci\u00f3n por \u201cstart-ups\u201d o \u201cscale-ups\u201d puede ser un terreno complejo desde el punto de vista fiscal. En este sentido, nuestros expertos en fiscalidad internacional est\u00e1n preparados para abordar las cuestiones m\u00e1s delicadas y ofrecer soluciones que garanticen la seguridad jur\u00eddica y la eficiencia fiscal para todas las partes involucradas, fondos y todo por sus directivos (\u201cLey Beckham\u201d).<\/p>\n\n\n\n<p>Adem\u00e1s, como parte de nuestra propuesta de valor, estamos constantemente actualiz\u00e1ndonos en cuanto a los cambios legales y regulatorios tanto a nivel nacional como internacional, asegurando que nuestros clientes est\u00e9n en el d\u00eda en relaci\u00f3n con el cumplimiento normativo. <\/p>\n\n\n\n<p>As\u00ed mismo, en todos los procesos en que asesoramos integralmente, ponemos el foco en la gesti\u00f3n de riesgos asociados a cualquier operaci\u00f3n. Desde la identificaci\u00f3n hasta la mitigaci\u00f3n y el control, ayudamos nuestros clientes a comprender y abordar cualquier contingencia asociada a las operaciones transfronterizas, proporcionando soluciones personalizadas que protejan sus intereses y promuevan el crecimiento sostenible.<\/p>\n\n\n\n<p>En Toda &amp; Nel-lo, el servicio al cliente es nuestra m\u00e1xima prioridad. Desde hace m\u00e1s de 30 a\u00f1os estamos comprometidos a brindar la m\u00e1s alta calidad de asesoramiento legal, con una atenci\u00f3n personalizada, respuestas r\u00e1pidas y un enfoque centrado en las necesidades individuales de cada cliente.<\/p>\n\n\n\n<p>Si su empresa est\u00e1 lista para hacer el salto al escenario internacional o busca fortalecer su presencia en el mercado global, no dude a ponerse en contacto con TODA &amp; NEL-LO. Estamos aqu\u00ed para ser su socio legal de confianza, gui\u00e1ndolo en cada paso del camino hacia el \u00e9xito empresarial en el \u00e1mbito internacional. <\/p>\n\n\n\n<p>Para obtener m\u00e1s informaci\u00f3n sobre nuestros servicios y c\u00f3mo podemos ayudarlo a lograr sus objetivos comerciales, lo invitamos a visitar nuestro sitio web o ponerse en contacto con nuestro equipo.<\/p>\n\n\n\n<p class=\"has-normal-b-font-size\"><strong>Josep M. Balcells<\/strong><\/p>\n\n\n\n<p class=\"has-normal-b-font-size\">Socio del \u00e1rea de Derecho Internacional y Mercantil de Toda &amp; Nel-lo<\/p>\n<\/div>\n<\/div>\n\n\n\n<div style=\"height:3rem\" aria-hidden=\"true\" class=\"wp-block-spacer\"><\/div>\n<\/div>\n","protected":false},"excerpt":{"rendered":"<p>En un mundo cada vez m\u00e1s interconectado, las empresas se encuentran inmersas en un entorno empresarial que presenta desaf\u00edos y oportunidades \u00fanicas. En Catalu\u00f1a, regi\u00f3n que hist\u00f3ricamente ha mantenido una intensa actividad comercial internacional, el contexto actual pide una comprensi\u00f3n profunda de las din\u00e1micas globales y una gesti\u00f3n experta de los aspectos legales y regulatorios [&hellip;]<\/p>\n","protected":false},"author":6,"featured_media":51370,"parent":51533,"menu_order":0,"comment_status":"closed","ping_status":"closed","template":"","meta":{"_acf_changed":false,"inline_featured_image":false,"ep_exclude_from_search":false,"footnotes":""},"class_list":["post-51382","page","type-page","status-publish","has-post-thumbnail","hentry"],"pp_statuses_selecting_workflow":false,"pp_workflow_action":"current","pp_status_selection":"publish","acf":[],"yoast_head":"<!-- This site is optimized with the Yoast SEO Premium plugin v27.1 (Yoast SEO v27.4) - https:\/\/yoast.com\/product\/yoast-seo-premium-wordpress\/ -->\n<title>La perspectiva legal en los procesos de internacionalizaci\u00f3n | Cambra de Comer\u00e7 de Barcelona<\/title>\n<meta name=\"robots\" content=\"index, follow, max-snippet:-1, max-image-preview:large, max-video-preview:-1\" \/>\n<link rel=\"canonical\" href=\"https:\/\/cambrabcn.org\/es\/articulos-partners-internacionalizacion\/la-perspectiva-legal-en-los-procesos-de-internacionalizacion\/\" \/>\n<meta property=\"og:locale\" content=\"es_ES\" \/>\n<meta property=\"og:type\" content=\"article\" \/>\n<meta property=\"og:title\" content=\"La perspectiva legal en los procesos de internacionalizaci\u00f3n\" \/>\n<meta property=\"og:description\" content=\"En un mundo cada vez m\u00e1s interconectado, las empresas se encuentran inmersas en un entorno empresarial que presenta desaf\u00edos y oportunidades \u00fanicas. En Catalu\u00f1a, regi\u00f3n que hist\u00f3ricamente ha mantenido una intensa actividad comercial internacional, el contexto actual pide una comprensi\u00f3n profunda de las din\u00e1micas globales y una gesti\u00f3n experta de los aspectos legales y regulatorios [&hellip;]\" \/>\n<meta property=\"og:url\" content=\"https:\/\/cambrabcn.org\/es\/articulos-partners-internacionalizacion\/la-perspectiva-legal-en-los-procesos-de-internacionalizacion\/\" \/>\n<meta property=\"og:site_name\" content=\"Cambra de Comer\u00e7 de Barcelona\" \/>\n<meta property=\"article:modified_time\" content=\"2024-06-11T13:47:15+00:00\" \/>\n<meta property=\"og:image\" content=\"https:\/\/cambrabcn.org\/wp-content\/uploads\/2024\/05\/Internacionalitzacio_1200x273.png\" \/>\n\t<meta property=\"og:image:width\" content=\"1200\" \/>\n\t<meta property=\"og:image:height\" content=\"273\" \/>\n\t<meta property=\"og:image:type\" content=\"image\/png\" \/>\n<meta name=\"twitter:card\" content=\"summary_large_image\" \/>\n<meta name=\"twitter:site\" content=\"@cambrabcn\" \/>\n<meta name=\"twitter:label1\" content=\"Tiempo de lectura\" \/>\n\t<meta name=\"twitter:data1\" content=\"5 minutos\" \/>\n<script type=\"application\/ld+json\" class=\"yoast-schema-graph\">{\"@context\":\"https:\\\/\\\/schema.org\",\"@graph\":[{\"@type\":\"WebPage\",\"@id\":\"https:\\\/\\\/cambrabcn.org\\\/es\\\/articulos-partners-internacionalizacion\\\/la-perspectiva-legal-en-los-procesos-de-internacionalizacion\\\/\",\"url\":\"https:\\\/\\\/cambrabcn.org\\\/es\\\/articulos-partners-internacionalizacion\\\/la-perspectiva-legal-en-los-procesos-de-internacionalizacion\\\/\",\"name\":\"La perspectiva legal en los procesos de internacionalizaci\u00f3n | Cambra de Comer\u00e7 de Barcelona\",\"isPartOf\":{\"@id\":\"https:\\\/\\\/cambrabcn.org\\\/es\\\/#website\"},\"primaryImageOfPage\":{\"@id\":\"https:\\\/\\\/cambrabcn.org\\\/es\\\/articulos-partners-internacionalizacion\\\/la-perspectiva-legal-en-los-procesos-de-internacionalizacion\\\/#primaryimage\"},\"image\":{\"@id\":\"https:\\\/\\\/cambrabcn.org\\\/es\\\/articulos-partners-internacionalizacion\\\/la-perspectiva-legal-en-los-procesos-de-internacionalizacion\\\/#primaryimage\"},\"thumbnailUrl\":\"https:\\\/\\\/cambrabcn.org\\\/wp-content\\\/uploads\\\/2024\\\/05\\\/Internacionalitzacio_1200x273.png\",\"datePublished\":\"2024-05-23T08:31:44+00:00\",\"dateModified\":\"2024-06-11T13:47:15+00:00\",\"breadcrumb\":{\"@id\":\"https:\\\/\\\/cambrabcn.org\\\/es\\\/articulos-partners-internacionalizacion\\\/la-perspectiva-legal-en-los-procesos-de-internacionalizacion\\\/#breadcrumb\"},\"inLanguage\":\"es\",\"potentialAction\":[{\"@type\":\"ReadAction\",\"target\":[\"https:\\\/\\\/cambrabcn.org\\\/es\\\/articulos-partners-internacionalizacion\\\/la-perspectiva-legal-en-los-procesos-de-internacionalizacion\\\/\"]}]},{\"@type\":\"ImageObject\",\"inLanguage\":\"es\",\"@id\":\"https:\\\/\\\/cambrabcn.org\\\/es\\\/articulos-partners-internacionalizacion\\\/la-perspectiva-legal-en-los-procesos-de-internacionalizacion\\\/#primaryimage\",\"url\":\"https:\\\/\\\/cambrabcn.org\\\/wp-content\\\/uploads\\\/2024\\\/05\\\/Internacionalitzacio_1200x273.png\",\"contentUrl\":\"https:\\\/\\\/cambrabcn.org\\\/wp-content\\\/uploads\\\/2024\\\/05\\\/Internacionalitzacio_1200x273.png\",\"width\":1200,\"height\":273},{\"@type\":\"BreadcrumbList\",\"@id\":\"https:\\\/\\\/cambrabcn.org\\\/es\\\/articulos-partners-internacionalizacion\\\/la-perspectiva-legal-en-los-procesos-de-internacionalizacion\\\/#breadcrumb\",\"itemListElement\":[{\"@type\":\"ListItem\",\"position\":1,\"name\":\"Home\",\"item\":\"https:\\\/\\\/cambrabcn.org\\\/es\\\/\"},{\"@type\":\"ListItem\",\"position\":2,\"name\":\"Art\u00edculos Partners Internacionalizaci\u00f3n\",\"item\":\"https:\\\/\\\/cambrabcn.org\\\/es\\\/articulos-partners-internacionalizacion\\\/\"},{\"@type\":\"ListItem\",\"position\":3,\"name\":\"La perspectiva legal en los procesos de internacionalizaci\u00f3n\"}]},{\"@type\":\"WebSite\",\"@id\":\"https:\\\/\\\/cambrabcn.org\\\/es\\\/#website\",\"url\":\"https:\\\/\\\/cambrabcn.org\\\/es\\\/\",\"name\":\"Cambra de Comer\u00e7 de Barcelona\",\"description\":\"La Cambra de Tothom\",\"publisher\":{\"@id\":\"https:\\\/\\\/cambrabcn.org\\\/es\\\/#organization\"},\"alternateName\":\"Cambra Oficial de Comer\u00e7, Ind\u00fastria, Serveis i Navegaci\u00f3 de Barcelona\",\"potentialAction\":[{\"@type\":\"SearchAction\",\"target\":{\"@type\":\"EntryPoint\",\"urlTemplate\":\"https:\\\/\\\/cambrabcn.org\\\/es\\\/?s={search_term_string}\"},\"query-input\":{\"@type\":\"PropertyValueSpecification\",\"valueRequired\":true,\"valueName\":\"search_term_string\"}}],\"inLanguage\":\"es\"},{\"@type\":\"Organization\",\"@id\":\"https:\\\/\\\/cambrabcn.org\\\/es\\\/#organization\",\"name\":\"Cambra de Comer\u00e7 de Barcelona\",\"alternateName\":\"Cambra Oficial de Comer\u00e7, Ind\u00fastria, Serveis i Navegaci\u00f3 de Barcelona\",\"url\":\"https:\\\/\\\/cambrabcn.org\\\/es\\\/\",\"logo\":{\"@type\":\"ImageObject\",\"inLanguage\":\"es\",\"@id\":\"https:\\\/\\\/cambrabcn.org\\\/es\\\/#\\\/schema\\\/logo\\\/image\\\/\",\"url\":\"https:\\\/\\\/cambrabcn.org\\\/wp-content\\\/uploads\\\/2023\\\/11\\\/logo-cambra-300x77-1.png\",\"contentUrl\":\"https:\\\/\\\/cambrabcn.org\\\/wp-content\\\/uploads\\\/2023\\\/11\\\/logo-cambra-300x77-1.png\",\"width\":300,\"height\":77,\"caption\":\"Cambra de Comer\u00e7 de Barcelona\"},\"image\":{\"@id\":\"https:\\\/\\\/cambrabcn.org\\\/es\\\/#\\\/schema\\\/logo\\\/image\\\/\"},\"sameAs\":[\"https:\\\/\\\/x.com\\\/cambrabcn\",\"https:\\\/\\\/www.instagram.com\\\/cambrabcn\\\/\",\"https:\\\/\\\/www.linkedin.com\\\/school\\\/cambrabcn\",\"https:\\\/\\\/www.youtube.com\\\/user\\\/PressCambrabcn\",\"https:\\\/\\\/ca.wikipedia.org\\\/wiki\\\/Cambra_Oficial_de_Comer\u00e7,_Ind\u00fastria_i_Navegaci\u00f3_de_Barcelona\",\"http:\\\/\\\/viaf.org\\\/viaf\\\/124017095\"],\"description\":\"La Cambra Oficial de Comer\u00e7, Ind\u00fastria, Serveis i Navegaci\u00f3 de Barcelona \u00e9s una corporaci\u00f3 de dret p\u00fablic que presta serveis a les empreses, contribuint a la regeneraci\u00f3 del teixit econ\u00f2mic i la creaci\u00f3 d\u2019ocupaci\u00f3.\",\"email\":\"cambra@cambrabcn.cat\",\"telephone\":\"+34 93 416 93 00\",\"legalName\":\"La Cambra Oficial de Comer\u00e7, Ind\u00fastria, Serveis i Navegaci\u00f3 de Barcelona\",\"foundingDate\":\"1886-01-01\",\"vatID\":\"Q0873001B\",\"taxID\":\"Q0873001B\",\"naics\":\"813910\"}]}<\/script>\n<!-- \/ Yoast SEO Premium plugin. -->","yoast_head_json":{"title":"La perspectiva legal en los procesos de internacionalizaci\u00f3n | Cambra de Comer\u00e7 de Barcelona","robots":{"index":"index","follow":"follow","max-snippet":"max-snippet:-1","max-image-preview":"max-image-preview:large","max-video-preview":"max-video-preview:-1"},"canonical":"https:\/\/cambrabcn.org\/es\/articulos-partners-internacionalizacion\/la-perspectiva-legal-en-los-procesos-de-internacionalizacion\/","og_locale":"es_ES","og_type":"article","og_title":"La perspectiva legal en los procesos de internacionalizaci\u00f3n","og_description":"En un mundo cada vez m\u00e1s interconectado, las empresas se encuentran inmersas en un entorno empresarial que presenta desaf\u00edos y oportunidades \u00fanicas. En Catalu\u00f1a, regi\u00f3n que hist\u00f3ricamente ha mantenido una intensa actividad comercial internacional, el contexto actual pide una comprensi\u00f3n profunda de las din\u00e1micas globales y una gesti\u00f3n experta de los aspectos legales y regulatorios [&hellip;]","og_url":"https:\/\/cambrabcn.org\/es\/articulos-partners-internacionalizacion\/la-perspectiva-legal-en-los-procesos-de-internacionalizacion\/","og_site_name":"Cambra de Comer\u00e7 de Barcelona","article_modified_time":"2024-06-11T13:47:15+00:00","og_image":[{"width":1200,"height":273,"url":"https:\/\/cambrabcn.org\/wp-content\/uploads\/2024\/05\/Internacionalitzacio_1200x273.png","type":"image\/png"}],"twitter_card":"summary_large_image","twitter_site":"@cambrabcn","twitter_misc":{"Tiempo de lectura":"5 minutos"},"schema":{"@context":"https:\/\/schema.org","@graph":[{"@type":"WebPage","@id":"https:\/\/cambrabcn.org\/es\/articulos-partners-internacionalizacion\/la-perspectiva-legal-en-los-procesos-de-internacionalizacion\/","url":"https:\/\/cambrabcn.org\/es\/articulos-partners-internacionalizacion\/la-perspectiva-legal-en-los-procesos-de-internacionalizacion\/","name":"La perspectiva legal en los procesos de internacionalizaci\u00f3n | Cambra de Comer\u00e7 de Barcelona","isPartOf":{"@id":"https:\/\/cambrabcn.org\/es\/#website"},"primaryImageOfPage":{"@id":"https:\/\/cambrabcn.org\/es\/articulos-partners-internacionalizacion\/la-perspectiva-legal-en-los-procesos-de-internacionalizacion\/#primaryimage"},"image":{"@id":"https:\/\/cambrabcn.org\/es\/articulos-partners-internacionalizacion\/la-perspectiva-legal-en-los-procesos-de-internacionalizacion\/#primaryimage"},"thumbnailUrl":"https:\/\/cambrabcn.org\/wp-content\/uploads\/2024\/05\/Internacionalitzacio_1200x273.png","datePublished":"2024-05-23T08:31:44+00:00","dateModified":"2024-06-11T13:47:15+00:00","breadcrumb":{"@id":"https:\/\/cambrabcn.org\/es\/articulos-partners-internacionalizacion\/la-perspectiva-legal-en-los-procesos-de-internacionalizacion\/#breadcrumb"},"inLanguage":"es","potentialAction":[{"@type":"ReadAction","target":["https:\/\/cambrabcn.org\/es\/articulos-partners-internacionalizacion\/la-perspectiva-legal-en-los-procesos-de-internacionalizacion\/"]}]},{"@type":"ImageObject","inLanguage":"es","@id":"https:\/\/cambrabcn.org\/es\/articulos-partners-internacionalizacion\/la-perspectiva-legal-en-los-procesos-de-internacionalizacion\/#primaryimage","url":"https:\/\/cambrabcn.org\/wp-content\/uploads\/2024\/05\/Internacionalitzacio_1200x273.png","contentUrl":"https:\/\/cambrabcn.org\/wp-content\/uploads\/2024\/05\/Internacionalitzacio_1200x273.png","width":1200,"height":273},{"@type":"BreadcrumbList","@id":"https:\/\/cambrabcn.org\/es\/articulos-partners-internacionalizacion\/la-perspectiva-legal-en-los-procesos-de-internacionalizacion\/#breadcrumb","itemListElement":[{"@type":"ListItem","position":1,"name":"Home","item":"https:\/\/cambrabcn.org\/es\/"},{"@type":"ListItem","position":2,"name":"Art\u00edculos Partners Internacionalizaci\u00f3n","item":"https:\/\/cambrabcn.org\/es\/articulos-partners-internacionalizacion\/"},{"@type":"ListItem","position":3,"name":"La perspectiva legal en los procesos de internacionalizaci\u00f3n"}]},{"@type":"WebSite","@id":"https:\/\/cambrabcn.org\/es\/#website","url":"https:\/\/cambrabcn.org\/es\/","name":"Cambra de Comer\u00e7 de Barcelona","description":"La Cambra de Tothom","publisher":{"@id":"https:\/\/cambrabcn.org\/es\/#organization"},"alternateName":"Cambra Oficial de Comer\u00e7, Ind\u00fastria, Serveis i Navegaci\u00f3 de Barcelona","potentialAction":[{"@type":"SearchAction","target":{"@type":"EntryPoint","urlTemplate":"https:\/\/cambrabcn.org\/es\/?s={search_term_string}"},"query-input":{"@type":"PropertyValueSpecification","valueRequired":true,"valueName":"search_term_string"}}],"inLanguage":"es"},{"@type":"Organization","@id":"https:\/\/cambrabcn.org\/es\/#organization","name":"Cambra de Comer\u00e7 de Barcelona","alternateName":"Cambra Oficial de Comer\u00e7, Ind\u00fastria, Serveis i Navegaci\u00f3 de Barcelona","url":"https:\/\/cambrabcn.org\/es\/","logo":{"@type":"ImageObject","inLanguage":"es","@id":"https:\/\/cambrabcn.org\/es\/#\/schema\/logo\/image\/","url":"https:\/\/cambrabcn.org\/wp-content\/uploads\/2023\/11\/logo-cambra-300x77-1.png","contentUrl":"https:\/\/cambrabcn.org\/wp-content\/uploads\/2023\/11\/logo-cambra-300x77-1.png","width":300,"height":77,"caption":"Cambra de Comer\u00e7 de Barcelona"},"image":{"@id":"https:\/\/cambrabcn.org\/es\/#\/schema\/logo\/image\/"},"sameAs":["https:\/\/x.com\/cambrabcn","https:\/\/www.instagram.com\/cambrabcn\/","https:\/\/www.linkedin.com\/school\/cambrabcn","https:\/\/www.youtube.com\/user\/PressCambrabcn","https:\/\/ca.wikipedia.org\/wiki\/Cambra_Oficial_de_Comer\u00e7,_Ind\u00fastria_i_Navegaci\u00f3_de_Barcelona","http:\/\/viaf.org\/viaf\/124017095"],"description":"La Cambra Oficial de Comer\u00e7, Ind\u00fastria, Serveis i Navegaci\u00f3 de Barcelona \u00e9s una corporaci\u00f3 de dret p\u00fablic que presta serveis a les empreses, contribuint a la regeneraci\u00f3 del teixit econ\u00f2mic i la creaci\u00f3 d\u2019ocupaci\u00f3.","email":"cambra@cambrabcn.cat","telephone":"+34 93 416 93 00","legalName":"La Cambra Oficial de Comer\u00e7, Ind\u00fastria, Serveis i Navegaci\u00f3 de Barcelona","foundingDate":"1886-01-01","vatID":"Q0873001B","taxID":"Q0873001B","naics":"813910"}]}},"mfb_rest_fields":["pp_statuses_selecting_workflow","pp_workflow_action","pp_status_selection","yoast_head","yoast_head_json"],"_links":{"self":[{"href":"https:\/\/cambrabcn.org\/es\/wp-json\/wp\/v2\/pages\/51382","targetHints":{"allow":["GET"]}}],"collection":[{"href":"https:\/\/cambrabcn.org\/es\/wp-json\/wp\/v2\/pages"}],"about":[{"href":"https:\/\/cambrabcn.org\/es\/wp-json\/wp\/v2\/types\/page"}],"author":[{"embeddable":true,"href":"https:\/\/cambrabcn.org\/es\/wp-json\/wp\/v2\/users\/6"}],"replies":[{"embeddable":true,"href":"https:\/\/cambrabcn.org\/es\/wp-json\/wp\/v2\/comments?post=51382"}],"version-history":[{"count":2,"href":"https:\/\/cambrabcn.org\/es\/wp-json\/wp\/v2\/pages\/51382\/revisions"}],"predecessor-version":[{"id":51385,"href":"https:\/\/cambrabcn.org\/es\/wp-json\/wp\/v2\/pages\/51382\/revisions\/51385"}],"up":[{"embeddable":true,"href":"https:\/\/cambrabcn.org\/es\/wp-json\/wp\/v2\/pages\/51533"}],"wp:featuredmedia":[{"embeddable":true,"href":"https:\/\/cambrabcn.org\/es\/wp-json\/wp\/v2\/media\/51370"}],"wp:attachment":[{"href":"https:\/\/cambrabcn.org\/es\/wp-json\/wp\/v2\/media?parent=51382"}],"curies":[{"name":"wp","href":"https:\/\/api.w.org\/{rel}","templated":true}]}}