{"id":51293,"date":"2024-02-01T12:00:00","date_gmt":"2024-02-01T10:00:00","guid":{"rendered":"https:\/\/cambrabcn.org\/avis-legal\/"},"modified":"2025-10-15T09:13:16","modified_gmt":"2025-10-15T07:13:16","slug":"aviso-legal","status":"publish","type":"page","link":"https:\/\/cambrabcn.org\/es\/aviso-legal\/","title":{"rendered":"Aviso Legal"},"content":{"rendered":"\n<div style=\"height:30px\" aria-hidden=\"true\" class=\"wp-block-spacer\"><\/div>\n\n\n\n<h1 class=\"wp-block-heading heading-1\" id=\"h-aviso-legal\">Aviso Legal<\/h1>\n\n\n\n<h2 class=\"wp-block-heading heading-2\" id=\"h-informacion-sobre-la-camara\"><strong>INFORMACI\u00d3N SOBRE LA C\u00c1MARA<\/strong><\/h2>\n\n\n\n<ul class=\"wp-block-list\">\n<li>La C\u00e1mara Oficial de Comercio, Industria, Servicios y Navegaci\u00f3n de Barcelona<\/li>\n\n\n\n<li>Av. Diagonal, 452-454 08006 Barcelona<\/li>\n\n\n\n<li>Tel\u00e9fono:: 934 169 300<\/li>\n\n\n\n<li>Correo electr\u00f3nico:&nbsp;cambra@cambrabcn.cat<\/li>\n\n\n\n<li>CIF: Q0873001B<\/li>\n<\/ul>\n\n\n\n<p>\u00a9 Cambra Oficial de Comer\u00e7, Ind\u00fastria, Serveis i Navegaci\u00f3 de Barcelona. Barcelona 2011.<br>Todos los derechos reservados.<\/p>\n\n\n\n<h2 class=\"wp-block-heading heading-2\" id=\"h-informacion-legal-sobre-la-camara\"><strong>INFORMACI\u00d3N LEGAL SOBRE LA C\u00c1MARA<\/strong><\/h2>\n\n\n\n<p>La C\u00e1mara Oficial de Comercio, Industria, Servicios y Navegaci\u00f3n de Barcelona (en adelante \u201cla C\u00e1mara\u201d) es una corporaci\u00f3n de derecho p\u00fablico regida por la Ley 4\/2014, de 1 de abril, de bases de las c\u00e1maras oficiales de comercio, industria, servicios y navegaci\u00f3n, y la Ley 14\/2002, de 27 de junio, de c\u00e1maras oficiales de comercio, industria, servicios y navegaci\u00f3n de Catalu\u00f1a y del Consejo General de C\u00e1maras.<\/p>\n\n\n\n<h2 class=\"wp-block-heading heading-2\" id=\"h-aceptacion-del-usuario\"><strong><br>ACEPTACI\u00d3N DEL USUARIO<\/strong><\/h2>\n\n\n\n<p>Este documento (en adelante denominado \u201cAviso Legal\u201d) tiene como finalidad regular el uso de los diversos sitios web de titularidad de la C\u00e1mara bajo diferentes nombres de dominio (por ejemplo <a href=\"https:\/\/cambrabcn.org\/es\/\" target=\"_blank\" rel=\"noreferrer noopener\">www.cambrabcn.cat<\/a>, <a href=\"https:\/\/www.llotjademar.cat\/\" target=\"_blank\" rel=\"noreferrer noopener\">www.llotjademar.cat<\/a>,\u00a0<a href=\"http:\/\/www.consolatdemar.org\/\" target=\"_blank\" rel=\"noreferrer noopener\">www.consolatdemar.org<\/a>\u2026), y aquellos bajo su responsabilidad (por ejemplo, www.llotjavirtual.cambrabcn.org) que ser\u00e1n redirigidos a este Aviso Legal.<\/p>\n\n\n\n<p>Cualquier persona que acceda a este sitio web y utilice sus servicios, o proporcione sus datos, asume el papel de usuario, comprometi\u00e9ndose a la observancia y cumplimiento riguroso de las disposiciones aqu\u00ed establecidas, as\u00ed como de cualquier otra disposici\u00f3n legal aplicable.<\/p>\n\n\n\n<p>La aceptaci\u00f3n de este documento implica que el usuario:<\/p>\n\n\n\n<p>a) Ha le\u00eddo y comprende este Aviso Legal.<\/p>\n\n\n\n<p>b) Asume y acepta todas las obligaciones aqu\u00ed dispuestas.<\/p>\n\n\n\n<p>Este Aviso Legal tendr\u00e1 validez indefinida o, en todo caso, ser\u00e1 v\u00e1lido hasta que sea modificado. <\/p>\n\n\n\n<p>El proveedor se reserva el derecho a modificar cualquier informaci\u00f3n que pueda aparecer en el sitio web, sin obligaci\u00f3n de preavisar o poner en conocimiento de los usuarios dichas modificaciones, entendi\u00e9ndose como suficiente la publicaci\u00f3n en el sitio web del proveedor.<\/p>\n\n\n\n<p>En este sentido, se recomienda la revisi\u00f3n peri\u00f3dica de este Aviso Legal.<\/p>\n\n\n\n<h2 class=\"wp-block-heading heading-2\" id=\"h-uso-correcto-del-sitio-web\"><strong><br>USO CORRECTO DEL SITIO WEB<\/strong><\/h2>\n\n\n\n<p>El usuario se compromete a utilizar el sitio web, sus contenidos y servicios conforme a la Ley, el presente Aviso Legal, las buenas costumbres y el orden p\u00fablico. Asimismo, el usuario se compromete a no utilizar el sitio web o los servicios prestados a trav\u00e9s del mismo con fines o efectos il\u00edcitos contrarios a lo establecido en este Aviso Legal, que lesionen los intereses o derechos de terceros, o que de cualquier forma puedan da\u00f1ar, inutilizar o deteriorar el sitio web o sus servicios o impedir un uso satisfactorio del sitio web por otros usuarios.<\/p>\n\n\n\n<p>Igualmente, el usuario se compromete expresamente a no destruir, alterar, inutilizar o de cualquier otra forma da\u00f1ar los datos, programas, documentos electr\u00f3nicos y dem\u00e1s que se encuentren en el sitio web.<\/p>\n\n\n\n<p>El usuario se compromete a no obstaculizar el acceso de otros usuarios al servicio de acceso mediante el consumo masivo de recursos inform\u00e1ticos a trav\u00e9s de los cuales la C\u00e1mara presta el servicio, as\u00ed como a no realizar acciones que da\u00f1en, interrumpan o generen errores en dichos sistemas.<\/p>\n\n\n\n<p>El usuario se compromete a no introducir programas, virus, macros, applets, controles ActiveX o cualquier otro dispositivo l\u00f3gico o secuencia de caracteres que causen o sean susceptibles de causar cualquier tipo de alteraci\u00f3n en los sistemas inform\u00e1ticos de la C\u00e1mara o de terceros.<\/p>\n\n\n\n<p>El usuario se compromete a no hacer un mal uso de la informaci\u00f3n, mensajes, gr\u00e1ficos, dibujos, archivos de sonido y\/o imagen, fotograf\u00edas, grabaciones, software y, en general, cualquier clase de material accesible a trav\u00e9s del web o de los servicios que ofrece.<\/p>\n\n\n\n<p>Excepto en aquellos casos en que la C\u00e1mara lo autorice expresamente, no se permite establecer enlaces desde portales o sitios web de terceros a p\u00e1ginas web de la C\u00e1mara, distintas de la p\u00e1gina principal de su portal, accesible en la URL http:\/\/www.cambrabcn.org, o la que la sustituya en el futuro; ni presentar las p\u00e1ginas web de la C\u00e1mara o la informaci\u00f3n contenida en ellas bajo marcos, signos distintivos, marcas o denominaciones sociales o comerciales de otra persona, empresa o entidad.<\/p>\n\n\n\n<h2 class=\"wp-block-heading heading-2\" id=\"h-propiedad-intelectual-e-industrial\">PROPIEDAD INTELECTUAL E INDUSTRIAL<\/h2>\n\n\n\n<p>Este sitio web y todos sus contenidos, incluyendo textos, documentos, fotograf\u00edas, dibujos, representaciones gr\u00e1ficas, bases de datos, software, as\u00ed como logotipos, marcas, nombres comerciales y otros signos distintivos, son propiedad de la C\u00e1mara o de terceros que han<br>autorizado su uso.<\/p>\n\n\n\n<p>El sitio web, incluyendo, sin car\u00e1cter limitativo, su programaci\u00f3n, edici\u00f3n, compilaci\u00f3n y dem\u00e1s elementos necesarios para su funcionamiento, dise\u00f1os, logotipos, fotograf\u00edas, texto y\/o gr\u00e1ficos, son propiedad de la C\u00e1mara o, en su caso, dispone de licencia o autorizaci\u00f3n expresa por parte de los autores. Todos los contenidos del sitio web est\u00e1n debidamente protegidos por la normativa de propiedad intelectual y\/o industrial.<\/p>\n\n\n\n<p>Independientemente de la finalidad para la que fueran destinados, la reproducci\u00f3n total o parcial, uso, explotaci\u00f3n, distribuci\u00f3n y comercializaci\u00f3n, requiere en todo caso de la autorizaci\u00f3n escrita previa por parte de la C\u00e1mara. Cualquier uso no autorizado previamente por parte de la C\u00e1mara ser\u00e1 considerado un incumplimiento grave de los derechos de propiedad intelectual o industrial del autor, as\u00ed como del derecho a la intimidad y a la propia imagen de las personas que pudieran aparecer.<\/p>\n\n\n\n<p>Los dise\u00f1os, logotipos, textos, fotograf\u00edas y\/o gr\u00e1ficos ajenos a la C\u00e1mara y que pudieran aparecer en el sitio web, pertenecen a sus respectivos propietarios siendo ellos mismos responsables de cualquier posible controversia que pudiera surgir respecto a los mismos.<\/p>\n\n\n\n<p>En todo caso, la C\u00e1mara cuenta con la autorizaci\u00f3n expresa y previa por parte de los mismos para su publicaci\u00f3n. El usuario y\/o visitante del sitio web se compromete a respetar estos derechos y, en consecuencia, a no copiar, reproducir, modificar, distribuir, transmitir, publicar, exhibir o representar ninguno de sus contenidos, sin haber sido previamente autorizado, expresamente y por escrito, por la C\u00e1mara. Adem\u00e1s, se compromete a no realizar ninguna otra actividad que pudiera infringir los derechos de propiedad intelectual de la C\u00e1mara, colaboradores, patrocinadores o terceros.<\/p>\n\n\n\n<p>La C\u00e1mara podr\u00e1 impedir la publicaci\u00f3n de ciertos contenidos, o retirarlos del portal, si considera que pueden suponer una infracci\u00f3n de la legislaci\u00f3n vigente, los derechos de terceros, o si recibe alguna comunicaci\u00f3n al respecto. La retirada mencionada no dar\u00e1 lugar a ning\u00fan tipo de indemnizaci\u00f3n.<\/p>\n\n\n\n<p>Para realizar cualquier tipo de observaci\u00f3n o comentario, respecto a posibles infracciones de derechos de propiedad intelectual o industrial, as\u00ed como sobre cualquiera de los contenidos del sitio web, puede hacerlo a trav\u00e9s del siguiente correo electr\u00f3nico: lopd@cambrabcn.cat<\/p>\n\n\n\n<h2 class=\"wp-block-heading heading-2\" id=\"h-regimen-de-responsabilidad\"><strong><br>R\u00c9GIMEN DE RESPONSABILIDAD<\/strong><\/h2>\n\n\n\n<p>a) La C\u00e1mara declina cualquier tipo de responsabilidad derivada de la informaci\u00f3n publicada en su sitio web, siempre que esta informaci\u00f3n haya sido manipulada o introducida por un tercero ajeno a la misma.<\/p>\n\n\n\n<p>b) No puede garantizar que el uso del sitio web y de sus servicios, sea conforme a la ley, a las presentes condiciones generales, a la moral y al orden p\u00fablico; sin embargo, adoptar\u00e1 las medidas que, en cada momento, considere adecuadas, para cumplir con lo establecido en la legislaci\u00f3n vigente.<\/p>\n\n\n\n<p>c) No se hace responsable de los da\u00f1os o perjuicios, de cualquier naturaleza, que puedan derivarse del uso incorrecto, ileg\u00edtimo o il\u00edcito que hagan los usuarios del sitio web o de los contenidos ofrecidos en el mismo.<\/p>\n\n\n\n<p>d) Se reserva el derecho de impedir el acceso y uso de los servicios de sus portales web, en cualquier momento y sin previo aviso, en caso de incumplimiento de este Aviso Legal y en caso de actos contrarios a la ley, la moral, las buenas costumbres generalmente aceptadas<br>y el orden p\u00fablico.<\/p>\n\n\n\n<p>e) Se reserva el derecho a modificar este aviso legal, en cualquier momento, respetando los derechos adquiridos por los usuarios.<\/p>\n\n\n\n<p>f) En ning\u00fan caso, la C\u00e1mara ser\u00e1 responsable por da\u00f1os morales, lucro cesante y\/o cualquier da\u00f1o directo o indirecto, que pueda sufrir el usuario.<\/p>\n\n\n\n<p>g) Desde el sitio web es posible ser redirigido a contenidos de terceros. Dado que la C\u00e1mara no puede controlar siempre los contenidos introducidos por terceros en su sitio web, no asume ning\u00fan tipo de responsabilidad respecto a dichos contenidos. En todo caso, proceder\u00e1 a la retirada inmediata de cualquier enlace que pueda contravenir la legislaci\u00f3n nacional o internacional, la moral o el orden p\u00fablico, procediendo a la retirada inmediata de la redirecci\u00f3n a dicho sitio web, poniendo en conocimiento de las autoridades competentes el contenido en cuesti\u00f3n.<\/p>\n\n\n\n<p>h) Este sitio web ha sido revisado y probado para que funcione correctamente. En principio, se puede garantizar el correcto funcionamiento los 365 d\u00edas del a\u00f1o, 24 horas al d\u00eda. Sin embargo, no se descarta la posibilidad de que existan ciertos errores de programaci\u00f3n, o que ocurran causas de fuerza mayor, cat\u00e1strofes naturales, acciones de hackers o crackers, huelgas, o circunstancias similares que hagan imposible el acceso a la p\u00e1gina web.<\/p>\n\n\n\n<h2 class=\"wp-block-heading heading-2\" id=\"h-proteccion-de-datos\"><strong><br>PROTECCI\u00d3N DE DATOS<\/strong><\/h2>\n\n\n\n<p>De acuerdo con el Reglamento (UE) 2016\/679 del Parlamento Europeo y del Consejo de 27 de abril de 2016 (\u201cRGPD\u201d) y su normativa de desarrollo, la C\u00e1mara informa sobre el tratamiento de datos personales que realiza, tanto en su sitio web como en los diferentes \u00e1mbitos de su actividad.<\/p>\n\n\n\n<p>Toda la informaci\u00f3n relacionada con el tratamiento de datos que realiza la C\u00e1mara en el \u00e1mbito del Club C\u00e1mara puede consultarse en el apartado de Pol\u00edtica de Privacidad en este mismo sitio web.<\/p>\n\n\n\n<h2 class=\"wp-block-heading heading-2\" id=\"h-legislacion-aplicable-y-jurisdiccion-judicial\"><strong><br>LEGISLACI\u00d3N APLICABLE Y JURISDICCI\u00d3N JUDICIAL<\/strong><\/h2>\n\n\n\n<p>Cualquier controversia surgida de la interpretaci\u00f3n o ejecuci\u00f3n de este Aviso Legal \/ Pol\u00edtica de Privacidad se interpretar\u00e1 en base a la legislaci\u00f3n espa\u00f1ola. Asimismo, la C\u00e1mara y el usuario, salvo que la normativa imponga otra cosa, renuncian a cualquier otro fuero y se someten a los juzgados y tribunales del domicilio de la C\u00e1mara para cualquier controversia que pudiera surgir. En el caso de que el domicilio del usuario est\u00e9 fuera de Espa\u00f1a, la C\u00e1mara y el usuario se someten a los juzgados y tribunales de la ciudad de Barcelona.<\/p>\n\n\n\n<p><br>\u00daltima actualizaci\u00f3n: enero de 2024<\/p>\n\n\n\n<div style=\"height:30px\" aria-hidden=\"true\" class=\"wp-block-spacer\"><\/div>\n","protected":false},"excerpt":{"rendered":"<p>Aviso Legal INFORMACI\u00d3N SOBRE LA C\u00c1MARA \u00a9 Cambra Oficial de Comer\u00e7, Ind\u00fastria, Serveis i Navegaci\u00f3 de Barcelona. Barcelona 2011.Todos los derechos reservados. INFORMACI\u00d3N LEGAL SOBRE LA C\u00c1MARA La C\u00e1mara Oficial de Comercio, Industria, Servicios y Navegaci\u00f3n de Barcelona (en adelante \u201cla C\u00e1mara\u201d) es una corporaci\u00f3n de derecho p\u00fablico regida por la Ley 4\/2014, de 1 [&hellip;]<\/p>\n","protected":false},"author":2,"featured_media":0,"parent":0,"menu_order":0,"comment_status":"closed","ping_status":"closed","template":"","meta":{"_acf_changed":false,"inline_featured_image":false,"ep_exclude_from_search":false,"footnotes":""},"class_list":["post-51293","page","type-page","status-publish","hentry"],"pp_statuses_selecting_workflow":false,"pp_workflow_action":"current","pp_status_selection":"publish","acf":[],"yoast_head":"<!-- This site is optimized with the Yoast SEO Premium plugin v27.1 (Yoast SEO v27.1.1) - https:\/\/yoast.com\/product\/yoast-seo-premium-wordpress\/ -->\n<title>Aviso Legal | Cambra de Comer\u00e7 de Barcelona<\/title>\n<meta name=\"robots\" content=\"index, follow, max-snippet:-1, max-image-preview:large, max-video-preview:-1\" \/>\n<link rel=\"canonical\" href=\"https:\/\/cambrabcn.org\/es\/aviso-legal\/\" \/>\n<meta property=\"og:locale\" content=\"es_ES\" \/>\n<meta property=\"og:type\" content=\"article\" \/>\n<meta property=\"og:title\" content=\"Aviso Legal\" \/>\n<meta property=\"og:description\" content=\"Aviso Legal INFORMACI\u00d3N SOBRE LA C\u00c1MARA \u00a9 Cambra Oficial de Comer\u00e7, Ind\u00fastria, Serveis i Navegaci\u00f3 de Barcelona. Barcelona 2011.Todos los derechos reservados. INFORMACI\u00d3N LEGAL SOBRE LA C\u00c1MARA La C\u00e1mara Oficial de Comercio, Industria, Servicios y Navegaci\u00f3n de Barcelona (en adelante \u201cla C\u00e1mara\u201d) es una corporaci\u00f3n de derecho p\u00fablico regida por la Ley 4\/2014, de 1 [&hellip;]\" \/>\n<meta property=\"og:url\" content=\"https:\/\/cambrabcn.org\/es\/aviso-legal\/\" \/>\n<meta property=\"og:site_name\" content=\"Cambra de Comer\u00e7 de Barcelona\" \/>\n<meta property=\"article:modified_time\" content=\"2025-10-15T07:13:16+00:00\" \/>\n<meta property=\"og:image\" content=\"https:\/\/cambrabcn.org\/wp-content\/uploads\/2024\/04\/Captura-de-pantalla-2024-04-04-a-les-8.47.44.png\" \/>\n\t<meta property=\"og:image:width\" content=\"1004\" \/>\n\t<meta property=\"og:image:height\" content=\"528\" \/>\n\t<meta property=\"og:image:type\" content=\"image\/png\" \/>\n<meta name=\"twitter:card\" content=\"summary_large_image\" \/>\n<meta name=\"twitter:site\" content=\"@cambrabcn\" \/>\n<meta name=\"twitter:label1\" content=\"Tiempo de lectura\" \/>\n\t<meta name=\"twitter:data1\" content=\"8 minutos\" \/>\n<script type=\"application\/ld+json\" class=\"yoast-schema-graph\">{\"@context\":\"https:\/\/schema.org\",\"@graph\":[{\"@type\":\"WebPage\",\"@id\":\"https:\/\/cambrabcn.org\/es\/aviso-legal\/\",\"url\":\"https:\/\/cambrabcn.org\/es\/aviso-legal\/\",\"name\":\"Aviso Legal | Cambra de Comer\u00e7 de Barcelona\",\"isPartOf\":{\"@id\":\"https:\/\/cambrabcn.org\/es\/#website\"},\"datePublished\":\"2024-02-01T10:00:00+00:00\",\"dateModified\":\"2025-10-15T07:13:16+00:00\",\"breadcrumb\":{\"@id\":\"https:\/\/cambrabcn.org\/es\/aviso-legal\/#breadcrumb\"},\"inLanguage\":\"es\",\"potentialAction\":[{\"@type\":\"ReadAction\",\"target\":[\"https:\/\/cambrabcn.org\/es\/aviso-legal\/\"]}]},{\"@type\":\"BreadcrumbList\",\"@id\":\"https:\/\/cambrabcn.org\/es\/aviso-legal\/#breadcrumb\",\"itemListElement\":[{\"@type\":\"ListItem\",\"position\":1,\"name\":\"Home\",\"item\":\"https:\/\/cambrabcn.org\/es\/\"},{\"@type\":\"ListItem\",\"position\":2,\"name\":\"Aviso Legal\"}]},{\"@type\":\"WebSite\",\"@id\":\"https:\/\/cambrabcn.org\/es\/#website\",\"url\":\"https:\/\/cambrabcn.org\/es\/\",\"name\":\"Cambra de Comer\u00e7 de Barcelona\",\"description\":\"La Cambra de Tothom\",\"publisher\":{\"@id\":\"https:\/\/cambrabcn.org\/es\/#organization\"},\"alternateName\":\"Cambra Oficial de Comer\u00e7, Ind\u00fastria, Serveis i Navegaci\u00f3 de Barcelona\",\"potentialAction\":[{\"@type\":\"SearchAction\",\"target\":{\"@type\":\"EntryPoint\",\"urlTemplate\":\"https:\/\/cambrabcn.org\/es\/?s={search_term_string}\"},\"query-input\":{\"@type\":\"PropertyValueSpecification\",\"valueRequired\":true,\"valueName\":\"search_term_string\"}}],\"inLanguage\":\"es\"},{\"@type\":\"Organization\",\"@id\":\"https:\/\/cambrabcn.org\/es\/#organization\",\"name\":\"Cambra de Comer\u00e7 de Barcelona\",\"alternateName\":\"Cambra Oficial de Comer\u00e7, Ind\u00fastria, Serveis i Navegaci\u00f3 de Barcelona\",\"url\":\"https:\/\/cambrabcn.org\/es\/\",\"logo\":{\"@type\":\"ImageObject\",\"inLanguage\":\"es\",\"@id\":\"https:\/\/cambrabcn.org\/es\/#\/schema\/logo\/image\/\",\"url\":\"https:\/\/cambrabcn.org\/wp-content\/uploads\/2023\/11\/logo-cambra-300x77-1.png\",\"contentUrl\":\"https:\/\/cambrabcn.org\/wp-content\/uploads\/2023\/11\/logo-cambra-300x77-1.png\",\"width\":300,\"height\":77,\"caption\":\"Cambra de Comer\u00e7 de Barcelona\"},\"image\":{\"@id\":\"https:\/\/cambrabcn.org\/es\/#\/schema\/logo\/image\/\"},\"sameAs\":[\"https:\/\/x.com\/cambrabcn\",\"https:\/\/www.instagram.com\/cambrabcn\/\",\"https:\/\/www.linkedin.com\/school\/cambrabcn\",\"https:\/\/www.youtube.com\/user\/PressCambrabcn\",\"https:\/\/ca.wikipedia.org\/wiki\/Cambra_Oficial_de_Comer\u00e7,_Ind\u00fastria_i_Navegaci\u00f3_de_Barcelona\",\"http:\/\/viaf.org\/viaf\/124017095\"],\"description\":\"La Cambra Oficial de Comer\u00e7, Ind\u00fastria, Serveis i Navegaci\u00f3 de Barcelona \u00e9s una corporaci\u00f3 de dret p\u00fablic que presta serveis a les empreses, contribuint a la regeneraci\u00f3 del teixit econ\u00f2mic i la creaci\u00f3 d\u2019ocupaci\u00f3.\",\"email\":\"cambra@cambrabcn.cat\",\"telephone\":\"+34 93 416 93 00\",\"legalName\":\"La Cambra Oficial de Comer\u00e7, Ind\u00fastria, Serveis i Navegaci\u00f3 de Barcelona\",\"foundingDate\":\"1886-01-01\",\"vatID\":\"Q0873001B\",\"taxID\":\"Q0873001B\",\"naics\":\"813910\"}]}<\/script>\n<!-- \/ Yoast SEO Premium plugin. -->","yoast_head_json":{"title":"Aviso Legal | Cambra de Comer\u00e7 de Barcelona","robots":{"index":"index","follow":"follow","max-snippet":"max-snippet:-1","max-image-preview":"max-image-preview:large","max-video-preview":"max-video-preview:-1"},"canonical":"https:\/\/cambrabcn.org\/es\/aviso-legal\/","og_locale":"es_ES","og_type":"article","og_title":"Aviso Legal","og_description":"Aviso Legal INFORMACI\u00d3N SOBRE LA C\u00c1MARA \u00a9 Cambra Oficial de Comer\u00e7, Ind\u00fastria, Serveis i Navegaci\u00f3 de Barcelona. Barcelona 2011.Todos los derechos reservados. INFORMACI\u00d3N LEGAL SOBRE LA C\u00c1MARA La C\u00e1mara Oficial de Comercio, Industria, Servicios y Navegaci\u00f3n de Barcelona (en adelante \u201cla C\u00e1mara\u201d) es una corporaci\u00f3n de derecho p\u00fablico regida por la Ley 4\/2014, de 1 [&hellip;]","og_url":"https:\/\/cambrabcn.org\/es\/aviso-legal\/","og_site_name":"Cambra de Comer\u00e7 de Barcelona","article_modified_time":"2025-10-15T07:13:16+00:00","og_image":[{"width":1004,"height":528,"url":"https:\/\/cambrabcn.org\/wp-content\/uploads\/2024\/04\/Captura-de-pantalla-2024-04-04-a-les-8.47.44.png","type":"image\/png"}],"twitter_card":"summary_large_image","twitter_site":"@cambrabcn","twitter_misc":{"Tiempo de lectura":"8 minutos"},"schema":{"@context":"https:\/\/schema.org","@graph":[{"@type":"WebPage","@id":"https:\/\/cambrabcn.org\/es\/aviso-legal\/","url":"https:\/\/cambrabcn.org\/es\/aviso-legal\/","name":"Aviso Legal | Cambra de Comer\u00e7 de Barcelona","isPartOf":{"@id":"https:\/\/cambrabcn.org\/es\/#website"},"datePublished":"2024-02-01T10:00:00+00:00","dateModified":"2025-10-15T07:13:16+00:00","breadcrumb":{"@id":"https:\/\/cambrabcn.org\/es\/aviso-legal\/#breadcrumb"},"inLanguage":"es","potentialAction":[{"@type":"ReadAction","target":["https:\/\/cambrabcn.org\/es\/aviso-legal\/"]}]},{"@type":"BreadcrumbList","@id":"https:\/\/cambrabcn.org\/es\/aviso-legal\/#breadcrumb","itemListElement":[{"@type":"ListItem","position":1,"name":"Home","item":"https:\/\/cambrabcn.org\/es\/"},{"@type":"ListItem","position":2,"name":"Aviso Legal"}]},{"@type":"WebSite","@id":"https:\/\/cambrabcn.org\/es\/#website","url":"https:\/\/cambrabcn.org\/es\/","name":"Cambra de Comer\u00e7 de Barcelona","description":"La Cambra de Tothom","publisher":{"@id":"https:\/\/cambrabcn.org\/es\/#organization"},"alternateName":"Cambra Oficial de Comer\u00e7, Ind\u00fastria, Serveis i Navegaci\u00f3 de Barcelona","potentialAction":[{"@type":"SearchAction","target":{"@type":"EntryPoint","urlTemplate":"https:\/\/cambrabcn.org\/es\/?s={search_term_string}"},"query-input":{"@type":"PropertyValueSpecification","valueRequired":true,"valueName":"search_term_string"}}],"inLanguage":"es"},{"@type":"Organization","@id":"https:\/\/cambrabcn.org\/es\/#organization","name":"Cambra de Comer\u00e7 de Barcelona","alternateName":"Cambra Oficial de Comer\u00e7, Ind\u00fastria, Serveis i Navegaci\u00f3 de Barcelona","url":"https:\/\/cambrabcn.org\/es\/","logo":{"@type":"ImageObject","inLanguage":"es","@id":"https:\/\/cambrabcn.org\/es\/#\/schema\/logo\/image\/","url":"https:\/\/cambrabcn.org\/wp-content\/uploads\/2023\/11\/logo-cambra-300x77-1.png","contentUrl":"https:\/\/cambrabcn.org\/wp-content\/uploads\/2023\/11\/logo-cambra-300x77-1.png","width":300,"height":77,"caption":"Cambra de Comer\u00e7 de Barcelona"},"image":{"@id":"https:\/\/cambrabcn.org\/es\/#\/schema\/logo\/image\/"},"sameAs":["https:\/\/x.com\/cambrabcn","https:\/\/www.instagram.com\/cambrabcn\/","https:\/\/www.linkedin.com\/school\/cambrabcn","https:\/\/www.youtube.com\/user\/PressCambrabcn","https:\/\/ca.wikipedia.org\/wiki\/Cambra_Oficial_de_Comer\u00e7,_Ind\u00fastria_i_Navegaci\u00f3_de_Barcelona","http:\/\/viaf.org\/viaf\/124017095"],"description":"La Cambra Oficial de Comer\u00e7, Ind\u00fastria, Serveis i Navegaci\u00f3 de Barcelona \u00e9s una corporaci\u00f3 de dret p\u00fablic que presta serveis a les empreses, contribuint a la regeneraci\u00f3 del teixit econ\u00f2mic i la creaci\u00f3 d\u2019ocupaci\u00f3.","email":"cambra@cambrabcn.cat","telephone":"+34 93 416 93 00","legalName":"La Cambra Oficial de Comer\u00e7, Ind\u00fastria, Serveis i Navegaci\u00f3 de Barcelona","foundingDate":"1886-01-01","vatID":"Q0873001B","taxID":"Q0873001B","naics":"813910"}]}},"mfb_rest_fields":["pp_statuses_selecting_workflow","pp_workflow_action","pp_status_selection","yoast_head","yoast_head_json"],"_links":{"self":[{"href":"https:\/\/cambrabcn.org\/es\/wp-json\/wp\/v2\/pages\/51293","targetHints":{"allow":["GET"]}}],"collection":[{"href":"https:\/\/cambrabcn.org\/es\/wp-json\/wp\/v2\/pages"}],"about":[{"href":"https:\/\/cambrabcn.org\/es\/wp-json\/wp\/v2\/types\/page"}],"author":[{"embeddable":true,"href":"https:\/\/cambrabcn.org\/es\/wp-json\/wp\/v2\/users\/2"}],"replies":[{"embeddable":true,"href":"https:\/\/cambrabcn.org\/es\/wp-json\/wp\/v2\/comments?post=51293"}],"version-history":[{"count":6,"href":"https:\/\/cambrabcn.org\/es\/wp-json\/wp\/v2\/pages\/51293\/revisions"}],"predecessor-version":[{"id":104731,"href":"https:\/\/cambrabcn.org\/es\/wp-json\/wp\/v2\/pages\/51293\/revisions\/104731"}],"wp:attachment":[{"href":"https:\/\/cambrabcn.org\/es\/wp-json\/wp\/v2\/media?parent=51293"}],"curies":[{"name":"wp","href":"https:\/\/api.w.org\/{rel}","templated":true}]}}