{"id":40476,"date":"2024-02-01T12:00:00","date_gmt":"2024-02-01T10:00:00","guid":{"rendered":"https:\/\/cambrabcn.org\/servicio-financiacion-cambra\/financiacion-no-bancaria-y-capital-privado\/equity-crowdfunding\/"},"modified":"2024-03-07T17:36:39","modified_gmt":"2024-03-07T15:36:39","slug":"equity-crowdfunding","status":"publish","type":"page","link":"https:\/\/cambrabcn.org\/es\/servicio-financiacion-cambra\/financiacion-no-bancaria-y-capital-privado\/equity-crowdfunding\/","title":{"rendered":"Equity Crowdfunding"},"content":{"rendered":"\n<p><\/p>\n<div class=\"wp-block-cambra-custom-blocks-cambra-breadcrumbs\"><nav role=\"navigation\" aria-label=\"Breadcrumb\" class=\"breadcrumb\"><ol class=\"breadcrumb-items\"><li class=\"breadcrumb-item breadcrumb-item--current breadcrumb-item--home\"><span class=\"breadcrumb-item-name\">Inicio<\/span><\/li><\/ol><\/nav><\/div><h2 class=\"wp-block-post-title\">Equity Crowdfunding<\/h2>\n<p><\/p>\n\n<figure class=\"wp-block-image size-large is-resized\"><img data-dominant-color=\"abb0b6\" data-has-transparency=\"true\" loading=\"lazy\" decoding=\"async\" width=\"1024\" height=\"205\" src=\"https:\/\/cambrabcn.org\/wp-content\/uploads\/2023\/12\/Financament_no_bancari_1200x240-1024x205.png\" alt=\"\" class=\"wp-image-5095 has-transparency\" style=\"--dominant-color: #abb0b6; width:1200px\" srcset=\"https:\/\/cambrabcn.org\/wp-content\/uploads\/2023\/12\/Financament_no_bancari_1200x240-1024x205.png 1024w, https:\/\/cambrabcn.org\/wp-content\/uploads\/2023\/12\/Financament_no_bancari_1200x240-300x60.png 300w, https:\/\/cambrabcn.org\/wp-content\/uploads\/2023\/12\/Financament_no_bancari_1200x240-768x154.png 768w, https:\/\/cambrabcn.org\/wp-content\/uploads\/2023\/12\/Financament_no_bancari_1200x240-600x120.png 600w, https:\/\/cambrabcn.org\/wp-content\/uploads\/2023\/12\/Financament_no_bancari_1200x240.png 1200w\" sizes=\"auto, (max-width: 1024px) 100vw, 1024px\" \/><\/figure>\n\n<p>El Equity Crowdfunding es una forma de inversi\u00f3n en la cual, a cambio de cantidades relativamente peque\u00f1as de dinero, <strong>los inversores privados obtienen una parte proporcional del capital de la empresa<\/strong>. Hasta hace poco tiempo los propietarios de empresas obten\u00edan estos fondos pidiendo pr\u00e9stamos a amigos y familiares, solicitaban financiaci\u00f3n a la banca o recurr\u00edan a Business Angels o empresas de capital privado o de riesgo. En el Equity Crowdfunding los financiadores reciben un porcentaje de propiedad, la persona que invierte se convierte en accionista beneficiario de esta empresa, puede disfrutar de los beneficios (y riesgos) asociados a esta propiedad y, a cambio, la empresa recibe unos recursos adicionales estables para financiar sus crecimientos.<\/p>\n\n<p>Estamos trabajando para ofrecer una plataforma de <strong>Equity Crowdfunding Cambra<\/strong> que permita a empresas de algunos sectores determinados obtener financiaci\u00f3n mediante esta herramienta.<\/p>\n\n<p>Si quieres que estudiemos tu caso, env\u00eda el <strong><mark class=\"has-inline-color\" style=\"background-color: #ffffff;color: #3ea15a\"><a href=\"https:\/\/cambrabcn.org\/wp-content\/uploads\/2024\/01\/Peticio-Assessorament-Financer_2023.pdf\" target=\"_blank\" rel=\"noreferrer noopener\">formulario rellenado<\/a><\/mark><\/strong> y la <strong>documentaci\u00f3n<\/strong> necesaria para analizar tu solicitud, y contactaremos contigo. En caso de dudas, y para m\u00e1s informaci\u00f3n: <strong><mark class=\"has-inline-color\" style=\"background-color: #ffffff;color: #3ea15a\"><a href=\"mailto:sefin@cambrabcn.cat\" target=\"_blank\" rel=\"noreferrer noopener\">sefin@cambrabcn.cat<\/a><\/mark><\/strong><\/p>\n\n<div style=\"height:20px\" aria-hidden=\"true\" class=\"wp-block-spacer\"><\/div>\n","protected":false},"excerpt":{"rendered":"<p>El Equity Crowdfunding es una forma de inversi\u00f3n en la cual, a cambio de cantidades relativamente peque\u00f1as de dinero, los inversores privados obtienen una parte proporcional del capital de la empresa. Hasta hace poco tiempo los propietarios de empresas obten\u00edan estos fondos pidiendo pr\u00e9stamos a amigos y familiares, solicitaban financiaci\u00f3n a la banca o recurr\u00edan [&hellip;]<\/p>\n","protected":false},"author":6,"featured_media":0,"parent":39457,"menu_order":0,"comment_status":"closed","ping_status":"closed","template":"","meta":{"_acf_changed":false,"inline_featured_image":false,"ep_exclude_from_search":false,"footnotes":""},"class_list":["post-40476","page","type-page","status-publish","hentry"],"pp_statuses_selecting_workflow":false,"pp_workflow_action":"current","pp_status_selection":"publish","acf":[],"yoast_head":"<!-- This site is optimized with the Yoast SEO Premium plugin v27.1 (Yoast SEO v27.1.1) - https:\/\/yoast.com\/product\/yoast-seo-premium-wordpress\/ -->\n<title>Equity Crowdfunding | Cambra de Comer\u00e7 de Barcelona<\/title>\n<meta name=\"robots\" content=\"index, follow, max-snippet:-1, max-image-preview:large, max-video-preview:-1\" \/>\n<link rel=\"canonical\" href=\"https:\/\/cambrabcn.org\/es\/servicio-financiacion-cambra\/financiacion-no-bancaria-y-capital-privado\/equity-crowdfunding\/\" \/>\n<meta property=\"og:locale\" content=\"es_ES\" \/>\n<meta property=\"og:type\" content=\"article\" \/>\n<meta property=\"og:title\" content=\"Equity Crowdfunding\" \/>\n<meta property=\"og:description\" content=\"El Equity Crowdfunding es una forma de inversi\u00f3n en la cual, a cambio de cantidades relativamente peque\u00f1as de dinero, los inversores privados obtienen una parte proporcional del capital de la empresa. Hasta hace poco tiempo los propietarios de empresas obten\u00edan estos fondos pidiendo pr\u00e9stamos a amigos y familiares, solicitaban financiaci\u00f3n a la banca o recurr\u00edan [&hellip;]\" \/>\n<meta property=\"og:url\" content=\"https:\/\/cambrabcn.org\/es\/servicio-financiacion-cambra\/financiacion-no-bancaria-y-capital-privado\/equity-crowdfunding\/\" \/>\n<meta property=\"og:site_name\" content=\"Cambra de Comer\u00e7 de Barcelona\" \/>\n<meta property=\"article:modified_time\" content=\"2024-03-07T15:36:39+00:00\" \/>\n<meta property=\"og:image\" content=\"https:\/\/cambrabcn.org\/wp-content\/uploads\/2023\/12\/Financament_no_bancari_1200x240-1024x205.png\" \/>\n<meta name=\"twitter:card\" content=\"summary_large_image\" \/>\n<meta name=\"twitter:site\" content=\"@cambrabcn\" \/>\n<meta name=\"twitter:label1\" content=\"Tiempo de lectura\" \/>\n\t<meta name=\"twitter:data1\" content=\"2 minutos\" \/>\n<script type=\"application\/ld+json\" class=\"yoast-schema-graph\">{\"@context\":\"https:\/\/schema.org\",\"@graph\":[{\"@type\":\"WebPage\",\"@id\":\"https:\/\/cambrabcn.org\/es\/servicio-financiacion-cambra\/financiacion-no-bancaria-y-capital-privado\/equity-crowdfunding\/\",\"url\":\"https:\/\/cambrabcn.org\/es\/servicio-financiacion-cambra\/financiacion-no-bancaria-y-capital-privado\/equity-crowdfunding\/\",\"name\":\"Equity Crowdfunding | Cambra de Comer\u00e7 de Barcelona\",\"isPartOf\":{\"@id\":\"https:\/\/cambrabcn.org\/es\/#website\"},\"primaryImageOfPage\":{\"@id\":\"https:\/\/cambrabcn.org\/es\/servicio-financiacion-cambra\/financiacion-no-bancaria-y-capital-privado\/equity-crowdfunding\/#primaryimage\"},\"image\":{\"@id\":\"https:\/\/cambrabcn.org\/es\/servicio-financiacion-cambra\/financiacion-no-bancaria-y-capital-privado\/equity-crowdfunding\/#primaryimage\"},\"thumbnailUrl\":\"https:\/\/cambrabcn.org\/wp-content\/uploads\/2023\/12\/Financament_no_bancari_1200x240-1024x205.png\",\"datePublished\":\"2024-02-01T10:00:00+00:00\",\"dateModified\":\"2024-03-07T15:36:39+00:00\",\"breadcrumb\":{\"@id\":\"https:\/\/cambrabcn.org\/es\/servicio-financiacion-cambra\/financiacion-no-bancaria-y-capital-privado\/equity-crowdfunding\/#breadcrumb\"},\"inLanguage\":\"es\",\"potentialAction\":[{\"@type\":\"ReadAction\",\"target\":[\"https:\/\/cambrabcn.org\/es\/servicio-financiacion-cambra\/financiacion-no-bancaria-y-capital-privado\/equity-crowdfunding\/\"]}]},{\"@type\":\"ImageObject\",\"inLanguage\":\"es\",\"@id\":\"https:\/\/cambrabcn.org\/es\/servicio-financiacion-cambra\/financiacion-no-bancaria-y-capital-privado\/equity-crowdfunding\/#primaryimage\",\"url\":\"https:\/\/cambrabcn.org\/wp-content\/uploads\/2023\/12\/Financament_no_bancari_1200x240-1024x205.png\",\"contentUrl\":\"https:\/\/cambrabcn.org\/wp-content\/uploads\/2023\/12\/Financament_no_bancari_1200x240-1024x205.png\"},{\"@type\":\"BreadcrumbList\",\"@id\":\"https:\/\/cambrabcn.org\/es\/servicio-financiacion-cambra\/financiacion-no-bancaria-y-capital-privado\/equity-crowdfunding\/#breadcrumb\",\"itemListElement\":[{\"@type\":\"ListItem\",\"position\":1,\"name\":\"Home\",\"item\":\"https:\/\/cambrabcn.org\/es\/\"},{\"@type\":\"ListItem\",\"position\":2,\"name\":\"Servicio Financiaci\u00f3n Cambra\",\"item\":\"https:\/\/cambrabcn.org\/es\/?page_id=37676\"},{\"@type\":\"ListItem\",\"position\":3,\"name\":\"Financiaci\u00f3n no bancaria y capital privado\",\"item\":\"https:\/\/cambrabcn.org\/es\/servicio-financiacion-cambra\/financiacion-no-bancaria-y-capital-privado\/\"},{\"@type\":\"ListItem\",\"position\":4,\"name\":\"Equity Crowdfunding\"}]},{\"@type\":\"WebSite\",\"@id\":\"https:\/\/cambrabcn.org\/es\/#website\",\"url\":\"https:\/\/cambrabcn.org\/es\/\",\"name\":\"Cambra de Comer\u00e7 de Barcelona\",\"description\":\"La Cambra de Tothom\",\"publisher\":{\"@id\":\"https:\/\/cambrabcn.org\/es\/#organization\"},\"alternateName\":\"Cambra Oficial de Comer\u00e7, Ind\u00fastria, Serveis i Navegaci\u00f3 de Barcelona\",\"potentialAction\":[{\"@type\":\"SearchAction\",\"target\":{\"@type\":\"EntryPoint\",\"urlTemplate\":\"https:\/\/cambrabcn.org\/es\/?s={search_term_string}\"},\"query-input\":{\"@type\":\"PropertyValueSpecification\",\"valueRequired\":true,\"valueName\":\"search_term_string\"}}],\"inLanguage\":\"es\"},{\"@type\":\"Organization\",\"@id\":\"https:\/\/cambrabcn.org\/es\/#organization\",\"name\":\"Cambra de Comer\u00e7 de Barcelona\",\"alternateName\":\"Cambra Oficial de Comer\u00e7, Ind\u00fastria, Serveis i Navegaci\u00f3 de Barcelona\",\"url\":\"https:\/\/cambrabcn.org\/es\/\",\"logo\":{\"@type\":\"ImageObject\",\"inLanguage\":\"es\",\"@id\":\"https:\/\/cambrabcn.org\/es\/#\/schema\/logo\/image\/\",\"url\":\"https:\/\/cambrabcn.org\/wp-content\/uploads\/2023\/11\/logo-cambra-300x77-1.png\",\"contentUrl\":\"https:\/\/cambrabcn.org\/wp-content\/uploads\/2023\/11\/logo-cambra-300x77-1.png\",\"width\":300,\"height\":77,\"caption\":\"Cambra de Comer\u00e7 de Barcelona\"},\"image\":{\"@id\":\"https:\/\/cambrabcn.org\/es\/#\/schema\/logo\/image\/\"},\"sameAs\":[\"https:\/\/x.com\/cambrabcn\",\"https:\/\/www.instagram.com\/cambrabcn\/\",\"https:\/\/www.linkedin.com\/school\/cambrabcn\",\"https:\/\/www.youtube.com\/user\/PressCambrabcn\",\"https:\/\/ca.wikipedia.org\/wiki\/Cambra_Oficial_de_Comer\u00e7,_Ind\u00fastria_i_Navegaci\u00f3_de_Barcelona\",\"http:\/\/viaf.org\/viaf\/124017095\"],\"description\":\"La Cambra Oficial de Comer\u00e7, Ind\u00fastria, Serveis i Navegaci\u00f3 de Barcelona \u00e9s una corporaci\u00f3 de dret p\u00fablic que presta serveis a les empreses, contribuint a la regeneraci\u00f3 del teixit econ\u00f2mic i la creaci\u00f3 d\u2019ocupaci\u00f3.\",\"email\":\"cambra@cambrabcn.cat\",\"telephone\":\"+34 93 416 93 00\",\"legalName\":\"La Cambra Oficial de Comer\u00e7, Ind\u00fastria, Serveis i Navegaci\u00f3 de Barcelona\",\"foundingDate\":\"1886-01-01\",\"vatID\":\"Q0873001B\",\"taxID\":\"Q0873001B\",\"naics\":\"813910\"}]}<\/script>\n<!-- \/ Yoast SEO Premium plugin. -->","yoast_head_json":{"title":"Equity Crowdfunding | Cambra de Comer\u00e7 de Barcelona","robots":{"index":"index","follow":"follow","max-snippet":"max-snippet:-1","max-image-preview":"max-image-preview:large","max-video-preview":"max-video-preview:-1"},"canonical":"https:\/\/cambrabcn.org\/es\/servicio-financiacion-cambra\/financiacion-no-bancaria-y-capital-privado\/equity-crowdfunding\/","og_locale":"es_ES","og_type":"article","og_title":"Equity Crowdfunding","og_description":"El Equity Crowdfunding es una forma de inversi\u00f3n en la cual, a cambio de cantidades relativamente peque\u00f1as de dinero, los inversores privados obtienen una parte proporcional del capital de la empresa. Hasta hace poco tiempo los propietarios de empresas obten\u00edan estos fondos pidiendo pr\u00e9stamos a amigos y familiares, solicitaban financiaci\u00f3n a la banca o recurr\u00edan [&hellip;]","og_url":"https:\/\/cambrabcn.org\/es\/servicio-financiacion-cambra\/financiacion-no-bancaria-y-capital-privado\/equity-crowdfunding\/","og_site_name":"Cambra de Comer\u00e7 de Barcelona","article_modified_time":"2024-03-07T15:36:39+00:00","og_image":[{"url":"https:\/\/cambrabcn.org\/wp-content\/uploads\/2023\/12\/Financament_no_bancari_1200x240-1024x205.png","type":"","width":"","height":""}],"twitter_card":"summary_large_image","twitter_site":"@cambrabcn","twitter_misc":{"Tiempo de lectura":"2 minutos"},"schema":{"@context":"https:\/\/schema.org","@graph":[{"@type":"WebPage","@id":"https:\/\/cambrabcn.org\/es\/servicio-financiacion-cambra\/financiacion-no-bancaria-y-capital-privado\/equity-crowdfunding\/","url":"https:\/\/cambrabcn.org\/es\/servicio-financiacion-cambra\/financiacion-no-bancaria-y-capital-privado\/equity-crowdfunding\/","name":"Equity Crowdfunding | Cambra de Comer\u00e7 de Barcelona","isPartOf":{"@id":"https:\/\/cambrabcn.org\/es\/#website"},"primaryImageOfPage":{"@id":"https:\/\/cambrabcn.org\/es\/servicio-financiacion-cambra\/financiacion-no-bancaria-y-capital-privado\/equity-crowdfunding\/#primaryimage"},"image":{"@id":"https:\/\/cambrabcn.org\/es\/servicio-financiacion-cambra\/financiacion-no-bancaria-y-capital-privado\/equity-crowdfunding\/#primaryimage"},"thumbnailUrl":"https:\/\/cambrabcn.org\/wp-content\/uploads\/2023\/12\/Financament_no_bancari_1200x240-1024x205.png","datePublished":"2024-02-01T10:00:00+00:00","dateModified":"2024-03-07T15:36:39+00:00","breadcrumb":{"@id":"https:\/\/cambrabcn.org\/es\/servicio-financiacion-cambra\/financiacion-no-bancaria-y-capital-privado\/equity-crowdfunding\/#breadcrumb"},"inLanguage":"es","potentialAction":[{"@type":"ReadAction","target":["https:\/\/cambrabcn.org\/es\/servicio-financiacion-cambra\/financiacion-no-bancaria-y-capital-privado\/equity-crowdfunding\/"]}]},{"@type":"ImageObject","inLanguage":"es","@id":"https:\/\/cambrabcn.org\/es\/servicio-financiacion-cambra\/financiacion-no-bancaria-y-capital-privado\/equity-crowdfunding\/#primaryimage","url":"https:\/\/cambrabcn.org\/wp-content\/uploads\/2023\/12\/Financament_no_bancari_1200x240-1024x205.png","contentUrl":"https:\/\/cambrabcn.org\/wp-content\/uploads\/2023\/12\/Financament_no_bancari_1200x240-1024x205.png"},{"@type":"BreadcrumbList","@id":"https:\/\/cambrabcn.org\/es\/servicio-financiacion-cambra\/financiacion-no-bancaria-y-capital-privado\/equity-crowdfunding\/#breadcrumb","itemListElement":[{"@type":"ListItem","position":1,"name":"Home","item":"https:\/\/cambrabcn.org\/es\/"},{"@type":"ListItem","position":2,"name":"Servicio Financiaci\u00f3n Cambra","item":"https:\/\/cambrabcn.org\/es\/?page_id=37676"},{"@type":"ListItem","position":3,"name":"Financiaci\u00f3n no bancaria y capital privado","item":"https:\/\/cambrabcn.org\/es\/servicio-financiacion-cambra\/financiacion-no-bancaria-y-capital-privado\/"},{"@type":"ListItem","position":4,"name":"Equity Crowdfunding"}]},{"@type":"WebSite","@id":"https:\/\/cambrabcn.org\/es\/#website","url":"https:\/\/cambrabcn.org\/es\/","name":"Cambra de Comer\u00e7 de Barcelona","description":"La Cambra de Tothom","publisher":{"@id":"https:\/\/cambrabcn.org\/es\/#organization"},"alternateName":"Cambra Oficial de Comer\u00e7, Ind\u00fastria, Serveis i Navegaci\u00f3 de Barcelona","potentialAction":[{"@type":"SearchAction","target":{"@type":"EntryPoint","urlTemplate":"https:\/\/cambrabcn.org\/es\/?s={search_term_string}"},"query-input":{"@type":"PropertyValueSpecification","valueRequired":true,"valueName":"search_term_string"}}],"inLanguage":"es"},{"@type":"Organization","@id":"https:\/\/cambrabcn.org\/es\/#organization","name":"Cambra de Comer\u00e7 de Barcelona","alternateName":"Cambra Oficial de Comer\u00e7, Ind\u00fastria, Serveis i Navegaci\u00f3 de Barcelona","url":"https:\/\/cambrabcn.org\/es\/","logo":{"@type":"ImageObject","inLanguage":"es","@id":"https:\/\/cambrabcn.org\/es\/#\/schema\/logo\/image\/","url":"https:\/\/cambrabcn.org\/wp-content\/uploads\/2023\/11\/logo-cambra-300x77-1.png","contentUrl":"https:\/\/cambrabcn.org\/wp-content\/uploads\/2023\/11\/logo-cambra-300x77-1.png","width":300,"height":77,"caption":"Cambra de Comer\u00e7 de Barcelona"},"image":{"@id":"https:\/\/cambrabcn.org\/es\/#\/schema\/logo\/image\/"},"sameAs":["https:\/\/x.com\/cambrabcn","https:\/\/www.instagram.com\/cambrabcn\/","https:\/\/www.linkedin.com\/school\/cambrabcn","https:\/\/www.youtube.com\/user\/PressCambrabcn","https:\/\/ca.wikipedia.org\/wiki\/Cambra_Oficial_de_Comer\u00e7,_Ind\u00fastria_i_Navegaci\u00f3_de_Barcelona","http:\/\/viaf.org\/viaf\/124017095"],"description":"La Cambra Oficial de Comer\u00e7, Ind\u00fastria, Serveis i Navegaci\u00f3 de Barcelona \u00e9s una corporaci\u00f3 de dret p\u00fablic que presta serveis a les empreses, contribuint a la regeneraci\u00f3 del teixit econ\u00f2mic i la creaci\u00f3 d\u2019ocupaci\u00f3.","email":"cambra@cambrabcn.cat","telephone":"+34 93 416 93 00","legalName":"La Cambra Oficial de Comer\u00e7, Ind\u00fastria, Serveis i Navegaci\u00f3 de Barcelona","foundingDate":"1886-01-01","vatID":"Q0873001B","taxID":"Q0873001B","naics":"813910"}]}},"mfb_rest_fields":["pp_statuses_selecting_workflow","pp_workflow_action","pp_status_selection","yoast_head","yoast_head_json"],"_links":{"self":[{"href":"https:\/\/cambrabcn.org\/es\/wp-json\/wp\/v2\/pages\/40476","targetHints":{"allow":["GET"]}}],"collection":[{"href":"https:\/\/cambrabcn.org\/es\/wp-json\/wp\/v2\/pages"}],"about":[{"href":"https:\/\/cambrabcn.org\/es\/wp-json\/wp\/v2\/types\/page"}],"author":[{"embeddable":true,"href":"https:\/\/cambrabcn.org\/es\/wp-json\/wp\/v2\/users\/6"}],"replies":[{"embeddable":true,"href":"https:\/\/cambrabcn.org\/es\/wp-json\/wp\/v2\/comments?post=40476"}],"version-history":[{"count":1,"href":"https:\/\/cambrabcn.org\/es\/wp-json\/wp\/v2\/pages\/40476\/revisions"}],"predecessor-version":[{"id":40477,"href":"https:\/\/cambrabcn.org\/es\/wp-json\/wp\/v2\/pages\/40476\/revisions\/40477"}],"up":[{"embeddable":true,"href":"https:\/\/cambrabcn.org\/es\/wp-json\/wp\/v2\/pages\/39457"}],"wp:attachment":[{"href":"https:\/\/cambrabcn.org\/es\/wp-json\/wp\/v2\/media?parent=40476"}],"curies":[{"name":"wp","href":"https:\/\/api.w.org\/{rel}","templated":true}]}}