{"id":38915,"date":"2024-02-01T12:00:00","date_gmt":"2024-02-01T10:00:00","guid":{"rendered":"https:\/\/cambrabcn.org\/servicio-financiacion-cambra\/financiacion-bancaria-y-financiacion-publica\/factoring-confirming-leasing-y-renting\/"},"modified":"2025-03-03T09:47:05","modified_gmt":"2025-03-03T07:47:05","slug":"factoring-confirming-leasing-y-renting","status":"publish","type":"page","link":"https:\/\/cambrabcn.org\/es\/servicio-financiacion-cambra\/financiacion-bancaria-y-financiacion-publica\/factoring-confirming-leasing-y-renting\/","title":{"rendered":"Factoring, confirming, leasing y renting"},"content":{"rendered":"\n<p><\/p>\n\n\n<div class=\"wp-block-cambra-custom-blocks-cambra-breadcrumbs\"><nav role=\"navigation\" aria-label=\"Breadcrumb\" class=\"breadcrumb\"><ol class=\"breadcrumb-items\"><li class=\"breadcrumb-item breadcrumb-item--current breadcrumb-item--home\"><span class=\"breadcrumb-item-name\">Inicio<\/span><\/li><\/ol><\/nav><\/div>\n\n<h2 class=\"wp-block-post-title\">Factoring, confirming, leasing y renting<\/h2>\n\n\n<p><\/p>\n\n\n\n<figure class=\"wp-block-image size-large is-resized\"><img data-dominant-color=\"919aa9\" data-has-transparency=\"true\" loading=\"lazy\" decoding=\"async\" width=\"1024\" height=\"205\" src=\"https:\/\/cambrabcn.org\/wp-content\/uploads\/2023\/12\/Financament_bancari_1200x240-1024x205.png\" alt=\"\" class=\"wp-image-5083 has-transparency\" style=\"--dominant-color: #919aa9; width:1200px\" srcset=\"https:\/\/cambrabcn.org\/wp-content\/uploads\/2023\/12\/Financament_bancari_1200x240-1024x205.png 1024w, https:\/\/cambrabcn.org\/wp-content\/uploads\/2023\/12\/Financament_bancari_1200x240-300x60.png 300w, https:\/\/cambrabcn.org\/wp-content\/uploads\/2023\/12\/Financament_bancari_1200x240-768x154.png 768w, https:\/\/cambrabcn.org\/wp-content\/uploads\/2023\/12\/Financament_bancari_1200x240-600x120.png 600w, https:\/\/cambrabcn.org\/wp-content\/uploads\/2023\/12\/Financament_bancari_1200x240.png 1200w\" sizes=\"auto, (max-width: 1024px) 100vw, 1024px\" \/><\/figure>\n\n\n\n<p>La Cambra ha firmado convenios y acuerdos de colaboraci\u00f3n con entidades de factoring y leasing como Eurofactor, BNP Paribas Factoring o Novicap para ofrecerte sus productos financieros.<\/p>\n\n\n\n<p>El <strong>Factoring<\/strong> es una herramienta financiera que permite a las empresas obtener liquidez a partir de la negociaci\u00f3n de sus facturas por cobrar. La entidad de factoring, adem\u00e1s, se encarga de gestionar el cobro de estas facturas y puede llegar a cubrir el riesgo de impago.<\/p>\n\n\n\n<p>El <strong>Confirming<\/strong> es un producto que permite gestionar el pago de las compras mediante una entidad financiera intermediaria, y es muy atractivo para empresas que quieran alargar el plazo de pago a un proveedor o mejorar sus condiciones de compra.<\/p>\n\n\n\n<p>El <strong>Leasing<\/strong> es un producto financiero de pr\u00e9stamo estructurado, como un alquiler del bien a largo plazo con una opci\u00f3n de compra, y que sirve para financiar la compra a largo plazo de bienes de equipo.<\/p>\n\n\n\n<p>El <strong>Renting<\/strong> es un contrato de alquiler por el cual la compa\u00f1\u00eda de renting compra un bien nuevo, a solicitud del cliente, y lo pone a disposici\u00f3n de este por un plazo de tiempo determinado y con todos los gastos incluidos, seg\u00fan contrato, a cambio del pago de una cuota mensual.<\/p>\n\n\n\n<p>Si quieres que estudiemos tu caso, env\u00eda el <strong><mark class=\"has-inline-color\" style=\"background-color: #ffffff;color: #3ea15a\"><a href=\"https:\/\/cambrabcn.org\/wp-content\/uploads\/2024\/01\/Peticio-Assessorament-Financer_2023.pdf\" target=\"_blank\" rel=\"noreferrer noopener\">formulario rellenado<\/a><\/mark><\/strong> y la <strong>documentaci\u00f3n<\/strong> necesaria para analizar tu solicitud, y contactaremos contigo. En caso de dudas, y para m\u00e1s informaci\u00f3n: <strong><mark class=\"has-inline-color\" style=\"background-color: #ffffff;color: #3ea15a\"><a href=\"mailto:sefin@cambrabcn.cat\" target=\"_blank\" rel=\"noreferrer noopener\">sefin@cambrabcn.cat<\/a><\/mark><\/strong><\/p>\n\n\n\n<div style=\"height:5px\" aria-hidden=\"true\" class=\"wp-block-spacer\"><\/div>\n\n\n\n\n\n<div style=\"height:20px\" aria-hidden=\"true\" class=\"wp-block-spacer\"><\/div>\n","protected":false},"excerpt":{"rendered":"<p>La Cambra ha firmado convenios y acuerdos de colaboraci\u00f3n con entidades de factoring y leasing como Eurofactor, BNP Paribas Factoring o Novicap para ofrecerte sus productos financieros. El Factoring es una herramienta financiera que permite a las empresas obtener liquidez a partir de la negociaci\u00f3n de sus facturas por cobrar. La entidad de factoring, adem\u00e1s, [&hellip;]<\/p>\n","protected":false},"author":6,"featured_media":0,"parent":38763,"menu_order":0,"comment_status":"closed","ping_status":"closed","template":"","meta":{"_acf_changed":false,"inline_featured_image":false,"ep_exclude_from_search":false,"footnotes":""},"class_list":["post-38915","page","type-page","status-publish","hentry"],"pp_statuses_selecting_workflow":false,"pp_workflow_action":"current","pp_status_selection":"publish","acf":[],"yoast_head":"<!-- This site is optimized with the Yoast SEO Premium plugin v27.1 (Yoast SEO v27.1.1) - https:\/\/yoast.com\/product\/yoast-seo-premium-wordpress\/ -->\n<title>Factoring, confirming, leasing y renting | Cambra de Comer\u00e7 de Barcelona<\/title>\n<meta name=\"robots\" content=\"index, follow, max-snippet:-1, max-image-preview:large, max-video-preview:-1\" \/>\n<link rel=\"canonical\" href=\"https:\/\/cambrabcn.org\/es\/servicio-financiacion-cambra\/financiacion-bancaria-y-financiacion-publica\/factoring-confirming-leasing-y-renting\/\" \/>\n<meta property=\"og:locale\" content=\"es_ES\" \/>\n<meta property=\"og:type\" content=\"article\" \/>\n<meta property=\"og:title\" content=\"Factoring, confirming, leasing y renting\" \/>\n<meta property=\"og:description\" content=\"La Cambra ha firmado convenios y acuerdos de colaboraci\u00f3n con entidades de factoring y leasing como Eurofactor, BNP Paribas Factoring o Novicap para ofrecerte sus productos financieros. El Factoring es una herramienta financiera que permite a las empresas obtener liquidez a partir de la negociaci\u00f3n de sus facturas por cobrar. La entidad de factoring, adem\u00e1s, [&hellip;]\" \/>\n<meta property=\"og:url\" content=\"https:\/\/cambrabcn.org\/es\/servicio-financiacion-cambra\/financiacion-bancaria-y-financiacion-publica\/factoring-confirming-leasing-y-renting\/\" \/>\n<meta property=\"og:site_name\" content=\"Cambra de Comer\u00e7 de Barcelona\" \/>\n<meta property=\"article:modified_time\" content=\"2025-03-03T07:47:05+00:00\" \/>\n<meta property=\"og:image\" content=\"https:\/\/cambrabcn.org\/wp-content\/uploads\/2023\/12\/Financament_bancari_1200x240-1024x205.png\" \/>\n<meta name=\"twitter:card\" content=\"summary_large_image\" \/>\n<meta name=\"twitter:site\" content=\"@cambrabcn\" \/>\n<meta name=\"twitter:label1\" content=\"Tiempo de lectura\" \/>\n\t<meta name=\"twitter:data1\" content=\"2 minutos\" \/>\n<script type=\"application\/ld+json\" class=\"yoast-schema-graph\">{\"@context\":\"https:\/\/schema.org\",\"@graph\":[{\"@type\":\"WebPage\",\"@id\":\"https:\/\/cambrabcn.org\/es\/servicio-financiacion-cambra\/financiacion-bancaria-y-financiacion-publica\/factoring-confirming-leasing-y-renting\/\",\"url\":\"https:\/\/cambrabcn.org\/es\/servicio-financiacion-cambra\/financiacion-bancaria-y-financiacion-publica\/factoring-confirming-leasing-y-renting\/\",\"name\":\"Factoring, confirming, leasing y renting | Cambra de Comer\u00e7 de Barcelona\",\"isPartOf\":{\"@id\":\"https:\/\/cambrabcn.org\/es\/#website\"},\"primaryImageOfPage\":{\"@id\":\"https:\/\/cambrabcn.org\/es\/servicio-financiacion-cambra\/financiacion-bancaria-y-financiacion-publica\/factoring-confirming-leasing-y-renting\/#primaryimage\"},\"image\":{\"@id\":\"https:\/\/cambrabcn.org\/es\/servicio-financiacion-cambra\/financiacion-bancaria-y-financiacion-publica\/factoring-confirming-leasing-y-renting\/#primaryimage\"},\"thumbnailUrl\":\"https:\/\/cambrabcn.org\/wp-content\/uploads\/2023\/12\/Financament_bancari_1200x240-1024x205.png\",\"datePublished\":\"2024-02-01T10:00:00+00:00\",\"dateModified\":\"2025-03-03T07:47:05+00:00\",\"breadcrumb\":{\"@id\":\"https:\/\/cambrabcn.org\/es\/servicio-financiacion-cambra\/financiacion-bancaria-y-financiacion-publica\/factoring-confirming-leasing-y-renting\/#breadcrumb\"},\"inLanguage\":\"es\",\"potentialAction\":[{\"@type\":\"ReadAction\",\"target\":[\"https:\/\/cambrabcn.org\/es\/servicio-financiacion-cambra\/financiacion-bancaria-y-financiacion-publica\/factoring-confirming-leasing-y-renting\/\"]}]},{\"@type\":\"ImageObject\",\"inLanguage\":\"es\",\"@id\":\"https:\/\/cambrabcn.org\/es\/servicio-financiacion-cambra\/financiacion-bancaria-y-financiacion-publica\/factoring-confirming-leasing-y-renting\/#primaryimage\",\"url\":\"https:\/\/cambrabcn.org\/wp-content\/uploads\/2023\/12\/Financament_bancari_1200x240-1024x205.png\",\"contentUrl\":\"https:\/\/cambrabcn.org\/wp-content\/uploads\/2023\/12\/Financament_bancari_1200x240-1024x205.png\"},{\"@type\":\"BreadcrumbList\",\"@id\":\"https:\/\/cambrabcn.org\/es\/servicio-financiacion-cambra\/financiacion-bancaria-y-financiacion-publica\/factoring-confirming-leasing-y-renting\/#breadcrumb\",\"itemListElement\":[{\"@type\":\"ListItem\",\"position\":1,\"name\":\"Home\",\"item\":\"https:\/\/cambrabcn.org\/es\/\"},{\"@type\":\"ListItem\",\"position\":2,\"name\":\"Servicio Financiaci\u00f3n Cambra\",\"item\":\"https:\/\/cambrabcn.org\/es\/?page_id=37676\"},{\"@type\":\"ListItem\",\"position\":3,\"name\":\"Financiaci\u00f3n bancaria y financiaci\u00f3n p\u00fablica\",\"item\":\"https:\/\/cambrabcn.org\/es\/servicio-financiacion-cambra\/financiacion-bancaria-y-financiacion-publica\/\"},{\"@type\":\"ListItem\",\"position\":4,\"name\":\"Factoring, confirming, leasing y renting\"}]},{\"@type\":\"WebSite\",\"@id\":\"https:\/\/cambrabcn.org\/es\/#website\",\"url\":\"https:\/\/cambrabcn.org\/es\/\",\"name\":\"Cambra de Comer\u00e7 de Barcelona\",\"description\":\"La Cambra de Tothom\",\"publisher\":{\"@id\":\"https:\/\/cambrabcn.org\/es\/#organization\"},\"alternateName\":\"Cambra Oficial de Comer\u00e7, Ind\u00fastria, Serveis i Navegaci\u00f3 de Barcelona\",\"potentialAction\":[{\"@type\":\"SearchAction\",\"target\":{\"@type\":\"EntryPoint\",\"urlTemplate\":\"https:\/\/cambrabcn.org\/es\/?s={search_term_string}\"},\"query-input\":{\"@type\":\"PropertyValueSpecification\",\"valueRequired\":true,\"valueName\":\"search_term_string\"}}],\"inLanguage\":\"es\"},{\"@type\":\"Organization\",\"@id\":\"https:\/\/cambrabcn.org\/es\/#organization\",\"name\":\"Cambra de Comer\u00e7 de Barcelona\",\"alternateName\":\"Cambra Oficial de Comer\u00e7, Ind\u00fastria, Serveis i Navegaci\u00f3 de Barcelona\",\"url\":\"https:\/\/cambrabcn.org\/es\/\",\"logo\":{\"@type\":\"ImageObject\",\"inLanguage\":\"es\",\"@id\":\"https:\/\/cambrabcn.org\/es\/#\/schema\/logo\/image\/\",\"url\":\"https:\/\/cambrabcn.org\/wp-content\/uploads\/2023\/11\/logo-cambra-300x77-1.png\",\"contentUrl\":\"https:\/\/cambrabcn.org\/wp-content\/uploads\/2023\/11\/logo-cambra-300x77-1.png\",\"width\":300,\"height\":77,\"caption\":\"Cambra de Comer\u00e7 de Barcelona\"},\"image\":{\"@id\":\"https:\/\/cambrabcn.org\/es\/#\/schema\/logo\/image\/\"},\"sameAs\":[\"https:\/\/x.com\/cambrabcn\",\"https:\/\/www.instagram.com\/cambrabcn\/\",\"https:\/\/www.linkedin.com\/school\/cambrabcn\",\"https:\/\/www.youtube.com\/user\/PressCambrabcn\",\"https:\/\/ca.wikipedia.org\/wiki\/Cambra_Oficial_de_Comer\u00e7,_Ind\u00fastria_i_Navegaci\u00f3_de_Barcelona\",\"http:\/\/viaf.org\/viaf\/124017095\"],\"description\":\"La Cambra Oficial de Comer\u00e7, Ind\u00fastria, Serveis i Navegaci\u00f3 de Barcelona \u00e9s una corporaci\u00f3 de dret p\u00fablic que presta serveis a les empreses, contribuint a la regeneraci\u00f3 del teixit econ\u00f2mic i la creaci\u00f3 d\u2019ocupaci\u00f3.\",\"email\":\"cambra@cambrabcn.cat\",\"telephone\":\"+34 93 416 93 00\",\"legalName\":\"La Cambra Oficial de Comer\u00e7, Ind\u00fastria, Serveis i Navegaci\u00f3 de Barcelona\",\"foundingDate\":\"1886-01-01\",\"vatID\":\"Q0873001B\",\"taxID\":\"Q0873001B\",\"naics\":\"813910\"}]}<\/script>\n<!-- \/ Yoast SEO Premium plugin. -->","yoast_head_json":{"title":"Factoring, confirming, leasing y renting | Cambra de Comer\u00e7 de Barcelona","robots":{"index":"index","follow":"follow","max-snippet":"max-snippet:-1","max-image-preview":"max-image-preview:large","max-video-preview":"max-video-preview:-1"},"canonical":"https:\/\/cambrabcn.org\/es\/servicio-financiacion-cambra\/financiacion-bancaria-y-financiacion-publica\/factoring-confirming-leasing-y-renting\/","og_locale":"es_ES","og_type":"article","og_title":"Factoring, confirming, leasing y renting","og_description":"La Cambra ha firmado convenios y acuerdos de colaboraci\u00f3n con entidades de factoring y leasing como Eurofactor, BNP Paribas Factoring o Novicap para ofrecerte sus productos financieros. El Factoring es una herramienta financiera que permite a las empresas obtener liquidez a partir de la negociaci\u00f3n de sus facturas por cobrar. La entidad de factoring, adem\u00e1s, [&hellip;]","og_url":"https:\/\/cambrabcn.org\/es\/servicio-financiacion-cambra\/financiacion-bancaria-y-financiacion-publica\/factoring-confirming-leasing-y-renting\/","og_site_name":"Cambra de Comer\u00e7 de Barcelona","article_modified_time":"2025-03-03T07:47:05+00:00","og_image":[{"url":"https:\/\/cambrabcn.org\/wp-content\/uploads\/2023\/12\/Financament_bancari_1200x240-1024x205.png","type":"","width":"","height":""}],"twitter_card":"summary_large_image","twitter_site":"@cambrabcn","twitter_misc":{"Tiempo de lectura":"2 minutos"},"schema":{"@context":"https:\/\/schema.org","@graph":[{"@type":"WebPage","@id":"https:\/\/cambrabcn.org\/es\/servicio-financiacion-cambra\/financiacion-bancaria-y-financiacion-publica\/factoring-confirming-leasing-y-renting\/","url":"https:\/\/cambrabcn.org\/es\/servicio-financiacion-cambra\/financiacion-bancaria-y-financiacion-publica\/factoring-confirming-leasing-y-renting\/","name":"Factoring, confirming, leasing y renting | Cambra de Comer\u00e7 de Barcelona","isPartOf":{"@id":"https:\/\/cambrabcn.org\/es\/#website"},"primaryImageOfPage":{"@id":"https:\/\/cambrabcn.org\/es\/servicio-financiacion-cambra\/financiacion-bancaria-y-financiacion-publica\/factoring-confirming-leasing-y-renting\/#primaryimage"},"image":{"@id":"https:\/\/cambrabcn.org\/es\/servicio-financiacion-cambra\/financiacion-bancaria-y-financiacion-publica\/factoring-confirming-leasing-y-renting\/#primaryimage"},"thumbnailUrl":"https:\/\/cambrabcn.org\/wp-content\/uploads\/2023\/12\/Financament_bancari_1200x240-1024x205.png","datePublished":"2024-02-01T10:00:00+00:00","dateModified":"2025-03-03T07:47:05+00:00","breadcrumb":{"@id":"https:\/\/cambrabcn.org\/es\/servicio-financiacion-cambra\/financiacion-bancaria-y-financiacion-publica\/factoring-confirming-leasing-y-renting\/#breadcrumb"},"inLanguage":"es","potentialAction":[{"@type":"ReadAction","target":["https:\/\/cambrabcn.org\/es\/servicio-financiacion-cambra\/financiacion-bancaria-y-financiacion-publica\/factoring-confirming-leasing-y-renting\/"]}]},{"@type":"ImageObject","inLanguage":"es","@id":"https:\/\/cambrabcn.org\/es\/servicio-financiacion-cambra\/financiacion-bancaria-y-financiacion-publica\/factoring-confirming-leasing-y-renting\/#primaryimage","url":"https:\/\/cambrabcn.org\/wp-content\/uploads\/2023\/12\/Financament_bancari_1200x240-1024x205.png","contentUrl":"https:\/\/cambrabcn.org\/wp-content\/uploads\/2023\/12\/Financament_bancari_1200x240-1024x205.png"},{"@type":"BreadcrumbList","@id":"https:\/\/cambrabcn.org\/es\/servicio-financiacion-cambra\/financiacion-bancaria-y-financiacion-publica\/factoring-confirming-leasing-y-renting\/#breadcrumb","itemListElement":[{"@type":"ListItem","position":1,"name":"Home","item":"https:\/\/cambrabcn.org\/es\/"},{"@type":"ListItem","position":2,"name":"Servicio Financiaci\u00f3n Cambra","item":"https:\/\/cambrabcn.org\/es\/?page_id=37676"},{"@type":"ListItem","position":3,"name":"Financiaci\u00f3n bancaria y financiaci\u00f3n p\u00fablica","item":"https:\/\/cambrabcn.org\/es\/servicio-financiacion-cambra\/financiacion-bancaria-y-financiacion-publica\/"},{"@type":"ListItem","position":4,"name":"Factoring, confirming, leasing y renting"}]},{"@type":"WebSite","@id":"https:\/\/cambrabcn.org\/es\/#website","url":"https:\/\/cambrabcn.org\/es\/","name":"Cambra de Comer\u00e7 de Barcelona","description":"La Cambra de Tothom","publisher":{"@id":"https:\/\/cambrabcn.org\/es\/#organization"},"alternateName":"Cambra Oficial de Comer\u00e7, Ind\u00fastria, Serveis i Navegaci\u00f3 de Barcelona","potentialAction":[{"@type":"SearchAction","target":{"@type":"EntryPoint","urlTemplate":"https:\/\/cambrabcn.org\/es\/?s={search_term_string}"},"query-input":{"@type":"PropertyValueSpecification","valueRequired":true,"valueName":"search_term_string"}}],"inLanguage":"es"},{"@type":"Organization","@id":"https:\/\/cambrabcn.org\/es\/#organization","name":"Cambra de Comer\u00e7 de Barcelona","alternateName":"Cambra Oficial de Comer\u00e7, Ind\u00fastria, Serveis i Navegaci\u00f3 de Barcelona","url":"https:\/\/cambrabcn.org\/es\/","logo":{"@type":"ImageObject","inLanguage":"es","@id":"https:\/\/cambrabcn.org\/es\/#\/schema\/logo\/image\/","url":"https:\/\/cambrabcn.org\/wp-content\/uploads\/2023\/11\/logo-cambra-300x77-1.png","contentUrl":"https:\/\/cambrabcn.org\/wp-content\/uploads\/2023\/11\/logo-cambra-300x77-1.png","width":300,"height":77,"caption":"Cambra de Comer\u00e7 de Barcelona"},"image":{"@id":"https:\/\/cambrabcn.org\/es\/#\/schema\/logo\/image\/"},"sameAs":["https:\/\/x.com\/cambrabcn","https:\/\/www.instagram.com\/cambrabcn\/","https:\/\/www.linkedin.com\/school\/cambrabcn","https:\/\/www.youtube.com\/user\/PressCambrabcn","https:\/\/ca.wikipedia.org\/wiki\/Cambra_Oficial_de_Comer\u00e7,_Ind\u00fastria_i_Navegaci\u00f3_de_Barcelona","http:\/\/viaf.org\/viaf\/124017095"],"description":"La Cambra Oficial de Comer\u00e7, Ind\u00fastria, Serveis i Navegaci\u00f3 de Barcelona \u00e9s una corporaci\u00f3 de dret p\u00fablic que presta serveis a les empreses, contribuint a la regeneraci\u00f3 del teixit econ\u00f2mic i la creaci\u00f3 d\u2019ocupaci\u00f3.","email":"cambra@cambrabcn.cat","telephone":"+34 93 416 93 00","legalName":"La Cambra Oficial de Comer\u00e7, Ind\u00fastria, Serveis i Navegaci\u00f3 de Barcelona","foundingDate":"1886-01-01","vatID":"Q0873001B","taxID":"Q0873001B","naics":"813910"}]}},"mfb_rest_fields":["pp_statuses_selecting_workflow","pp_workflow_action","pp_status_selection","yoast_head","yoast_head_json"],"_links":{"self":[{"href":"https:\/\/cambrabcn.org\/es\/wp-json\/wp\/v2\/pages\/38915","targetHints":{"allow":["GET"]}}],"collection":[{"href":"https:\/\/cambrabcn.org\/es\/wp-json\/wp\/v2\/pages"}],"about":[{"href":"https:\/\/cambrabcn.org\/es\/wp-json\/wp\/v2\/types\/page"}],"author":[{"embeddable":true,"href":"https:\/\/cambrabcn.org\/es\/wp-json\/wp\/v2\/users\/6"}],"replies":[{"embeddable":true,"href":"https:\/\/cambrabcn.org\/es\/wp-json\/wp\/v2\/comments?post=38915"}],"version-history":[{"count":2,"href":"https:\/\/cambrabcn.org\/es\/wp-json\/wp\/v2\/pages\/38915\/revisions"}],"predecessor-version":[{"id":82088,"href":"https:\/\/cambrabcn.org\/es\/wp-json\/wp\/v2\/pages\/38915\/revisions\/82088"}],"up":[{"embeddable":true,"href":"https:\/\/cambrabcn.org\/es\/wp-json\/wp\/v2\/pages\/38763"}],"wp:attachment":[{"href":"https:\/\/cambrabcn.org\/es\/wp-json\/wp\/v2\/media?parent=38915"}],"curies":[{"name":"wp","href":"https:\/\/api.w.org\/{rel}","templated":true}]}}