{"id":37728,"date":"2024-02-01T12:00:00","date_gmt":"2024-02-01T10:00:00","guid":{"rendered":"https:\/\/cambrabcn.org\/servicio-financiacion-cambra\/guia-de-financiacion-para-pymes\/"},"modified":"2024-06-11T19:10:32","modified_gmt":"2024-06-11T17:10:32","slug":"guia-de-financiacion-para-pymes","status":"publish","type":"page","link":"https:\/\/cambrabcn.org\/es\/servicio-financiacion-cambra\/informacion-y-formacion-en-cultura-financiera\/guia-de-financiacion-para-pymes\/","title":{"rendered":"Gu\u00eda de financiaci\u00f3n para pymes"},"content":{"rendered":"\n<p><\/p>\n\n\n<div class=\"wp-block-cambra-custom-blocks-cambra-breadcrumbs\"><nav role=\"navigation\" aria-label=\"Breadcrumb\" class=\"breadcrumb\"><ol class=\"breadcrumb-items\"><li class=\"breadcrumb-item breadcrumb-item--current breadcrumb-item--home\"><span class=\"breadcrumb-item-name\">Inicio<\/span><\/li><\/ol><\/nav><\/div>\n\n\n<h3 class=\"wp-block-heading\">Gu\u00eda de financiaci\u00f3n para pymes<\/h3>\n\n\n\n<figure class=\"wp-block-image size-large is-resized\"><img data-dominant-color=\"a5a79b\" data-has-transparency=\"true\" loading=\"lazy\" decoding=\"async\" width=\"1024\" height=\"205\" src=\"https:\/\/cambrabcn.org\/wp-content\/uploads\/2023\/12\/Cultura_financera_1200x240-1024x205.png\" alt=\"\" class=\"wp-image-5074 has-transparency\" style=\"--dominant-color: #a5a79b; width:1200px\" srcset=\"https:\/\/cambrabcn.org\/wp-content\/uploads\/2023\/12\/Cultura_financera_1200x240-1024x205.png 1024w, https:\/\/cambrabcn.org\/wp-content\/uploads\/2023\/12\/Cultura_financera_1200x240-300x60.png 300w, https:\/\/cambrabcn.org\/wp-content\/uploads\/2023\/12\/Cultura_financera_1200x240-768x154.png 768w, https:\/\/cambrabcn.org\/wp-content\/uploads\/2023\/12\/Cultura_financera_1200x240-600x120.png 600w, https:\/\/cambrabcn.org\/wp-content\/uploads\/2023\/12\/Cultura_financera_1200x240.png 1200w\" sizes=\"auto, (max-width: 1024px) 100vw, 1024px\" \/><\/figure>\n\n\n\n<p>En esta gu\u00eda encontrar\u00e1s <strong>consejos b\u00e1sicos<\/strong> para una buena gesti\u00f3n de la financiaci\u00f3n empresarial, una descripci\u00f3n de las diferentes <strong>herramientas e instrumentos de financiaci\u00f3n<\/strong> que hay en el mercado financiero, las <strong>entidades promotoras y emisoras de financiaci\u00f3n<\/strong> ya sean \u00e9stas p\u00fablicas o privadas, y la <strong>finalidad u objetivo de la inversi\u00f3n<\/strong>, uno de los aspectos clave para elegir el instrumento m\u00e1s adecuado y la entidad de financiaci\u00f3n m\u00e1s id\u00f3nea para tu caso.<\/p>\n\n\n\n<p>Esta gu\u00eda quiere dar <strong>respuesta de manera ordenada a las principales cuestiones<\/strong> que los propietarios y gestores de las Pymes se pueden plantear a la hora de buscar financiaci\u00f3n:<\/p>\n\n\n\n<ul class=\"wp-block-list\">\n<li>\u00bfCu\u00e1les son los instrumentos financieros que tengo al alcance?<\/li>\n\n\n\n<li>\u00bfQui\u00e9n me puede facilitar la financiaci\u00f3n que necesito?<\/li>\n\n\n\n<li>\u00bfCu\u00e1l es el instrumento m\u00e1s adecuado para mi situaci\u00f3n?<\/li>\n<\/ul>\n\n\n\n<div class=\"wp-block-buttons is-content-justification-left is-layout-flex wp-container-core-buttons-is-layout-fc4fd283 wp-block-buttons-is-layout-flex\">\n<div class=\"wp-block-button\"><a class=\"wp-block-button__link wp-element-button\" href=\"https:\/\/cambrabcn.org\/wp-content\/uploads\/2024\/02\/Guia-de-financament-per-a-pimes.pdf\" target=\"_blank\" rel=\"noreferrer noopener\">desc\u00e1rgate la gu\u00eda<\/a><\/div>\n<\/div>\n\n\n\n<div style=\"height:30px\" aria-hidden=\"true\" class=\"wp-block-spacer\"><\/div>\n","protected":false},"excerpt":{"rendered":"<p>Gu\u00eda de financiaci\u00f3n para pymes En esta gu\u00eda encontrar\u00e1s consejos b\u00e1sicos para una buena gesti\u00f3n de la financiaci\u00f3n empresarial, una descripci\u00f3n de las diferentes herramientas e instrumentos de financiaci\u00f3n que hay en el mercado financiero, las entidades promotoras y emisoras de financiaci\u00f3n ya sean \u00e9stas p\u00fablicas o privadas, y la finalidad u objetivo de la [&hellip;]<\/p>\n","protected":false},"author":6,"featured_media":0,"parent":37852,"menu_order":1,"comment_status":"closed","ping_status":"closed","template":"","meta":{"_acf_changed":false,"inline_featured_image":false,"ep_exclude_from_search":false,"footnotes":""},"class_list":["post-37728","page","type-page","status-publish","hentry"],"pp_statuses_selecting_workflow":false,"pp_workflow_action":"current","pp_status_selection":"publish","acf":[],"yoast_head":"<!-- This site is optimized with the Yoast SEO Premium plugin v27.1 (Yoast SEO v27.4) - https:\/\/yoast.com\/product\/yoast-seo-premium-wordpress\/ -->\n<title>Gu\u00eda de financiaci\u00f3n para pymes | Cambra de Comer\u00e7 de Barcelona<\/title>\n<meta name=\"robots\" content=\"index, follow, max-snippet:-1, max-image-preview:large, max-video-preview:-1\" \/>\n<link rel=\"canonical\" href=\"https:\/\/cambrabcn.org\/es\/servicio-financiacion-cambra\/informacion-y-formacion-en-cultura-financiera\/guia-de-financiacion-para-pymes\/\" \/>\n<meta property=\"og:locale\" content=\"es_ES\" \/>\n<meta property=\"og:type\" content=\"article\" \/>\n<meta property=\"og:title\" content=\"Gu\u00eda de financiaci\u00f3n para pymes\" \/>\n<meta property=\"og:description\" content=\"Gu\u00eda de financiaci\u00f3n para pymes En esta gu\u00eda encontrar\u00e1s consejos b\u00e1sicos para una buena gesti\u00f3n de la financiaci\u00f3n empresarial, una descripci\u00f3n de las diferentes herramientas e instrumentos de financiaci\u00f3n que hay en el mercado financiero, las entidades promotoras y emisoras de financiaci\u00f3n ya sean \u00e9stas p\u00fablicas o privadas, y la finalidad u objetivo de la [&hellip;]\" \/>\n<meta property=\"og:url\" content=\"https:\/\/cambrabcn.org\/es\/servicio-financiacion-cambra\/informacion-y-formacion-en-cultura-financiera\/guia-de-financiacion-para-pymes\/\" \/>\n<meta property=\"og:site_name\" content=\"Cambra de Comer\u00e7 de Barcelona\" \/>\n<meta property=\"article:modified_time\" content=\"2024-06-11T17:10:32+00:00\" \/>\n<meta property=\"og:image\" content=\"https:\/\/cambrabcn.org\/wp-content\/uploads\/2023\/12\/Cultura_financera_1200x240-1024x205.png\" \/>\n<meta name=\"twitter:card\" content=\"summary_large_image\" \/>\n<meta name=\"twitter:site\" content=\"@cambrabcn\" \/>\n<meta name=\"twitter:label1\" content=\"Tiempo de lectura\" \/>\n\t<meta name=\"twitter:data1\" content=\"1 minuto\" \/>\n<script type=\"application\/ld+json\" class=\"yoast-schema-graph\">{\"@context\":\"https:\\\/\\\/schema.org\",\"@graph\":[{\"@type\":\"WebPage\",\"@id\":\"https:\\\/\\\/cambrabcn.org\\\/es\\\/servicio-financiacion-cambra\\\/informacion-y-formacion-en-cultura-financiera\\\/guia-de-financiacion-para-pymes\\\/\",\"url\":\"https:\\\/\\\/cambrabcn.org\\\/es\\\/servicio-financiacion-cambra\\\/informacion-y-formacion-en-cultura-financiera\\\/guia-de-financiacion-para-pymes\\\/\",\"name\":\"Gu\u00eda de financiaci\u00f3n para pymes | Cambra de Comer\u00e7 de Barcelona\",\"isPartOf\":{\"@id\":\"https:\\\/\\\/cambrabcn.org\\\/es\\\/#website\"},\"primaryImageOfPage\":{\"@id\":\"https:\\\/\\\/cambrabcn.org\\\/es\\\/servicio-financiacion-cambra\\\/informacion-y-formacion-en-cultura-financiera\\\/guia-de-financiacion-para-pymes\\\/#primaryimage\"},\"image\":{\"@id\":\"https:\\\/\\\/cambrabcn.org\\\/es\\\/servicio-financiacion-cambra\\\/informacion-y-formacion-en-cultura-financiera\\\/guia-de-financiacion-para-pymes\\\/#primaryimage\"},\"thumbnailUrl\":\"https:\\\/\\\/cambrabcn.org\\\/wp-content\\\/uploads\\\/2023\\\/12\\\/Cultura_financera_1200x240-1024x205.png\",\"datePublished\":\"2024-02-01T10:00:00+00:00\",\"dateModified\":\"2024-06-11T17:10:32+00:00\",\"breadcrumb\":{\"@id\":\"https:\\\/\\\/cambrabcn.org\\\/es\\\/servicio-financiacion-cambra\\\/informacion-y-formacion-en-cultura-financiera\\\/guia-de-financiacion-para-pymes\\\/#breadcrumb\"},\"inLanguage\":\"es\",\"potentialAction\":[{\"@type\":\"ReadAction\",\"target\":[\"https:\\\/\\\/cambrabcn.org\\\/es\\\/servicio-financiacion-cambra\\\/informacion-y-formacion-en-cultura-financiera\\\/guia-de-financiacion-para-pymes\\\/\"]}]},{\"@type\":\"ImageObject\",\"inLanguage\":\"es\",\"@id\":\"https:\\\/\\\/cambrabcn.org\\\/es\\\/servicio-financiacion-cambra\\\/informacion-y-formacion-en-cultura-financiera\\\/guia-de-financiacion-para-pymes\\\/#primaryimage\",\"url\":\"https:\\\/\\\/cambrabcn.org\\\/wp-content\\\/uploads\\\/2023\\\/12\\\/Cultura_financera_1200x240-1024x205.png\",\"contentUrl\":\"https:\\\/\\\/cambrabcn.org\\\/wp-content\\\/uploads\\\/2023\\\/12\\\/Cultura_financera_1200x240-1024x205.png\"},{\"@type\":\"BreadcrumbList\",\"@id\":\"https:\\\/\\\/cambrabcn.org\\\/es\\\/servicio-financiacion-cambra\\\/informacion-y-formacion-en-cultura-financiera\\\/guia-de-financiacion-para-pymes\\\/#breadcrumb\",\"itemListElement\":[{\"@type\":\"ListItem\",\"position\":1,\"name\":\"Home\",\"item\":\"https:\\\/\\\/cambrabcn.org\\\/es\\\/\"},{\"@type\":\"ListItem\",\"position\":2,\"name\":\"Servicio Financiaci\u00f3n Cambra\",\"item\":\"https:\\\/\\\/cambrabcn.org\\\/es\\\/?page_id=37676\"},{\"@type\":\"ListItem\",\"position\":3,\"name\":\"Informaci\u00f3n y formaci\u00f3n en cultura financiera\",\"item\":\"https:\\\/\\\/cambrabcn.org\\\/es\\\/servicio-financiacion-cambra\\\/informacion-y-formacion-en-cultura-financiera\\\/\"},{\"@type\":\"ListItem\",\"position\":4,\"name\":\"Gu\u00eda de financiaci\u00f3n para pymes\"}]},{\"@type\":\"WebSite\",\"@id\":\"https:\\\/\\\/cambrabcn.org\\\/es\\\/#website\",\"url\":\"https:\\\/\\\/cambrabcn.org\\\/es\\\/\",\"name\":\"Cambra de Comer\u00e7 de Barcelona\",\"description\":\"La Cambra de Tothom\",\"publisher\":{\"@id\":\"https:\\\/\\\/cambrabcn.org\\\/es\\\/#organization\"},\"alternateName\":\"Cambra Oficial de Comer\u00e7, Ind\u00fastria, Serveis i Navegaci\u00f3 de Barcelona\",\"potentialAction\":[{\"@type\":\"SearchAction\",\"target\":{\"@type\":\"EntryPoint\",\"urlTemplate\":\"https:\\\/\\\/cambrabcn.org\\\/es\\\/?s={search_term_string}\"},\"query-input\":{\"@type\":\"PropertyValueSpecification\",\"valueRequired\":true,\"valueName\":\"search_term_string\"}}],\"inLanguage\":\"es\"},{\"@type\":\"Organization\",\"@id\":\"https:\\\/\\\/cambrabcn.org\\\/es\\\/#organization\",\"name\":\"Cambra de Comer\u00e7 de Barcelona\",\"alternateName\":\"Cambra Oficial de Comer\u00e7, Ind\u00fastria, Serveis i Navegaci\u00f3 de Barcelona\",\"url\":\"https:\\\/\\\/cambrabcn.org\\\/es\\\/\",\"logo\":{\"@type\":\"ImageObject\",\"inLanguage\":\"es\",\"@id\":\"https:\\\/\\\/cambrabcn.org\\\/es\\\/#\\\/schema\\\/logo\\\/image\\\/\",\"url\":\"https:\\\/\\\/cambrabcn.org\\\/wp-content\\\/uploads\\\/2023\\\/11\\\/logo-cambra-300x77-1.png\",\"contentUrl\":\"https:\\\/\\\/cambrabcn.org\\\/wp-content\\\/uploads\\\/2023\\\/11\\\/logo-cambra-300x77-1.png\",\"width\":300,\"height\":77,\"caption\":\"Cambra de Comer\u00e7 de Barcelona\"},\"image\":{\"@id\":\"https:\\\/\\\/cambrabcn.org\\\/es\\\/#\\\/schema\\\/logo\\\/image\\\/\"},\"sameAs\":[\"https:\\\/\\\/x.com\\\/cambrabcn\",\"https:\\\/\\\/www.instagram.com\\\/cambrabcn\\\/\",\"https:\\\/\\\/www.linkedin.com\\\/school\\\/cambrabcn\",\"https:\\\/\\\/www.youtube.com\\\/user\\\/PressCambrabcn\",\"https:\\\/\\\/ca.wikipedia.org\\\/wiki\\\/Cambra_Oficial_de_Comer\u00e7,_Ind\u00fastria_i_Navegaci\u00f3_de_Barcelona\",\"http:\\\/\\\/viaf.org\\\/viaf\\\/124017095\"],\"description\":\"La Cambra Oficial de Comer\u00e7, Ind\u00fastria, Serveis i Navegaci\u00f3 de Barcelona \u00e9s una corporaci\u00f3 de dret p\u00fablic que presta serveis a les empreses, contribuint a la regeneraci\u00f3 del teixit econ\u00f2mic i la creaci\u00f3 d\u2019ocupaci\u00f3.\",\"email\":\"cambra@cambrabcn.cat\",\"telephone\":\"+34 93 416 93 00\",\"legalName\":\"La Cambra Oficial de Comer\u00e7, Ind\u00fastria, Serveis i Navegaci\u00f3 de Barcelona\",\"foundingDate\":\"1886-01-01\",\"vatID\":\"Q0873001B\",\"taxID\":\"Q0873001B\",\"naics\":\"813910\"}]}<\/script>\n<!-- \/ Yoast SEO Premium plugin. -->","yoast_head_json":{"title":"Gu\u00eda de financiaci\u00f3n para pymes | Cambra de Comer\u00e7 de Barcelona","robots":{"index":"index","follow":"follow","max-snippet":"max-snippet:-1","max-image-preview":"max-image-preview:large","max-video-preview":"max-video-preview:-1"},"canonical":"https:\/\/cambrabcn.org\/es\/servicio-financiacion-cambra\/informacion-y-formacion-en-cultura-financiera\/guia-de-financiacion-para-pymes\/","og_locale":"es_ES","og_type":"article","og_title":"Gu\u00eda de financiaci\u00f3n para pymes","og_description":"Gu\u00eda de financiaci\u00f3n para pymes En esta gu\u00eda encontrar\u00e1s consejos b\u00e1sicos para una buena gesti\u00f3n de la financiaci\u00f3n empresarial, una descripci\u00f3n de las diferentes herramientas e instrumentos de financiaci\u00f3n que hay en el mercado financiero, las entidades promotoras y emisoras de financiaci\u00f3n ya sean \u00e9stas p\u00fablicas o privadas, y la finalidad u objetivo de la [&hellip;]","og_url":"https:\/\/cambrabcn.org\/es\/servicio-financiacion-cambra\/informacion-y-formacion-en-cultura-financiera\/guia-de-financiacion-para-pymes\/","og_site_name":"Cambra de Comer\u00e7 de Barcelona","article_modified_time":"2024-06-11T17:10:32+00:00","og_image":[{"url":"https:\/\/cambrabcn.org\/wp-content\/uploads\/2023\/12\/Cultura_financera_1200x240-1024x205.png","type":"","width":"","height":""}],"twitter_card":"summary_large_image","twitter_site":"@cambrabcn","twitter_misc":{"Tiempo de lectura":"1 minuto"},"schema":{"@context":"https:\/\/schema.org","@graph":[{"@type":"WebPage","@id":"https:\/\/cambrabcn.org\/es\/servicio-financiacion-cambra\/informacion-y-formacion-en-cultura-financiera\/guia-de-financiacion-para-pymes\/","url":"https:\/\/cambrabcn.org\/es\/servicio-financiacion-cambra\/informacion-y-formacion-en-cultura-financiera\/guia-de-financiacion-para-pymes\/","name":"Gu\u00eda de financiaci\u00f3n para pymes | Cambra de Comer\u00e7 de Barcelona","isPartOf":{"@id":"https:\/\/cambrabcn.org\/es\/#website"},"primaryImageOfPage":{"@id":"https:\/\/cambrabcn.org\/es\/servicio-financiacion-cambra\/informacion-y-formacion-en-cultura-financiera\/guia-de-financiacion-para-pymes\/#primaryimage"},"image":{"@id":"https:\/\/cambrabcn.org\/es\/servicio-financiacion-cambra\/informacion-y-formacion-en-cultura-financiera\/guia-de-financiacion-para-pymes\/#primaryimage"},"thumbnailUrl":"https:\/\/cambrabcn.org\/wp-content\/uploads\/2023\/12\/Cultura_financera_1200x240-1024x205.png","datePublished":"2024-02-01T10:00:00+00:00","dateModified":"2024-06-11T17:10:32+00:00","breadcrumb":{"@id":"https:\/\/cambrabcn.org\/es\/servicio-financiacion-cambra\/informacion-y-formacion-en-cultura-financiera\/guia-de-financiacion-para-pymes\/#breadcrumb"},"inLanguage":"es","potentialAction":[{"@type":"ReadAction","target":["https:\/\/cambrabcn.org\/es\/servicio-financiacion-cambra\/informacion-y-formacion-en-cultura-financiera\/guia-de-financiacion-para-pymes\/"]}]},{"@type":"ImageObject","inLanguage":"es","@id":"https:\/\/cambrabcn.org\/es\/servicio-financiacion-cambra\/informacion-y-formacion-en-cultura-financiera\/guia-de-financiacion-para-pymes\/#primaryimage","url":"https:\/\/cambrabcn.org\/wp-content\/uploads\/2023\/12\/Cultura_financera_1200x240-1024x205.png","contentUrl":"https:\/\/cambrabcn.org\/wp-content\/uploads\/2023\/12\/Cultura_financera_1200x240-1024x205.png"},{"@type":"BreadcrumbList","@id":"https:\/\/cambrabcn.org\/es\/servicio-financiacion-cambra\/informacion-y-formacion-en-cultura-financiera\/guia-de-financiacion-para-pymes\/#breadcrumb","itemListElement":[{"@type":"ListItem","position":1,"name":"Home","item":"https:\/\/cambrabcn.org\/es\/"},{"@type":"ListItem","position":2,"name":"Servicio Financiaci\u00f3n Cambra","item":"https:\/\/cambrabcn.org\/es\/?page_id=37676"},{"@type":"ListItem","position":3,"name":"Informaci\u00f3n y formaci\u00f3n en cultura financiera","item":"https:\/\/cambrabcn.org\/es\/servicio-financiacion-cambra\/informacion-y-formacion-en-cultura-financiera\/"},{"@type":"ListItem","position":4,"name":"Gu\u00eda de financiaci\u00f3n para pymes"}]},{"@type":"WebSite","@id":"https:\/\/cambrabcn.org\/es\/#website","url":"https:\/\/cambrabcn.org\/es\/","name":"Cambra de Comer\u00e7 de Barcelona","description":"La Cambra de Tothom","publisher":{"@id":"https:\/\/cambrabcn.org\/es\/#organization"},"alternateName":"Cambra Oficial de Comer\u00e7, Ind\u00fastria, Serveis i Navegaci\u00f3 de Barcelona","potentialAction":[{"@type":"SearchAction","target":{"@type":"EntryPoint","urlTemplate":"https:\/\/cambrabcn.org\/es\/?s={search_term_string}"},"query-input":{"@type":"PropertyValueSpecification","valueRequired":true,"valueName":"search_term_string"}}],"inLanguage":"es"},{"@type":"Organization","@id":"https:\/\/cambrabcn.org\/es\/#organization","name":"Cambra de Comer\u00e7 de Barcelona","alternateName":"Cambra Oficial de Comer\u00e7, Ind\u00fastria, Serveis i Navegaci\u00f3 de Barcelona","url":"https:\/\/cambrabcn.org\/es\/","logo":{"@type":"ImageObject","inLanguage":"es","@id":"https:\/\/cambrabcn.org\/es\/#\/schema\/logo\/image\/","url":"https:\/\/cambrabcn.org\/wp-content\/uploads\/2023\/11\/logo-cambra-300x77-1.png","contentUrl":"https:\/\/cambrabcn.org\/wp-content\/uploads\/2023\/11\/logo-cambra-300x77-1.png","width":300,"height":77,"caption":"Cambra de Comer\u00e7 de Barcelona"},"image":{"@id":"https:\/\/cambrabcn.org\/es\/#\/schema\/logo\/image\/"},"sameAs":["https:\/\/x.com\/cambrabcn","https:\/\/www.instagram.com\/cambrabcn\/","https:\/\/www.linkedin.com\/school\/cambrabcn","https:\/\/www.youtube.com\/user\/PressCambrabcn","https:\/\/ca.wikipedia.org\/wiki\/Cambra_Oficial_de_Comer\u00e7,_Ind\u00fastria_i_Navegaci\u00f3_de_Barcelona","http:\/\/viaf.org\/viaf\/124017095"],"description":"La Cambra Oficial de Comer\u00e7, Ind\u00fastria, Serveis i Navegaci\u00f3 de Barcelona \u00e9s una corporaci\u00f3 de dret p\u00fablic que presta serveis a les empreses, contribuint a la regeneraci\u00f3 del teixit econ\u00f2mic i la creaci\u00f3 d\u2019ocupaci\u00f3.","email":"cambra@cambrabcn.cat","telephone":"+34 93 416 93 00","legalName":"La Cambra Oficial de Comer\u00e7, Ind\u00fastria, Serveis i Navegaci\u00f3 de Barcelona","foundingDate":"1886-01-01","vatID":"Q0873001B","taxID":"Q0873001B","naics":"813910"}]}},"mfb_rest_fields":["pp_statuses_selecting_workflow","pp_workflow_action","pp_status_selection","yoast_head","yoast_head_json"],"_links":{"self":[{"href":"https:\/\/cambrabcn.org\/es\/wp-json\/wp\/v2\/pages\/37728","targetHints":{"allow":["GET"]}}],"collection":[{"href":"https:\/\/cambrabcn.org\/es\/wp-json\/wp\/v2\/pages"}],"about":[{"href":"https:\/\/cambrabcn.org\/es\/wp-json\/wp\/v2\/types\/page"}],"author":[{"embeddable":true,"href":"https:\/\/cambrabcn.org\/es\/wp-json\/wp\/v2\/users\/6"}],"replies":[{"embeddable":true,"href":"https:\/\/cambrabcn.org\/es\/wp-json\/wp\/v2\/comments?post=37728"}],"version-history":[{"count":7,"href":"https:\/\/cambrabcn.org\/es\/wp-json\/wp\/v2\/pages\/37728\/revisions"}],"predecessor-version":[{"id":40592,"href":"https:\/\/cambrabcn.org\/es\/wp-json\/wp\/v2\/pages\/37728\/revisions\/40592"}],"up":[{"embeddable":true,"href":"https:\/\/cambrabcn.org\/es\/wp-json\/wp\/v2\/pages\/37852"}],"wp:attachment":[{"href":"https:\/\/cambrabcn.org\/es\/wp-json\/wp\/v2\/media?parent=37728"}],"curies":[{"name":"wp","href":"https:\/\/api.w.org\/{rel}","templated":true}]}}