{"id":37300,"date":"2024-02-01T12:00:00","date_gmt":"2024-02-01T10:00:00","guid":{"rendered":"https:\/\/cambrabcn.org\/es-sobre-cambra\/transparencia-y-perfil-del-contratante\/transparencia\/convenis-i-contractes-subscrits-amb-les-administracions-publiques\/"},"modified":"2026-03-02T11:03:03","modified_gmt":"2026-03-02T09:03:03","slug":"convenios-y-contratos-suscritos-con-las-administraciones-publicas","status":"publish","type":"page","link":"https:\/\/cambrabcn.org\/es\/es-sobre-cambra\/transparencia-y-perfil-del-contratante\/transparencia\/convenios-y-contratos-suscritos-con-las-administraciones-publicas\/","title":{"rendered":"Convenios y contratos suscritos con las Administraciones P\u00fablicas"},"content":{"rendered":"\n<div class=\"wp-block-group cambra-page-about-us-single is-layout-constrained wp-container-core-group-is-layout-e9b1e06a wp-block-group-is-layout-constrained\">\n<div style=\"height:2.5rem\" aria-hidden=\"true\" class=\"wp-block-spacer hide-mobile\"><\/div>\n\n\n\n<div class=\"wp-block-group is-layout-constrained wp-container-core-group-is-layout-6b712b1a wp-block-group-is-layout-constrained\"><div class=\"wp-block-cambra-custom-blocks-cambra-breadcrumbs\"><nav role=\"navigation\" aria-label=\"Breadcrumb\" class=\"breadcrumb\"><ol class=\"breadcrumb-items\"><li class=\"breadcrumb-item breadcrumb-item--current breadcrumb-item--home\"><span class=\"breadcrumb-item-name\">Inicio<\/span><\/li><\/ol><\/nav><\/div><\/div>\n\n\n\n<div style=\"height:2.5rem\" aria-hidden=\"true\" class=\"wp-block-spacer hide-mobile\"><\/div>\n\n\n\n<div class=\"wp-block-group main-content is-layout-constrained wp-container-core-group-is-layout-6b712b1a wp-block-group-is-layout-constrained\"><figure class=\"aligncenter wp-block-post-featured-image\"><img loading=\"lazy\" decoding=\"async\" width=\"1200\" height=\"273\" src=\"https:\/\/cambrabcn.org\/wp-content\/uploads\/2024\/06\/Convenis_1200x273.png\" class=\"attachment-post-thumbnail size-post-thumbnail wp-post-image\" alt=\"\" style=\"object-fit:cover;\" srcset=\"https:\/\/cambrabcn.org\/wp-content\/uploads\/2024\/06\/Convenis_1200x273.png 1200w, https:\/\/cambrabcn.org\/wp-content\/uploads\/2024\/06\/Convenis_1200x273-300x68.png 300w, https:\/\/cambrabcn.org\/wp-content\/uploads\/2024\/06\/Convenis_1200x273-1024x233.png 1024w, https:\/\/cambrabcn.org\/wp-content\/uploads\/2024\/06\/Convenis_1200x273-768x175.png 768w, https:\/\/cambrabcn.org\/wp-content\/uploads\/2024\/06\/Convenis_1200x273-600x137.png 600w\" sizes=\"auto, (max-width: 1200px) 100vw, 1200px\" \/><\/figure>\n\n\n<div class=\"wp-block-group cambra-bottom-line is-layout-constrained wp-container-core-group-is-layout-7fca5b48 wp-block-group-is-layout-constrained\"><h1 class=\"heading-1 wp-block-post-title\">Convenios y contratos suscritos con las Administraciones P\u00fablicas<\/h1><\/div>\n<\/div>\n\n\n\n<div style=\"height:3.75rem\" aria-hidden=\"true\" class=\"wp-block-spacer\"><\/div>\n\n\n\n<div class=\"wp-block-group has-secondary-neutral-black-color has-text-color is-layout-constrained wp-container-core-group-is-layout-6b712b1a wp-block-group-is-layout-constrained\">\n<div class=\"wp-block-group is-layout-constrained wp-container-core-group-is-layout-7fca5b48 wp-block-group-is-layout-constrained\">\n<p>La Cambra Oficial de Comer\u00e7, Ind\u00fastria, Serveis i Navegaci\u00f3 de Barcelona ha suscrito un conjunto de&nbsp;<strong>convenios y contratos de colaboraci\u00f3n con las diferentes administraciones<\/strong>, de acuerdo con lo que dispone la Ley 19\/2014 de 29 de diciembre, en el ejercicio de nuestras funciones p\u00fablicas, y el decreto 8\/2021, de 9 de febrero, sobre la transparencia y el derecho de acceso a la informaci\u00f3n p\u00fablica, para ejercer sus funciones y competencias, y para desarrollar parte de su actividad.<\/p>\n\n\n\n<p>En este apartado pod\u00e9is encontrar informaci\u00f3n relativa a sus&nbsp;<strong>\u00e1mbitos de acci\u00f3n<\/strong>,&nbsp;<strong>objeto<\/strong>&nbsp;de los mismos y&nbsp;<strong>dotaci\u00f3n presupuestaria<\/strong>.<\/p>\n\n\n\n<p class=\"download--pdf has-primary-alternative-red-color has-text-color\"><strong><a href=\"https:\/\/www.boe.es\/boe_catalan\/dias\/2013\/12\/10\/pdfs\/BOE-A-2013-12887-C.pdf\"><\/a><a href=\"\/wp-content\/uploads\/2024\/02\/Convenis-i-contractes-subscrits-amb-AAPP-2022.pdf\"><\/a><a href=\"https:\/\/cambrabcn.org\/wp-content\/uploads\/2026\/03\/Convenis-i-contractes-subscrits-amb-AAPP_2025.pdf\" target=\"_blank\" rel=\"noreferrer noopener\">Convenios y\u00a0contratos suscritos\u00a0con\u00a0las Administraciones P\u00fablicas 2025<\/a><\/strong><\/p>\n\n\n\n<p class=\"download--pdf has-primary-alternative-red-color has-text-color\"><strong><a href=\"https:\/\/www.boe.es\/boe_catalan\/dias\/2013\/12\/10\/pdfs\/BOE-A-2013-12887-C.pdf\"><\/a><a href=\"\/wp-content\/uploads\/2024\/02\/Convenis-i-contractes-subscrits-amb-AAPP-2022.pdf\"><\/a><a href=\"https:\/\/cambrabcn.org\/wp-content\/uploads\/2025\/02\/Convenis-i-contractes-subscrits-amb-AAPP_2024.pdf\" target=\"_blank\" rel=\"noreferrer noopener\">Convenios y&nbsp;contratos suscritos&nbsp;con&nbsp;las Administraciones P\u00fablicas 2024<\/a><\/strong><\/p>\n\n\n\n<p class=\"download--pdf has-primary-alternative-red-color has-text-color\"><strong><a href=\"https:\/\/www.boe.es\/boe_catalan\/dias\/2013\/12\/10\/pdfs\/BOE-A-2013-12887-C.pdf\"><\/a><a href=\"\/wp-content\/uploads\/2024\/02\/Convenis-i-contractes-subscrits-amb-AAPP-2022.pdf\"><\/a><a href=\"https:\/\/cambrabcn.org\/wp-content\/uploads\/2024\/03\/Convenis-i-contractes-subscrits-amb-AAPP_2023.pdf\" target=\"_blank\" rel=\"noreferrer noopener\">Convenios y&nbsp;contratos suscritos&nbsp;con&nbsp;las Administraciones P\u00fablicas 2023<\/a><\/strong><\/p>\n\n\n\n<p class=\"download--pdf has-primary-alternative-red-color has-text-color\"><strong><a href=\"https:\/\/cambrabcn.org\/wp-content\/uploads\/2024\/02\/Convenis-i-contractes-subscrits-amb-AAPP_2022.pdf\" target=\"_blank\" rel=\"noreferrer noopener\">Convenios y&nbsp;contratos suscritos&nbsp;con&nbsp;las Administraciones P\u00fablicas 2022<\/a><\/strong><\/p>\n\n\n\n<p class=\"download--pdf has-primary-alternative-red-color has-text-color\"><strong><a href=\"https:\/\/cambrabcn.org\/wp-content\/uploads\/2024\/02\/Convenis-i-contractes-subscrits-amb-AAPP_2021.pdf\" target=\"_blank\" rel=\"noreferrer noopener\">Convenios y contratos suscritos con las Administraciones P\u00fablicas 2021<\/a><\/strong><\/p>\n\n\n\n<p class=\"download--pdf has-primary-alternative-red-color has-text-color\"><strong><a href=\"https:\/\/www.boe.es\/diario_boe\/txt.php?id=BOE-A-2014-11410\"><\/a><a href=\"\/wp-content\/uploads\/2024\/02\/Convenis-i-contractes-subscrits-amb-AAPP-2020.pdf\"><\/a><a href=\"https:\/\/cambrabcn.org\/wp-content\/uploads\/2024\/02\/Convenis-i-contractes-subscrits-amb-AAPP_2020.pdf\" target=\"_blank\" rel=\"noreferrer noopener\">Convenios y contratos suscritos con las Administraciones P\u00fablicas 2020<\/a><\/strong><\/p>\n\n\n\n<p class=\"download--pdf has-primary-alternative-red-color has-text-color\"><strong><a href=\"http:\/\/portaljuridic.gencat.cat\/ca\/pjur_ocults\/pjur_resultats_fitxa\/?action=fitxa&amp;mode=single&amp;documentId=680124&amp;language=ca_ES\"><\/a><a href=\"\/wp-content\/uploads\/2024\/02\/Convenis-i-contractes-subscrits-amb-AAPP-2019.pdf\"><\/a><a href=\"https:\/\/cambrabcn.org\/wp-content\/uploads\/2024\/02\/Convenis-i-contractes-subscrits-amb-AAPP_2019.pdf\" target=\"_blank\" rel=\"noreferrer noopener\">Convenios y contratos suscritos con las Administraciones P\u00fablicas 2019<\/a><\/strong><\/p>\n\n\n\n<p class=\"download--pdf has-primary-alternative-red-color has-text-color\"><strong><a href=\"http:\/\/portaldogc.gencat.cat\/utilsEADOP\/PDF\/6924\/1437244.pdf\"><\/a><a href=\"\/wp-content\/uploads\/2024\/02\/Convenis-i-contractes-subscrits-amb-AAPP-2018.pdf\" target=\"_blank\" rel=\"noreferrer noopener\"><\/a><a href=\"https:\/\/cambrabcn.org\/wp-content\/uploads\/2024\/02\/Convenis-i-contractes-subscrits-amb-AAPP_2018.pdf\" target=\"_blank\" rel=\"noreferrer noopener\">Convenios y contratos suscritos con las Administraciones P\u00fablicas 2018<\/a><\/strong><\/p>\n\n\n\n<p class=\"download--pdf has-primary-alternative-red-color has-text-color\"><strong><a href=\"http:\/\/portaldogc.gencat.cat\/utilsEADOP\/PDF\/6924\/1437244.pdf\"><\/a><a href=\"\/wp-content\/uploads\/2024\/02\/Convenis-i-contractes-subscrits-amb-AAPP-2017.pdf\" target=\"_blank\" rel=\"noreferrer noopener\"><\/a><a href=\"https:\/\/cambrabcn.org\/wp-content\/uploads\/2024\/02\/Convenis-i-contractes-subscrits-amb-AAPP_2017.pdf\" target=\"_blank\" rel=\"noreferrer noopener\">Convenios y contratos suscritos con las Administraciones P\u00fablicas 2017<\/a><\/strong><\/p>\n\n\n\n<p class=\"download--pdf has-primary-alternative-red-color has-text-color\"><strong><a href=\"http:\/\/portaldogc.gencat.cat\/utilsEADOP\/PDF\/6924\/1437244.pdf\"><\/a><a href=\"\/wp-content\/uploads\/2024\/02\/Convenis-i-contractes-subscrits-amb-AAPP-2016.pdf\" target=\"_blank\" rel=\"noreferrer noopener\"><\/a><a href=\"https:\/\/cambrabcn.org\/wp-content\/uploads\/2024\/02\/Convenis-i-contractes-subscrits-amb-AAPP_2016.pdf\" target=\"_blank\" rel=\"noreferrer noopener\">Convenios y contratos suscritos con las Administraciones P\u00fablicas 2016<\/a><\/strong><\/p>\n<\/div>\n<\/div>\n\n\n\n<div style=\"height:3rem\" aria-hidden=\"true\" class=\"wp-block-spacer hide-mobile\"><\/div>\n<\/div>\n","protected":false},"excerpt":{"rendered":"<p>La Cambra Oficial de Comer\u00e7, Ind\u00fastria, Serveis i Navegaci\u00f3 de Barcelona ha suscrito un conjunto de&nbsp;convenios y contratos de colaboraci\u00f3n con las diferentes administraciones, de acuerdo con lo que dispone la Ley 19\/2014 de 29 de diciembre, en el ejercicio de nuestras funciones p\u00fablicas, y el decreto 8\/2021, de 9 de febrero, sobre la transparencia [&hellip;]<\/p>\n","protected":false},"author":2,"featured_media":54194,"parent":1466,"menu_order":0,"comment_status":"closed","ping_status":"closed","template":"","meta":{"_acf_changed":false,"inline_featured_image":false,"ep_exclude_from_search":false,"footnotes":""},"class_list":["post-37300","page","type-page","status-publish","has-post-thumbnail","hentry"],"pp_statuses_selecting_workflow":false,"pp_workflow_action":"current","pp_status_selection":"publish","acf":[],"yoast_head":"<!-- This site is optimized with the Yoast SEO Premium plugin v27.1 (Yoast SEO v27.1.1) - https:\/\/yoast.com\/product\/yoast-seo-premium-wordpress\/ -->\n<title>Convenios y contratos suscritos con las Administraciones P\u00fablicas | Cambra de Comer\u00e7 de Barcelona<\/title>\n<meta name=\"robots\" content=\"index, follow, max-snippet:-1, max-image-preview:large, max-video-preview:-1\" \/>\n<link rel=\"canonical\" href=\"https:\/\/cambrabcn.org\/es\/es-sobre-cambra\/transparencia-y-perfil-del-contratante\/transparencia\/convenios-y-contratos-suscritos-con-las-administraciones-publicas\/\" \/>\n<meta property=\"og:locale\" content=\"es_ES\" \/>\n<meta property=\"og:type\" content=\"article\" \/>\n<meta property=\"og:title\" content=\"Convenios y contratos suscritos con las Administraciones P\u00fablicas\" \/>\n<meta property=\"og:description\" content=\"La Cambra Oficial de Comer\u00e7, Ind\u00fastria, Serveis i Navegaci\u00f3 de Barcelona ha suscrito un conjunto de&nbsp;convenios y contratos de colaboraci\u00f3n con las diferentes administraciones, de acuerdo con lo que dispone la Ley 19\/2014 de 29 de diciembre, en el ejercicio de nuestras funciones p\u00fablicas, y el decreto 8\/2021, de 9 de febrero, sobre la transparencia [&hellip;]\" \/>\n<meta property=\"og:url\" content=\"https:\/\/cambrabcn.org\/es\/es-sobre-cambra\/transparencia-y-perfil-del-contratante\/transparencia\/convenios-y-contratos-suscritos-con-las-administraciones-publicas\/\" \/>\n<meta property=\"og:site_name\" content=\"Cambra de Comer\u00e7 de Barcelona\" \/>\n<meta property=\"article:modified_time\" content=\"2026-03-02T09:03:03+00:00\" \/>\n<meta property=\"og:image\" content=\"https:\/\/cambrabcn.org\/wp-content\/uploads\/2024\/06\/Convenis_1200x273.png\" \/>\n\t<meta property=\"og:image:width\" content=\"1200\" \/>\n\t<meta property=\"og:image:height\" content=\"273\" \/>\n\t<meta property=\"og:image:type\" content=\"image\/png\" \/>\n<meta name=\"twitter:card\" content=\"summary_large_image\" \/>\n<meta name=\"twitter:site\" content=\"@cambrabcn\" \/>\n<meta name=\"twitter:label1\" content=\"Tiempo de lectura\" \/>\n\t<meta name=\"twitter:data1\" content=\"2 minutos\" \/>\n<script type=\"application\/ld+json\" class=\"yoast-schema-graph\">{\"@context\":\"https:\/\/schema.org\",\"@graph\":[{\"@type\":\"WebPage\",\"@id\":\"https:\/\/cambrabcn.org\/es\/es-sobre-cambra\/transparencia-y-perfil-del-contratante\/transparencia\/convenios-y-contratos-suscritos-con-las-administraciones-publicas\/\",\"url\":\"https:\/\/cambrabcn.org\/es\/es-sobre-cambra\/transparencia-y-perfil-del-contratante\/transparencia\/convenios-y-contratos-suscritos-con-las-administraciones-publicas\/\",\"name\":\"Convenios y contratos suscritos con las Administraciones P\u00fablicas | Cambra de Comer\u00e7 de Barcelona\",\"isPartOf\":{\"@id\":\"https:\/\/cambrabcn.org\/es\/#website\"},\"primaryImageOfPage\":{\"@id\":\"https:\/\/cambrabcn.org\/es\/es-sobre-cambra\/transparencia-y-perfil-del-contratante\/transparencia\/convenios-y-contratos-suscritos-con-las-administraciones-publicas\/#primaryimage\"},\"image\":{\"@id\":\"https:\/\/cambrabcn.org\/es\/es-sobre-cambra\/transparencia-y-perfil-del-contratante\/transparencia\/convenios-y-contratos-suscritos-con-las-administraciones-publicas\/#primaryimage\"},\"thumbnailUrl\":\"https:\/\/cambrabcn.org\/wp-content\/uploads\/2024\/06\/Convenis_1200x273.png\",\"datePublished\":\"2024-02-01T10:00:00+00:00\",\"dateModified\":\"2026-03-02T09:03:03+00:00\",\"breadcrumb\":{\"@id\":\"https:\/\/cambrabcn.org\/es\/es-sobre-cambra\/transparencia-y-perfil-del-contratante\/transparencia\/convenios-y-contratos-suscritos-con-las-administraciones-publicas\/#breadcrumb\"},\"inLanguage\":\"es\",\"potentialAction\":[{\"@type\":\"ReadAction\",\"target\":[\"https:\/\/cambrabcn.org\/es\/es-sobre-cambra\/transparencia-y-perfil-del-contratante\/transparencia\/convenios-y-contratos-suscritos-con-las-administraciones-publicas\/\"]}]},{\"@type\":\"ImageObject\",\"inLanguage\":\"es\",\"@id\":\"https:\/\/cambrabcn.org\/es\/es-sobre-cambra\/transparencia-y-perfil-del-contratante\/transparencia\/convenios-y-contratos-suscritos-con-las-administraciones-publicas\/#primaryimage\",\"url\":\"https:\/\/cambrabcn.org\/wp-content\/uploads\/2024\/06\/Convenis_1200x273.png\",\"contentUrl\":\"https:\/\/cambrabcn.org\/wp-content\/uploads\/2024\/06\/Convenis_1200x273.png\",\"width\":1200,\"height\":273},{\"@type\":\"BreadcrumbList\",\"@id\":\"https:\/\/cambrabcn.org\/es\/es-sobre-cambra\/transparencia-y-perfil-del-contratante\/transparencia\/convenios-y-contratos-suscritos-con-las-administraciones-publicas\/#breadcrumb\",\"itemListElement\":[{\"@type\":\"ListItem\",\"position\":1,\"name\":\"Home\",\"item\":\"https:\/\/cambrabcn.org\/es\/\"},{\"@type\":\"ListItem\",\"position\":2,\"name\":\"Sobre Cambra\",\"item\":\"https:\/\/cambrabcn.org\/es\/es-sobre-cambra\/\"},{\"@type\":\"ListItem\",\"position\":3,\"name\":\"Transparencia y Perfil del contratante\",\"item\":\"https:\/\/cambrabcn.org\/es\/es-sobre-cambra\/transparencia-y-perfil-del-contratante\/\"},{\"@type\":\"ListItem\",\"position\":4,\"name\":\"Transparencia\",\"item\":\"https:\/\/cambrabcn.org\/es\/es-sobre-cambra\/transparencia-y-perfil-del-contratante\/transparencia\/\"},{\"@type\":\"ListItem\",\"position\":5,\"name\":\"Convenios y contratos suscritos con las Administraciones P\u00fablicas\"}]},{\"@type\":\"WebSite\",\"@id\":\"https:\/\/cambrabcn.org\/es\/#website\",\"url\":\"https:\/\/cambrabcn.org\/es\/\",\"name\":\"Cambra de Comer\u00e7 de Barcelona\",\"description\":\"La Cambra de Tothom\",\"publisher\":{\"@id\":\"https:\/\/cambrabcn.org\/es\/#organization\"},\"alternateName\":\"Cambra Oficial de Comer\u00e7, Ind\u00fastria, Serveis i Navegaci\u00f3 de Barcelona\",\"potentialAction\":[{\"@type\":\"SearchAction\",\"target\":{\"@type\":\"EntryPoint\",\"urlTemplate\":\"https:\/\/cambrabcn.org\/es\/?s={search_term_string}\"},\"query-input\":{\"@type\":\"PropertyValueSpecification\",\"valueRequired\":true,\"valueName\":\"search_term_string\"}}],\"inLanguage\":\"es\"},{\"@type\":\"Organization\",\"@id\":\"https:\/\/cambrabcn.org\/es\/#organization\",\"name\":\"Cambra de Comer\u00e7 de Barcelona\",\"alternateName\":\"Cambra Oficial de Comer\u00e7, Ind\u00fastria, Serveis i Navegaci\u00f3 de Barcelona\",\"url\":\"https:\/\/cambrabcn.org\/es\/\",\"logo\":{\"@type\":\"ImageObject\",\"inLanguage\":\"es\",\"@id\":\"https:\/\/cambrabcn.org\/es\/#\/schema\/logo\/image\/\",\"url\":\"https:\/\/cambrabcn.org\/wp-content\/uploads\/2023\/11\/logo-cambra-300x77-1.png\",\"contentUrl\":\"https:\/\/cambrabcn.org\/wp-content\/uploads\/2023\/11\/logo-cambra-300x77-1.png\",\"width\":300,\"height\":77,\"caption\":\"Cambra de Comer\u00e7 de Barcelona\"},\"image\":{\"@id\":\"https:\/\/cambrabcn.org\/es\/#\/schema\/logo\/image\/\"},\"sameAs\":[\"https:\/\/x.com\/cambrabcn\",\"https:\/\/www.instagram.com\/cambrabcn\/\",\"https:\/\/www.linkedin.com\/school\/cambrabcn\",\"https:\/\/www.youtube.com\/user\/PressCambrabcn\",\"https:\/\/ca.wikipedia.org\/wiki\/Cambra_Oficial_de_Comer\u00e7,_Ind\u00fastria_i_Navegaci\u00f3_de_Barcelona\",\"http:\/\/viaf.org\/viaf\/124017095\"],\"description\":\"La Cambra Oficial de Comer\u00e7, Ind\u00fastria, Serveis i Navegaci\u00f3 de Barcelona \u00e9s una corporaci\u00f3 de dret p\u00fablic que presta serveis a les empreses, contribuint a la regeneraci\u00f3 del teixit econ\u00f2mic i la creaci\u00f3 d\u2019ocupaci\u00f3.\",\"email\":\"cambra@cambrabcn.cat\",\"telephone\":\"+34 93 416 93 00\",\"legalName\":\"La Cambra Oficial de Comer\u00e7, Ind\u00fastria, Serveis i Navegaci\u00f3 de Barcelona\",\"foundingDate\":\"1886-01-01\",\"vatID\":\"Q0873001B\",\"taxID\":\"Q0873001B\",\"naics\":\"813910\"}]}<\/script>\n<!-- \/ Yoast SEO Premium plugin. -->","yoast_head_json":{"title":"Convenios y contratos suscritos con las Administraciones P\u00fablicas | Cambra de Comer\u00e7 de Barcelona","robots":{"index":"index","follow":"follow","max-snippet":"max-snippet:-1","max-image-preview":"max-image-preview:large","max-video-preview":"max-video-preview:-1"},"canonical":"https:\/\/cambrabcn.org\/es\/es-sobre-cambra\/transparencia-y-perfil-del-contratante\/transparencia\/convenios-y-contratos-suscritos-con-las-administraciones-publicas\/","og_locale":"es_ES","og_type":"article","og_title":"Convenios y contratos suscritos con las Administraciones P\u00fablicas","og_description":"La Cambra Oficial de Comer\u00e7, Ind\u00fastria, Serveis i Navegaci\u00f3 de Barcelona ha suscrito un conjunto de&nbsp;convenios y contratos de colaboraci\u00f3n con las diferentes administraciones, de acuerdo con lo que dispone la Ley 19\/2014 de 29 de diciembre, en el ejercicio de nuestras funciones p\u00fablicas, y el decreto 8\/2021, de 9 de febrero, sobre la transparencia [&hellip;]","og_url":"https:\/\/cambrabcn.org\/es\/es-sobre-cambra\/transparencia-y-perfil-del-contratante\/transparencia\/convenios-y-contratos-suscritos-con-las-administraciones-publicas\/","og_site_name":"Cambra de Comer\u00e7 de Barcelona","article_modified_time":"2026-03-02T09:03:03+00:00","og_image":[{"width":1200,"height":273,"url":"https:\/\/cambrabcn.org\/wp-content\/uploads\/2024\/06\/Convenis_1200x273.png","type":"image\/png"}],"twitter_card":"summary_large_image","twitter_site":"@cambrabcn","twitter_misc":{"Tiempo de lectura":"2 minutos"},"schema":{"@context":"https:\/\/schema.org","@graph":[{"@type":"WebPage","@id":"https:\/\/cambrabcn.org\/es\/es-sobre-cambra\/transparencia-y-perfil-del-contratante\/transparencia\/convenios-y-contratos-suscritos-con-las-administraciones-publicas\/","url":"https:\/\/cambrabcn.org\/es\/es-sobre-cambra\/transparencia-y-perfil-del-contratante\/transparencia\/convenios-y-contratos-suscritos-con-las-administraciones-publicas\/","name":"Convenios y contratos suscritos con las Administraciones P\u00fablicas | Cambra de Comer\u00e7 de Barcelona","isPartOf":{"@id":"https:\/\/cambrabcn.org\/es\/#website"},"primaryImageOfPage":{"@id":"https:\/\/cambrabcn.org\/es\/es-sobre-cambra\/transparencia-y-perfil-del-contratante\/transparencia\/convenios-y-contratos-suscritos-con-las-administraciones-publicas\/#primaryimage"},"image":{"@id":"https:\/\/cambrabcn.org\/es\/es-sobre-cambra\/transparencia-y-perfil-del-contratante\/transparencia\/convenios-y-contratos-suscritos-con-las-administraciones-publicas\/#primaryimage"},"thumbnailUrl":"https:\/\/cambrabcn.org\/wp-content\/uploads\/2024\/06\/Convenis_1200x273.png","datePublished":"2024-02-01T10:00:00+00:00","dateModified":"2026-03-02T09:03:03+00:00","breadcrumb":{"@id":"https:\/\/cambrabcn.org\/es\/es-sobre-cambra\/transparencia-y-perfil-del-contratante\/transparencia\/convenios-y-contratos-suscritos-con-las-administraciones-publicas\/#breadcrumb"},"inLanguage":"es","potentialAction":[{"@type":"ReadAction","target":["https:\/\/cambrabcn.org\/es\/es-sobre-cambra\/transparencia-y-perfil-del-contratante\/transparencia\/convenios-y-contratos-suscritos-con-las-administraciones-publicas\/"]}]},{"@type":"ImageObject","inLanguage":"es","@id":"https:\/\/cambrabcn.org\/es\/es-sobre-cambra\/transparencia-y-perfil-del-contratante\/transparencia\/convenios-y-contratos-suscritos-con-las-administraciones-publicas\/#primaryimage","url":"https:\/\/cambrabcn.org\/wp-content\/uploads\/2024\/06\/Convenis_1200x273.png","contentUrl":"https:\/\/cambrabcn.org\/wp-content\/uploads\/2024\/06\/Convenis_1200x273.png","width":1200,"height":273},{"@type":"BreadcrumbList","@id":"https:\/\/cambrabcn.org\/es\/es-sobre-cambra\/transparencia-y-perfil-del-contratante\/transparencia\/convenios-y-contratos-suscritos-con-las-administraciones-publicas\/#breadcrumb","itemListElement":[{"@type":"ListItem","position":1,"name":"Home","item":"https:\/\/cambrabcn.org\/es\/"},{"@type":"ListItem","position":2,"name":"Sobre Cambra","item":"https:\/\/cambrabcn.org\/es\/es-sobre-cambra\/"},{"@type":"ListItem","position":3,"name":"Transparencia y Perfil del contratante","item":"https:\/\/cambrabcn.org\/es\/es-sobre-cambra\/transparencia-y-perfil-del-contratante\/"},{"@type":"ListItem","position":4,"name":"Transparencia","item":"https:\/\/cambrabcn.org\/es\/es-sobre-cambra\/transparencia-y-perfil-del-contratante\/transparencia\/"},{"@type":"ListItem","position":5,"name":"Convenios y contratos suscritos con las Administraciones P\u00fablicas"}]},{"@type":"WebSite","@id":"https:\/\/cambrabcn.org\/es\/#website","url":"https:\/\/cambrabcn.org\/es\/","name":"Cambra de Comer\u00e7 de Barcelona","description":"La Cambra de Tothom","publisher":{"@id":"https:\/\/cambrabcn.org\/es\/#organization"},"alternateName":"Cambra Oficial de Comer\u00e7, Ind\u00fastria, Serveis i Navegaci\u00f3 de Barcelona","potentialAction":[{"@type":"SearchAction","target":{"@type":"EntryPoint","urlTemplate":"https:\/\/cambrabcn.org\/es\/?s={search_term_string}"},"query-input":{"@type":"PropertyValueSpecification","valueRequired":true,"valueName":"search_term_string"}}],"inLanguage":"es"},{"@type":"Organization","@id":"https:\/\/cambrabcn.org\/es\/#organization","name":"Cambra de Comer\u00e7 de Barcelona","alternateName":"Cambra Oficial de Comer\u00e7, Ind\u00fastria, Serveis i Navegaci\u00f3 de Barcelona","url":"https:\/\/cambrabcn.org\/es\/","logo":{"@type":"ImageObject","inLanguage":"es","@id":"https:\/\/cambrabcn.org\/es\/#\/schema\/logo\/image\/","url":"https:\/\/cambrabcn.org\/wp-content\/uploads\/2023\/11\/logo-cambra-300x77-1.png","contentUrl":"https:\/\/cambrabcn.org\/wp-content\/uploads\/2023\/11\/logo-cambra-300x77-1.png","width":300,"height":77,"caption":"Cambra de Comer\u00e7 de Barcelona"},"image":{"@id":"https:\/\/cambrabcn.org\/es\/#\/schema\/logo\/image\/"},"sameAs":["https:\/\/x.com\/cambrabcn","https:\/\/www.instagram.com\/cambrabcn\/","https:\/\/www.linkedin.com\/school\/cambrabcn","https:\/\/www.youtube.com\/user\/PressCambrabcn","https:\/\/ca.wikipedia.org\/wiki\/Cambra_Oficial_de_Comer\u00e7,_Ind\u00fastria_i_Navegaci\u00f3_de_Barcelona","http:\/\/viaf.org\/viaf\/124017095"],"description":"La Cambra Oficial de Comer\u00e7, Ind\u00fastria, Serveis i Navegaci\u00f3 de Barcelona \u00e9s una corporaci\u00f3 de dret p\u00fablic que presta serveis a les empreses, contribuint a la regeneraci\u00f3 del teixit econ\u00f2mic i la creaci\u00f3 d\u2019ocupaci\u00f3.","email":"cambra@cambrabcn.cat","telephone":"+34 93 416 93 00","legalName":"La Cambra Oficial de Comer\u00e7, Ind\u00fastria, Serveis i Navegaci\u00f3 de Barcelona","foundingDate":"1886-01-01","vatID":"Q0873001B","taxID":"Q0873001B","naics":"813910"}]}},"mfb_rest_fields":["pp_statuses_selecting_workflow","pp_workflow_action","pp_status_selection","yoast_head","yoast_head_json"],"_links":{"self":[{"href":"https:\/\/cambrabcn.org\/es\/wp-json\/wp\/v2\/pages\/37300","targetHints":{"allow":["GET"]}}],"collection":[{"href":"https:\/\/cambrabcn.org\/es\/wp-json\/wp\/v2\/pages"}],"about":[{"href":"https:\/\/cambrabcn.org\/es\/wp-json\/wp\/v2\/types\/page"}],"author":[{"embeddable":true,"href":"https:\/\/cambrabcn.org\/es\/wp-json\/wp\/v2\/users\/2"}],"replies":[{"embeddable":true,"href":"https:\/\/cambrabcn.org\/es\/wp-json\/wp\/v2\/comments?post=37300"}],"version-history":[{"count":2,"href":"https:\/\/cambrabcn.org\/es\/wp-json\/wp\/v2\/pages\/37300\/revisions"}],"predecessor-version":[{"id":121745,"href":"https:\/\/cambrabcn.org\/es\/wp-json\/wp\/v2\/pages\/37300\/revisions\/121745"}],"up":[{"embeddable":true,"href":"https:\/\/cambrabcn.org\/es\/wp-json\/wp\/v2\/pages\/1466"}],"wp:featuredmedia":[{"embeddable":true,"href":"https:\/\/cambrabcn.org\/es\/wp-json\/wp\/v2\/media\/54194"}],"wp:attachment":[{"href":"https:\/\/cambrabcn.org\/es\/wp-json\/wp\/v2\/media?parent=37300"}],"curies":[{"name":"wp","href":"https:\/\/api.w.org\/{rel}","templated":true}]}}