{"id":1458,"date":"2024-02-01T12:00:00","date_gmt":"2024-02-01T10:00:00","guid":{"rendered":"https:\/\/cambrabcn.org\/la-institucio\/missio-vissio-i-valors\/"},"modified":"2025-05-13T11:08:16","modified_gmt":"2025-05-13T09:08:16","slug":"mision-vision-y-valores","status":"publish","type":"page","link":"https:\/\/cambrabcn.org\/es\/es-sobre-cambra\/la-institucion\/mision-vision-y-valores\/","title":{"rendered":"Misi\u00f3n, visi\u00f3n y valores"},"content":{"rendered":"\n<div class=\"wp-block-group cambra-page-about-us-single is-layout-constrained wp-container-core-group-is-layout-e9b1e06a wp-block-group-is-layout-constrained\">\n<div style=\"height:2.5rem\" aria-hidden=\"true\" class=\"wp-block-spacer hide-mobile\"><\/div>\n\n\n\n<div class=\"wp-block-group is-layout-constrained wp-container-core-group-is-layout-6b712b1a wp-block-group-is-layout-constrained\"><div class=\"wp-block-cambra-custom-blocks-cambra-breadcrumbs\"><nav role=\"navigation\" aria-label=\"Breadcrumb\" class=\"breadcrumb\"><ol class=\"breadcrumb-items\"><li class=\"breadcrumb-item breadcrumb-item--current breadcrumb-item--home\"><span class=\"breadcrumb-item-name\">Inicio<\/span><\/li><\/ol><\/nav><\/div><\/div>\n\n\n\n<div style=\"height:2.5rem\" aria-hidden=\"true\" class=\"wp-block-spacer hide-mobile\"><\/div>\n\n\n\n<div class=\"wp-block-group main-content is-layout-constrained wp-container-core-group-is-layout-6b712b1a wp-block-group-is-layout-constrained\"><figure class=\"aligncenter wp-block-post-featured-image\"><img loading=\"lazy\" decoding=\"async\" width=\"1200\" height=\"273\" src=\"https:\/\/cambrabcn.org\/wp-content\/uploads\/2024\/03\/cambra_edifici-jpg.webp\" class=\"attachment-post-thumbnail size-post-thumbnail wp-post-image\" alt=\"\" style=\"object-fit:cover;\" srcset=\"https:\/\/cambrabcn.org\/wp-content\/uploads\/2024\/03\/cambra_edifici-jpg.webp 1200w, https:\/\/cambrabcn.org\/wp-content\/uploads\/2024\/03\/cambra_edifici-300x68.webp 300w, https:\/\/cambrabcn.org\/wp-content\/uploads\/2024\/03\/cambra_edifici-1024x233.webp 1024w, https:\/\/cambrabcn.org\/wp-content\/uploads\/2024\/03\/cambra_edifici-768x175.webp 768w, https:\/\/cambrabcn.org\/wp-content\/uploads\/2024\/03\/cambra_edifici-600x137.webp 600w\" sizes=\"auto, (max-width: 1200px) 100vw, 1200px\" \/><\/figure>\n\n\n<div class=\"wp-block-group cambra-bottom-line is-layout-constrained wp-container-core-group-is-layout-7fca5b48 wp-block-group-is-layout-constrained\"><h1 class=\"heading-1 wp-block-post-title\">Misi\u00f3n, visi\u00f3n y valores<\/h1><\/div>\n<\/div>\n\n\n\n<div style=\"height:3.75rem\" aria-hidden=\"true\" class=\"wp-block-spacer\"><\/div>\n\n\n\n<div class=\"wp-block-group has-secondary-neutral-black-color has-text-color is-layout-constrained wp-container-core-group-is-layout-6b712b1a wp-block-group-is-layout-constrained\">\n<div class=\"wp-block-group is-layout-constrained wp-container-core-group-is-layout-7fca5b48 wp-block-group-is-layout-constrained\">\n<h2 class=\"wp-block-heading heading-4 has-secondary-light-black-color has-text-color\">Misi\u00f3n. Somos la C\u00e1mara de Todos.<\/h2>\n\n\n\n<p>La Cambra de Comer\u00e7 de Barcelona tiene como finalidad la representaci\u00f3n, promoci\u00f3n y defensa de los intereses generales del conjunto del tejido productivo para contribuir al desarrollo de la econom\u00eda. En concreto, la corporaci\u00f3n impulsa la competitividad y acompa\u00f1a a las empresas y personas aut\u00f3nomas para crear, consolidar y impulsar el crecimiento de sus negocios para hacer frente a los nuevos retos futuros.<\/p>\n<\/div>\n\n\n\n<div class=\"wp-block-group is-layout-constrained wp-container-core-group-is-layout-7fca5b48 wp-block-group-is-layout-constrained\">\n<h2 class=\"wp-block-heading heading-4 has-secondary-light-black-color has-text-color\">Visi\u00f3n. Impulsora del crecimiento y el bienestar econ\u00f3mico.<\/h2>\n\n\n\n<p>Ser una corporaci\u00f3n de referencia y de confianza del conjunto del tejido productivo, contribuyendo a su proyecci\u00f3n local, estatal e internacional y consolidaci\u00f3n para ser uno de los motores del crecimiento y el bienestar de Catalu\u00f1a y Europa.<\/p>\n<\/div>\n\n\n\n<div class=\"wp-block-group is-layout-constrained wp-container-core-group-is-layout-7fca5b48 wp-block-group-is-layout-constrained\">\n<h2 class=\"wp-block-heading heading-4 has-secondary-light-black-color has-text-color\">Valores. Cercana y con una mirada adaptada a los nuevos tiempos.<\/h2>\n\n\n\n<ul class=\"wp-block-list\">\n<li>Visi\u00f3n e innovaci\u00f3n. Impulsamos proyectos que piensan en el ma\u00f1ana y que contribuyen al progreso y al crecimiento econ\u00f3mico, apostando por el bienestar, la sostenibilidad y la resiliencia.<\/li>\n\n\n\n<li>Proximidad. estamos presentes en el territorio desarrollando iniciativas concretas y tejiendo y facilitando una relaci\u00f3n cercana y fluida.<\/li>\n\n\n\n<li>Liderazgo: fomentamos el cambio con propuestas y acciones dirigidas al conjunto de administraciones, empresas y personas aut\u00f3nomas a transformarse para crecer.<\/li>\n\n\n\n<li>Pertenencia: conectamos al conjunto de empresas y personas aut\u00f3nomas para promover sinergias e impulsar la competitividad.<\/li>\n\n\n\n<li>Conocimiento: aportamos nuestra experiencia, profesionalidad y transversalidad en beneficio del impulso del tejido productivo.<\/li>\n\n\n\n<li>Sostenibilidad: actuamos con responsabilidad social, medioambiental y econ\u00f3mica contribuyendo a construir un modelo que cuide del presente y futuro, de acuerdo con los objetivos de la Agenda 2030 de las Naciones Unidas.<\/li>\n<\/ul>\n<\/div>\n<\/div>\n\n\n\n<div style=\"height:3rem\" aria-hidden=\"true\" class=\"wp-block-spacer\"><\/div>\n\n\n\n<hr class=\"wp-block-separator has-alpha-channel-opacity is-style-wide\"\/>\n<\/div>\n\n\n\n<div class=\"wp-block-group is-layout-constrained wp-container-core-group-is-layout-7fca5b48 wp-block-group-is-layout-constrained\">\n<h3 class=\"wp-block-heading\">Somos una corporaci\u00f3n de derecho p\u00fablico<\/h3>\n\n\n\n<p>La Cambra Oficial de Comer\u00e7, Ind\u00fastria, Serveis i Navegaci\u00f3 de Barcelona es una corporaci\u00f3n de derecho p\u00fablico fundada en 1886 con sede en Barcelona, regulada por la Ley 14\/2002 de Catalu\u00f1a y por la Ley b\u00e1sica 4\/2014 estatal.<\/p>\n\n\n\n<p><a href=\"https:\/\/cido.diba.cat\/legislacio\/253820\/ley-142002-de-27-de-junio-de-las-camaras-oficial-es-de-comercio-industria-y-navegacion-de-cataluna-y-del-consejo-general-de-las-camaras-comunidad-autonoma-de-cataluna\" target=\"_blank\" rel=\"noreferrer noopener\">Ley 14\/2002, de 27 de junio, de las C\u00e1maras oficiales de Comercio, Industria&nbsp;y Navegaci\u00f3n de Catalu\u00f1a&nbsp;y del Consejo General de las C\u00e1maras (CAT)<\/a>&nbsp;<\/p>\n\n\n\n<p><a href=\"https:\/\/cambrabcn.org\/wp-content\/uploads\/2024\/06\/LLei-142002-de-27-de-Juny-de-les-Cambres-1.pdf\" target=\"_blank\" rel=\"noreferrer noopener\">Ley 4\/2014, de 1 de abril, b\u00e1sica de las C\u00e1maras oficiales de Comercio, Industria, Servicios&nbsp;y Navegaci\u00f3n<\/a><\/p>\n\n\n\n<p>Decreto Ley 3\/2017, de 27 de junio, de medidas urgentes para la celebraci\u00f3n de elecciones a las c\u00e1maras oficiales de comercio, industria, servicios&nbsp;y navegaci\u00f3n de Catalu\u00f1a&nbsp;y constituci\u00f3n de sus \u00f3rganos de gobierno&nbsp;<\/p>\n\n\n\n<h5 class=\"wp-block-heading\">Representaci\u00f3n transversal de empresas<\/h5>\n\n\n\n<p>La Cambra de Barcelona es una entidad que agrupa&nbsp;<strong>agentes econ\u00f3micos de todos los sectores de actividad<\/strong>.<\/p>\n\n\n\n<p><strong>Forman parte de la Cambra de Barcelona todas las empresas<\/strong>, nacionales y extranjeras, con actividad econ\u00f3mica en la&nbsp;<strong>demarcaci\u00f3n de Cambra de Barcelona<\/strong>.&nbsp;<\/p>\n\n\n\n<p>Somos una instituci\u00f3n de representaci\u00f3n de las aproximadamente&nbsp;<strong>300.000<\/strong>&nbsp;empresas (<strong>aut\u00f3nomos<\/strong>,&nbsp;<strong>emprendedores<\/strong>,<strong>&nbsp;peque\u00f1as empresas<\/strong>,<strong>&nbsp;medianas empresas&nbsp;<\/strong>y<strong>&nbsp;corporaciones<\/strong>) de Barcelona ciudad, del Barcelon\u00e8s, Baix Llobregat, Garraf, Anoia, Alt Pened\u00e8s, Barcelon\u00e8s Nord, Maresme, Osona, Bergued\u00e0 y Vall\u00e8s Oriental.&nbsp;<\/p>\n\n\n\n<h5 class=\"wp-block-heading\">Defensa y promoci\u00f3n de las empresas<\/h5>\n\n\n\n<p>La Cambra de Barcelona es una instituci\u00f3n representativa que garantiza la promoci\u00f3n de la actividad econ\u00f3mica y empresarial y el desarrollo sostenible del territorio.<\/p>\n\n\n\n<p>Su funci\u00f3n es&nbsp;<strong>defender los intereses generales de las empresas<\/strong>, as\u00ed como proporcionar actuaciones de&nbsp;<strong>fomento de la competitividad empresarial<\/strong>.&nbsp;<\/p>\n\n\n\n<h5 class=\"wp-block-heading\">Colaboraci\u00f3n con las administraciones<\/h5>\n\n\n\n<p>Como corporaci\u00f3n de derecho p\u00fablico con personalidad jur\u00eddica y plena capacidad de obrar, la Cambra de Barcelona colabora con las administraciones p\u00fablicas. Est\u00e1 dotada de competencias y&nbsp;<strong>funciones p\u00fablicas administrativas&nbsp;<\/strong>atribuidas por ley, con independencia de las que por delegaci\u00f3n le atribuyen las administraciones p\u00fablicas.<\/p>\n<\/div>\n\n\n\n<div style=\"height:50px\" aria-hidden=\"true\" class=\"wp-block-spacer\"><\/div>\n","protected":false},"excerpt":{"rendered":"<p>Consulta nuestra identidad y descubre lo que nos motiva y promovemos como corporaci\u00f3n. Una perspectiva adaptada a los nuevos tiempos para contribuir al progreso econ\u00f3mico.<\/p>\n","protected":false},"author":2,"featured_media":43145,"parent":1432,"menu_order":0,"comment_status":"closed","ping_status":"closed","template":"","meta":{"_acf_changed":false,"inline_featured_image":false,"ep_exclude_from_search":false,"footnotes":""},"class_list":["post-1458","page","type-page","status-publish","has-post-thumbnail","hentry"],"pp_statuses_selecting_workflow":false,"pp_workflow_action":"current","pp_status_selection":"publish","acf":[],"yoast_head":"<!-- This site is optimized with the Yoast SEO Premium plugin v27.1 (Yoast SEO v27.4) - https:\/\/yoast.com\/product\/yoast-seo-premium-wordpress\/ -->\n<title>Misi\u00f3n, visi\u00f3n y valores | Cambra de Comer\u00e7 de Barcelona<\/title>\n<meta name=\"robots\" content=\"index, follow, max-snippet:-1, max-image-preview:large, max-video-preview:-1\" \/>\n<link rel=\"canonical\" href=\"https:\/\/cambrabcn.org\/es\/es-sobre-cambra\/la-institucion\/mision-vision-y-valores\/\" \/>\n<meta property=\"og:locale\" content=\"es_ES\" \/>\n<meta property=\"og:type\" content=\"article\" \/>\n<meta property=\"og:title\" content=\"Misi\u00f3n, visi\u00f3n y valores\" \/>\n<meta property=\"og:description\" content=\"Consulta nuestra identidad y descubre lo que nos motiva y promovemos como corporaci\u00f3n. Una perspectiva adaptada a los nuevos tiempos para contribuir al progreso econ\u00f3mico.\" \/>\n<meta property=\"og:url\" content=\"https:\/\/cambrabcn.org\/es\/es-sobre-cambra\/la-institucion\/mision-vision-y-valores\/\" \/>\n<meta property=\"og:site_name\" content=\"Cambra de Comer\u00e7 de Barcelona\" \/>\n<meta property=\"article:modified_time\" content=\"2025-05-13T09:08:16+00:00\" \/>\n<meta property=\"og:image\" content=\"https:\/\/cambrabcn.org\/wp-content\/uploads\/2024\/03\/cambra_edifici-jpg.webp\" \/>\n\t<meta property=\"og:image:width\" content=\"1200\" \/>\n\t<meta property=\"og:image:height\" content=\"273\" \/>\n\t<meta property=\"og:image:type\" content=\"image\/jpeg\" \/>\n<meta name=\"twitter:card\" content=\"summary_large_image\" \/>\n<meta name=\"twitter:site\" content=\"@cambrabcn\" \/>\n<meta name=\"twitter:label1\" content=\"Tiempo de lectura\" \/>\n\t<meta name=\"twitter:data1\" content=\"4 minutos\" \/>\n<script type=\"application\/ld+json\" class=\"yoast-schema-graph\">{\"@context\":\"https:\\\/\\\/schema.org\",\"@graph\":[{\"@type\":\"WebPage\",\"@id\":\"https:\\\/\\\/cambrabcn.org\\\/es\\\/es-sobre-cambra\\\/la-institucion\\\/mision-vision-y-valores\\\/\",\"url\":\"https:\\\/\\\/cambrabcn.org\\\/es\\\/es-sobre-cambra\\\/la-institucion\\\/mision-vision-y-valores\\\/\",\"name\":\"Misi\u00f3n, visi\u00f3n y valores | Cambra de Comer\u00e7 de Barcelona\",\"isPartOf\":{\"@id\":\"https:\\\/\\\/cambrabcn.org\\\/es\\\/#website\"},\"primaryImageOfPage\":{\"@id\":\"https:\\\/\\\/cambrabcn.org\\\/es\\\/es-sobre-cambra\\\/la-institucion\\\/mision-vision-y-valores\\\/#primaryimage\"},\"image\":{\"@id\":\"https:\\\/\\\/cambrabcn.org\\\/es\\\/es-sobre-cambra\\\/la-institucion\\\/mision-vision-y-valores\\\/#primaryimage\"},\"thumbnailUrl\":\"https:\\\/\\\/cambrabcn.org\\\/wp-content\\\/uploads\\\/2024\\\/03\\\/cambra_edifici-jpg.webp\",\"datePublished\":\"2024-02-01T10:00:00+00:00\",\"dateModified\":\"2025-05-13T09:08:16+00:00\",\"breadcrumb\":{\"@id\":\"https:\\\/\\\/cambrabcn.org\\\/es\\\/es-sobre-cambra\\\/la-institucion\\\/mision-vision-y-valores\\\/#breadcrumb\"},\"inLanguage\":\"es\",\"potentialAction\":[{\"@type\":\"ReadAction\",\"target\":[\"https:\\\/\\\/cambrabcn.org\\\/es\\\/es-sobre-cambra\\\/la-institucion\\\/mision-vision-y-valores\\\/\"]}]},{\"@type\":\"ImageObject\",\"inLanguage\":\"es\",\"@id\":\"https:\\\/\\\/cambrabcn.org\\\/es\\\/es-sobre-cambra\\\/la-institucion\\\/mision-vision-y-valores\\\/#primaryimage\",\"url\":\"https:\\\/\\\/cambrabcn.org\\\/wp-content\\\/uploads\\\/2024\\\/03\\\/cambra_edifici-jpg.webp\",\"contentUrl\":\"https:\\\/\\\/cambrabcn.org\\\/wp-content\\\/uploads\\\/2024\\\/03\\\/cambra_edifici-jpg.webp\",\"width\":1200,\"height\":273},{\"@type\":\"BreadcrumbList\",\"@id\":\"https:\\\/\\\/cambrabcn.org\\\/es\\\/es-sobre-cambra\\\/la-institucion\\\/mision-vision-y-valores\\\/#breadcrumb\",\"itemListElement\":[{\"@type\":\"ListItem\",\"position\":1,\"name\":\"Home\",\"item\":\"https:\\\/\\\/cambrabcn.org\\\/es\\\/\"},{\"@type\":\"ListItem\",\"position\":2,\"name\":\"Sobre Cambra\",\"item\":\"https:\\\/\\\/cambrabcn.org\\\/es\\\/es-sobre-cambra\\\/\"},{\"@type\":\"ListItem\",\"position\":3,\"name\":\"La instituci\u00f3n\",\"item\":\"https:\\\/\\\/cambrabcn.org\\\/es\\\/es-sobre-cambra\\\/la-institucion\\\/\"},{\"@type\":\"ListItem\",\"position\":4,\"name\":\"Misi\u00f3n, visi\u00f3n y valores\"}]},{\"@type\":\"WebSite\",\"@id\":\"https:\\\/\\\/cambrabcn.org\\\/es\\\/#website\",\"url\":\"https:\\\/\\\/cambrabcn.org\\\/es\\\/\",\"name\":\"Cambra de Comer\u00e7 de Barcelona\",\"description\":\"La Cambra de Tothom\",\"publisher\":{\"@id\":\"https:\\\/\\\/cambrabcn.org\\\/es\\\/#organization\"},\"alternateName\":\"Cambra Oficial de Comer\u00e7, Ind\u00fastria, Serveis i Navegaci\u00f3 de Barcelona\",\"potentialAction\":[{\"@type\":\"SearchAction\",\"target\":{\"@type\":\"EntryPoint\",\"urlTemplate\":\"https:\\\/\\\/cambrabcn.org\\\/es\\\/?s={search_term_string}\"},\"query-input\":{\"@type\":\"PropertyValueSpecification\",\"valueRequired\":true,\"valueName\":\"search_term_string\"}}],\"inLanguage\":\"es\"},{\"@type\":\"Organization\",\"@id\":\"https:\\\/\\\/cambrabcn.org\\\/es\\\/#organization\",\"name\":\"Cambra de Comer\u00e7 de Barcelona\",\"alternateName\":\"Cambra Oficial de Comer\u00e7, Ind\u00fastria, Serveis i Navegaci\u00f3 de Barcelona\",\"url\":\"https:\\\/\\\/cambrabcn.org\\\/es\\\/\",\"logo\":{\"@type\":\"ImageObject\",\"inLanguage\":\"es\",\"@id\":\"https:\\\/\\\/cambrabcn.org\\\/es\\\/#\\\/schema\\\/logo\\\/image\\\/\",\"url\":\"https:\\\/\\\/cambrabcn.org\\\/wp-content\\\/uploads\\\/2023\\\/11\\\/logo-cambra-300x77-1.png\",\"contentUrl\":\"https:\\\/\\\/cambrabcn.org\\\/wp-content\\\/uploads\\\/2023\\\/11\\\/logo-cambra-300x77-1.png\",\"width\":300,\"height\":77,\"caption\":\"Cambra de Comer\u00e7 de Barcelona\"},\"image\":{\"@id\":\"https:\\\/\\\/cambrabcn.org\\\/es\\\/#\\\/schema\\\/logo\\\/image\\\/\"},\"sameAs\":[\"https:\\\/\\\/x.com\\\/cambrabcn\",\"https:\\\/\\\/www.instagram.com\\\/cambrabcn\\\/\",\"https:\\\/\\\/www.linkedin.com\\\/school\\\/cambrabcn\",\"https:\\\/\\\/www.youtube.com\\\/user\\\/PressCambrabcn\",\"https:\\\/\\\/ca.wikipedia.org\\\/wiki\\\/Cambra_Oficial_de_Comer\u00e7,_Ind\u00fastria_i_Navegaci\u00f3_de_Barcelona\",\"http:\\\/\\\/viaf.org\\\/viaf\\\/124017095\"],\"description\":\"La Cambra Oficial de Comer\u00e7, Ind\u00fastria, Serveis i Navegaci\u00f3 de Barcelona \u00e9s una corporaci\u00f3 de dret p\u00fablic que presta serveis a les empreses, contribuint a la regeneraci\u00f3 del teixit econ\u00f2mic i la creaci\u00f3 d\u2019ocupaci\u00f3.\",\"email\":\"cambra@cambrabcn.cat\",\"telephone\":\"+34 93 416 93 00\",\"legalName\":\"La Cambra Oficial de Comer\u00e7, Ind\u00fastria, Serveis i Navegaci\u00f3 de Barcelona\",\"foundingDate\":\"1886-01-01\",\"vatID\":\"Q0873001B\",\"taxID\":\"Q0873001B\",\"naics\":\"813910\"}]}<\/script>\n<!-- \/ Yoast SEO Premium plugin. -->","yoast_head_json":{"title":"Misi\u00f3n, visi\u00f3n y valores | Cambra de Comer\u00e7 de Barcelona","robots":{"index":"index","follow":"follow","max-snippet":"max-snippet:-1","max-image-preview":"max-image-preview:large","max-video-preview":"max-video-preview:-1"},"canonical":"https:\/\/cambrabcn.org\/es\/es-sobre-cambra\/la-institucion\/mision-vision-y-valores\/","og_locale":"es_ES","og_type":"article","og_title":"Misi\u00f3n, visi\u00f3n y valores","og_description":"Consulta nuestra identidad y descubre lo que nos motiva y promovemos como corporaci\u00f3n. Una perspectiva adaptada a los nuevos tiempos para contribuir al progreso econ\u00f3mico.","og_url":"https:\/\/cambrabcn.org\/es\/es-sobre-cambra\/la-institucion\/mision-vision-y-valores\/","og_site_name":"Cambra de Comer\u00e7 de Barcelona","article_modified_time":"2025-05-13T09:08:16+00:00","og_image":[{"width":1200,"height":273,"url":"https:\/\/cambrabcn.org\/wp-content\/uploads\/2024\/03\/cambra_edifici-jpg.webp","type":"image\/jpeg"}],"twitter_card":"summary_large_image","twitter_site":"@cambrabcn","twitter_misc":{"Tiempo de lectura":"4 minutos"},"schema":{"@context":"https:\/\/schema.org","@graph":[{"@type":"WebPage","@id":"https:\/\/cambrabcn.org\/es\/es-sobre-cambra\/la-institucion\/mision-vision-y-valores\/","url":"https:\/\/cambrabcn.org\/es\/es-sobre-cambra\/la-institucion\/mision-vision-y-valores\/","name":"Misi\u00f3n, visi\u00f3n y valores | Cambra de Comer\u00e7 de Barcelona","isPartOf":{"@id":"https:\/\/cambrabcn.org\/es\/#website"},"primaryImageOfPage":{"@id":"https:\/\/cambrabcn.org\/es\/es-sobre-cambra\/la-institucion\/mision-vision-y-valores\/#primaryimage"},"image":{"@id":"https:\/\/cambrabcn.org\/es\/es-sobre-cambra\/la-institucion\/mision-vision-y-valores\/#primaryimage"},"thumbnailUrl":"https:\/\/cambrabcn.org\/wp-content\/uploads\/2024\/03\/cambra_edifici-jpg.webp","datePublished":"2024-02-01T10:00:00+00:00","dateModified":"2025-05-13T09:08:16+00:00","breadcrumb":{"@id":"https:\/\/cambrabcn.org\/es\/es-sobre-cambra\/la-institucion\/mision-vision-y-valores\/#breadcrumb"},"inLanguage":"es","potentialAction":[{"@type":"ReadAction","target":["https:\/\/cambrabcn.org\/es\/es-sobre-cambra\/la-institucion\/mision-vision-y-valores\/"]}]},{"@type":"ImageObject","inLanguage":"es","@id":"https:\/\/cambrabcn.org\/es\/es-sobre-cambra\/la-institucion\/mision-vision-y-valores\/#primaryimage","url":"https:\/\/cambrabcn.org\/wp-content\/uploads\/2024\/03\/cambra_edifici-jpg.webp","contentUrl":"https:\/\/cambrabcn.org\/wp-content\/uploads\/2024\/03\/cambra_edifici-jpg.webp","width":1200,"height":273},{"@type":"BreadcrumbList","@id":"https:\/\/cambrabcn.org\/es\/es-sobre-cambra\/la-institucion\/mision-vision-y-valores\/#breadcrumb","itemListElement":[{"@type":"ListItem","position":1,"name":"Home","item":"https:\/\/cambrabcn.org\/es\/"},{"@type":"ListItem","position":2,"name":"Sobre Cambra","item":"https:\/\/cambrabcn.org\/es\/es-sobre-cambra\/"},{"@type":"ListItem","position":3,"name":"La instituci\u00f3n","item":"https:\/\/cambrabcn.org\/es\/es-sobre-cambra\/la-institucion\/"},{"@type":"ListItem","position":4,"name":"Misi\u00f3n, visi\u00f3n y valores"}]},{"@type":"WebSite","@id":"https:\/\/cambrabcn.org\/es\/#website","url":"https:\/\/cambrabcn.org\/es\/","name":"Cambra de Comer\u00e7 de Barcelona","description":"La Cambra de Tothom","publisher":{"@id":"https:\/\/cambrabcn.org\/es\/#organization"},"alternateName":"Cambra Oficial de Comer\u00e7, Ind\u00fastria, Serveis i Navegaci\u00f3 de Barcelona","potentialAction":[{"@type":"SearchAction","target":{"@type":"EntryPoint","urlTemplate":"https:\/\/cambrabcn.org\/es\/?s={search_term_string}"},"query-input":{"@type":"PropertyValueSpecification","valueRequired":true,"valueName":"search_term_string"}}],"inLanguage":"es"},{"@type":"Organization","@id":"https:\/\/cambrabcn.org\/es\/#organization","name":"Cambra de Comer\u00e7 de Barcelona","alternateName":"Cambra Oficial de Comer\u00e7, Ind\u00fastria, Serveis i Navegaci\u00f3 de Barcelona","url":"https:\/\/cambrabcn.org\/es\/","logo":{"@type":"ImageObject","inLanguage":"es","@id":"https:\/\/cambrabcn.org\/es\/#\/schema\/logo\/image\/","url":"https:\/\/cambrabcn.org\/wp-content\/uploads\/2023\/11\/logo-cambra-300x77-1.png","contentUrl":"https:\/\/cambrabcn.org\/wp-content\/uploads\/2023\/11\/logo-cambra-300x77-1.png","width":300,"height":77,"caption":"Cambra de Comer\u00e7 de Barcelona"},"image":{"@id":"https:\/\/cambrabcn.org\/es\/#\/schema\/logo\/image\/"},"sameAs":["https:\/\/x.com\/cambrabcn","https:\/\/www.instagram.com\/cambrabcn\/","https:\/\/www.linkedin.com\/school\/cambrabcn","https:\/\/www.youtube.com\/user\/PressCambrabcn","https:\/\/ca.wikipedia.org\/wiki\/Cambra_Oficial_de_Comer\u00e7,_Ind\u00fastria_i_Navegaci\u00f3_de_Barcelona","http:\/\/viaf.org\/viaf\/124017095"],"description":"La Cambra Oficial de Comer\u00e7, Ind\u00fastria, Serveis i Navegaci\u00f3 de Barcelona \u00e9s una corporaci\u00f3 de dret p\u00fablic que presta serveis a les empreses, contribuint a la regeneraci\u00f3 del teixit econ\u00f2mic i la creaci\u00f3 d\u2019ocupaci\u00f3.","email":"cambra@cambrabcn.cat","telephone":"+34 93 416 93 00","legalName":"La Cambra Oficial de Comer\u00e7, Ind\u00fastria, Serveis i Navegaci\u00f3 de Barcelona","foundingDate":"1886-01-01","vatID":"Q0873001B","taxID":"Q0873001B","naics":"813910"}]}},"mfb_rest_fields":["pp_statuses_selecting_workflow","pp_workflow_action","pp_status_selection","yoast_head","yoast_head_json"],"_links":{"self":[{"href":"https:\/\/cambrabcn.org\/es\/wp-json\/wp\/v2\/pages\/1458","targetHints":{"allow":["GET"]}}],"collection":[{"href":"https:\/\/cambrabcn.org\/es\/wp-json\/wp\/v2\/pages"}],"about":[{"href":"https:\/\/cambrabcn.org\/es\/wp-json\/wp\/v2\/types\/page"}],"author":[{"embeddable":true,"href":"https:\/\/cambrabcn.org\/es\/wp-json\/wp\/v2\/users\/2"}],"replies":[{"embeddable":true,"href":"https:\/\/cambrabcn.org\/es\/wp-json\/wp\/v2\/comments?post=1458"}],"version-history":[{"count":15,"href":"https:\/\/cambrabcn.org\/es\/wp-json\/wp\/v2\/pages\/1458\/revisions"}],"predecessor-version":[{"id":89002,"href":"https:\/\/cambrabcn.org\/es\/wp-json\/wp\/v2\/pages\/1458\/revisions\/89002"}],"up":[{"embeddable":true,"href":"https:\/\/cambrabcn.org\/es\/wp-json\/wp\/v2\/pages\/1432"}],"wp:featuredmedia":[{"embeddable":true,"href":"https:\/\/cambrabcn.org\/es\/wp-json\/wp\/v2\/media\/43145"}],"wp:attachment":[{"href":"https:\/\/cambrabcn.org\/es\/wp-json\/wp\/v2\/media?parent=1458"}],"curies":[{"name":"wp","href":"https:\/\/api.w.org\/{rel}","templated":true}]}}