{"id":1428,"date":"2024-02-01T12:00:00","date_gmt":"2024-02-01T10:00:00","guid":{"rendered":"https:\/\/cambrabcn.org\/nostre-model-negoci\/"},"modified":"2024-06-20T12:36:59","modified_gmt":"2024-06-20T10:36:59","slug":"nuestra-actividad","status":"publish","type":"page","link":"https:\/\/cambrabcn.org\/es\/es-sobre-cambra\/nuestra-actividad\/","title":{"rendered":"Nuestra actividad"},"content":{"rendered":"\n<div class=\"wp-block-group cambra-plp-about-us is-layout-constrained wp-container-core-group-is-layout-e555385e wp-block-group-is-layout-constrained\">\n<div class=\"wp-block-group cambra-plp-about-us is-layout-constrained wp-container-core-group-is-layout-e555385e wp-block-group-is-layout-constrained\">\n<div style=\"height:1.5rem\" aria-hidden=\"true\" class=\"wp-block-spacer\"><\/div>\n\n\n<div class=\"wp-block-cambra-custom-blocks-cambra-breadcrumbs\"><nav role=\"navigation\" aria-label=\"Breadcrumb\" class=\"breadcrumb\"><ol class=\"breadcrumb-items\"><li class=\"breadcrumb-item breadcrumb-item--current breadcrumb-item--home\"><span class=\"breadcrumb-item-name\">Inicio<\/span><\/li><\/ol><\/nav><\/div>\n\n\n<div style=\"height:1.5rem\" aria-hidden=\"true\" class=\"wp-block-spacer hide-mobile\"><\/div>\n\n\n\n<div class=\"wp-block-group main-content is-layout-constrained wp-container-core-group-is-layout-6b712b1a wp-block-group-is-layout-constrained\"><figure class=\"aligncenter wp-block-post-featured-image\"><img loading=\"lazy\" decoding=\"async\" width=\"1200\" height=\"273\" src=\"https:\/\/cambrabcn.org\/wp-content\/uploads\/2024\/03\/cambra-reunio-treball-1-jpg.webp\" class=\"attachment-post-thumbnail size-post-thumbnail wp-post-image\" alt=\"\" style=\"object-fit:cover;\" srcset=\"https:\/\/cambrabcn.org\/wp-content\/uploads\/2024\/03\/cambra-reunio-treball-1-jpg.webp 1200w, https:\/\/cambrabcn.org\/wp-content\/uploads\/2024\/03\/cambra-reunio-treball-1-300x68.webp 300w, https:\/\/cambrabcn.org\/wp-content\/uploads\/2024\/03\/cambra-reunio-treball-1-1024x233.webp 1024w, https:\/\/cambrabcn.org\/wp-content\/uploads\/2024\/03\/cambra-reunio-treball-1-768x175.webp 768w, https:\/\/cambrabcn.org\/wp-content\/uploads\/2024\/03\/cambra-reunio-treball-1-600x137.webp 600w\" sizes=\"auto, (max-width: 1200px) 100vw, 1200px\" \/><\/figure><\/div>\n\n\n\n<div style=\"height:3.75rem\" aria-hidden=\"true\" class=\"wp-block-spacer\"><\/div>\n\n\n\n<div class=\"wp-block-columns is-layout-flex wp-container-core-columns-is-layout-91ca75f0 wp-block-columns-is-layout-flex\">\n<div class=\"wp-block-column is-layout-flow wp-block-column-is-layout-flow\">\n<div class=\"wp-block-group cambra-bottom-line is-layout-constrained wp-container-core-group-is-layout-7fca5b48 wp-block-group-is-layout-constrained\">\n<h1 class=\"wp-block-heading heading-1\">Nuestra actividad<\/h1>\n<\/div>\n\n\n\n<div style=\"height:20px\" aria-hidden=\"true\" class=\"wp-block-spacer\"><\/div>\n\n\n\n<p class=\"has-secondary-light-black-color has-text-color has-link-color wp-elements-09eb8da00453dcdf9f067db7d5e8172d\">La misi\u00f3n de la Cambra de Comer\u00e7 de Barcelona tiene como finalidad la representaci\u00f3n, promoci\u00f3n y defensa de los intereses generales del conjunto del tejido productivo para contribuir al desarrollo de la econom\u00eda. En concreto, la corporaci\u00f3n impulsa la competitividad y acompa\u00f1a a las empresas y personas aut\u00f3nomas para crear, consolidar y impulsar el crecimiento de sus negocios para hacer frente a los nuevos retos futuros.<\/p>\n\n\n\n<p class=\"has-secondary-light-black-color has-text-color has-link-color wp-elements-6b5be523147927a26d82ede5db0a3312\">Este naturaleza est\u00e1 reconocido legalmente, definiendo la Cambra como una corporaci\u00f3n de derecho p\u00fablico representativa del tejido empresarial de su demarcaci\u00f3n territorial. En este sentido, como Cambra, ejercemos funciones p\u00fablico-administrativas para la creaci\u00f3n de empleo y la regeneraci\u00f3n del tejido econ\u00f3mico; ponemos a tu servicio conocimientos, espacios y contactos; y te ofrecemos confianza, visibilidad y redes de influencia.<\/p>\n\n\n\n<p class=\"has-secondary-light-black-color has-text-color has-link-color wp-elements-d837a8e8f7ef8a18d1e5747aef495912\">Adem\u00e1s, la tradici\u00f3n de servicio institucional al pa\u00eds, mantenida durante siglos por las c\u00e1maras de comercio, se manifiesta hoy con una clara vocaci\u00f3n de servicio directo a las empresas.<\/p>\n\n\n\n<p class=\"has-secondary-light-black-color has-text-color has-link-color wp-elements-6d2c7ee5bdf578700504517770f194bd\"><strong>Somos tu Cambra, la Cambra de todos<\/strong><\/p>\n\n\n\n<p class=\"has-secondary-light-black-color has-text-color has-link-color wp-elements-2c2e085682fc3baa9d9b1debd70ca280\">La Cambra de Comer\u00e7 de Barcelona pone a tu disposici\u00f3n una amplia gama de soluciones para fomentar el crecimiento de tu negocio y reforzar su desarrollo. Este cat\u00e1logo de productos y programas est\u00e1 orientado a todo el tejido productivo de la demarcaci\u00f3n de la Cambra, personas aut\u00f3nomas, peque\u00f1as, medianas y grandes empresas. \u00a1Porque la Cambra sois todas y todos!<\/p>\n\n\n\n<p class=\"has-secondary-light-black-color has-text-color has-link-color wp-elements-c5ab579f08471850d852bb41e2d1eaea\"><strong>Abrimos tu negocio a nuevos mercados internacionales<\/strong><\/p>\n\n\n\n<ul class=\"has-secondary-light-black-color has-text-color has-link-color wp-block-list wp-elements-b29dcc2279c5faa9ebd9a8789cf780ef\">\n<li>Acercamos los mercados del mundo y damos apoyo a la internacionalizaci\u00f3n de las empresas.&nbsp;<\/li>\n\n\n\n<li>Prospectamos mercados mediante misiones comerciales.<\/li>\n\n\n\n<li>Ayudamos a encontrar proveedores, distribuidores, socios y clientes en el exterior.&nbsp;<\/li>\n\n\n\n<li>Ayudamos a negociar acuerdos mercantiles y contribuimos a prever y a mediar conflictos mercantiles.<\/li>\n\n\n\n<li>Ofrecemos certificados mercantiles, informes aduaneros, visados y tr\u00e1mites oficiales.<\/li>\n<\/ul>\n\n\n\n<p class=\"has-secondary-light-black-color has-text-color has-link-color wp-elements-098540ee660e2c887b0372c14a9ac1b8\"><strong>Impulsamos tu desarrollo profesional<\/strong><\/p>\n\n\n\n<ul class=\"has-secondary-light-black-color has-text-color has-link-color wp-block-list wp-elements-09d3147f6da6e8f9d17ee028c18b94da\">\n<li>Formamos empresarios y directivos.<\/li>\n\n\n\n<li>Programamos cursos de formaci\u00f3n continua en el territorio, y a distancia, sobre diversas \u00e1reas de conocimiento.<\/li>\n\n\n\n<li>Dise\u00f1amos formaci\u00f3n a medida, organizada en las propias empresas, o all\u00e1 donde se determine.<\/li>\n<\/ul>\n\n\n\n<p class=\"has-secondary-light-black-color has-text-color has-link-color wp-elements-433828d76a694338a9fe96498d5212f8\"><strong>Transformamos digitalmente tu negocio para ganar en competitividad.<\/strong><\/p>\n\n\n\n<ul class=\"has-secondary-light-black-color has-text-color has-link-color wp-block-list wp-elements-63b39dbbe167bd3dd773969a7d7f8bf2\">\n<li>Orientamos sobre soluciones seguras de conexi\u00f3n, comunicaci\u00f3n, almacenamiento y gesti\u00f3n digital, promoviendo la eficiencia operativa y de gesti\u00f3n.&nbsp;&nbsp;<\/li>\n\n\n\n<li>Impulsamos el comercio electr\u00f3nico, promoviendo la eficiencia comercial.<\/li>\n<\/ul>\n\n\n\n<p class=\"has-secondary-light-black-color has-text-color has-link-color wp-elements-22f22f2b3413ac8819b8c28a730acf1f\"><strong>Facilitamos tu acceso a herramientas de financiamiento para ayudarte a hacer realidad tus proyectos.<\/strong><\/p>\n\n\n\n<ul class=\"has-secondary-light-black-color has-text-color has-link-color wp-block-list wp-elements-657070a46ed355b89d6909e9ccabb0dd\">\n<li>Informamos sobre productos financieros, recomendando los m\u00e1s adecuados a las empresas que nos soliciten asesoramiento.&nbsp;&nbsp;<\/li>\n\n\n\n<li>Ofrecemos l\u00edneas de cr\u00e9dito.<\/li>\n\n\n\n<li>Acompa\u00f1amos a las empresas candidatas a beneficiarse de ayudas a trav\u00e9s de nuestra Oficina de Proyectos Europeos.<\/li>\n<\/ul>\n\n\n\n<p class=\"has-secondary-light-black-color has-text-color has-link-color wp-elements-40c11c12420be895ba78c9863b44b956\"><strong>Dinamizamos el comercio y el turismo<\/strong><\/p>\n\n\n\n<ul class=\"has-secondary-light-black-color has-text-color has-link-color wp-block-list wp-elements-e18d4dd9fd7a19a989a87f9d72094454\">\n<li>Dinamizamos el tejido comercial y fomentamos la calidad de la oferta tur\u00edstica mediante servicios espec\u00edficos.<\/li>\n<\/ul>\n\n\n\n<p class=\"has-secondary-light-black-color has-text-color has-link-color wp-elements-ef7a753ef8ada15f69a2c14f21e552c6\"><strong>\u00a1Te acompa\u00f1amos en hacer realidad tu idea de negocio!<\/strong><\/p>\n\n\n\n<ul class=\"has-secondary-light-black-color has-text-color has-link-color wp-block-list wp-elements-bae443f7a1bc87e81cc2eb08818e8a2d\">\n<li>Orientamos emprendedores, constituimos empresas y las ayudamos a crecer.<\/li>\n\n\n\n<li>Resolvemos las dudas legales, tributarias y fiscales, financieras, tecnol\u00f3gicas y mercantiles de las empresas que nos consultan.<\/li>\n<\/ul>\n\n\n\n<p class=\"has-secondary-light-black-color has-text-color has-link-color wp-elements-3cf520b501d3d82074045aad688eac14\"><strong>Ponemos a tu disposici\u00f3n una amplia variedad de espacios.<\/strong><\/p>\n\n\n\n<p class=\"has-secondary-light-black-color has-text-color has-link-color wp-elements-2f24814d0fc05ce2fe6c6a7cc4b0d211\">Ponemos La Llotja de Mar, el edificio de Diagonal y las Delegaciones al servicio de las empresas interesadas en organizar reuniones, formaciones, presentaciones de producto y celebraciones.&nbsp;<\/p>\n\n\n\n<p class=\"has-secondary-light-black-color has-text-color has-link-color wp-elements-590b3bcb997b286fa7476865b101226d\"><strong>Creamos conocimiento y generamos opini\u00f3n<\/strong><\/p>\n\n\n\n<ul class=\"has-secondary-light-black-color has-text-color has-link-color wp-block-list wp-elements-074e3649478b8aaeffd935178b91182e\">\n<li>Nuestro Gabinete de Estudios econ\u00f3micos e Infraestructuras se convierte en un observatorio permanente de la evoluci\u00f3n del entorno, y publica peri\u00f3dicamente estudios de referencia sobre cuestiones socioecon\u00f3micas clave. Tambi\u00e9n elabora propuestas de actuaci\u00f3n en materia de infraestructuras.<\/li>\n\n\n\n<li>Convocamos a los medios de comunicaci\u00f3n e informamos permanentemente desde nuestros canales digitales. Creamos opini\u00f3n y defendemos los intereses generales de las empresas.<\/li>\n<\/ul>\n\n\n\n<p class=\"has-secondary-light-black-color has-text-color has-link-color wp-elements-5ca6ef0f96b5c8714dc1cbc694dbc619\"><strong>Convocamos eventos y creamos red<\/strong><\/p>\n\n\n\n<ul class=\"has-secondary-light-black-color has-text-color has-link-color wp-block-list wp-elements-015ff4194e67b7689fcc503e263c7d67\">\n<li>Organizamos actos de encuentro de empresas, entidades e instituciones del pa\u00eds con el prop\u00f3sito de fomentar el conocimiento mutuo, el di\u00e1logo y el intercambio.&nbsp;<\/li>\n\n\n\n<li>Desde la Cambra de Barcelona mantenemos una presencia activa en importantes organismos de \u00e1mbito local, estatal, europeo y mundial. Somos un nodo mediterr\u00e1neo clave de la red mundial de c\u00e1maras de comercio, integrada por 130 pa\u00edses.<\/li>\n<\/ul>\n\n\n\n<p class=\"has-secondary-light-black-color has-text-color has-link-color wp-elements-35ef171df356f3a10c22c50734879f5b\"><strong>Te acercamos las iniciativas m\u00e1s disruptivas e innovadoras.<\/strong><\/p>\n\n\n\n<p class=\"has-secondary-light-black-color has-text-color has-link-color wp-elements-4f98bedc1ef7e807b5916645ac587627\">Proyecta tu negocio introduci\u00e9ndote en el mundo de las nuevas econom\u00edas o fomentando la innovaci\u00f3n. La blockchain, el newspace, el metaverso&#8230; son disrupciones que pueden sonar distantes, pero han venido para quedarse. \u00a1Descubre con nosotros las oportunidades que pueden ofrecer a tu negocio!<\/p>\n\n\n\n<p class=\"has-secondary-light-black-color has-text-color has-link-color wp-elements-64dbf593a871bdb7d37972b5099f982f\"><strong>Y todo esto, y mucho m\u00e1s, lo hacemos a vuestro lado.<\/strong><\/p>\n\n\n\n<p class=\"has-secondary-light-black-color has-text-color has-link-color wp-elements-ff88a806e852be3cc35d7bd4c2044021\">Visitamos empresas del Alt Pened\u00e8s, la Anoia, el Baix Llobregat, el Barcelon\u00e8s, el Bergued\u00e0, el Llu\u00e7an\u00e8s, el Garraf, el Maresme, Osona y el Vall\u00e8s Oriental, para conocer de primera mano sus necesidades de mejora de la gesti\u00f3n empresarial, evaluando as\u00ed y ajustando nuestra oferta de servicios.<\/p>\n<\/div>\n<\/div>\n\n\n\n<div style=\"height:50px\" aria-hidden=\"true\" class=\"wp-block-spacer\"><\/div>\n<\/div>\n<\/div>\n","protected":false},"excerpt":{"rendered":"<p>Nuestra actividad La misi\u00f3n de la Cambra de Comer\u00e7 de Barcelona tiene como finalidad la representaci\u00f3n, promoci\u00f3n y defensa de los intereses generales del conjunto del tejido productivo para contribuir al desarrollo de la econom\u00eda. En concreto, la corporaci\u00f3n impulsa la competitividad y acompa\u00f1a a las empresas y personas aut\u00f3nomas para crear, consolidar y impulsar [&hellip;]<\/p>\n","protected":false},"author":2,"featured_media":44035,"parent":7178,"menu_order":0,"comment_status":"closed","ping_status":"closed","template":"","meta":{"_acf_changed":false,"inline_featured_image":false,"ep_exclude_from_search":false,"footnotes":""},"class_list":["post-1428","page","type-page","status-publish","has-post-thumbnail","hentry"],"pp_statuses_selecting_workflow":false,"pp_workflow_action":"current","pp_status_selection":"publish","acf":[],"yoast_head":"<!-- This site is optimized with the Yoast SEO Premium plugin v27.1 (Yoast SEO v27.4) - https:\/\/yoast.com\/product\/yoast-seo-premium-wordpress\/ -->\n<title>Nuestra actividad | Cambra de Comer\u00e7 de Barcelona<\/title>\n<meta name=\"robots\" content=\"index, follow, max-snippet:-1, max-image-preview:large, max-video-preview:-1\" \/>\n<link rel=\"canonical\" href=\"https:\/\/cambrabcn.org\/es\/es-sobre-cambra\/nuestra-actividad\/\" \/>\n<meta property=\"og:locale\" content=\"es_ES\" \/>\n<meta property=\"og:type\" content=\"article\" \/>\n<meta property=\"og:title\" content=\"Nuestra actividad\" \/>\n<meta property=\"og:description\" content=\"Nuestra actividad La misi\u00f3n de la Cambra de Comer\u00e7 de Barcelona tiene como finalidad la representaci\u00f3n, promoci\u00f3n y defensa de los intereses generales del conjunto del tejido productivo para contribuir al desarrollo de la econom\u00eda. En concreto, la corporaci\u00f3n impulsa la competitividad y acompa\u00f1a a las empresas y personas aut\u00f3nomas para crear, consolidar y impulsar [&hellip;]\" \/>\n<meta property=\"og:url\" content=\"https:\/\/cambrabcn.org\/es\/es-sobre-cambra\/nuestra-actividad\/\" \/>\n<meta property=\"og:site_name\" content=\"Cambra de Comer\u00e7 de Barcelona\" \/>\n<meta property=\"article:modified_time\" content=\"2024-06-20T10:36:59+00:00\" \/>\n<meta property=\"og:image\" content=\"https:\/\/cambrabcn.org\/wp-content\/uploads\/2024\/03\/cambra-reunio-treball-1-jpg.webp\" \/>\n\t<meta property=\"og:image:width\" content=\"1200\" \/>\n\t<meta property=\"og:image:height\" content=\"273\" \/>\n\t<meta property=\"og:image:type\" content=\"image\/jpeg\" \/>\n<meta name=\"twitter:card\" content=\"summary_large_image\" \/>\n<meta name=\"twitter:site\" content=\"@cambrabcn\" \/>\n<meta name=\"twitter:label1\" content=\"Tiempo de lectura\" \/>\n\t<meta name=\"twitter:data1\" content=\"5 minutos\" \/>\n<script type=\"application\/ld+json\" class=\"yoast-schema-graph\">{\"@context\":\"https:\\\/\\\/schema.org\",\"@graph\":[{\"@type\":\"WebPage\",\"@id\":\"https:\\\/\\\/cambrabcn.org\\\/es\\\/es-sobre-cambra\\\/nuestra-actividad\\\/\",\"url\":\"https:\\\/\\\/cambrabcn.org\\\/es\\\/es-sobre-cambra\\\/nuestra-actividad\\\/\",\"name\":\"Nuestra actividad | Cambra de Comer\u00e7 de Barcelona\",\"isPartOf\":{\"@id\":\"https:\\\/\\\/cambrabcn.org\\\/es\\\/#website\"},\"primaryImageOfPage\":{\"@id\":\"https:\\\/\\\/cambrabcn.org\\\/es\\\/es-sobre-cambra\\\/nuestra-actividad\\\/#primaryimage\"},\"image\":{\"@id\":\"https:\\\/\\\/cambrabcn.org\\\/es\\\/es-sobre-cambra\\\/nuestra-actividad\\\/#primaryimage\"},\"thumbnailUrl\":\"https:\\\/\\\/cambrabcn.org\\\/wp-content\\\/uploads\\\/2024\\\/03\\\/cambra-reunio-treball-1-jpg.webp\",\"datePublished\":\"2024-02-01T10:00:00+00:00\",\"dateModified\":\"2024-06-20T10:36:59+00:00\",\"breadcrumb\":{\"@id\":\"https:\\\/\\\/cambrabcn.org\\\/es\\\/es-sobre-cambra\\\/nuestra-actividad\\\/#breadcrumb\"},\"inLanguage\":\"es\",\"potentialAction\":[{\"@type\":\"ReadAction\",\"target\":[\"https:\\\/\\\/cambrabcn.org\\\/es\\\/es-sobre-cambra\\\/nuestra-actividad\\\/\"]}]},{\"@type\":\"ImageObject\",\"inLanguage\":\"es\",\"@id\":\"https:\\\/\\\/cambrabcn.org\\\/es\\\/es-sobre-cambra\\\/nuestra-actividad\\\/#primaryimage\",\"url\":\"https:\\\/\\\/cambrabcn.org\\\/wp-content\\\/uploads\\\/2024\\\/03\\\/cambra-reunio-treball-1-jpg.webp\",\"contentUrl\":\"https:\\\/\\\/cambrabcn.org\\\/wp-content\\\/uploads\\\/2024\\\/03\\\/cambra-reunio-treball-1-jpg.webp\",\"width\":1200,\"height\":273},{\"@type\":\"BreadcrumbList\",\"@id\":\"https:\\\/\\\/cambrabcn.org\\\/es\\\/es-sobre-cambra\\\/nuestra-actividad\\\/#breadcrumb\",\"itemListElement\":[{\"@type\":\"ListItem\",\"position\":1,\"name\":\"Home\",\"item\":\"https:\\\/\\\/cambrabcn.org\\\/es\\\/\"},{\"@type\":\"ListItem\",\"position\":2,\"name\":\"Sobre Cambra\",\"item\":\"https:\\\/\\\/cambrabcn.org\\\/es\\\/es-sobre-cambra\\\/\"},{\"@type\":\"ListItem\",\"position\":3,\"name\":\"Nuestra actividad\"}]},{\"@type\":\"WebSite\",\"@id\":\"https:\\\/\\\/cambrabcn.org\\\/es\\\/#website\",\"url\":\"https:\\\/\\\/cambrabcn.org\\\/es\\\/\",\"name\":\"Cambra de Comer\u00e7 de Barcelona\",\"description\":\"La Cambra de Tothom\",\"publisher\":{\"@id\":\"https:\\\/\\\/cambrabcn.org\\\/es\\\/#organization\"},\"alternateName\":\"Cambra Oficial de Comer\u00e7, Ind\u00fastria, Serveis i Navegaci\u00f3 de Barcelona\",\"potentialAction\":[{\"@type\":\"SearchAction\",\"target\":{\"@type\":\"EntryPoint\",\"urlTemplate\":\"https:\\\/\\\/cambrabcn.org\\\/es\\\/?s={search_term_string}\"},\"query-input\":{\"@type\":\"PropertyValueSpecification\",\"valueRequired\":true,\"valueName\":\"search_term_string\"}}],\"inLanguage\":\"es\"},{\"@type\":\"Organization\",\"@id\":\"https:\\\/\\\/cambrabcn.org\\\/es\\\/#organization\",\"name\":\"Cambra de Comer\u00e7 de Barcelona\",\"alternateName\":\"Cambra Oficial de Comer\u00e7, Ind\u00fastria, Serveis i Navegaci\u00f3 de Barcelona\",\"url\":\"https:\\\/\\\/cambrabcn.org\\\/es\\\/\",\"logo\":{\"@type\":\"ImageObject\",\"inLanguage\":\"es\",\"@id\":\"https:\\\/\\\/cambrabcn.org\\\/es\\\/#\\\/schema\\\/logo\\\/image\\\/\",\"url\":\"https:\\\/\\\/cambrabcn.org\\\/wp-content\\\/uploads\\\/2023\\\/11\\\/logo-cambra-300x77-1.png\",\"contentUrl\":\"https:\\\/\\\/cambrabcn.org\\\/wp-content\\\/uploads\\\/2023\\\/11\\\/logo-cambra-300x77-1.png\",\"width\":300,\"height\":77,\"caption\":\"Cambra de Comer\u00e7 de Barcelona\"},\"image\":{\"@id\":\"https:\\\/\\\/cambrabcn.org\\\/es\\\/#\\\/schema\\\/logo\\\/image\\\/\"},\"sameAs\":[\"https:\\\/\\\/x.com\\\/cambrabcn\",\"https:\\\/\\\/www.instagram.com\\\/cambrabcn\\\/\",\"https:\\\/\\\/www.linkedin.com\\\/school\\\/cambrabcn\",\"https:\\\/\\\/www.youtube.com\\\/user\\\/PressCambrabcn\",\"https:\\\/\\\/ca.wikipedia.org\\\/wiki\\\/Cambra_Oficial_de_Comer\u00e7,_Ind\u00fastria_i_Navegaci\u00f3_de_Barcelona\",\"http:\\\/\\\/viaf.org\\\/viaf\\\/124017095\"],\"description\":\"La Cambra Oficial de Comer\u00e7, Ind\u00fastria, Serveis i Navegaci\u00f3 de Barcelona \u00e9s una corporaci\u00f3 de dret p\u00fablic que presta serveis a les empreses, contribuint a la regeneraci\u00f3 del teixit econ\u00f2mic i la creaci\u00f3 d\u2019ocupaci\u00f3.\",\"email\":\"cambra@cambrabcn.cat\",\"telephone\":\"+34 93 416 93 00\",\"legalName\":\"La Cambra Oficial de Comer\u00e7, Ind\u00fastria, Serveis i Navegaci\u00f3 de Barcelona\",\"foundingDate\":\"1886-01-01\",\"vatID\":\"Q0873001B\",\"taxID\":\"Q0873001B\",\"naics\":\"813910\"}]}<\/script>\n<!-- \/ Yoast SEO Premium plugin. -->","yoast_head_json":{"title":"Nuestra actividad | Cambra de Comer\u00e7 de Barcelona","robots":{"index":"index","follow":"follow","max-snippet":"max-snippet:-1","max-image-preview":"max-image-preview:large","max-video-preview":"max-video-preview:-1"},"canonical":"https:\/\/cambrabcn.org\/es\/es-sobre-cambra\/nuestra-actividad\/","og_locale":"es_ES","og_type":"article","og_title":"Nuestra actividad","og_description":"Nuestra actividad La misi\u00f3n de la Cambra de Comer\u00e7 de Barcelona tiene como finalidad la representaci\u00f3n, promoci\u00f3n y defensa de los intereses generales del conjunto del tejido productivo para contribuir al desarrollo de la econom\u00eda. En concreto, la corporaci\u00f3n impulsa la competitividad y acompa\u00f1a a las empresas y personas aut\u00f3nomas para crear, consolidar y impulsar [&hellip;]","og_url":"https:\/\/cambrabcn.org\/es\/es-sobre-cambra\/nuestra-actividad\/","og_site_name":"Cambra de Comer\u00e7 de Barcelona","article_modified_time":"2024-06-20T10:36:59+00:00","og_image":[{"width":1200,"height":273,"url":"https:\/\/cambrabcn.org\/wp-content\/uploads\/2024\/03\/cambra-reunio-treball-1-jpg.webp","type":"image\/jpeg"}],"twitter_card":"summary_large_image","twitter_site":"@cambrabcn","twitter_misc":{"Tiempo de lectura":"5 minutos"},"schema":{"@context":"https:\/\/schema.org","@graph":[{"@type":"WebPage","@id":"https:\/\/cambrabcn.org\/es\/es-sobre-cambra\/nuestra-actividad\/","url":"https:\/\/cambrabcn.org\/es\/es-sobre-cambra\/nuestra-actividad\/","name":"Nuestra actividad | Cambra de Comer\u00e7 de Barcelona","isPartOf":{"@id":"https:\/\/cambrabcn.org\/es\/#website"},"primaryImageOfPage":{"@id":"https:\/\/cambrabcn.org\/es\/es-sobre-cambra\/nuestra-actividad\/#primaryimage"},"image":{"@id":"https:\/\/cambrabcn.org\/es\/es-sobre-cambra\/nuestra-actividad\/#primaryimage"},"thumbnailUrl":"https:\/\/cambrabcn.org\/wp-content\/uploads\/2024\/03\/cambra-reunio-treball-1-jpg.webp","datePublished":"2024-02-01T10:00:00+00:00","dateModified":"2024-06-20T10:36:59+00:00","breadcrumb":{"@id":"https:\/\/cambrabcn.org\/es\/es-sobre-cambra\/nuestra-actividad\/#breadcrumb"},"inLanguage":"es","potentialAction":[{"@type":"ReadAction","target":["https:\/\/cambrabcn.org\/es\/es-sobre-cambra\/nuestra-actividad\/"]}]},{"@type":"ImageObject","inLanguage":"es","@id":"https:\/\/cambrabcn.org\/es\/es-sobre-cambra\/nuestra-actividad\/#primaryimage","url":"https:\/\/cambrabcn.org\/wp-content\/uploads\/2024\/03\/cambra-reunio-treball-1-jpg.webp","contentUrl":"https:\/\/cambrabcn.org\/wp-content\/uploads\/2024\/03\/cambra-reunio-treball-1-jpg.webp","width":1200,"height":273},{"@type":"BreadcrumbList","@id":"https:\/\/cambrabcn.org\/es\/es-sobre-cambra\/nuestra-actividad\/#breadcrumb","itemListElement":[{"@type":"ListItem","position":1,"name":"Home","item":"https:\/\/cambrabcn.org\/es\/"},{"@type":"ListItem","position":2,"name":"Sobre Cambra","item":"https:\/\/cambrabcn.org\/es\/es-sobre-cambra\/"},{"@type":"ListItem","position":3,"name":"Nuestra actividad"}]},{"@type":"WebSite","@id":"https:\/\/cambrabcn.org\/es\/#website","url":"https:\/\/cambrabcn.org\/es\/","name":"Cambra de Comer\u00e7 de Barcelona","description":"La Cambra de Tothom","publisher":{"@id":"https:\/\/cambrabcn.org\/es\/#organization"},"alternateName":"Cambra Oficial de Comer\u00e7, Ind\u00fastria, Serveis i Navegaci\u00f3 de Barcelona","potentialAction":[{"@type":"SearchAction","target":{"@type":"EntryPoint","urlTemplate":"https:\/\/cambrabcn.org\/es\/?s={search_term_string}"},"query-input":{"@type":"PropertyValueSpecification","valueRequired":true,"valueName":"search_term_string"}}],"inLanguage":"es"},{"@type":"Organization","@id":"https:\/\/cambrabcn.org\/es\/#organization","name":"Cambra de Comer\u00e7 de Barcelona","alternateName":"Cambra Oficial de Comer\u00e7, Ind\u00fastria, Serveis i Navegaci\u00f3 de Barcelona","url":"https:\/\/cambrabcn.org\/es\/","logo":{"@type":"ImageObject","inLanguage":"es","@id":"https:\/\/cambrabcn.org\/es\/#\/schema\/logo\/image\/","url":"https:\/\/cambrabcn.org\/wp-content\/uploads\/2023\/11\/logo-cambra-300x77-1.png","contentUrl":"https:\/\/cambrabcn.org\/wp-content\/uploads\/2023\/11\/logo-cambra-300x77-1.png","width":300,"height":77,"caption":"Cambra de Comer\u00e7 de Barcelona"},"image":{"@id":"https:\/\/cambrabcn.org\/es\/#\/schema\/logo\/image\/"},"sameAs":["https:\/\/x.com\/cambrabcn","https:\/\/www.instagram.com\/cambrabcn\/","https:\/\/www.linkedin.com\/school\/cambrabcn","https:\/\/www.youtube.com\/user\/PressCambrabcn","https:\/\/ca.wikipedia.org\/wiki\/Cambra_Oficial_de_Comer\u00e7,_Ind\u00fastria_i_Navegaci\u00f3_de_Barcelona","http:\/\/viaf.org\/viaf\/124017095"],"description":"La Cambra Oficial de Comer\u00e7, Ind\u00fastria, Serveis i Navegaci\u00f3 de Barcelona \u00e9s una corporaci\u00f3 de dret p\u00fablic que presta serveis a les empreses, contribuint a la regeneraci\u00f3 del teixit econ\u00f2mic i la creaci\u00f3 d\u2019ocupaci\u00f3.","email":"cambra@cambrabcn.cat","telephone":"+34 93 416 93 00","legalName":"La Cambra Oficial de Comer\u00e7, Ind\u00fastria, Serveis i Navegaci\u00f3 de Barcelona","foundingDate":"1886-01-01","vatID":"Q0873001B","taxID":"Q0873001B","naics":"813910"}]}},"mfb_rest_fields":["pp_statuses_selecting_workflow","pp_workflow_action","pp_status_selection","yoast_head","yoast_head_json"],"_links":{"self":[{"href":"https:\/\/cambrabcn.org\/es\/wp-json\/wp\/v2\/pages\/1428","targetHints":{"allow":["GET"]}}],"collection":[{"href":"https:\/\/cambrabcn.org\/es\/wp-json\/wp\/v2\/pages"}],"about":[{"href":"https:\/\/cambrabcn.org\/es\/wp-json\/wp\/v2\/types\/page"}],"author":[{"embeddable":true,"href":"https:\/\/cambrabcn.org\/es\/wp-json\/wp\/v2\/users\/2"}],"replies":[{"embeddable":true,"href":"https:\/\/cambrabcn.org\/es\/wp-json\/wp\/v2\/comments?post=1428"}],"version-history":[{"count":25,"href":"https:\/\/cambrabcn.org\/es\/wp-json\/wp\/v2\/pages\/1428\/revisions"}],"predecessor-version":[{"id":54855,"href":"https:\/\/cambrabcn.org\/es\/wp-json\/wp\/v2\/pages\/1428\/revisions\/54855"}],"up":[{"embeddable":true,"href":"https:\/\/cambrabcn.org\/es\/wp-json\/wp\/v2\/pages\/7178"}],"wp:featuredmedia":[{"embeddable":true,"href":"https:\/\/cambrabcn.org\/es\/wp-json\/wp\/v2\/media\/44035"}],"wp:attachment":[{"href":"https:\/\/cambrabcn.org\/es\/wp-json\/wp\/v2\/media?parent=1428"}],"curies":[{"name":"wp","href":"https:\/\/api.w.org\/{rel}","templated":true}]}}