{"id":1424,"date":"2024-02-01T12:00:00","date_gmt":"2024-02-01T10:00:00","guid":{"rendered":"https:\/\/cambrabcn.org\/transparencia-i-perfil-del-contractant\/perfil-del-contractant\/"},"modified":"2025-11-19T11:10:19","modified_gmt":"2025-11-19T09:10:19","slug":"perfil-del-contratante","status":"publish","type":"page","link":"https:\/\/cambrabcn.org\/es\/es-sobre-cambra\/transparencia-y-perfil-del-contratante\/perfil-del-contratante\/","title":{"rendered":"Perfil del contratante"},"content":{"rendered":"\n<div class=\"wp-block-group cambra-plp-about-us is-layout-constrained wp-container-core-group-is-layout-e555385e wp-block-group-is-layout-constrained\">\n<div style=\"height:1.5rem\" aria-hidden=\"true\" class=\"wp-block-spacer\"><\/div>\n\n\n<div class=\"wp-block-cambra-custom-blocks-cambra-breadcrumbs\"><nav role=\"navigation\" aria-label=\"Breadcrumb\" class=\"breadcrumb\"><ol class=\"breadcrumb-items\"><li class=\"breadcrumb-item breadcrumb-item--current breadcrumb-item--home\"><span class=\"breadcrumb-item-name\">Inicio<\/span><\/li><\/ol><\/nav><\/div>\n\n\n<div style=\"height:1.5rem\" aria-hidden=\"true\" class=\"wp-block-spacer hide-mobile\"><\/div>\n\n\n\n<div class=\"wp-block-cambra-custom-blocks-cambra-section-title cambra-section-title\" style=\"font-size:70px\"><h1 class=\"cambra-section-title--title\">Perfil del contratante<\/h1><h5 class=\"cambra-section-title--content\">Consulta toda la informaci\u00f3n relativa a la corporaci\u00f3n<\/h5><\/div>\n\n\n\n<div style=\"height:25px\" aria-hidden=\"true\" class=\"wp-block-spacer hide-mobile\"><\/div>\n\n\n\n<div style=\"height:32px\" aria-hidden=\"true\" class=\"wp-block-spacer hide-mobile\"><\/div>\n\n\n\n<div class=\"wp-block-columns is-layout-flex wp-container-core-columns-is-layout-91ca75f0 wp-block-columns-is-layout-flex\">\n<div class=\"wp-block-column is-layout-flow wp-block-column-is-layout-flow\" style=\"flex-basis:23%\">\n<div id=\"cambra-side-menu-block-block_ca49051f3e05551fb3dc0ef600969f1a\" class=\"cambra-side-menu-block w-100 side-menu-md-right\">\n\t<div data-control=\"tablet-dropdown\" class=\"cambra-side-menu cambra-dropdown tablet-dropdown\">\n    <a class=\"cambra-side-menu--title drop\" href=\"#\">\n\t\tSobre Cambra        <span class=\"cambra-arrow-down\"><\/span>\n    <\/a>\n    <ul class=\"cambra-side-menu--links cambra-dropdown-list\">\n\t\t            <li>\n\t\t\t\t                    <div>\n                        <a class=\"cambra-collapsible \" href=\"\">\n\t\t\t\t\t\t\tLa instituci\u00f3n                            <span class=\"cambra-arrow-down\"><\/span>\n                        <\/a>\n                        <ul class=\"cambra-collapsible--content\">\n\t\t\t\t\t\t\t\t\t\t\t\t\t\t                                <li>\n                                    <a class=\"cambra-collapsible-link\"\n                                       href=\"\/es\/sobre-cambra\/la-institucion\/mision-vision-y-valores\">\n\t\t\t\t\t\t\t\t\t\tMisi\u00f3n, visi\u00f3n y valores                                    <\/a>\n                                <\/li>\n\t\t\t\t\t\t\t                                <li>\n                                    <a class=\"cambra-collapsible-link\"\n                                       href=\"\/es\/sobre-cambra\/la-institucion\/organos-de-gobierno\">\n\t\t\t\t\t\t\t\t\t\t\u00d3rganos de gobierno                                    <\/a>\n                                <\/li>\n\t\t\t\t\t\t\t                                <li>\n                                    <a class=\"cambra-collapsible-link\"\n                                       href=\"\/es\/sobre-cambra\/la-institucion\/organos-consultivos\">\n\t\t\t\t\t\t\t\t\t\t\u00d3rganos consultivos                                    <\/a>\n                                <\/li>\n\t\t\t\t\t\t\t                                <li>\n                                    <a class=\"cambra-collapsible-link\"\n                                       href=\"\/es\/sobre-cambra\/la-institucion\/estructura-organizativa\">\n\t\t\t\t\t\t\t\t\t\tEstructura organizativa                                    <\/a>\n                                <\/li>\n\t\t\t\t\t\t\t                                <li>\n                                    <a class=\"cambra-collapsible-link\"\n                                       href=\"\/es\/sobre-cambra\/la-institucion\/relaciones-institucionales\">\n\t\t\t\t\t\t\t\t\t\tRelaciones institucionales                                    <\/a>\n                                <\/li>\n\t\t\t\t\t\t\t                        <\/ul>\n                    <\/div>\n\t\t\t\t            <\/li>\n\t\t            <li>\n\t\t\t\t                    <a class=\"\"\n                       href=\"\/es\/sobre-cambra\/nuestra-actividad\">\n\t\t\t\t\t\tNuestra actividad                    <\/a>\n\t\t\t\t            <\/li>\n\t\t            <li>\n\t\t\t\t                    <a class=\"\"\n                       href=\"\/es\/sobre-cambra\/historia\">\n\t\t\t\t\t\tNuestra historia                    <\/a>\n\t\t\t\t            <\/li>\n\t\t            <li>\n\t\t\t\t                    <a class=\"\"\n                       href=\"\/es\/sobre-cambra\/red-cameral\">\n\t\t\t\t\t\tRed Cameral                    <\/a>\n\t\t\t\t            <\/li>\n\t\t            <li>\n\t\t\t\t                    <a class=\"\"\n                       href=\"\/es\/sobre-cambra\/grupo-cambra\">\n\t\t\t\t\t\tGrupo Cambra                    <\/a>\n\t\t\t\t            <\/li>\n\t\t            <li>\n\t\t\t\t                    <a class=\"\"\n                       href=\"es\/sobre-cambra\/red-territorial\">\n\t\t\t\t\t\tRed Territorial                    <\/a>\n\t\t\t\t            <\/li>\n\t\t            <li>\n\t\t\t\t                    <div>\n                        <a class=\"cambra-collapsible current\" href=\"\">\n\t\t\t\t\t\t\tTransparencia y Perfil del contratante                            <span class=\"cambra-arrow-down\"><\/span>\n                        <\/a>\n                        <ul class=\"cambra-collapsible--content\">\n\t\t\t\t\t\t\t\t\t\t\t\t\t\t                                <li>\n                                    <a class=\"cambra-collapsible-link\"\n                                       href=\"\/es\/sobre-cambra\/transparencia-y-perfil-del-contratante\/transparencia\/\">\n\t\t\t\t\t\t\t\t\t\tTransparencia                                    <\/a>\n                                <\/li>\n\t\t\t\t\t\t\t                                <li>\n                                    <a class=\"cambra-collapsible-link\"\n                                       href=\"\/es\/sobre-cambra\/transparencia-y-perfil-del-contratante\/perfil-del-contratante\">\n\t\t\t\t\t\t\t\t\t\tPerfil del contratante                                    <\/a>\n                                <\/li>\n\t\t\t\t\t\t\t                        <\/ul>\n                    <\/div>\n\t\t\t\t            <\/li>\n\t\t    <\/ul>\n<\/div>\n<\/div>\n<\/div>\n\n\n\n<div class=\"wp-block-column is-layout-flow wp-block-column-is-layout-flow\" style=\"flex-basis:77%\">\n<p>De acuerdo con lo establecido por la Ley 19\/2013 de transparencia, acceso a la informaci\u00f3n p\u00fablica y buen gobierno, la Cambra de Comer\u00e7 Barcelona facilita el acceso p\u00fablico a la informaci\u00f3n relativa a su actividad contractual. <\/p>\n\n\n\n<p><strong>Principios e instrucciones de contrataci\u00f3n<\/strong><\/p>\n\n\n\n<p>Los procedimientos de contrataci\u00f3n de la Cambra de Barcelona se fundamentan en el respeto a los principios de publicidad, concurrencia, transparencia, confidencialidad, igualdad y no discriminaci\u00f3n.<\/p>\n\n\n\n<p>Las normas reguladoras del procedimiento de contrataci\u00f3n de la C\u00e1mara de Barcelona garantizan el cumplimiento de estos principios e instan a los \u00f3rganos de contrataci\u00f3n a actuar en todo momento orientados a la satisfacci\u00f3n de dichos principios.<\/p>\n\n\n\n<p class=\"download--pdf has-primary-alternative-red-color has-text-color\"><strong><a href=\"https:\/\/cambrabcn.org\/wp-content\/uploads\/2024\/12\/Normes-reguladores-procediment-contractacio_2024.pdf\" target=\"_blank\" rel=\"noreferrer noopener\">Normas reguladoras del procedimiento de contrataci\u00f3n de la Cambra de Comer\u00e7 de Barcelona<\/a> <\/strong><\/p>\n\n\n\n\n\n<div class=\"wp-block-columns card-box-shadow cambra-card is-layout-flex wp-container-core-columns-is-layout-28f84493 wp-block-columns-is-layout-flex\">\n<div class=\"wp-block-column is-layout-flow wp-container-core-column-is-layout-8a368f38 wp-block-column-is-layout-flow\">\n<div class=\"wp-block-cover is-light\"><img data-dominant-color=\"aca5a6\" data-has-transparency=\"true\" style=\"--dominant-color: #aca5a6;\" loading=\"lazy\" decoding=\"async\" width=\"384\" height=\"144\" class=\"wp-block-cover__image-background wp-image-52591 has-transparency\" alt=\"\" src=\"https:\/\/cambrabcn.org\/wp-content\/uploads\/2024\/06\/Licitacions-en-curs_384x144-1.png\" data-object-fit=\"cover\" srcset=\"https:\/\/cambrabcn.org\/wp-content\/uploads\/2024\/06\/Licitacions-en-curs_384x144-1.png 384w, https:\/\/cambrabcn.org\/wp-content\/uploads\/2024\/06\/Licitacions-en-curs_384x144-1-300x113.png 300w\" sizes=\"auto, (max-width: 384px) 100vw, 384px\" \/><span aria-hidden=\"true\" class=\"wp-block-cover__background has-background-dim-0 has-background-dim\" style=\"background-color:#bfb8b9\"><\/span><div class=\"wp-block-cover__inner-container is-layout-flow wp-block-cover-is-layout-flow\">\n<p class=\"has-text-align-center has-large-font-size\"><\/p>\n<\/div><\/div>\n\n\n\n<div class=\"wp-block-group is-layout-constrained wp-container-core-group-is-layout-da470a24 wp-block-group-is-layout-constrained\" style=\"padding-top:0;padding-right:var(--wp--preset--spacing--40);padding-bottom:0;padding-left:var(--wp--preset--spacing--40)\">\n<h3 class=\"wp-block-heading has-normal-font-size\" style=\"margin-top:var(--wp--preset--spacing--40);margin-right:var(--wp--preset--spacing--40);margin-bottom:var(--wp--preset--spacing--40);margin-left:var(--wp--preset--spacing--40)\"><a href=\"\/es\/sobre-cambra\/transparencia-y-perfil-del-contratante\/perfil-del-contratante\/licitaciones-en-curso\/\">Licitaciones en curso<\/a><\/h3>\n\n\n\n<p class=\"has-small-font-size\" style=\"margin-top:var(--wp--preset--spacing--40);margin-right:var(--wp--preset--spacing--40);margin-bottom:var(--wp--preset--spacing--40);margin-left:var(--wp--preset--spacing--40)\"><\/p>\n<\/div>\n<\/div>\n\n\n\n<div class=\"wp-block-column is-layout-flow wp-container-core-column-is-layout-8a368f38 wp-block-column-is-layout-flow\">\n<div class=\"wp-block-cover is-light\"><img data-dominant-color=\"999da1\" data-has-transparency=\"true\" style=\"--dominant-color: #999da1;\" loading=\"lazy\" decoding=\"async\" width=\"384\" height=\"144\" class=\"wp-block-cover__image-background wp-image-52588 has-transparency\" alt=\"\" src=\"https:\/\/cambrabcn.org\/wp-content\/uploads\/2024\/06\/Licitacions-adjudicades_384x144-1.png\" data-object-fit=\"cover\" srcset=\"https:\/\/cambrabcn.org\/wp-content\/uploads\/2024\/06\/Licitacions-adjudicades_384x144-1.png 384w, https:\/\/cambrabcn.org\/wp-content\/uploads\/2024\/06\/Licitacions-adjudicades_384x144-1-300x113.png 300w\" sizes=\"auto, (max-width: 384px) 100vw, 384px\" \/><span aria-hidden=\"true\" class=\"wp-block-cover__background has-background-dim-0 has-background-dim\" style=\"background-color:#a7b1b4\"><\/span><div class=\"wp-block-cover__inner-container is-layout-flow wp-block-cover-is-layout-flow\">\n<p class=\"has-text-align-center has-large-font-size\"><\/p>\n<\/div><\/div>\n\n\n\n<div class=\"wp-block-group is-layout-constrained wp-container-core-group-is-layout-da470a24 wp-block-group-is-layout-constrained\" style=\"padding-top:0;padding-right:var(--wp--preset--spacing--40);padding-bottom:0;padding-left:var(--wp--preset--spacing--40)\">\n<h3 class=\"wp-block-heading has-normal-font-size\" style=\"margin-top:var(--wp--preset--spacing--40);margin-right:var(--wp--preset--spacing--40);margin-bottom:var(--wp--preset--spacing--40);margin-left:var(--wp--preset--spacing--40)\"><a href=\"https:\/\/cambrabcn.org\/sobre-cambra\/transparencia-i-perfil-del-contractant\/perfil-del-contractant\/licitacions-adjudicades-2024-2025\/\">Licitaciones adjudicadas<\/a><\/h3>\n\n\n\n<p class=\"has-small-font-size\" style=\"margin-top:var(--wp--preset--spacing--40);margin-right:var(--wp--preset--spacing--40);margin-bottom:var(--wp--preset--spacing--40);margin-left:var(--wp--preset--spacing--40)\"><\/p>\n<\/div>\n<\/div>\n<\/div>\n<\/div>\n<\/div>\n\n\n\n<div style=\"height:50px\" aria-hidden=\"true\" class=\"wp-block-spacer hide-mobile\"><\/div>\n<\/div>\n\n\n\n<p><\/p>\n","protected":false},"excerpt":{"rendered":"<p>De acuerdo con lo establecido por la Ley 19\/2013 de transparencia, acceso a la informaci\u00f3n p\u00fablica y buen gobierno, la Cambra de Comer\u00e7 Barcelona facilita el acceso p\u00fablico a la informaci\u00f3n relativa a su actividad contractual. Principios e instrucciones de contrataci\u00f3n Los procedimientos de contrataci\u00f3n de la Cambra de Barcelona se fundamentan en el respeto [&hellip;]<\/p>\n","protected":false},"author":2,"featured_media":0,"parent":1422,"menu_order":0,"comment_status":"closed","ping_status":"closed","template":"","meta":{"_acf_changed":false,"inline_featured_image":false,"ep_exclude_from_search":false,"footnotes":""},"class_list":["post-1424","page","type-page","status-publish","hentry"],"pp_statuses_selecting_workflow":false,"pp_workflow_action":"current","pp_status_selection":"publish","acf":[],"yoast_head":"<!-- This site is optimized with the Yoast SEO Premium plugin v27.1 (Yoast SEO v27.4) - https:\/\/yoast.com\/product\/yoast-seo-premium-wordpress\/ -->\n<title>Perfil del contratante | Cambra de Comer\u00e7 de Barcelona<\/title>\n<meta name=\"robots\" content=\"index, follow, max-snippet:-1, max-image-preview:large, max-video-preview:-1\" \/>\n<link rel=\"canonical\" href=\"https:\/\/cambrabcn.org\/es\/es-sobre-cambra\/transparencia-y-perfil-del-contratante\/perfil-del-contratante\/\" \/>\n<meta property=\"og:locale\" content=\"es_ES\" \/>\n<meta property=\"og:type\" content=\"article\" \/>\n<meta property=\"og:title\" content=\"Perfil del contratante\" \/>\n<meta property=\"og:description\" content=\"De acuerdo con lo establecido por la Ley 19\/2013 de transparencia, acceso a la informaci\u00f3n p\u00fablica y buen gobierno, la Cambra de Comer\u00e7 Barcelona facilita el acceso p\u00fablico a la informaci\u00f3n relativa a su actividad contractual. Principios e instrucciones de contrataci\u00f3n Los procedimientos de contrataci\u00f3n de la Cambra de Barcelona se fundamentan en el respeto [&hellip;]\" \/>\n<meta property=\"og:url\" content=\"https:\/\/cambrabcn.org\/es\/es-sobre-cambra\/transparencia-y-perfil-del-contratante\/perfil-del-contratante\/\" \/>\n<meta property=\"og:site_name\" content=\"Cambra de Comer\u00e7 de Barcelona\" \/>\n<meta property=\"article:modified_time\" content=\"2025-11-19T09:10:19+00:00\" \/>\n<meta property=\"og:image\" content=\"https:\/\/cambrabcn.org\/wp-content\/uploads\/2024\/06\/Licitacions-en-curs_384x144-1.png\" \/>\n\t<meta property=\"og:image:width\" content=\"384\" \/>\n\t<meta property=\"og:image:height\" content=\"144\" \/>\n\t<meta property=\"og:image:type\" content=\"image\/png\" \/>\n<meta name=\"twitter:card\" content=\"summary_large_image\" \/>\n<meta name=\"twitter:site\" content=\"@cambrabcn\" \/>\n<meta name=\"twitter:label1\" content=\"Tiempo de lectura\" \/>\n\t<meta name=\"twitter:data1\" content=\"2 minutos\" \/>\n<script type=\"application\/ld+json\" class=\"yoast-schema-graph\">{\"@context\":\"https:\\\/\\\/schema.org\",\"@graph\":[{\"@type\":\"WebPage\",\"@id\":\"https:\\\/\\\/cambrabcn.org\\\/es\\\/es-sobre-cambra\\\/transparencia-y-perfil-del-contratante\\\/perfil-del-contratante\\\/\",\"url\":\"https:\\\/\\\/cambrabcn.org\\\/es\\\/es-sobre-cambra\\\/transparencia-y-perfil-del-contratante\\\/perfil-del-contratante\\\/\",\"name\":\"Perfil del contratante | Cambra de Comer\u00e7 de Barcelona\",\"isPartOf\":{\"@id\":\"https:\\\/\\\/cambrabcn.org\\\/es\\\/#website\"},\"primaryImageOfPage\":{\"@id\":\"https:\\\/\\\/cambrabcn.org\\\/es\\\/es-sobre-cambra\\\/transparencia-y-perfil-del-contratante\\\/perfil-del-contratante\\\/#primaryimage\"},\"image\":{\"@id\":\"https:\\\/\\\/cambrabcn.org\\\/es\\\/es-sobre-cambra\\\/transparencia-y-perfil-del-contratante\\\/perfil-del-contratante\\\/#primaryimage\"},\"thumbnailUrl\":\"https:\\\/\\\/cambrabcn.org\\\/wp-content\\\/uploads\\\/2024\\\/06\\\/Licitacions-en-curs_384x144-1.png\",\"datePublished\":\"2024-02-01T10:00:00+00:00\",\"dateModified\":\"2025-11-19T09:10:19+00:00\",\"breadcrumb\":{\"@id\":\"https:\\\/\\\/cambrabcn.org\\\/es\\\/es-sobre-cambra\\\/transparencia-y-perfil-del-contratante\\\/perfil-del-contratante\\\/#breadcrumb\"},\"inLanguage\":\"es\",\"potentialAction\":[{\"@type\":\"ReadAction\",\"target\":[\"https:\\\/\\\/cambrabcn.org\\\/es\\\/es-sobre-cambra\\\/transparencia-y-perfil-del-contratante\\\/perfil-del-contratante\\\/\"]}]},{\"@type\":\"ImageObject\",\"inLanguage\":\"es\",\"@id\":\"https:\\\/\\\/cambrabcn.org\\\/es\\\/es-sobre-cambra\\\/transparencia-y-perfil-del-contratante\\\/perfil-del-contratante\\\/#primaryimage\",\"url\":\"https:\\\/\\\/cambrabcn.org\\\/wp-content\\\/uploads\\\/2024\\\/06\\\/Licitacions-en-curs_384x144-1.png\",\"contentUrl\":\"https:\\\/\\\/cambrabcn.org\\\/wp-content\\\/uploads\\\/2024\\\/06\\\/Licitacions-en-curs_384x144-1.png\"},{\"@type\":\"BreadcrumbList\",\"@id\":\"https:\\\/\\\/cambrabcn.org\\\/es\\\/es-sobre-cambra\\\/transparencia-y-perfil-del-contratante\\\/perfil-del-contratante\\\/#breadcrumb\",\"itemListElement\":[{\"@type\":\"ListItem\",\"position\":1,\"name\":\"Home\",\"item\":\"https:\\\/\\\/cambrabcn.org\\\/es\\\/\"},{\"@type\":\"ListItem\",\"position\":2,\"name\":\"Sobre Cambra\",\"item\":\"https:\\\/\\\/cambrabcn.org\\\/es\\\/es-sobre-cambra\\\/\"},{\"@type\":\"ListItem\",\"position\":3,\"name\":\"Transparencia y Perfil del contratante\",\"item\":\"https:\\\/\\\/cambrabcn.org\\\/es\\\/es-sobre-cambra\\\/transparencia-y-perfil-del-contratante\\\/\"},{\"@type\":\"ListItem\",\"position\":4,\"name\":\"Perfil del contratante\"}]},{\"@type\":\"WebSite\",\"@id\":\"https:\\\/\\\/cambrabcn.org\\\/es\\\/#website\",\"url\":\"https:\\\/\\\/cambrabcn.org\\\/es\\\/\",\"name\":\"Cambra de Comer\u00e7 de Barcelona\",\"description\":\"La Cambra de Tothom\",\"publisher\":{\"@id\":\"https:\\\/\\\/cambrabcn.org\\\/es\\\/#organization\"},\"alternateName\":\"Cambra Oficial de Comer\u00e7, Ind\u00fastria, Serveis i Navegaci\u00f3 de Barcelona\",\"potentialAction\":[{\"@type\":\"SearchAction\",\"target\":{\"@type\":\"EntryPoint\",\"urlTemplate\":\"https:\\\/\\\/cambrabcn.org\\\/es\\\/?s={search_term_string}\"},\"query-input\":{\"@type\":\"PropertyValueSpecification\",\"valueRequired\":true,\"valueName\":\"search_term_string\"}}],\"inLanguage\":\"es\"},{\"@type\":\"Organization\",\"@id\":\"https:\\\/\\\/cambrabcn.org\\\/es\\\/#organization\",\"name\":\"Cambra de Comer\u00e7 de Barcelona\",\"alternateName\":\"Cambra Oficial de Comer\u00e7, Ind\u00fastria, Serveis i Navegaci\u00f3 de Barcelona\",\"url\":\"https:\\\/\\\/cambrabcn.org\\\/es\\\/\",\"logo\":{\"@type\":\"ImageObject\",\"inLanguage\":\"es\",\"@id\":\"https:\\\/\\\/cambrabcn.org\\\/es\\\/#\\\/schema\\\/logo\\\/image\\\/\",\"url\":\"https:\\\/\\\/cambrabcn.org\\\/wp-content\\\/uploads\\\/2023\\\/11\\\/logo-cambra-300x77-1.png\",\"contentUrl\":\"https:\\\/\\\/cambrabcn.org\\\/wp-content\\\/uploads\\\/2023\\\/11\\\/logo-cambra-300x77-1.png\",\"width\":300,\"height\":77,\"caption\":\"Cambra de Comer\u00e7 de Barcelona\"},\"image\":{\"@id\":\"https:\\\/\\\/cambrabcn.org\\\/es\\\/#\\\/schema\\\/logo\\\/image\\\/\"},\"sameAs\":[\"https:\\\/\\\/x.com\\\/cambrabcn\",\"https:\\\/\\\/www.instagram.com\\\/cambrabcn\\\/\",\"https:\\\/\\\/www.linkedin.com\\\/school\\\/cambrabcn\",\"https:\\\/\\\/www.youtube.com\\\/user\\\/PressCambrabcn\",\"https:\\\/\\\/ca.wikipedia.org\\\/wiki\\\/Cambra_Oficial_de_Comer\u00e7,_Ind\u00fastria_i_Navegaci\u00f3_de_Barcelona\",\"http:\\\/\\\/viaf.org\\\/viaf\\\/124017095\"],\"description\":\"La Cambra Oficial de Comer\u00e7, Ind\u00fastria, Serveis i Navegaci\u00f3 de Barcelona \u00e9s una corporaci\u00f3 de dret p\u00fablic que presta serveis a les empreses, contribuint a la regeneraci\u00f3 del teixit econ\u00f2mic i la creaci\u00f3 d\u2019ocupaci\u00f3.\",\"email\":\"cambra@cambrabcn.cat\",\"telephone\":\"+34 93 416 93 00\",\"legalName\":\"La Cambra Oficial de Comer\u00e7, Ind\u00fastria, Serveis i Navegaci\u00f3 de Barcelona\",\"foundingDate\":\"1886-01-01\",\"vatID\":\"Q0873001B\",\"taxID\":\"Q0873001B\",\"naics\":\"813910\"}]}<\/script>\n<!-- \/ Yoast SEO Premium plugin. -->","yoast_head_json":{"title":"Perfil del contratante | Cambra de Comer\u00e7 de Barcelona","robots":{"index":"index","follow":"follow","max-snippet":"max-snippet:-1","max-image-preview":"max-image-preview:large","max-video-preview":"max-video-preview:-1"},"canonical":"https:\/\/cambrabcn.org\/es\/es-sobre-cambra\/transparencia-y-perfil-del-contratante\/perfil-del-contratante\/","og_locale":"es_ES","og_type":"article","og_title":"Perfil del contratante","og_description":"De acuerdo con lo establecido por la Ley 19\/2013 de transparencia, acceso a la informaci\u00f3n p\u00fablica y buen gobierno, la Cambra de Comer\u00e7 Barcelona facilita el acceso p\u00fablico a la informaci\u00f3n relativa a su actividad contractual. Principios e instrucciones de contrataci\u00f3n Los procedimientos de contrataci\u00f3n de la Cambra de Barcelona se fundamentan en el respeto [&hellip;]","og_url":"https:\/\/cambrabcn.org\/es\/es-sobre-cambra\/transparencia-y-perfil-del-contratante\/perfil-del-contratante\/","og_site_name":"Cambra de Comer\u00e7 de Barcelona","article_modified_time":"2025-11-19T09:10:19+00:00","og_image":[{"width":384,"height":144,"url":"https:\/\/cambrabcn.org\/wp-content\/uploads\/2024\/06\/Licitacions-en-curs_384x144-1.png","type":"image\/png"}],"twitter_card":"summary_large_image","twitter_site":"@cambrabcn","twitter_misc":{"Tiempo de lectura":"2 minutos"},"schema":{"@context":"https:\/\/schema.org","@graph":[{"@type":"WebPage","@id":"https:\/\/cambrabcn.org\/es\/es-sobre-cambra\/transparencia-y-perfil-del-contratante\/perfil-del-contratante\/","url":"https:\/\/cambrabcn.org\/es\/es-sobre-cambra\/transparencia-y-perfil-del-contratante\/perfil-del-contratante\/","name":"Perfil del contratante | Cambra de Comer\u00e7 de Barcelona","isPartOf":{"@id":"https:\/\/cambrabcn.org\/es\/#website"},"primaryImageOfPage":{"@id":"https:\/\/cambrabcn.org\/es\/es-sobre-cambra\/transparencia-y-perfil-del-contratante\/perfil-del-contratante\/#primaryimage"},"image":{"@id":"https:\/\/cambrabcn.org\/es\/es-sobre-cambra\/transparencia-y-perfil-del-contratante\/perfil-del-contratante\/#primaryimage"},"thumbnailUrl":"https:\/\/cambrabcn.org\/wp-content\/uploads\/2024\/06\/Licitacions-en-curs_384x144-1.png","datePublished":"2024-02-01T10:00:00+00:00","dateModified":"2025-11-19T09:10:19+00:00","breadcrumb":{"@id":"https:\/\/cambrabcn.org\/es\/es-sobre-cambra\/transparencia-y-perfil-del-contratante\/perfil-del-contratante\/#breadcrumb"},"inLanguage":"es","potentialAction":[{"@type":"ReadAction","target":["https:\/\/cambrabcn.org\/es\/es-sobre-cambra\/transparencia-y-perfil-del-contratante\/perfil-del-contratante\/"]}]},{"@type":"ImageObject","inLanguage":"es","@id":"https:\/\/cambrabcn.org\/es\/es-sobre-cambra\/transparencia-y-perfil-del-contratante\/perfil-del-contratante\/#primaryimage","url":"https:\/\/cambrabcn.org\/wp-content\/uploads\/2024\/06\/Licitacions-en-curs_384x144-1.png","contentUrl":"https:\/\/cambrabcn.org\/wp-content\/uploads\/2024\/06\/Licitacions-en-curs_384x144-1.png"},{"@type":"BreadcrumbList","@id":"https:\/\/cambrabcn.org\/es\/es-sobre-cambra\/transparencia-y-perfil-del-contratante\/perfil-del-contratante\/#breadcrumb","itemListElement":[{"@type":"ListItem","position":1,"name":"Home","item":"https:\/\/cambrabcn.org\/es\/"},{"@type":"ListItem","position":2,"name":"Sobre Cambra","item":"https:\/\/cambrabcn.org\/es\/es-sobre-cambra\/"},{"@type":"ListItem","position":3,"name":"Transparencia y Perfil del contratante","item":"https:\/\/cambrabcn.org\/es\/es-sobre-cambra\/transparencia-y-perfil-del-contratante\/"},{"@type":"ListItem","position":4,"name":"Perfil del contratante"}]},{"@type":"WebSite","@id":"https:\/\/cambrabcn.org\/es\/#website","url":"https:\/\/cambrabcn.org\/es\/","name":"Cambra de Comer\u00e7 de Barcelona","description":"La Cambra de Tothom","publisher":{"@id":"https:\/\/cambrabcn.org\/es\/#organization"},"alternateName":"Cambra Oficial de Comer\u00e7, Ind\u00fastria, Serveis i Navegaci\u00f3 de Barcelona","potentialAction":[{"@type":"SearchAction","target":{"@type":"EntryPoint","urlTemplate":"https:\/\/cambrabcn.org\/es\/?s={search_term_string}"},"query-input":{"@type":"PropertyValueSpecification","valueRequired":true,"valueName":"search_term_string"}}],"inLanguage":"es"},{"@type":"Organization","@id":"https:\/\/cambrabcn.org\/es\/#organization","name":"Cambra de Comer\u00e7 de Barcelona","alternateName":"Cambra Oficial de Comer\u00e7, Ind\u00fastria, Serveis i Navegaci\u00f3 de Barcelona","url":"https:\/\/cambrabcn.org\/es\/","logo":{"@type":"ImageObject","inLanguage":"es","@id":"https:\/\/cambrabcn.org\/es\/#\/schema\/logo\/image\/","url":"https:\/\/cambrabcn.org\/wp-content\/uploads\/2023\/11\/logo-cambra-300x77-1.png","contentUrl":"https:\/\/cambrabcn.org\/wp-content\/uploads\/2023\/11\/logo-cambra-300x77-1.png","width":300,"height":77,"caption":"Cambra de Comer\u00e7 de Barcelona"},"image":{"@id":"https:\/\/cambrabcn.org\/es\/#\/schema\/logo\/image\/"},"sameAs":["https:\/\/x.com\/cambrabcn","https:\/\/www.instagram.com\/cambrabcn\/","https:\/\/www.linkedin.com\/school\/cambrabcn","https:\/\/www.youtube.com\/user\/PressCambrabcn","https:\/\/ca.wikipedia.org\/wiki\/Cambra_Oficial_de_Comer\u00e7,_Ind\u00fastria_i_Navegaci\u00f3_de_Barcelona","http:\/\/viaf.org\/viaf\/124017095"],"description":"La Cambra Oficial de Comer\u00e7, Ind\u00fastria, Serveis i Navegaci\u00f3 de Barcelona \u00e9s una corporaci\u00f3 de dret p\u00fablic que presta serveis a les empreses, contribuint a la regeneraci\u00f3 del teixit econ\u00f2mic i la creaci\u00f3 d\u2019ocupaci\u00f3.","email":"cambra@cambrabcn.cat","telephone":"+34 93 416 93 00","legalName":"La Cambra Oficial de Comer\u00e7, Ind\u00fastria, Serveis i Navegaci\u00f3 de Barcelona","foundingDate":"1886-01-01","vatID":"Q0873001B","taxID":"Q0873001B","naics":"813910"}]}},"mfb_rest_fields":["pp_statuses_selecting_workflow","pp_workflow_action","pp_status_selection","yoast_head","yoast_head_json"],"_links":{"self":[{"href":"https:\/\/cambrabcn.org\/es\/wp-json\/wp\/v2\/pages\/1424","targetHints":{"allow":["GET"]}}],"collection":[{"href":"https:\/\/cambrabcn.org\/es\/wp-json\/wp\/v2\/pages"}],"about":[{"href":"https:\/\/cambrabcn.org\/es\/wp-json\/wp\/v2\/types\/page"}],"author":[{"embeddable":true,"href":"https:\/\/cambrabcn.org\/es\/wp-json\/wp\/v2\/users\/2"}],"replies":[{"embeddable":true,"href":"https:\/\/cambrabcn.org\/es\/wp-json\/wp\/v2\/comments?post=1424"}],"version-history":[{"count":3,"href":"https:\/\/cambrabcn.org\/es\/wp-json\/wp\/v2\/pages\/1424\/revisions"}],"predecessor-version":[{"id":108732,"href":"https:\/\/cambrabcn.org\/es\/wp-json\/wp\/v2\/pages\/1424\/revisions\/108732"}],"up":[{"embeddable":true,"href":"https:\/\/cambrabcn.org\/es\/wp-json\/wp\/v2\/pages\/1422"}],"wp:attachment":[{"href":"https:\/\/cambrabcn.org\/es\/wp-json\/wp\/v2\/media?parent=1424"}],"curies":[{"name":"wp","href":"https:\/\/api.w.org\/{rel}","templated":true}]}}