{"id":13080,"date":"2024-02-01T12:00:00","date_gmt":"2024-02-01T10:00:00","guid":{"rendered":"https:\/\/cambrabcn.org\/?page_id=13080"},"modified":"2024-06-12T17:34:29","modified_gmt":"2024-06-12T15:34:29","slug":"red-cameral","status":"publish","type":"page","link":"https:\/\/cambrabcn.org\/es\/es-sobre-cambra\/red-cameral\/","title":{"rendered":"Red cameral"},"content":{"rendered":"\n<div class=\"wp-block-group is-layout-constrained wp-block-group-is-layout-constrained\" style=\"margin-top:4rem;margin-bottom:4rem\">\n<div class=\"wp-block-group is-layout-constrained wp-block-group-is-layout-constrained\">\n<div class=\"wp-block-group cambra-plp-about-us is-layout-constrained wp-container-core-group-is-layout-e555385e wp-block-group-is-layout-constrained\">\n<div style=\"height:1.5rem\" aria-hidden=\"true\" class=\"wp-block-spacer\"><\/div>\n\n\n<div class=\"wp-block-cambra-custom-blocks-cambra-breadcrumbs\"><nav role=\"navigation\" aria-label=\"Breadcrumb\" class=\"breadcrumb\"><ol class=\"breadcrumb-items\"><li class=\"breadcrumb-item breadcrumb-item--current breadcrumb-item--home\"><span class=\"breadcrumb-item-name\">Inicio<\/span><\/li><\/ol><\/nav><\/div>\n\n\n<div style=\"height:1.5rem\" aria-hidden=\"true\" class=\"wp-block-spacer hide-mobile\"><\/div>\n\n\n\n<div class=\"wp-block-group main-content is-layout-constrained wp-container-core-group-is-layout-6b712b1a wp-block-group-is-layout-constrained\"><figure class=\"aligncenter wp-block-post-featured-image\"><img loading=\"lazy\" decoding=\"async\" width=\"1200\" height=\"273\" src=\"https:\/\/cambrabcn.org\/wp-content\/uploads\/2024\/03\/cambra-marca-edifici-jpg.webp\" class=\"attachment-post-thumbnail size-post-thumbnail wp-post-image\" alt=\"\" style=\"object-fit:cover;\" srcset=\"https:\/\/cambrabcn.org\/wp-content\/uploads\/2024\/03\/cambra-marca-edifici-jpg.webp 1200w, https:\/\/cambrabcn.org\/wp-content\/uploads\/2024\/03\/cambra-marca-edifici-300x68.webp 300w, https:\/\/cambrabcn.org\/wp-content\/uploads\/2024\/03\/cambra-marca-edifici-1024x233.webp 1024w, https:\/\/cambrabcn.org\/wp-content\/uploads\/2024\/03\/cambra-marca-edifici-768x175.webp 768w, https:\/\/cambrabcn.org\/wp-content\/uploads\/2024\/03\/cambra-marca-edifici-600x137.webp 600w\" sizes=\"auto, (max-width: 1200px) 100vw, 1200px\" \/><\/figure><\/div>\n\n\n\n<div style=\"height:3.75rem\" aria-hidden=\"true\" class=\"wp-block-spacer\"><\/div>\n\n\n\n<div class=\"wp-block-columns is-layout-flex wp-container-core-columns-is-layout-91ca75f0 wp-block-columns-is-layout-flex\">\n<div class=\"wp-block-column is-layout-flow wp-block-column-is-layout-flow\">\n<div class=\"wp-block-group cambra-bottom-line is-layout-constrained wp-container-core-group-is-layout-7fca5b48 wp-block-group-is-layout-constrained\">\n<h1 class=\"wp-block-heading heading-1\">Red cameral<\/h1>\n<\/div>\n\n\n\n<div style=\"height:20px\" aria-hidden=\"true\" class=\"wp-block-spacer\"><\/div>\n<\/div>\n<\/div>\n<\/div>\n\n\n\n<h2 class=\"wp-block-heading\">Establecemos alianzas con c\u00e1maras de todo el mundo para impulsar la internacionalizaci\u00f3n empresarial.<\/h2>\n\n\n\n<p>La Cambra de Comer\u00e7 de Barcelona mantiene un intercambio activo con las c\u00e1maras oficiales de comercio del pa\u00eds y del mundo, considerando la red cameral como una de las principales plataformas de participaci\u00f3n e influencia de la Corporaci\u00f3n en beneficio de sus clientes.<\/p>\n\n\n\n<p>De hecho, con el objetivo de alcanzar de manera m\u00e1s efectiva sus objetivos, las c\u00e1maras pueden establecer convenios u otros instrumentos de colaboraci\u00f3n tanto entre ellas como con otras c\u00e1maras fuera del territorio.<\/p>\n\n\n\n<p>Esta red cameral se despliega con el objetivo de integrar los organismos cameral catalanes, espa\u00f1oles, mediterr\u00e1neos, europeos, iberoamericanos y mundiales.<\/p>\n<\/div>\n\n\n\n<div style=\"height:20px\" aria-hidden=\"true\" class=\"wp-block-spacer\"><\/div>\n\n\n\n<div class=\"wp-block-group is-layout-constrained wp-block-group-is-layout-constrained\">\n<h2 class=\"wp-block-heading\">Consell General de Cambres de Catalunya<\/h2>\n\n\n\n<div class=\"wp-block-columns is-layout-flex wp-container-core-columns-is-layout-28f84493 wp-block-columns-is-layout-flex\">\n<div class=\"wp-block-column is-layout-flow wp-block-column-is-layout-flow\" style=\"flex-basis:20%\">\n<figure class=\"wp-block-image size-full is-resized\"><img data-dominant-color=\"52030a\" data-has-transparency=\"true\" loading=\"lazy\" decoding=\"async\" width=\"500\" height=\"175\" src=\"https:\/\/cambrabcn.org\/wp-content\/uploads\/2024\/01\/Consell_Gral_Cambres_Catalunya.png\" alt=\"\" class=\"wp-image-31730 has-transparency\" style=\"--dominant-color: #52030a; width:200px\" srcset=\"https:\/\/cambrabcn.org\/wp-content\/uploads\/2024\/01\/Consell_Gral_Cambres_Catalunya.png 500w, https:\/\/cambrabcn.org\/wp-content\/uploads\/2024\/01\/Consell_Gral_Cambres_Catalunya-300x105.png 300w\" sizes=\"auto, (max-width: 500px) 100vw, 500px\" \/><\/figure>\n<\/div>\n\n\n\n<div class=\"wp-block-column is-layout-flow wp-block-column-is-layout-flow\" style=\"flex-basis:66.66%\">\n<p>La Cambra de Barcelona forma parte y ostenta la Presidencia del Consell General de Cambres de Catalunya, entidad que agrupa 13 c\u00e1maras de comercio oficiales: Barcelona, Girona, Lleida, Manresa, Palam\u00f3s, Reus, Sabadell, Sant Feliu de Gu\u00edxols, Tarragona, T\u00e0rrega, Terrassa, Tortosa y Valls.<\/p>\n<\/div>\n<\/div>\n<\/div>\n\n\n\n<div style=\"height:20px\" aria-hidden=\"true\" class=\"wp-block-spacer\"><\/div>\n\n\n\n<div class=\"wp-block-group is-layout-constrained wp-block-group-is-layout-constrained\">\n<h2 class=\"wp-block-heading\">C\u00e1mara de Comercio de Espa\u00f1a<\/h2>\n\n\n\n<div class=\"wp-block-columns is-layout-flex wp-container-core-columns-is-layout-28f84493 wp-block-columns-is-layout-flex\">\n<div class=\"wp-block-column is-layout-flow wp-block-column-is-layout-flow\" style=\"flex-basis:20%\">\n<figure class=\"wp-block-image size-full is-resized\"><img data-dominant-color=\"bc2830\" data-has-transparency=\"true\" loading=\"lazy\" decoding=\"async\" width=\"500\" height=\"148\" src=\"https:\/\/cambrabcn.org\/wp-content\/uploads\/2024\/01\/Camara_Espana.png\" alt=\"\" class=\"wp-image-31733 has-transparency\" style=\"--dominant-color: #bc2830; width:200px\" srcset=\"https:\/\/cambrabcn.org\/wp-content\/uploads\/2024\/01\/Camara_Espana.png 500w, https:\/\/cambrabcn.org\/wp-content\/uploads\/2024\/01\/Camara_Espana-300x89.png 300w\" sizes=\"auto, (max-width: 500px) 100vw, 500px\" \/><\/figure>\n<\/div>\n\n\n\n<div class=\"wp-block-column is-layout-flow wp-block-column-is-layout-flow\" style=\"flex-basis:66.66%\">\n<p>La C\u00e1mara de Espa\u00f1a representa las 85 c\u00e1maras de comercio del Estado, coordina sus actuaciones y fomenta su relaci\u00f3n. Cambra de Barcelona ostenta la Vicepresidencia Segunda.<\/p>\n<\/div>\n<\/div>\n<\/div>\n\n\n\n<div style=\"height:20px\" aria-hidden=\"true\" class=\"wp-block-spacer\"><\/div>\n\n\n\n<div class=\"wp-block-group is-layout-constrained wp-block-group-is-layout-constrained\">\n<h2 class=\"wp-block-heading\">Associaci\u00f3 de Cambres de Comer\u00e7 i Ind\u00fastria de la Mediterr\u00e0nia (ASCAME)<\/h2>\n\n\n\n<div class=\"wp-block-columns is-layout-flex wp-container-core-columns-is-layout-28f84493 wp-block-columns-is-layout-flex\">\n<div class=\"wp-block-column is-layout-flow wp-block-column-is-layout-flow\" style=\"flex-basis:20%\">\n<figure class=\"wp-block-image aligncenter size-full is-resized\"><img data-dominant-color=\"c09e24\" data-has-transparency=\"true\" loading=\"lazy\" decoding=\"async\" width=\"500\" height=\"114\" src=\"https:\/\/cambrabcn.org\/wp-content\/uploads\/2024\/01\/Ascame.png\" alt=\"\" class=\"wp-image-31736 has-transparency\" style=\"--dominant-color: #c09e24; width:200px\" srcset=\"https:\/\/cambrabcn.org\/wp-content\/uploads\/2024\/01\/Ascame.png 500w, https:\/\/cambrabcn.org\/wp-content\/uploads\/2024\/01\/Ascame-300x68.png 300w\" sizes=\"auto, (max-width: 500px) 100vw, 500px\" \/><\/figure>\n<\/div>\n\n\n\n<div class=\"wp-block-column is-layout-flow wp-block-column-is-layout-flow\" style=\"flex-basis:66.66%\">\n<p>Asociaci\u00f3n de las c\u00e1maras de comercio del \u00e1rea mediterr\u00e1nea que agrupa alrededor de 250 c\u00e1maras de comercio de 23 pa\u00edses: Albania; Argelia; Bosnia y Herzegovina; Bulgaria; Chipre; Croacia, Egipto; Francia; Grecia; Italia; Jordania; L\u00edbano; Libia; Macedonia; Malta; Montenegro; Marruecos; Serbia; Espa\u00f1a; Siria; T\u00fanez y Turqu\u00eda. Cambra de Barcelona \u00e9s membre del seu Comit\u00e8 Executiu i ostenta la Secretaria general Permanent.<\/p>\n<\/div>\n<\/div>\n<\/div>\n\n\n\n<div style=\"height:20px\" aria-hidden=\"true\" class=\"wp-block-spacer\"><\/div>\n\n\n\n<div class=\"wp-block-group is-layout-constrained wp-block-group-is-layout-constrained\">\n<h2 class=\"wp-block-heading\">Eurochambres<\/h2>\n\n\n\n<div class=\"wp-block-columns is-layout-flex wp-container-core-columns-is-layout-28f84493 wp-block-columns-is-layout-flex\">\n<div class=\"wp-block-column is-layout-flow wp-block-column-is-layout-flow\" style=\"flex-basis:20%\">\n<figure class=\"wp-block-image size-full is-resized\"><img data-dominant-color=\"1f586b\" data-has-transparency=\"true\" loading=\"lazy\" decoding=\"async\" width=\"500\" height=\"100\" src=\"https:\/\/cambrabcn.org\/wp-content\/uploads\/2024\/01\/Eurochambres.png\" alt=\"\" class=\"wp-image-31739 has-transparency\" style=\"--dominant-color: #1f586b; width:200px\" srcset=\"https:\/\/cambrabcn.org\/wp-content\/uploads\/2024\/01\/Eurochambres.png 500w, https:\/\/cambrabcn.org\/wp-content\/uploads\/2024\/01\/Eurochambres-300x60.png 300w\" sizes=\"auto, (max-width: 500px) 100vw, 500px\" \/><\/figure>\n<\/div>\n\n\n\n<div class=\"wp-block-column is-layout-flow wp-block-column-is-layout-flow\" style=\"flex-basis:66.66%\">\n<p>Asociaci\u00f3n de m\u00e1s de 1.700 c\u00e1maras de comercio locales y regionales de 43 pa\u00edses europeos, que representan 20 millones de empresas.<\/p>\n<\/div>\n<\/div>\n<\/div>\n\n\n\n<div style=\"height:20px\" aria-hidden=\"true\" class=\"wp-block-spacer\"><\/div>\n\n\n\n<div class=\"wp-block-group is-layout-constrained wp-block-group-is-layout-constrained\">\n<h2 class=\"wp-block-heading\">Asociaci\u00f3n Iberoamericana de C\u00e1maras de Comercio (AICO)<\/h2>\n\n\n\n<div class=\"wp-block-columns is-layout-flex wp-container-core-columns-is-layout-28f84493 wp-block-columns-is-layout-flex\">\n<div class=\"wp-block-column is-layout-flow wp-block-column-is-layout-flow\" style=\"flex-basis:20%\">\n<figure class=\"wp-block-image size-full is-resized\"><img data-dominant-color=\"b1cce0\" data-has-transparency=\"false\" loading=\"lazy\" decoding=\"async\" width=\"583\" height=\"358\" src=\"https:\/\/cambrabcn.org\/wp-content\/uploads\/2024\/01\/Imagen_AI.png\" alt=\"\" class=\"wp-image-31742 not-transparent\" style=\"--dominant-color: #b1cce0; width:200px\" srcset=\"https:\/\/cambrabcn.org\/wp-content\/uploads\/2024\/01\/Imagen_AI.png 583w, https:\/\/cambrabcn.org\/wp-content\/uploads\/2024\/01\/Imagen_AI-300x184.png 300w\" sizes=\"auto, (max-width: 583px) 100vw, 583px\" \/><\/figure>\n<\/div>\n\n\n\n<div class=\"wp-block-column is-layout-flow wp-block-column-is-layout-flow\" style=\"flex-basis:66.66%\">\n<p>Representa a m\u00e1s de 400 c\u00e1maras de comercio de la pen\u00ednsula Ib\u00e8rica, Norteam\u00e9rica, Centroam\u00e9rica, el Caribe, el Cono Sur y la regi\u00f3n andina.<\/p>\n<\/div>\n<\/div>\n<\/div>\n\n\n\n<div style=\"height:20px\" aria-hidden=\"true\" class=\"wp-block-spacer\"><\/div>\n\n\n\n<div class=\"wp-block-group is-layout-constrained wp-block-group-is-layout-constrained\">\n<h2 class=\"wp-block-heading\">International Chamber of Commerce (ICC) \u2013 World Chambers Federation (WCF)<\/h2>\n\n\n\n<div class=\"wp-block-columns is-layout-flex wp-container-core-columns-is-layout-28f84493 wp-block-columns-is-layout-flex\">\n<div class=\"wp-block-column is-layout-flow wp-block-column-is-layout-flow\" style=\"flex-basis:20%\">\n<figure class=\"wp-block-image size-full is-resized\"><img data-dominant-color=\"173d69\" data-has-transparency=\"true\" loading=\"lazy\" decoding=\"async\" width=\"500\" height=\"500\" src=\"https:\/\/cambrabcn.org\/wp-content\/uploads\/2024\/01\/ICC.png\" alt=\"\" class=\"wp-image-31745 has-transparency\" style=\"--dominant-color: #173d69; object-fit:cover;width:200px;height:100px\" srcset=\"https:\/\/cambrabcn.org\/wp-content\/uploads\/2024\/01\/ICC.png 500w, https:\/\/cambrabcn.org\/wp-content\/uploads\/2024\/01\/ICC-300x300.png 300w, https:\/\/cambrabcn.org\/wp-content\/uploads\/2024\/01\/ICC-150x150.png 150w, https:\/\/cambrabcn.org\/wp-content\/uploads\/2024\/01\/ICC-100x100.png 100w\" sizes=\"auto, (max-width: 500px) 100vw, 500px\" \/><\/figure>\n<\/div>\n\n\n\n<div class=\"wp-block-column is-layout-flow wp-block-column-is-layout-flow\" style=\"flex-basis:66.66%\">\n<p>C\u00e1mara de Comercio Internacional (ICC) es la organizaci\u00f3n mundial de empresas que desde 1919 defiende un comercio abierto en competencia leal y reglas justas. Entre sus \u00f3rganos est\u00e1 la Federaci\u00f3n Mundial de C\u00e1maras (WCF), que agrupa c\u00e1maras de comercio de m\u00e1s de 130 pa\u00edses. La Cambra de Barcelona acoge la Secretar\u00eda del Comit\u00e9 Espa\u00f1ol de la ICC.<\/p>\n<\/div>\n<\/div>\n<\/div>\n<\/div>\n","protected":false},"excerpt":{"rendered":"<p>Red cameral Establecemos alianzas con c\u00e1maras de todo el mundo para impulsar la internacionalizaci\u00f3n empresarial. La Cambra de Comer\u00e7 de Barcelona mantiene un intercambio activo con las c\u00e1maras oficiales de comercio del pa\u00eds y del mundo, considerando la red cameral como una de las principales plataformas de participaci\u00f3n e influencia de la Corporaci\u00f3n en beneficio [&hellip;]<\/p>\n","protected":false},"author":2,"featured_media":43148,"parent":7178,"menu_order":0,"comment_status":"closed","ping_status":"closed","template":"","meta":{"_acf_changed":false,"inline_featured_image":false,"ep_exclude_from_search":false,"footnotes":""},"class_list":["post-13080","page","type-page","status-publish","has-post-thumbnail","hentry"],"pp_statuses_selecting_workflow":false,"pp_workflow_action":"current","pp_status_selection":"publish","acf":[],"yoast_head":"<!-- This site is optimized with the Yoast SEO Premium plugin v27.1 (Yoast SEO v27.4) - https:\/\/yoast.com\/product\/yoast-seo-premium-wordpress\/ -->\n<title>Red cameral | Cambra de Comer\u00e7 de Barcelona<\/title>\n<meta name=\"description\" content=\"Alianzas con c\u00e1maras de comercio para impulsar internacionalizaci\u00f3n empresarial. Red global para influir y apoyar a nuestros clientes\" \/>\n<meta name=\"robots\" content=\"index, follow, max-snippet:-1, max-image-preview:large, max-video-preview:-1\" \/>\n<link rel=\"canonical\" href=\"https:\/\/cambrabcn.org\/es\/es-sobre-cambra\/red-cameral\/\" \/>\n<meta property=\"og:locale\" content=\"es_ES\" \/>\n<meta property=\"og:type\" content=\"article\" \/>\n<meta property=\"og:title\" content=\"Red cameral\" \/>\n<meta property=\"og:description\" content=\"Alianzas con c\u00e1maras de comercio para impulsar internacionalizaci\u00f3n empresarial. Red global para influir y apoyar a nuestros clientes\" \/>\n<meta property=\"og:url\" content=\"https:\/\/cambrabcn.org\/es\/es-sobre-cambra\/red-cameral\/\" \/>\n<meta property=\"og:site_name\" content=\"Cambra de Comer\u00e7 de Barcelona\" \/>\n<meta property=\"article:modified_time\" content=\"2024-06-12T15:34:29+00:00\" \/>\n<meta property=\"og:image\" content=\"https:\/\/cambrabcn.org\/wp-content\/uploads\/2024\/03\/cambra-marca-edifici-jpg.webp\" \/>\n\t<meta property=\"og:image:width\" content=\"1200\" \/>\n\t<meta property=\"og:image:height\" content=\"273\" \/>\n\t<meta property=\"og:image:type\" content=\"image\/jpeg\" \/>\n<meta name=\"twitter:card\" content=\"summary_large_image\" \/>\n<meta name=\"twitter:site\" content=\"@cambrabcn\" \/>\n<meta name=\"twitter:label1\" content=\"Tiempo de lectura\" \/>\n\t<meta name=\"twitter:data1\" content=\"4 minutos\" \/>\n<script type=\"application\/ld+json\" class=\"yoast-schema-graph\">{\"@context\":\"https:\\\/\\\/schema.org\",\"@graph\":[{\"@type\":\"WebPage\",\"@id\":\"https:\\\/\\\/cambrabcn.org\\\/es\\\/es-sobre-cambra\\\/red-cameral\\\/\",\"url\":\"https:\\\/\\\/cambrabcn.org\\\/es\\\/es-sobre-cambra\\\/red-cameral\\\/\",\"name\":\"Red cameral | Cambra de Comer\u00e7 de Barcelona\",\"isPartOf\":{\"@id\":\"https:\\\/\\\/cambrabcn.org\\\/es\\\/#website\"},\"primaryImageOfPage\":{\"@id\":\"https:\\\/\\\/cambrabcn.org\\\/es\\\/es-sobre-cambra\\\/red-cameral\\\/#primaryimage\"},\"image\":{\"@id\":\"https:\\\/\\\/cambrabcn.org\\\/es\\\/es-sobre-cambra\\\/red-cameral\\\/#primaryimage\"},\"thumbnailUrl\":\"https:\\\/\\\/cambrabcn.org\\\/wp-content\\\/uploads\\\/2024\\\/03\\\/cambra-marca-edifici-jpg.webp\",\"datePublished\":\"2024-02-01T10:00:00+00:00\",\"dateModified\":\"2024-06-12T15:34:29+00:00\",\"description\":\"Alianzas con c\u00e1maras de comercio para impulsar internacionalizaci\u00f3n empresarial. Red global para influir y apoyar a nuestros clientes\",\"breadcrumb\":{\"@id\":\"https:\\\/\\\/cambrabcn.org\\\/es\\\/es-sobre-cambra\\\/red-cameral\\\/#breadcrumb\"},\"inLanguage\":\"es\",\"potentialAction\":[{\"@type\":\"ReadAction\",\"target\":[\"https:\\\/\\\/cambrabcn.org\\\/es\\\/es-sobre-cambra\\\/red-cameral\\\/\"]}]},{\"@type\":\"ImageObject\",\"inLanguage\":\"es\",\"@id\":\"https:\\\/\\\/cambrabcn.org\\\/es\\\/es-sobre-cambra\\\/red-cameral\\\/#primaryimage\",\"url\":\"https:\\\/\\\/cambrabcn.org\\\/wp-content\\\/uploads\\\/2024\\\/03\\\/cambra-marca-edifici-jpg.webp\",\"contentUrl\":\"https:\\\/\\\/cambrabcn.org\\\/wp-content\\\/uploads\\\/2024\\\/03\\\/cambra-marca-edifici-jpg.webp\",\"width\":1200,\"height\":273},{\"@type\":\"BreadcrumbList\",\"@id\":\"https:\\\/\\\/cambrabcn.org\\\/es\\\/es-sobre-cambra\\\/red-cameral\\\/#breadcrumb\",\"itemListElement\":[{\"@type\":\"ListItem\",\"position\":1,\"name\":\"Home\",\"item\":\"https:\\\/\\\/cambrabcn.org\\\/es\\\/\"},{\"@type\":\"ListItem\",\"position\":2,\"name\":\"Sobre Cambra\",\"item\":\"https:\\\/\\\/cambrabcn.org\\\/es\\\/es-sobre-cambra\\\/\"},{\"@type\":\"ListItem\",\"position\":3,\"name\":\"Red cameral\"}]},{\"@type\":\"WebSite\",\"@id\":\"https:\\\/\\\/cambrabcn.org\\\/es\\\/#website\",\"url\":\"https:\\\/\\\/cambrabcn.org\\\/es\\\/\",\"name\":\"Cambra de Comer\u00e7 de Barcelona\",\"description\":\"La Cambra de Tothom\",\"publisher\":{\"@id\":\"https:\\\/\\\/cambrabcn.org\\\/es\\\/#organization\"},\"alternateName\":\"Cambra Oficial de Comer\u00e7, Ind\u00fastria, Serveis i Navegaci\u00f3 de Barcelona\",\"potentialAction\":[{\"@type\":\"SearchAction\",\"target\":{\"@type\":\"EntryPoint\",\"urlTemplate\":\"https:\\\/\\\/cambrabcn.org\\\/es\\\/?s={search_term_string}\"},\"query-input\":{\"@type\":\"PropertyValueSpecification\",\"valueRequired\":true,\"valueName\":\"search_term_string\"}}],\"inLanguage\":\"es\"},{\"@type\":\"Organization\",\"@id\":\"https:\\\/\\\/cambrabcn.org\\\/es\\\/#organization\",\"name\":\"Cambra de Comer\u00e7 de Barcelona\",\"alternateName\":\"Cambra Oficial de Comer\u00e7, Ind\u00fastria, Serveis i Navegaci\u00f3 de Barcelona\",\"url\":\"https:\\\/\\\/cambrabcn.org\\\/es\\\/\",\"logo\":{\"@type\":\"ImageObject\",\"inLanguage\":\"es\",\"@id\":\"https:\\\/\\\/cambrabcn.org\\\/es\\\/#\\\/schema\\\/logo\\\/image\\\/\",\"url\":\"https:\\\/\\\/cambrabcn.org\\\/wp-content\\\/uploads\\\/2023\\\/11\\\/logo-cambra-300x77-1.png\",\"contentUrl\":\"https:\\\/\\\/cambrabcn.org\\\/wp-content\\\/uploads\\\/2023\\\/11\\\/logo-cambra-300x77-1.png\",\"width\":300,\"height\":77,\"caption\":\"Cambra de Comer\u00e7 de Barcelona\"},\"image\":{\"@id\":\"https:\\\/\\\/cambrabcn.org\\\/es\\\/#\\\/schema\\\/logo\\\/image\\\/\"},\"sameAs\":[\"https:\\\/\\\/x.com\\\/cambrabcn\",\"https:\\\/\\\/www.instagram.com\\\/cambrabcn\\\/\",\"https:\\\/\\\/www.linkedin.com\\\/school\\\/cambrabcn\",\"https:\\\/\\\/www.youtube.com\\\/user\\\/PressCambrabcn\",\"https:\\\/\\\/ca.wikipedia.org\\\/wiki\\\/Cambra_Oficial_de_Comer\u00e7,_Ind\u00fastria_i_Navegaci\u00f3_de_Barcelona\",\"http:\\\/\\\/viaf.org\\\/viaf\\\/124017095\"],\"description\":\"La Cambra Oficial de Comer\u00e7, Ind\u00fastria, Serveis i Navegaci\u00f3 de Barcelona \u00e9s una corporaci\u00f3 de dret p\u00fablic que presta serveis a les empreses, contribuint a la regeneraci\u00f3 del teixit econ\u00f2mic i la creaci\u00f3 d\u2019ocupaci\u00f3.\",\"email\":\"cambra@cambrabcn.cat\",\"telephone\":\"+34 93 416 93 00\",\"legalName\":\"La Cambra Oficial de Comer\u00e7, Ind\u00fastria, Serveis i Navegaci\u00f3 de Barcelona\",\"foundingDate\":\"1886-01-01\",\"vatID\":\"Q0873001B\",\"taxID\":\"Q0873001B\",\"naics\":\"813910\"}]}<\/script>\n<!-- \/ Yoast SEO Premium plugin. -->","yoast_head_json":{"title":"Red cameral | Cambra de Comer\u00e7 de Barcelona","description":"Alianzas con c\u00e1maras de comercio para impulsar internacionalizaci\u00f3n empresarial. Red global para influir y apoyar a nuestros clientes","robots":{"index":"index","follow":"follow","max-snippet":"max-snippet:-1","max-image-preview":"max-image-preview:large","max-video-preview":"max-video-preview:-1"},"canonical":"https:\/\/cambrabcn.org\/es\/es-sobre-cambra\/red-cameral\/","og_locale":"es_ES","og_type":"article","og_title":"Red cameral","og_description":"Alianzas con c\u00e1maras de comercio para impulsar internacionalizaci\u00f3n empresarial. Red global para influir y apoyar a nuestros clientes","og_url":"https:\/\/cambrabcn.org\/es\/es-sobre-cambra\/red-cameral\/","og_site_name":"Cambra de Comer\u00e7 de Barcelona","article_modified_time":"2024-06-12T15:34:29+00:00","og_image":[{"width":1200,"height":273,"url":"https:\/\/cambrabcn.org\/wp-content\/uploads\/2024\/03\/cambra-marca-edifici-jpg.webp","type":"image\/jpeg"}],"twitter_card":"summary_large_image","twitter_site":"@cambrabcn","twitter_misc":{"Tiempo de lectura":"4 minutos"},"schema":{"@context":"https:\/\/schema.org","@graph":[{"@type":"WebPage","@id":"https:\/\/cambrabcn.org\/es\/es-sobre-cambra\/red-cameral\/","url":"https:\/\/cambrabcn.org\/es\/es-sobre-cambra\/red-cameral\/","name":"Red cameral | Cambra de Comer\u00e7 de Barcelona","isPartOf":{"@id":"https:\/\/cambrabcn.org\/es\/#website"},"primaryImageOfPage":{"@id":"https:\/\/cambrabcn.org\/es\/es-sobre-cambra\/red-cameral\/#primaryimage"},"image":{"@id":"https:\/\/cambrabcn.org\/es\/es-sobre-cambra\/red-cameral\/#primaryimage"},"thumbnailUrl":"https:\/\/cambrabcn.org\/wp-content\/uploads\/2024\/03\/cambra-marca-edifici-jpg.webp","datePublished":"2024-02-01T10:00:00+00:00","dateModified":"2024-06-12T15:34:29+00:00","description":"Alianzas con c\u00e1maras de comercio para impulsar internacionalizaci\u00f3n empresarial. Red global para influir y apoyar a nuestros clientes","breadcrumb":{"@id":"https:\/\/cambrabcn.org\/es\/es-sobre-cambra\/red-cameral\/#breadcrumb"},"inLanguage":"es","potentialAction":[{"@type":"ReadAction","target":["https:\/\/cambrabcn.org\/es\/es-sobre-cambra\/red-cameral\/"]}]},{"@type":"ImageObject","inLanguage":"es","@id":"https:\/\/cambrabcn.org\/es\/es-sobre-cambra\/red-cameral\/#primaryimage","url":"https:\/\/cambrabcn.org\/wp-content\/uploads\/2024\/03\/cambra-marca-edifici-jpg.webp","contentUrl":"https:\/\/cambrabcn.org\/wp-content\/uploads\/2024\/03\/cambra-marca-edifici-jpg.webp","width":1200,"height":273},{"@type":"BreadcrumbList","@id":"https:\/\/cambrabcn.org\/es\/es-sobre-cambra\/red-cameral\/#breadcrumb","itemListElement":[{"@type":"ListItem","position":1,"name":"Home","item":"https:\/\/cambrabcn.org\/es\/"},{"@type":"ListItem","position":2,"name":"Sobre Cambra","item":"https:\/\/cambrabcn.org\/es\/es-sobre-cambra\/"},{"@type":"ListItem","position":3,"name":"Red cameral"}]},{"@type":"WebSite","@id":"https:\/\/cambrabcn.org\/es\/#website","url":"https:\/\/cambrabcn.org\/es\/","name":"Cambra de Comer\u00e7 de Barcelona","description":"La Cambra de Tothom","publisher":{"@id":"https:\/\/cambrabcn.org\/es\/#organization"},"alternateName":"Cambra Oficial de Comer\u00e7, Ind\u00fastria, Serveis i Navegaci\u00f3 de Barcelona","potentialAction":[{"@type":"SearchAction","target":{"@type":"EntryPoint","urlTemplate":"https:\/\/cambrabcn.org\/es\/?s={search_term_string}"},"query-input":{"@type":"PropertyValueSpecification","valueRequired":true,"valueName":"search_term_string"}}],"inLanguage":"es"},{"@type":"Organization","@id":"https:\/\/cambrabcn.org\/es\/#organization","name":"Cambra de Comer\u00e7 de Barcelona","alternateName":"Cambra Oficial de Comer\u00e7, Ind\u00fastria, Serveis i Navegaci\u00f3 de Barcelona","url":"https:\/\/cambrabcn.org\/es\/","logo":{"@type":"ImageObject","inLanguage":"es","@id":"https:\/\/cambrabcn.org\/es\/#\/schema\/logo\/image\/","url":"https:\/\/cambrabcn.org\/wp-content\/uploads\/2023\/11\/logo-cambra-300x77-1.png","contentUrl":"https:\/\/cambrabcn.org\/wp-content\/uploads\/2023\/11\/logo-cambra-300x77-1.png","width":300,"height":77,"caption":"Cambra de Comer\u00e7 de Barcelona"},"image":{"@id":"https:\/\/cambrabcn.org\/es\/#\/schema\/logo\/image\/"},"sameAs":["https:\/\/x.com\/cambrabcn","https:\/\/www.instagram.com\/cambrabcn\/","https:\/\/www.linkedin.com\/school\/cambrabcn","https:\/\/www.youtube.com\/user\/PressCambrabcn","https:\/\/ca.wikipedia.org\/wiki\/Cambra_Oficial_de_Comer\u00e7,_Ind\u00fastria_i_Navegaci\u00f3_de_Barcelona","http:\/\/viaf.org\/viaf\/124017095"],"description":"La Cambra Oficial de Comer\u00e7, Ind\u00fastria, Serveis i Navegaci\u00f3 de Barcelona \u00e9s una corporaci\u00f3 de dret p\u00fablic que presta serveis a les empreses, contribuint a la regeneraci\u00f3 del teixit econ\u00f2mic i la creaci\u00f3 d\u2019ocupaci\u00f3.","email":"cambra@cambrabcn.cat","telephone":"+34 93 416 93 00","legalName":"La Cambra Oficial de Comer\u00e7, Ind\u00fastria, Serveis i Navegaci\u00f3 de Barcelona","foundingDate":"1886-01-01","vatID":"Q0873001B","taxID":"Q0873001B","naics":"813910"}]}},"mfb_rest_fields":["pp_statuses_selecting_workflow","pp_workflow_action","pp_status_selection","yoast_head","yoast_head_json"],"_links":{"self":[{"href":"https:\/\/cambrabcn.org\/es\/wp-json\/wp\/v2\/pages\/13080","targetHints":{"allow":["GET"]}}],"collection":[{"href":"https:\/\/cambrabcn.org\/es\/wp-json\/wp\/v2\/pages"}],"about":[{"href":"https:\/\/cambrabcn.org\/es\/wp-json\/wp\/v2\/types\/page"}],"author":[{"embeddable":true,"href":"https:\/\/cambrabcn.org\/es\/wp-json\/wp\/v2\/users\/2"}],"replies":[{"embeddable":true,"href":"https:\/\/cambrabcn.org\/es\/wp-json\/wp\/v2\/comments?post=13080"}],"version-history":[{"count":8,"href":"https:\/\/cambrabcn.org\/es\/wp-json\/wp\/v2\/pages\/13080\/revisions"}],"predecessor-version":[{"id":53846,"href":"https:\/\/cambrabcn.org\/es\/wp-json\/wp\/v2\/pages\/13080\/revisions\/53846"}],"up":[{"embeddable":true,"href":"https:\/\/cambrabcn.org\/es\/wp-json\/wp\/v2\/pages\/7178"}],"wp:featuredmedia":[{"embeddable":true,"href":"https:\/\/cambrabcn.org\/es\/wp-json\/wp\/v2\/media\/43148"}],"wp:attachment":[{"href":"https:\/\/cambrabcn.org\/es\/wp-json\/wp\/v2\/media?parent=13080"}],"curies":[{"name":"wp","href":"https:\/\/api.w.org\/{rel}","templated":true}]}}