{"id":11330,"date":"2024-02-01T12:00:00","date_gmt":"2024-02-01T10:00:00","guid":{"rendered":"https:\/\/cambrabcn.org\/convocatories\/"},"modified":"2024-03-12T13:38:08","modified_gmt":"2024-03-12T11:38:08","slug":"convocatorias","status":"publish","type":"page","link":"https:\/\/cambrabcn.org\/es\/next-generation\/convocatorias\/","title":{"rendered":"Convocatorias"},"content":{"rendered":"\n<div style=\"height:40px\" aria-hidden=\"true\" class=\"wp-block-spacer\"><\/div>\n\n\n<div class=\"wp-block-cambra-custom-blocks-cambra-breadcrumbs\"><nav role=\"navigation\" aria-label=\"Breadcrumb\" class=\"breadcrumb\"><ol class=\"breadcrumb-items\"><li class=\"breadcrumb-item breadcrumb-item--current breadcrumb-item--home\"><span class=\"breadcrumb-item-name\">Inicio<\/span><\/li><\/ol><\/nav><\/div>\n\n\n<figure class=\"wp-block-image size-large has-custom-border w-100\"><img data-dominant-color=\"6194b6\" data-has-transparency=\"false\" loading=\"lazy\" decoding=\"async\" width=\"1024\" height=\"205\" src=\"https:\/\/cambrabcn.org\/wp-content\/uploads\/2024\/01\/Convocatories_1200x240-jpg-1024x205.webp\" alt=\"\" class=\"wp-image-11246 not-transparent\" style=\"--dominant-color: #6194b6; border-radius:8px\" srcset=\"https:\/\/cambrabcn.org\/wp-content\/uploads\/2024\/01\/Convocatories_1200x240-jpg-1024x205.webp 1024w, https:\/\/cambrabcn.org\/wp-content\/uploads\/2024\/01\/Convocatories_1200x240-jpg-300x60.webp 300w, https:\/\/cambrabcn.org\/wp-content\/uploads\/2024\/01\/Convocatories_1200x240-jpg-768x154.webp 768w, https:\/\/cambrabcn.org\/wp-content\/uploads\/2024\/01\/Convocatories_1200x240-jpg-600x120.webp 600w, https:\/\/cambrabcn.org\/wp-content\/uploads\/2024\/01\/Convocatories_1200x240-jpg.webp 1200w\" sizes=\"auto, (max-width: 1024px) 100vw, 1024px\" \/><\/figure>\n\n\n\n<div class=\"wp-block-group cambra-bottom-line is-layout-constrained wp-block-group-is-layout-constrained\">\n<h2 class=\"wp-block-heading has-text-align-left has-cambra-fg-color has-text-color has-link-color has-xl-font-size wp-elements-c2cbe687fb362c488da71c7dafb74a3f\" style=\"margin-bottom:0;text-transform:none\">Convocatorias<\/h2>\n\n\n\n<p class=\"has-medium-font-size\">La crisis provocada por la pandemia de la Covid-19 ha hecho reaccionar a la Uni\u00f3n Europea con el mayor programa de ayuda directa a sus estados miembros. La econom\u00eda espa\u00f1ola&nbsp;y catalana tienen una oportunidad hist\u00f3rica para&nbsp;<strong>transformarse&nbsp;y adaptarse a los retos del futuro<\/strong>. Desde la Cambra de Barcelona ayudamos a las empresas a acceder a estos fondos.<\/p>\n<\/div>\n\n\n\n<div style=\"height:10px\" aria-hidden=\"true\" class=\"wp-block-spacer\"><\/div>\n\n\n\n<p>Para agilizar&nbsp;y facilitar las&nbsp;<strong>inversiones en proyectos de transformaci\u00f3n<\/strong>, se han dise\u00f1ado los siguientes mecanismos:<\/p>\n\n\n\n<h3 class=\"wp-block-heading has-secondary-neutral-black-color has-text-color has-link-color has-large-font-size wp-elements-473df93cdc437357451cd5d4ded078e6\"><strong>Proyectos Estrat\u00e9gicos para la Recuperaci\u00f3n y Transformaci\u00f3n Econ\u00f3mica (PERTE)<\/strong><\/h3>\n\n\n\n<p>Es una nueva forma de colaboraci\u00f3n publicoprivada para&nbsp;<strong>identificar proyectos tractores para la econom\u00eda<\/strong>. Los proyectos que sean considerados PERTE ser\u00e1n supervisados directamente por el Consejo de Ministros ya que est\u00e1n considerados estrat\u00e9gicos&nbsp;y de alta importancia.<\/p>\n\n\n\n<p>Caracter\u00edsticas de los PERTE:<\/p>\n\n\n\n<ul class=\"wp-block-list\">\n<li>Contribuci\u00f3n significativa al desarrollo\u00a0y transformaci\u00f3n de la econom\u00eda<\/li>\n\n\n\n<li>Colaboraci\u00f3n de diferentes agentes econ\u00f3micos<\/li>\n\n\n\n<li>Intensivos en innovaci\u00f3n o de alto valor a\u00f1adido<\/li>\n\n\n\n<li>Favorecen la integraci\u00f3n\u00a0y crecimiento de las peque\u00f1as\u00a0y medianas empresas<\/li>\n\n\n\n<li>En l\u00ednea con el Plan de Recuperaci\u00f3n, Transformaci\u00f3n\u00a0y Resiliencia de la econom\u00eda espa\u00f1ola<\/li>\n<\/ul>\n\n\n\n<h3 class=\"wp-block-heading has-secondary-neutral-black-color has-text-color has-link-color has-large-font-size wp-elements-035f8c3ab8c4975fcba3875e88781af5\"><strong>Convocatorias y manifestaciones de inter\u00e9s<\/strong><\/h3>\n\n\n\n<p>Los diferentes ministerios est\u00e1n abriendo manifestaciones de inter\u00e9s (MDI) para que los diferentes agentes econ\u00f3micos puedan presentar sus proyectos de transformaci\u00f3n y resiliencia. Estos MDI son elementos consultivos que permiten a los ministerios identificar proyectos tractores relacionados con un cierto \u00e1mbito, como por ejemplo, el hidr\u00f3geno verde, la despoblaci\u00f3n o la conectividad 5G en todo el territorio.<\/p>\n\n\n\n<p>Presentar un proyecto a este mecanismo consultivo no es sin\u00f3nimo de presentar el proyecto a una convocatoria concreta. Tampoco es obligatorio para obtener financiaci\u00f3n en futuras convocatorias.<\/p>\n\n\n\n<h3 class=\"wp-block-heading has-secondary-neutral-black-color has-text-color has-link-color has-large-font-size wp-elements-859af207a61384fd6bfc0d3d463b113f\"><strong>Acceso a convocatorias<\/strong><\/h3>\n\n\n\n<p>Para facilitar el acceso a convocatorias&nbsp;y manifestaciones de inter\u00e9s, se ha habilitado un&nbsp;<strong>portal web<\/strong>&nbsp;de la C\u00e1mara de Espa\u00f1a donde se recogen todas las posibilidades de financiaci\u00f3n&nbsp;y MDI relacionadas con los fondos Next Generation EU.<\/p>\n\n\n\n<ul class=\"wp-block-list\">\n<li>Acceso a la plataforma cameral de convocatorias<\/li>\n\n\n\n<li>Documentaci\u00f3n de inter\u00e9s<\/li>\n<\/ul>\n\n\n\n<div class=\"wp-block-buttons is-content-justification-left is-layout-flex wp-container-core-buttons-is-layout-fc4fd283 wp-block-buttons-is-layout-flex\">\n<div class=\"wp-block-button is-style-primary-button\"><a class=\"wp-block-button__link wp-element-button\" href=\"\/es\/contacta\/\">Cont\u00e1ctanos<\/a><\/div>\n<\/div>\n\n\n\n<div style=\"height:50px\" aria-hidden=\"true\" class=\"wp-block-spacer\"><\/div>\n","protected":false},"excerpt":{"rendered":"<p>Convocatorias La crisis provocada por la pandemia de la Covid-19 ha hecho reaccionar a la Uni\u00f3n Europea con el mayor programa de ayuda directa a sus estados miembros. La econom\u00eda espa\u00f1ola&nbsp;y catalana tienen una oportunidad hist\u00f3rica para&nbsp;transformarse&nbsp;y adaptarse a los retos del futuro. Desde la Cambra de Barcelona ayudamos a las empresas a acceder a [&hellip;]<\/p>\n","protected":false},"author":2,"featured_media":0,"parent":11331,"menu_order":0,"comment_status":"closed","ping_status":"closed","template":"","meta":{"_acf_changed":false,"inline_featured_image":false,"ep_exclude_from_search":false,"footnotes":""},"class_list":["post-11330","page","type-page","status-publish","hentry"],"pp_statuses_selecting_workflow":false,"pp_workflow_action":"current","pp_status_selection":"publish","acf":[],"yoast_head":"<!-- This site is optimized with the Yoast SEO Premium plugin v27.1 (Yoast SEO v27.1.1) - https:\/\/yoast.com\/product\/yoast-seo-premium-wordpress\/ -->\n<title>Convocatorias | Cambra de Comer\u00e7 de Barcelona<\/title>\n<meta name=\"robots\" content=\"index, follow, max-snippet:-1, max-image-preview:large, max-video-preview:-1\" \/>\n<link rel=\"canonical\" href=\"https:\/\/cambrabcn.org\/es\/next-generation\/convocatorias\/\" \/>\n<meta property=\"og:locale\" content=\"es_ES\" \/>\n<meta property=\"og:type\" content=\"article\" \/>\n<meta property=\"og:title\" content=\"Convocatorias\" \/>\n<meta property=\"og:description\" content=\"Convocatorias La crisis provocada por la pandemia de la Covid-19 ha hecho reaccionar a la Uni\u00f3n Europea con el mayor programa de ayuda directa a sus estados miembros. La econom\u00eda espa\u00f1ola&nbsp;y catalana tienen una oportunidad hist\u00f3rica para&nbsp;transformarse&nbsp;y adaptarse a los retos del futuro. Desde la Cambra de Barcelona ayudamos a las empresas a acceder a [&hellip;]\" \/>\n<meta property=\"og:url\" content=\"https:\/\/cambrabcn.org\/es\/next-generation\/convocatorias\/\" \/>\n<meta property=\"og:site_name\" content=\"Cambra de Comer\u00e7 de Barcelona\" \/>\n<meta property=\"article:modified_time\" content=\"2024-03-12T11:38:08+00:00\" \/>\n<meta property=\"og:image\" content=\"https:\/\/cambrabcn.org\/wp-content\/uploads\/2024\/01\/Convocatories_1200x240-jpg-1024x205.webp\" \/>\n<meta name=\"twitter:card\" content=\"summary_large_image\" \/>\n<meta name=\"twitter:site\" content=\"@cambrabcn\" \/>\n<meta name=\"twitter:label1\" content=\"Tiempo de lectura\" \/>\n\t<meta name=\"twitter:data1\" content=\"2 minutos\" \/>\n<script type=\"application\/ld+json\" class=\"yoast-schema-graph\">{\"@context\":\"https:\/\/schema.org\",\"@graph\":[{\"@type\":\"WebPage\",\"@id\":\"https:\/\/cambrabcn.org\/es\/next-generation\/convocatorias\/\",\"url\":\"https:\/\/cambrabcn.org\/es\/next-generation\/convocatorias\/\",\"name\":\"Convocatorias | Cambra de Comer\u00e7 de Barcelona\",\"isPartOf\":{\"@id\":\"https:\/\/cambrabcn.org\/es\/#website\"},\"primaryImageOfPage\":{\"@id\":\"https:\/\/cambrabcn.org\/es\/next-generation\/convocatorias\/#primaryimage\"},\"image\":{\"@id\":\"https:\/\/cambrabcn.org\/es\/next-generation\/convocatorias\/#primaryimage\"},\"thumbnailUrl\":\"https:\/\/cambrabcn.org\/wp-content\/uploads\/2024\/01\/Convocatories_1200x240-jpg-1024x205.webp\",\"datePublished\":\"2024-02-01T10:00:00+00:00\",\"dateModified\":\"2024-03-12T11:38:08+00:00\",\"breadcrumb\":{\"@id\":\"https:\/\/cambrabcn.org\/es\/next-generation\/convocatorias\/#breadcrumb\"},\"inLanguage\":\"es\",\"potentialAction\":[{\"@type\":\"ReadAction\",\"target\":[\"https:\/\/cambrabcn.org\/es\/next-generation\/convocatorias\/\"]}]},{\"@type\":\"ImageObject\",\"inLanguage\":\"es\",\"@id\":\"https:\/\/cambrabcn.org\/es\/next-generation\/convocatorias\/#primaryimage\",\"url\":\"https:\/\/cambrabcn.org\/wp-content\/uploads\/2024\/01\/Convocatories_1200x240-jpg-1024x205.webp\",\"contentUrl\":\"https:\/\/cambrabcn.org\/wp-content\/uploads\/2024\/01\/Convocatories_1200x240-jpg-1024x205.webp\"},{\"@type\":\"BreadcrumbList\",\"@id\":\"https:\/\/cambrabcn.org\/es\/next-generation\/convocatorias\/#breadcrumb\",\"itemListElement\":[{\"@type\":\"ListItem\",\"position\":1,\"name\":\"Home\",\"item\":\"https:\/\/cambrabcn.org\/es\/\"},{\"@type\":\"ListItem\",\"position\":2,\"name\":\"Next Generation\",\"item\":\"https:\/\/cambrabcn.org\/es\/next-generation\/\"},{\"@type\":\"ListItem\",\"position\":3,\"name\":\"Convocatorias\"}]},{\"@type\":\"WebSite\",\"@id\":\"https:\/\/cambrabcn.org\/es\/#website\",\"url\":\"https:\/\/cambrabcn.org\/es\/\",\"name\":\"Cambra de Comer\u00e7 de Barcelona\",\"description\":\"La Cambra de Tothom\",\"publisher\":{\"@id\":\"https:\/\/cambrabcn.org\/es\/#organization\"},\"alternateName\":\"Cambra Oficial de Comer\u00e7, Ind\u00fastria, Serveis i Navegaci\u00f3 de Barcelona\",\"potentialAction\":[{\"@type\":\"SearchAction\",\"target\":{\"@type\":\"EntryPoint\",\"urlTemplate\":\"https:\/\/cambrabcn.org\/es\/?s={search_term_string}\"},\"query-input\":{\"@type\":\"PropertyValueSpecification\",\"valueRequired\":true,\"valueName\":\"search_term_string\"}}],\"inLanguage\":\"es\"},{\"@type\":\"Organization\",\"@id\":\"https:\/\/cambrabcn.org\/es\/#organization\",\"name\":\"Cambra de Comer\u00e7 de Barcelona\",\"alternateName\":\"Cambra Oficial de Comer\u00e7, Ind\u00fastria, Serveis i Navegaci\u00f3 de Barcelona\",\"url\":\"https:\/\/cambrabcn.org\/es\/\",\"logo\":{\"@type\":\"ImageObject\",\"inLanguage\":\"es\",\"@id\":\"https:\/\/cambrabcn.org\/es\/#\/schema\/logo\/image\/\",\"url\":\"https:\/\/cambrabcn.org\/wp-content\/uploads\/2023\/11\/logo-cambra-300x77-1.png\",\"contentUrl\":\"https:\/\/cambrabcn.org\/wp-content\/uploads\/2023\/11\/logo-cambra-300x77-1.png\",\"width\":300,\"height\":77,\"caption\":\"Cambra de Comer\u00e7 de Barcelona\"},\"image\":{\"@id\":\"https:\/\/cambrabcn.org\/es\/#\/schema\/logo\/image\/\"},\"sameAs\":[\"https:\/\/x.com\/cambrabcn\",\"https:\/\/www.instagram.com\/cambrabcn\/\",\"https:\/\/www.linkedin.com\/school\/cambrabcn\",\"https:\/\/www.youtube.com\/user\/PressCambrabcn\",\"https:\/\/ca.wikipedia.org\/wiki\/Cambra_Oficial_de_Comer\u00e7,_Ind\u00fastria_i_Navegaci\u00f3_de_Barcelona\",\"http:\/\/viaf.org\/viaf\/124017095\"],\"description\":\"La Cambra Oficial de Comer\u00e7, Ind\u00fastria, Serveis i Navegaci\u00f3 de Barcelona \u00e9s una corporaci\u00f3 de dret p\u00fablic que presta serveis a les empreses, contribuint a la regeneraci\u00f3 del teixit econ\u00f2mic i la creaci\u00f3 d\u2019ocupaci\u00f3.\",\"email\":\"cambra@cambrabcn.cat\",\"telephone\":\"+34 93 416 93 00\",\"legalName\":\"La Cambra Oficial de Comer\u00e7, Ind\u00fastria, Serveis i Navegaci\u00f3 de Barcelona\",\"foundingDate\":\"1886-01-01\",\"vatID\":\"Q0873001B\",\"taxID\":\"Q0873001B\",\"naics\":\"813910\"}]}<\/script>\n<!-- \/ Yoast SEO Premium plugin. -->","yoast_head_json":{"title":"Convocatorias | Cambra de Comer\u00e7 de Barcelona","robots":{"index":"index","follow":"follow","max-snippet":"max-snippet:-1","max-image-preview":"max-image-preview:large","max-video-preview":"max-video-preview:-1"},"canonical":"https:\/\/cambrabcn.org\/es\/next-generation\/convocatorias\/","og_locale":"es_ES","og_type":"article","og_title":"Convocatorias","og_description":"Convocatorias La crisis provocada por la pandemia de la Covid-19 ha hecho reaccionar a la Uni\u00f3n Europea con el mayor programa de ayuda directa a sus estados miembros. La econom\u00eda espa\u00f1ola&nbsp;y catalana tienen una oportunidad hist\u00f3rica para&nbsp;transformarse&nbsp;y adaptarse a los retos del futuro. Desde la Cambra de Barcelona ayudamos a las empresas a acceder a [&hellip;]","og_url":"https:\/\/cambrabcn.org\/es\/next-generation\/convocatorias\/","og_site_name":"Cambra de Comer\u00e7 de Barcelona","article_modified_time":"2024-03-12T11:38:08+00:00","og_image":[{"url":"https:\/\/cambrabcn.org\/wp-content\/uploads\/2024\/01\/Convocatories_1200x240-jpg-1024x205.webp","type":"","width":"","height":""}],"twitter_card":"summary_large_image","twitter_site":"@cambrabcn","twitter_misc":{"Tiempo de lectura":"2 minutos"},"schema":{"@context":"https:\/\/schema.org","@graph":[{"@type":"WebPage","@id":"https:\/\/cambrabcn.org\/es\/next-generation\/convocatorias\/","url":"https:\/\/cambrabcn.org\/es\/next-generation\/convocatorias\/","name":"Convocatorias | Cambra de Comer\u00e7 de Barcelona","isPartOf":{"@id":"https:\/\/cambrabcn.org\/es\/#website"},"primaryImageOfPage":{"@id":"https:\/\/cambrabcn.org\/es\/next-generation\/convocatorias\/#primaryimage"},"image":{"@id":"https:\/\/cambrabcn.org\/es\/next-generation\/convocatorias\/#primaryimage"},"thumbnailUrl":"https:\/\/cambrabcn.org\/wp-content\/uploads\/2024\/01\/Convocatories_1200x240-jpg-1024x205.webp","datePublished":"2024-02-01T10:00:00+00:00","dateModified":"2024-03-12T11:38:08+00:00","breadcrumb":{"@id":"https:\/\/cambrabcn.org\/es\/next-generation\/convocatorias\/#breadcrumb"},"inLanguage":"es","potentialAction":[{"@type":"ReadAction","target":["https:\/\/cambrabcn.org\/es\/next-generation\/convocatorias\/"]}]},{"@type":"ImageObject","inLanguage":"es","@id":"https:\/\/cambrabcn.org\/es\/next-generation\/convocatorias\/#primaryimage","url":"https:\/\/cambrabcn.org\/wp-content\/uploads\/2024\/01\/Convocatories_1200x240-jpg-1024x205.webp","contentUrl":"https:\/\/cambrabcn.org\/wp-content\/uploads\/2024\/01\/Convocatories_1200x240-jpg-1024x205.webp"},{"@type":"BreadcrumbList","@id":"https:\/\/cambrabcn.org\/es\/next-generation\/convocatorias\/#breadcrumb","itemListElement":[{"@type":"ListItem","position":1,"name":"Home","item":"https:\/\/cambrabcn.org\/es\/"},{"@type":"ListItem","position":2,"name":"Next Generation","item":"https:\/\/cambrabcn.org\/es\/next-generation\/"},{"@type":"ListItem","position":3,"name":"Convocatorias"}]},{"@type":"WebSite","@id":"https:\/\/cambrabcn.org\/es\/#website","url":"https:\/\/cambrabcn.org\/es\/","name":"Cambra de Comer\u00e7 de Barcelona","description":"La Cambra de Tothom","publisher":{"@id":"https:\/\/cambrabcn.org\/es\/#organization"},"alternateName":"Cambra Oficial de Comer\u00e7, Ind\u00fastria, Serveis i Navegaci\u00f3 de Barcelona","potentialAction":[{"@type":"SearchAction","target":{"@type":"EntryPoint","urlTemplate":"https:\/\/cambrabcn.org\/es\/?s={search_term_string}"},"query-input":{"@type":"PropertyValueSpecification","valueRequired":true,"valueName":"search_term_string"}}],"inLanguage":"es"},{"@type":"Organization","@id":"https:\/\/cambrabcn.org\/es\/#organization","name":"Cambra de Comer\u00e7 de Barcelona","alternateName":"Cambra Oficial de Comer\u00e7, Ind\u00fastria, Serveis i Navegaci\u00f3 de Barcelona","url":"https:\/\/cambrabcn.org\/es\/","logo":{"@type":"ImageObject","inLanguage":"es","@id":"https:\/\/cambrabcn.org\/es\/#\/schema\/logo\/image\/","url":"https:\/\/cambrabcn.org\/wp-content\/uploads\/2023\/11\/logo-cambra-300x77-1.png","contentUrl":"https:\/\/cambrabcn.org\/wp-content\/uploads\/2023\/11\/logo-cambra-300x77-1.png","width":300,"height":77,"caption":"Cambra de Comer\u00e7 de Barcelona"},"image":{"@id":"https:\/\/cambrabcn.org\/es\/#\/schema\/logo\/image\/"},"sameAs":["https:\/\/x.com\/cambrabcn","https:\/\/www.instagram.com\/cambrabcn\/","https:\/\/www.linkedin.com\/school\/cambrabcn","https:\/\/www.youtube.com\/user\/PressCambrabcn","https:\/\/ca.wikipedia.org\/wiki\/Cambra_Oficial_de_Comer\u00e7,_Ind\u00fastria_i_Navegaci\u00f3_de_Barcelona","http:\/\/viaf.org\/viaf\/124017095"],"description":"La Cambra Oficial de Comer\u00e7, Ind\u00fastria, Serveis i Navegaci\u00f3 de Barcelona \u00e9s una corporaci\u00f3 de dret p\u00fablic que presta serveis a les empreses, contribuint a la regeneraci\u00f3 del teixit econ\u00f2mic i la creaci\u00f3 d\u2019ocupaci\u00f3.","email":"cambra@cambrabcn.cat","telephone":"+34 93 416 93 00","legalName":"La Cambra Oficial de Comer\u00e7, Ind\u00fastria, Serveis i Navegaci\u00f3 de Barcelona","foundingDate":"1886-01-01","vatID":"Q0873001B","taxID":"Q0873001B","naics":"813910"}]}},"mfb_rest_fields":["pp_statuses_selecting_workflow","pp_workflow_action","pp_status_selection","yoast_head","yoast_head_json"],"_links":{"self":[{"href":"https:\/\/cambrabcn.org\/es\/wp-json\/wp\/v2\/pages\/11330","targetHints":{"allow":["GET"]}}],"collection":[{"href":"https:\/\/cambrabcn.org\/es\/wp-json\/wp\/v2\/pages"}],"about":[{"href":"https:\/\/cambrabcn.org\/es\/wp-json\/wp\/v2\/types\/page"}],"author":[{"embeddable":true,"href":"https:\/\/cambrabcn.org\/es\/wp-json\/wp\/v2\/users\/2"}],"replies":[{"embeddable":true,"href":"https:\/\/cambrabcn.org\/es\/wp-json\/wp\/v2\/comments?post=11330"}],"version-history":[{"count":4,"href":"https:\/\/cambrabcn.org\/es\/wp-json\/wp\/v2\/pages\/11330\/revisions"}],"predecessor-version":[{"id":35972,"href":"https:\/\/cambrabcn.org\/es\/wp-json\/wp\/v2\/pages\/11330\/revisions\/35972"}],"up":[{"embeddable":true,"href":"https:\/\/cambrabcn.org\/es\/wp-json\/wp\/v2\/pages\/11331"}],"wp:attachment":[{"href":"https:\/\/cambrabcn.org\/es\/wp-json\/wp\/v2\/media?parent=11330"}],"curies":[{"name":"wp","href":"https:\/\/api.w.org\/{rel}","templated":true}]}}