{"id":10911,"date":"2024-02-01T12:00:00","date_gmt":"2024-02-01T10:00:00","guid":{"rendered":"https:\/\/cambrabcn.org\/partners\/"},"modified":"2025-07-14T15:49:55","modified_gmt":"2025-07-14T13:49:55","slug":"partners","status":"publish","type":"page","link":"https:\/\/cambrabcn.org\/es\/partners\/","title":{"rendered":"Partners"},"content":{"rendered":"\n<div class=\"wp-block-cambra-custom-blocks-cambra-hero alignfull\">\n<div class=\"wp-block-cover\"><span aria-hidden=\"true\" class=\"wp-block-cover__background has-background-dim-70 has-background-dim\"><\/span><img data-dominant-color=\"d2d2d4\" data-has-transparency=\"false\" loading=\"lazy\" decoding=\"async\" width=\"1687\" height=\"2560\" class=\"wp-block-cover__image-background wp-image-5441 not-transparent\" alt=\"\" src=\"https:\/\/cambrabcn.org\/wp-content\/uploads\/2023\/12\/1524ae1ac01da13a7062ade0d357c6e0-scaled.webp\" style=\"--dominant-color: #d2d2d4; object-position:50% 100%\" data-object-fit=\"cover\" data-object-position=\"50% 100%\" srcset=\"https:\/\/cambrabcn.org\/wp-content\/uploads\/2023\/12\/1524ae1ac01da13a7062ade0d357c6e0-scaled.webp 1687w, https:\/\/cambrabcn.org\/wp-content\/uploads\/2023\/12\/1524ae1ac01da13a7062ade0d357c6e0-198x300.webp 198w, https:\/\/cambrabcn.org\/wp-content\/uploads\/2023\/12\/1524ae1ac01da13a7062ade0d357c6e0-675x1024.webp 675w, https:\/\/cambrabcn.org\/wp-content\/uploads\/2023\/12\/1524ae1ac01da13a7062ade0d357c6e0-768x1165.webp 768w, https:\/\/cambrabcn.org\/wp-content\/uploads\/2023\/12\/1524ae1ac01da13a7062ade0d357c6e0-1012x1536.webp 1012w, https:\/\/cambrabcn.org\/wp-content\/uploads\/2023\/12\/1524ae1ac01da13a7062ade0d357c6e0-1350x2048.webp 1350w, https:\/\/cambrabcn.org\/wp-content\/uploads\/2023\/12\/1524ae1ac01da13a7062ade0d357c6e0-600x910.webp 600w\" sizes=\"auto, (max-width: 1687px) 100vw, 1687px\" \/><div class=\"wp-block-cover__inner-container is-layout-flow wp-block-cover-is-layout-flow\"><div class=\"wp-block-cambra-custom-blocks-cambra-breadcrumbs has-text-color has-cambra-bg-color\"><nav role=\"navigation\" aria-label=\"Breadcrumb\" class=\"breadcrumb\"><ol class=\"breadcrumb-items\"><li class=\"breadcrumb-item breadcrumb-item--current breadcrumb-item--home\"><span class=\"breadcrumb-item-name\">Inicio<\/span><\/li><\/ol><\/nav><\/div>\n\n\n<h1 class=\"wp-block-heading heading-1 has-cambra-bg-color has-text-color\">Partners<\/h1>\n\n\n\n<h5 class=\"wp-block-heading has-cambra-bg-color has-text-color\">Acuerdo colaborativo con nuestros socios<\/h5>\n<\/div><\/div>\n<\/div>\n\n\n\n<div style=\"margin-top:0;margin-bottom:0;height:2rem\" aria-hidden=\"true\" class=\"wp-block-spacer hide-mobile\"><\/div>\n\n\n\n<div class=\"wp-block-group cambra-home-partners is-layout-constrained wp-container-core-group-is-layout-fe962b3e wp-block-group-is-layout-constrained\" style=\"margin-top:0;margin-bottom:0;padding-top:0;padding-right:0;padding-bottom:0;padding-left:0\">\n<div class=\"wp-block-cambra-custom-blocks-cambra-section-title cambra-section-title is-style-alternative-left has-2-25-rem-font-size\"><h2 class=\"cambra-section-title--title\" style=\"font-size:2.25rem\">Qu\u00e8 s\u00f3n els partners?<\/h2><h5 class=\"cambra-section-title--content\" style=\"font-size:1.25rem\">Converteix-te en partner de Cambra<\/h5><\/div>\n\n\n\n<div style=\"margin-top:0;margin-bottom:0;height:3.5rem\" aria-hidden=\"true\" class=\"wp-block-spacer\"><\/div>\n\n\n\n<p class=\"has-text-align-left has-secondary-neutral-black-color has-text-color has-normal-font-size\">Els prove\u00efdors internacionals de confian\u00e7a s\u00f3n empreses vinculades a la operativa internacional (log\u00edstica, assegurances, consultoria entre d\u2019altres) amb solv\u00e8ncia t\u00e8cnica i d\u2019implantaci\u00f3 reconeguda i estar al corrent de les obligacions tributaries i de la Seguretat Social.<\/p>\n\n\n\n<div style=\"margin-top:0;margin-bottom:0;height:2rem\" aria-hidden=\"true\" class=\"wp-block-spacer\"><\/div>\n\n\n\n<div class=\"wp-block-columns is-layout-flex wp-container-core-columns-is-layout-a55ac4da wp-block-columns-is-layout-flex\" style=\"margin-bottom:0.5rem\">\n<div class=\"wp-block-column is-layout-flow wp-block-column-is-layout-flow\">\n<div class=\"wp-block-cover border-radius--8\" style=\"min-height:20rem;aspect-ratio:unset;\"><span aria-hidden=\"true\" class=\"wp-block-cover__background has-background-dim-0 has-background-dim\"><\/span><img data-dominant-color=\"5b5043\" data-has-transparency=\"false\" style=\"--dominant-color: #5b5043;\" loading=\"lazy\" decoding=\"async\" width=\"588\" height=\"308\" class=\"wp-block-cover__image-background wp-image-5450 not-transparent\" alt=\"\" src=\"https:\/\/cambrabcn.org\/wp-content\/uploads\/2023\/12\/Imagen-5.webp\" data-object-fit=\"cover\" srcset=\"https:\/\/cambrabcn.org\/wp-content\/uploads\/2023\/12\/Imagen-5.webp 588w, https:\/\/cambrabcn.org\/wp-content\/uploads\/2023\/12\/Imagen-5-300x157.webp 300w\" sizes=\"auto, (max-width: 588px) 100vw, 588px\" \/><div class=\"wp-block-cover__inner-container is-layout-flow wp-block-cover-is-layout-flow\">\n<p class=\"has-text-align-center has-large-font-size\"><\/p>\n<\/div><\/div>\n<\/div>\n\n\n\n<div class=\"wp-block-column is-layout-flow wp-block-column-is-layout-flow\">\n<p class=\"has-secondary-neutral-black-color has-text-color\">La seva activitat es desenvolupa en algun\/s dels camps seg\u00fcents:<\/p>\n\n\n\n<ul style=\"padding-top:0;padding-bottom:0;padding-left:2rem\" class=\"has-secondary-neutral-black-color has-text-color wp-block-list\">\n<li>Consultoria internacional<\/li>\n\n\n\n<li>Fiscalitat internacional<\/li>\n\n\n\n<li>Contractaci\u00f3 internacional<\/li>\n\n\n\n<li>Log\u00edstica i procediment duaner<\/li>\n\n\n\n<li>M\u00e0rqueting i acc\u00e9s a mercats<\/li>\n<\/ul>\n\n\n\n<p class=\"has-secondary-neutral-black-color has-text-color\">Els prove\u00efdors internacionals de confian\u00e7a operen en B2B. El seu p\u00fablic objectiu preferent es correspon amb un o diversos dels seg\u00fcents: emprenedors, aut\u00f2noms, microempreses, petites empreses, mitjanes empreses, grans empreses o institucions.<\/p>\n<\/div>\n<\/div>\n<\/div>\n\n\n\n<div style=\"margin-top:0;margin-bottom:0;height:4rem\" aria-hidden=\"true\" class=\"wp-block-spacer hide-mobile\"><\/div>\n\n\n\n<div class=\"wp-block-group alignfull cambra-home-partners has-background is-layout-constrained wp-container-core-group-is-layout-6ce3a15d wp-block-group-is-layout-constrained\" style=\"background-color:#ededed47;padding-top:0.5rem\">\n<div class=\"wp-block-cambra-custom-blocks-cambra-section-title cambra-section-title is-style-default has-2-25-rem-font-size\"><h2 class=\"cambra-section-title--title\" style=\"font-size:2.25rem\">Avantatges de ser partners<\/h2><h5 class=\"cambra-section-title--content\" style=\"font-size:1.25rem\">Ser prove\u00efdor internacional de confian\u00e7a ofereix avantatges.<\/h5><\/div>\n\n\n\n<div style=\"margin-top:0;margin-bottom:0;height:1.7rem\" aria-hidden=\"true\" class=\"wp-block-spacer\"><\/div>\n\n\n\n<div class=\"wp-block-columns is-layout-flex wp-container-core-columns-is-layout-28f84493 wp-block-columns-is-layout-flex\">\n<div class=\"wp-block-column has-secondary-neutral-black-color has-text-color is-layout-flow wp-block-column-is-layout-flow\" style=\"flex-basis:100%\">\n<div class=\"wp-block-media-text alignwide has-media-on-the-right is-stacked-on-mobile border-radius--8\" style=\"grid-template-columns:auto 49%\"><div class=\"wp-block-media-text__content\">\n<p class=\"has-cambra-fg-color has-text-color has-medium-b-font-size\" style=\"font-style:normal;font-weight:800\">Captaci\u00f3 de clients<\/p>\n\n\n\n<p style=\"margin-bottom:1.5rem\">Accions de comercialitzaci\u00f3 directa o indirecta:<\/p>\n\n\n\n<ul class=\"wp-block-list\" style=\"padding-top:0;padding-right:0;padding-bottom:0;padding-left:2em\">\n<li>Nous contactes en esdeveniments presencials i online<\/li>\n\n\n\n<li>Leads qualificats<\/li>\n\n\n\n<li>Presentacions de productes i d\u2019ofertes comercials<\/li>\n\n\n\n<li>Espais per presentacions amb tecnologia d\u2019\u00faltima generaci\u00f3<\/li>\n<\/ul>\n<\/div><figure class=\"wp-block-media-text__media\"><img data-dominant-color=\"a9948a\" data-has-transparency=\"false\" style=\"--dominant-color: #a9948a;\" loading=\"lazy\" decoding=\"async\" width=\"577\" height=\"308\" src=\"https:\/\/cambrabcn.org\/wp-content\/uploads\/2023\/12\/Imagen-6.webp\" alt=\"\" class=\"wp-image-5447 size-full not-transparent\" srcset=\"https:\/\/cambrabcn.org\/wp-content\/uploads\/2023\/12\/Imagen-6.webp 577w, https:\/\/cambrabcn.org\/wp-content\/uploads\/2023\/12\/Imagen-6-300x160.webp 300w\" sizes=\"auto, (max-width: 577px) 100vw, 577px\" \/><\/figure><\/div>\n<\/div>\n<\/div>\n\n\n\n<div class=\"wp-block-columns is-layout-flex wp-container-core-columns-is-layout-28f84493 wp-block-columns-is-layout-flex\">\n<div class=\"wp-block-column has-secondary-neutral-black-color has-text-color is-layout-flow wp-block-column-is-layout-flow\" style=\"flex-basis:100%\">\n<div class=\"wp-block-media-text alignwide is-stacked-on-mobile border-radius--8\" style=\"grid-template-columns:49% auto\"><figure class=\"wp-block-media-text__media\"><img data-dominant-color=\"a19790\" data-has-transparency=\"false\" style=\"--dominant-color: #a19790;\" loading=\"lazy\" decoding=\"async\" width=\"577\" height=\"308\" src=\"https:\/\/cambrabcn.org\/wp-content\/uploads\/2023\/12\/Imagen-7.webp\" alt=\"\" class=\"wp-image-5444 size-full not-transparent\" srcset=\"https:\/\/cambrabcn.org\/wp-content\/uploads\/2023\/12\/Imagen-7.webp 577w, https:\/\/cambrabcn.org\/wp-content\/uploads\/2023\/12\/Imagen-7-300x160.webp 300w\" sizes=\"auto, (max-width: 577px) 100vw, 577px\" \/><\/figure><div class=\"wp-block-media-text__content\">\n<p class=\"has-cambra-fg-color has-text-color has-medium-b-font-size\" style=\"font-style:normal;font-weight:800\">Visibilitat<\/p>\n\n\n\n<p style=\"margin-bottom:1.5rem\">Prese\u0300ncia i notorietat de marca:<\/p>\n\n\n\n<ul class=\"wp-block-list\" style=\"padding-left:2rem\">\n<li>En continguts i canals digitals; en materials i continguts divulgatius<\/li>\n\n\n\n<li>En cert\u00e0mens presencials, online i espais f\u00edsics<\/li>\n<\/ul>\n<\/div><\/div>\n<\/div>\n<\/div>\n\n\n\n<div style=\"margin-top:0;margin-bottom:0;height:6rem\" aria-hidden=\"true\" class=\"wp-block-spacer hide-mobile\"><\/div>\n<\/div>\n\n\n\n<div class=\"wp-block-group cambra-home-partners is-layout-flow wp-container-core-group-is-layout-4d4f57e4 wp-block-group-is-layout-flow\" style=\"margin-bottom:3.5rem;padding-top:0;padding-right:0;padding-bottom:0;padding-left:0\">\n<div class=\"wp-block-cambra-custom-blocks-cambra-section-title cambra-section-title has-2-25-rem-font-size\" style=\"padding-top:0;padding-right:0;padding-left:0\"><h2 class=\"cambra-section-title--title\" style=\"font-size:2.25rem\">Coneix els nostres prove\u00efdors de confian\u00e7a<\/h2><h5 class=\"cambra-section-title--content\" style=\"font-size:1.25rem\">Partners<\/h5><\/div>\n\n\n\n<div style=\"margin-top:0;margin-bottom:0;height:2rem\" aria-hidden=\"true\" class=\"wp-block-spacer\"><\/div>\n\n\n\n<p class=\"has-secondary-neutral-black-color has-text-color\">Lorem ipsum dolor sit amet, consectetur adipiscing elit. Proin nec sodales metus. Etiam quis augue eu ex dapibus lacinia. Lorem ipsum dolor sit amet, consectetur adipiscing elit. Proin nec sodales metus. Etiam quis augue eu ex dapibus lacinia. Lorem ipsum dolor sit amet,<\/p>\n\n\n\n<div class=\"wp-block-buttons has-custom-font-size buttons--w25 has-normal-font-size is-horizontal is-content-justification-center is-layout-flex wp-container-core-buttons-is-layout-e38f7aab wp-block-buttons-is-layout-flex\">\n<div class=\"wp-block-button is-style-secondary-button\"><a class=\"wp-block-button__link wp-element-button\" href=\"\/es\/partners-es\/partners-internacionalizacion\/\" style=\"padding-top:0.3rem;padding-right:0.3rem;padding-bottom:0.3rem;padding-left:0.3rem\">Partners internacionals<\/a><\/div>\n\n\n\n<div class=\"wp-block-button is-style-secondary-button\"><a class=\"wp-block-button__link wp-element-button\" href=\"\/es\/partners-es\/partners-digitalizacion\/\" style=\"padding-top:0.3rem;padding-right:0.3rem;padding-bottom:0.3rem;padding-left:0.3rem\">Partners digitals<\/a><\/div>\n<\/div>\n\n\n\n<div style=\"margin-top:0;margin-bottom:0;height:1rem\" aria-hidden=\"true\" class=\"wp-block-spacer hide-mobile\"><\/div>\n<\/div>\n","protected":false},"excerpt":{"rendered":"<p>Els prove\u00efdors internacionals de confian\u00e7a s\u00f3n empreses vinculades a la operativa internacional (log\u00edstica, assegurances, consultoria entre d\u2019altres) amb solv\u00e8ncia t\u00e8cnica i d\u2019implantaci\u00f3 reconeguda i estar al corrent de les obligacions tributaries i de la Seguretat Social. La seva activitat es desenvolupa en algun\/s dels camps seg\u00fcents: Els prove\u00efdors internacionals de confian\u00e7a operen en B2B. El [&hellip;]<\/p>\n","protected":false},"author":2,"featured_media":0,"parent":0,"menu_order":0,"comment_status":"closed","ping_status":"closed","template":"","meta":{"_acf_changed":false,"inline_featured_image":false,"ep_exclude_from_search":false,"footnotes":""},"class_list":["post-10911","page","type-page","status-publish","hentry"],"pp_statuses_selecting_workflow":false,"pp_workflow_action":"current","pp_status_selection":"publish","acf":[],"yoast_head":"<!-- This site is optimized with the Yoast SEO Premium plugin v27.1 (Yoast SEO v27.1.1) - https:\/\/yoast.com\/product\/yoast-seo-premium-wordpress\/ -->\n<title>Partners | Cambra de Comer\u00e7 de Barcelona<\/title>\n<meta name=\"description\" content=\"Acuerdo colaborativo entre la Cambra de Barcelona y empresas con solvencia t\u00e9cnica y de implantaci\u00f3n reconocida.\" \/>\n<meta name=\"robots\" content=\"index, follow, max-snippet:-1, max-image-preview:large, max-video-preview:-1\" \/>\n<link rel=\"canonical\" href=\"https:\/\/cambrabcn.org\/es\/partners\/\" \/>\n<meta property=\"og:locale\" content=\"es_ES\" \/>\n<meta property=\"og:type\" content=\"article\" \/>\n<meta property=\"og:title\" content=\"Partners\" \/>\n<meta property=\"og:description\" content=\"Acuerdo colaborativo entre la Cambra de Barcelona y empresas con solvencia t\u00e9cnica y de implantaci\u00f3n reconocida.\" \/>\n<meta property=\"og:url\" content=\"https:\/\/cambrabcn.org\/es\/partners\/\" \/>\n<meta property=\"og:site_name\" content=\"Cambra de Comer\u00e7 de Barcelona\" \/>\n<meta property=\"article:modified_time\" content=\"2025-07-14T13:49:55+00:00\" \/>\n<meta property=\"og:image\" content=\"https:\/\/cambrabcn.org\/wp-content\/uploads\/2023\/12\/1524ae1ac01da13a7062ade0d357c6e0-scaled.webp\" \/>\n<meta name=\"twitter:card\" content=\"summary_large_image\" \/>\n<meta name=\"twitter:site\" content=\"@cambrabcn\" \/>\n<meta name=\"twitter:label1\" content=\"Tiempo de lectura\" \/>\n\t<meta name=\"twitter:data1\" content=\"3 minutos\" \/>\n<script type=\"application\/ld+json\" class=\"yoast-schema-graph\">{\"@context\":\"https:\/\/schema.org\",\"@graph\":[{\"@type\":\"WebPage\",\"@id\":\"https:\/\/cambrabcn.org\/es\/partners\/\",\"url\":\"https:\/\/cambrabcn.org\/es\/partners\/\",\"name\":\"Partners | Cambra de Comer\u00e7 de Barcelona\",\"isPartOf\":{\"@id\":\"https:\/\/cambrabcn.org\/es\/#website\"},\"primaryImageOfPage\":{\"@id\":\"https:\/\/cambrabcn.org\/es\/partners\/#primaryimage\"},\"image\":{\"@id\":\"https:\/\/cambrabcn.org\/es\/partners\/#primaryimage\"},\"thumbnailUrl\":\"https:\/\/cambrabcn.org\/wp-content\/uploads\/2023\/12\/1524ae1ac01da13a7062ade0d357c6e0-scaled.webp\",\"datePublished\":\"2024-02-01T10:00:00+00:00\",\"dateModified\":\"2025-07-14T13:49:55+00:00\",\"description\":\"Acuerdo colaborativo entre la Cambra de Barcelona y empresas con solvencia t\u00e9cnica y de implantaci\u00f3n reconocida.\",\"breadcrumb\":{\"@id\":\"https:\/\/cambrabcn.org\/es\/partners\/#breadcrumb\"},\"inLanguage\":\"es\",\"potentialAction\":[{\"@type\":\"ReadAction\",\"target\":[\"https:\/\/cambrabcn.org\/es\/partners\/\"]}]},{\"@type\":\"ImageObject\",\"inLanguage\":\"es\",\"@id\":\"https:\/\/cambrabcn.org\/es\/partners\/#primaryimage\",\"url\":\"https:\/\/cambrabcn.org\/wp-content\/uploads\/2023\/12\/1524ae1ac01da13a7062ade0d357c6e0-scaled.webp\",\"contentUrl\":\"https:\/\/cambrabcn.org\/wp-content\/uploads\/2023\/12\/1524ae1ac01da13a7062ade0d357c6e0-scaled.webp\"},{\"@type\":\"BreadcrumbList\",\"@id\":\"https:\/\/cambrabcn.org\/es\/partners\/#breadcrumb\",\"itemListElement\":[{\"@type\":\"ListItem\",\"position\":1,\"name\":\"Home\",\"item\":\"https:\/\/cambrabcn.org\/es\/\"},{\"@type\":\"ListItem\",\"position\":2,\"name\":\"Partners\"}]},{\"@type\":\"WebSite\",\"@id\":\"https:\/\/cambrabcn.org\/es\/#website\",\"url\":\"https:\/\/cambrabcn.org\/es\/\",\"name\":\"Cambra de Comer\u00e7 de Barcelona\",\"description\":\"La Cambra de Tothom\",\"publisher\":{\"@id\":\"https:\/\/cambrabcn.org\/es\/#organization\"},\"alternateName\":\"Cambra Oficial de Comer\u00e7, Ind\u00fastria, Serveis i Navegaci\u00f3 de Barcelona\",\"potentialAction\":[{\"@type\":\"SearchAction\",\"target\":{\"@type\":\"EntryPoint\",\"urlTemplate\":\"https:\/\/cambrabcn.org\/es\/?s={search_term_string}\"},\"query-input\":{\"@type\":\"PropertyValueSpecification\",\"valueRequired\":true,\"valueName\":\"search_term_string\"}}],\"inLanguage\":\"es\"},{\"@type\":\"Organization\",\"@id\":\"https:\/\/cambrabcn.org\/es\/#organization\",\"name\":\"Cambra de Comer\u00e7 de Barcelona\",\"alternateName\":\"Cambra Oficial de Comer\u00e7, Ind\u00fastria, Serveis i Navegaci\u00f3 de Barcelona\",\"url\":\"https:\/\/cambrabcn.org\/es\/\",\"logo\":{\"@type\":\"ImageObject\",\"inLanguage\":\"es\",\"@id\":\"https:\/\/cambrabcn.org\/es\/#\/schema\/logo\/image\/\",\"url\":\"https:\/\/cambrabcn.org\/wp-content\/uploads\/2023\/11\/logo-cambra-300x77-1.png\",\"contentUrl\":\"https:\/\/cambrabcn.org\/wp-content\/uploads\/2023\/11\/logo-cambra-300x77-1.png\",\"width\":300,\"height\":77,\"caption\":\"Cambra de Comer\u00e7 de Barcelona\"},\"image\":{\"@id\":\"https:\/\/cambrabcn.org\/es\/#\/schema\/logo\/image\/\"},\"sameAs\":[\"https:\/\/x.com\/cambrabcn\",\"https:\/\/www.instagram.com\/cambrabcn\/\",\"https:\/\/www.linkedin.com\/school\/cambrabcn\",\"https:\/\/www.youtube.com\/user\/PressCambrabcn\",\"https:\/\/ca.wikipedia.org\/wiki\/Cambra_Oficial_de_Comer\u00e7,_Ind\u00fastria_i_Navegaci\u00f3_de_Barcelona\",\"http:\/\/viaf.org\/viaf\/124017095\"],\"description\":\"La Cambra Oficial de Comer\u00e7, Ind\u00fastria, Serveis i Navegaci\u00f3 de Barcelona \u00e9s una corporaci\u00f3 de dret p\u00fablic que presta serveis a les empreses, contribuint a la regeneraci\u00f3 del teixit econ\u00f2mic i la creaci\u00f3 d\u2019ocupaci\u00f3.\",\"email\":\"cambra@cambrabcn.cat\",\"telephone\":\"+34 93 416 93 00\",\"legalName\":\"La Cambra Oficial de Comer\u00e7, Ind\u00fastria, Serveis i Navegaci\u00f3 de Barcelona\",\"foundingDate\":\"1886-01-01\",\"vatID\":\"Q0873001B\",\"taxID\":\"Q0873001B\",\"naics\":\"813910\"}]}<\/script>\n<!-- \/ Yoast SEO Premium plugin. -->","yoast_head_json":{"title":"Partners | Cambra de Comer\u00e7 de Barcelona","description":"Acuerdo colaborativo entre la Cambra de Barcelona y empresas con solvencia t\u00e9cnica y de implantaci\u00f3n reconocida.","robots":{"index":"index","follow":"follow","max-snippet":"max-snippet:-1","max-image-preview":"max-image-preview:large","max-video-preview":"max-video-preview:-1"},"canonical":"https:\/\/cambrabcn.org\/es\/partners\/","og_locale":"es_ES","og_type":"article","og_title":"Partners","og_description":"Acuerdo colaborativo entre la Cambra de Barcelona y empresas con solvencia t\u00e9cnica y de implantaci\u00f3n reconocida.","og_url":"https:\/\/cambrabcn.org\/es\/partners\/","og_site_name":"Cambra de Comer\u00e7 de Barcelona","article_modified_time":"2025-07-14T13:49:55+00:00","og_image":[{"url":"https:\/\/cambrabcn.org\/wp-content\/uploads\/2023\/12\/1524ae1ac01da13a7062ade0d357c6e0-scaled.webp","type":"","width":"","height":""}],"twitter_card":"summary_large_image","twitter_site":"@cambrabcn","twitter_misc":{"Tiempo de lectura":"3 minutos"},"schema":{"@context":"https:\/\/schema.org","@graph":[{"@type":"WebPage","@id":"https:\/\/cambrabcn.org\/es\/partners\/","url":"https:\/\/cambrabcn.org\/es\/partners\/","name":"Partners | Cambra de Comer\u00e7 de Barcelona","isPartOf":{"@id":"https:\/\/cambrabcn.org\/es\/#website"},"primaryImageOfPage":{"@id":"https:\/\/cambrabcn.org\/es\/partners\/#primaryimage"},"image":{"@id":"https:\/\/cambrabcn.org\/es\/partners\/#primaryimage"},"thumbnailUrl":"https:\/\/cambrabcn.org\/wp-content\/uploads\/2023\/12\/1524ae1ac01da13a7062ade0d357c6e0-scaled.webp","datePublished":"2024-02-01T10:00:00+00:00","dateModified":"2025-07-14T13:49:55+00:00","description":"Acuerdo colaborativo entre la Cambra de Barcelona y empresas con solvencia t\u00e9cnica y de implantaci\u00f3n reconocida.","breadcrumb":{"@id":"https:\/\/cambrabcn.org\/es\/partners\/#breadcrumb"},"inLanguage":"es","potentialAction":[{"@type":"ReadAction","target":["https:\/\/cambrabcn.org\/es\/partners\/"]}]},{"@type":"ImageObject","inLanguage":"es","@id":"https:\/\/cambrabcn.org\/es\/partners\/#primaryimage","url":"https:\/\/cambrabcn.org\/wp-content\/uploads\/2023\/12\/1524ae1ac01da13a7062ade0d357c6e0-scaled.webp","contentUrl":"https:\/\/cambrabcn.org\/wp-content\/uploads\/2023\/12\/1524ae1ac01da13a7062ade0d357c6e0-scaled.webp"},{"@type":"BreadcrumbList","@id":"https:\/\/cambrabcn.org\/es\/partners\/#breadcrumb","itemListElement":[{"@type":"ListItem","position":1,"name":"Home","item":"https:\/\/cambrabcn.org\/es\/"},{"@type":"ListItem","position":2,"name":"Partners"}]},{"@type":"WebSite","@id":"https:\/\/cambrabcn.org\/es\/#website","url":"https:\/\/cambrabcn.org\/es\/","name":"Cambra de Comer\u00e7 de Barcelona","description":"La Cambra de Tothom","publisher":{"@id":"https:\/\/cambrabcn.org\/es\/#organization"},"alternateName":"Cambra Oficial de Comer\u00e7, Ind\u00fastria, Serveis i Navegaci\u00f3 de Barcelona","potentialAction":[{"@type":"SearchAction","target":{"@type":"EntryPoint","urlTemplate":"https:\/\/cambrabcn.org\/es\/?s={search_term_string}"},"query-input":{"@type":"PropertyValueSpecification","valueRequired":true,"valueName":"search_term_string"}}],"inLanguage":"es"},{"@type":"Organization","@id":"https:\/\/cambrabcn.org\/es\/#organization","name":"Cambra de Comer\u00e7 de Barcelona","alternateName":"Cambra Oficial de Comer\u00e7, Ind\u00fastria, Serveis i Navegaci\u00f3 de Barcelona","url":"https:\/\/cambrabcn.org\/es\/","logo":{"@type":"ImageObject","inLanguage":"es","@id":"https:\/\/cambrabcn.org\/es\/#\/schema\/logo\/image\/","url":"https:\/\/cambrabcn.org\/wp-content\/uploads\/2023\/11\/logo-cambra-300x77-1.png","contentUrl":"https:\/\/cambrabcn.org\/wp-content\/uploads\/2023\/11\/logo-cambra-300x77-1.png","width":300,"height":77,"caption":"Cambra de Comer\u00e7 de Barcelona"},"image":{"@id":"https:\/\/cambrabcn.org\/es\/#\/schema\/logo\/image\/"},"sameAs":["https:\/\/x.com\/cambrabcn","https:\/\/www.instagram.com\/cambrabcn\/","https:\/\/www.linkedin.com\/school\/cambrabcn","https:\/\/www.youtube.com\/user\/PressCambrabcn","https:\/\/ca.wikipedia.org\/wiki\/Cambra_Oficial_de_Comer\u00e7,_Ind\u00fastria_i_Navegaci\u00f3_de_Barcelona","http:\/\/viaf.org\/viaf\/124017095"],"description":"La Cambra Oficial de Comer\u00e7, Ind\u00fastria, Serveis i Navegaci\u00f3 de Barcelona \u00e9s una corporaci\u00f3 de dret p\u00fablic que presta serveis a les empreses, contribuint a la regeneraci\u00f3 del teixit econ\u00f2mic i la creaci\u00f3 d\u2019ocupaci\u00f3.","email":"cambra@cambrabcn.cat","telephone":"+34 93 416 93 00","legalName":"La Cambra Oficial de Comer\u00e7, Ind\u00fastria, Serveis i Navegaci\u00f3 de Barcelona","foundingDate":"1886-01-01","vatID":"Q0873001B","taxID":"Q0873001B","naics":"813910"}]}},"mfb_rest_fields":["pp_statuses_selecting_workflow","pp_workflow_action","pp_status_selection","yoast_head","yoast_head_json"],"_links":{"self":[{"href":"https:\/\/cambrabcn.org\/es\/wp-json\/wp\/v2\/pages\/10911","targetHints":{"allow":["GET"]}}],"collection":[{"href":"https:\/\/cambrabcn.org\/es\/wp-json\/wp\/v2\/pages"}],"about":[{"href":"https:\/\/cambrabcn.org\/es\/wp-json\/wp\/v2\/types\/page"}],"author":[{"embeddable":true,"href":"https:\/\/cambrabcn.org\/es\/wp-json\/wp\/v2\/users\/2"}],"replies":[{"embeddable":true,"href":"https:\/\/cambrabcn.org\/es\/wp-json\/wp\/v2\/comments?post=10911"}],"version-history":[{"count":9,"href":"https:\/\/cambrabcn.org\/es\/wp-json\/wp\/v2\/pages\/10911\/revisions"}],"predecessor-version":[{"id":88185,"href":"https:\/\/cambrabcn.org\/es\/wp-json\/wp\/v2\/pages\/10911\/revisions\/88185"}],"wp:attachment":[{"href":"https:\/\/cambrabcn.org\/es\/wp-json\/wp\/v2\/media?parent=10911"}],"curies":[{"name":"wp","href":"https:\/\/api.w.org\/{rel}","templated":true}]}}