{"id":104158,"date":"2025-10-15T08:16:39","date_gmt":"2025-10-15T06:16:39","guid":{"rendered":"https:\/\/cambrabcn.org\/?page_id=104158"},"modified":"2025-10-15T08:36:18","modified_gmt":"2025-10-15T06:36:18","slug":"consulta-del-censo-electoral-y-del-censo-publico-de-empresas-2025","status":"publish","type":"page","link":"https:\/\/cambrabcn.org\/es\/es-sobre-cambra\/transparencia-y-perfil-del-contratante\/transparencia\/consulta-del-censo-electoral-y-del-censo-publico-de-empresas-2025\/","title":{"rendered":"Consulta del Censo electoral y del Censo p\u00fablico de empresas 2025"},"content":{"rendered":"\n<p><\/p>\n<div class=\"wp-block-cambra-custom-blocks-cambra-breadcrumbs\"><nav role=\"navigation\" aria-label=\"Breadcrumb\" class=\"breadcrumb\"><ol class=\"breadcrumb-items\"><li class=\"breadcrumb-item breadcrumb-item--current breadcrumb-item--home\"><span class=\"breadcrumb-item-name\">Inicio<\/span><\/li><\/ol><\/nav><\/div><h1 class=\"heading-1 wp-block-post-title\">Consulta del Censo electoral y del Censo p\u00fablico de empresas 2025<\/h1>\n<p><\/p>\n\n<figure class=\"wp-block-image size-large is-resized\"><img data-dominant-color=\"cacdd1\" data-has-transparency=\"false\" loading=\"lazy\" decoding=\"async\" width=\"1024\" height=\"233\" src=\"https:\/\/cambrabcn.org\/wp-content\/uploads\/2024\/02\/Cens_Electoral_Public_1200x273-1024x233.png\" alt=\"\" class=\"wp-image-37069 not-transparent\" style=\"--dominant-color: #cacdd1; width:1200px;height:auto\" srcset=\"https:\/\/cambrabcn.org\/wp-content\/uploads\/2024\/02\/Cens_Electoral_Public_1200x273-1024x233.png 1024w, https:\/\/cambrabcn.org\/wp-content\/uploads\/2024\/02\/Cens_Electoral_Public_1200x273-300x68.png 300w, https:\/\/cambrabcn.org\/wp-content\/uploads\/2024\/02\/Cens_Electoral_Public_1200x273-768x175.png 768w, https:\/\/cambrabcn.org\/wp-content\/uploads\/2024\/02\/Cens_Electoral_Public_1200x273-600x137.png 600w, https:\/\/cambrabcn.org\/wp-content\/uploads\/2024\/02\/Cens_Electoral_Public_1200x273.png 1200w\" sizes=\"auto, (max-width: 1024px) 100vw, 1024px\" \/><\/figure>\n\n<div class=\"wp-block-group is-layout-constrained wp-block-group-is-layout-constrained\">\n<p>De acuerdo con la normativa cameral aplicable, la Cambra tiene la obligaci\u00f3n de elaborar el censo electoral y el censo p\u00fablico de empresas, y las personas electoras de suministrar a la C\u00e1mara los datos exigibles sobre la empresa y, si procede, sobre el sector de su actividad. Tambi\u00e9n recordad que, de acuerdo con el art\u00edculo 7 de la Ley 4\/2014, las personas f\u00edsicas o jur\u00eddicas, nacionales o extranjeras que lleven a cabo actividades comerciales, industriales, de servicios o navieras en el territorio nacional han de formar parte de las c\u00e1maras oficiales de comercio, industria, servicios y navegaci\u00f3n dentro de la circunscripci\u00f3n de las cuales tengan establecimientos, delegaciones o agencias.<\/p>\n<\/div>\n\n<hr class=\"wp-block-separator has-alpha-channel-opacity is-style-wide\"\/>\n\n<div class=\"wp-block-group is-layout-constrained wp-block-group-is-layout-constrained\">\n<h3 class=\"wp-block-heading heading-3\">Exposici\u00f3n<\/h3>\n\n\n\n<div class=\"wp-block-buttons is-content-justification-left is-layout-flex wp-container-core-buttons-is-layout-fc4fd283 wp-block-buttons-is-layout-flex\">\n<div class=\"wp-block-button\"><a class=\"wp-block-button__link has-normal-b-font-size has-custom-font-size wp-element-button\" href=\"https:\/\/ecens.cambrabcn.org\/cens-global?any=2025\" target=\"_blank\" rel=\"noreferrer noopener\">haz la consulta<\/a><\/div>\n<\/div>\n\n\n\n<p>Son <strong>electores y electoras<\/strong> todas las personas f\u00edsicas, mayores de edad, o jur\u00eddicas, <strong>inscritas en el censo electoral<\/strong> de la corporaci\u00f3n.<\/p>\n\n\n\n<p>Los electores y las electoras est\u00e1n clasificados en <strong><mark class=\"has-inline-color\" style=\"background-color: #ffffff; color: #e0071b;\"><a href=\"https:\/\/cambrabcn.org\/wp-content\/uploads\/2025\/10\/Descripcio-epigrafs_2025.pdf\" target=\"_blank\" rel=\"noreferrer noopener\">grupos y categor\u00edas<\/a><\/mark><\/strong> atendiendo a la actividad econ\u00f3mica que ejercen en la <strong><mark class=\"has-inline-color\" style=\"background-color: #ffffff; color: #e0071b;\"><a href=\"https:\/\/cambrabcn.org\/wp-content\/uploads\/2025\/10\/Municipis-Cambra-Barcelona_2025.pdf\" target=\"_blank\" rel=\"noreferrer noopener\">demarcaci\u00f3n territorial de la corporaci\u00f3n<\/a><\/mark><\/strong>.<\/p>\n\n\n\n<p>El censo se encuentra expuesto al p\u00fablico en <strong>formato electr\u00f3nico<\/strong> y tambi\u00e9n se puede consultar en las <strong>delegaciones y puntos de servicio<\/strong>\u00a0de la Cambra de Barcelona.<\/p>\n\n\n\n<p><strong>El plazo de exposici\u00f3n del censo electoral ser\u00e1 de 30 d\u00edas naturales desde el primer d\u00eda de exposici\u00f3n del d\u00eda 15 de octubre al d\u00eda 13 de noviembre de 2025<\/strong>, ambos incluidos, en las oficinas de la Cambra en el horario de atenci\u00f3n al p\u00fablico y a trav\u00e9s de la p\u00e1gina web en todo el periodo. Este mismo periodo tambi\u00e9n se aplicar\u00e1 al censo p\u00fablico de empresas.<\/p>\n\n\n\n<p><strong><mark class=\"has-inline-color\" style=\"background-color: #ffffff; color: #e0071b;\"><a href=\"https:\/\/cambrabcn.org\/wp-content\/uploads\/2025\/10\/Anunci-premsa_2025.pdf\" target=\"_blank\" rel=\"noreferrer noopener\">ANUNCIO EN PRENSA sobre la exposici\u00f3n p\u00fablica del censo electoral de la Cambra de Comer\u00e7 de Barcelona<\/a><\/mark><\/strong><\/p>\n<\/div>\n\n<hr class=\"wp-block-separator has-alpha-channel-opacity is-style-wide\"\/>\n\n<div class=\"wp-block-group is-layout-constrained wp-block-group-is-layout-constrained\">\n<h3 class=\"wp-block-heading heading-3\">Reclamaciones<\/h3>\n\n\n\n<p>Las reclamaciones sobre la inclusi\u00f3n o exclusi\u00f3n de los electores y de las electoras en los grupos, las categor\u00edas, y, si procede, las subcategor\u00edas, podr\u00e1n presentarse desde el momento en el cual se inicie la exposici\u00f3n del censo p\u00fablico y <strong>hasta el 27 de noviembre de 2025<\/strong>, en la Secretaria de la Cambra, que facilitar\u00e1 un justificante. Las reclamaciones se admitir\u00e1n al Registre de la Cambra, avenida Diagonal 452, en horario de atenci\u00f3n al p\u00fablico, y tambi\u00e9n por correo electr\u00f3nico a <strong><mark class=\"has-inline-color\" style=\"background-color: #ffffff; color: #e0071b;\"><a href=\"mailto:cens2025@cambrabcn.cat\">cens2025@cambrabcn.cat<\/a><\/mark><\/strong>. Este mismo tr\u00e1mite tambi\u00e9n se aplicar\u00e1 al censo p\u00fablico de empresas para facilitar su mejora por parte de las personas interesadas.<\/p>\n<\/div>\n\n<hr class=\"wp-block-separator has-alpha-channel-opacity is-style-wide\"\/>\n\n<div class=\"wp-block-group is-layout-constrained wp-block-group-is-layout-constrained\">\n<h3 class=\"wp-block-heading heading-3\">Resoluci\u00f3n de reclamaciones<\/h3>\n\n\n\n<p>El Comit\u00e9 Ejecutivo de la Cambra tendr\u00e1 que resolver las reclamaciones formuladas en un plazo de quince d\u00edas (<strong>hasta el 19 de diciembre de 2025<\/strong>), contados a partir de la fecha del vencimiento del periodo de presentaci\u00f3n de las reclamaciones.<\/p>\n\n\n\n<p>Contra los acuerdos del Comit\u00e9 Ejecutivo de la Cambra correspondiente se podr\u00e1 interponer recurso de alzada ante el \u00f3rgano tutelar.<\/p>\n\n\n\n<p>Pod\u00e9is consultar la <strong><mark class=\"has-inline-color\" style=\"background-color: #ffffff; color: #e0071b;\"><strong><a href=\"https:\/\/cambrabcn.org\/wp-content\/uploads\/2025\/10\/Descripcio-epigrafs_2025.pdf\" target=\"_blank\" rel=\"noreferrer noopener\">descripci\u00f3n del ep\u00edgrafe de actividad econ\u00f3mica empresarial para grupos y categor\u00edas<\/a><\/strong><\/mark><\/strong>.<\/p>\n\n\n\n<p><strong><mark class=\"has-inline-color\" style=\"background-color: #ffffff; color: #e0071b;\"><a href=\"https:\/\/cambrabcn.org\/wp-content\/uploads\/2025\/10\/Formulari-reclamacio_2025_esp.pdf\" target=\"_blank\" rel=\"noreferrer noopener\">Formulario de reclamaci\u00f3n<\/a><\/mark><\/strong><\/p>\n\n\n\n<p>Para m\u00e1s informaci\u00f3n pod\u00e9is contactar a <strong><mark class=\"has-inline-color\" style=\"background-color: #ffffff; color: #e0071b;\"><a href=\"mailto:cens2025@cambrabcn.cat\">cens2025@cambrabcn.cat<\/a><\/mark><\/strong> y al tel\u00e9fono 934 169 300 <strong>en horario de atenci\u00f3n al p\u00fablico<\/strong>.<\/p>\n<\/div>\n\n<div style=\"height:20px\" aria-hidden=\"true\" class=\"wp-block-spacer\"><\/div>\n","protected":false},"excerpt":{"rendered":"<p>De acuerdo con la normativa cameral aplicable, la Cambra tiene la obligaci\u00f3n de elaborar el censo electoral y el censo p\u00fablico de empresas, y las personas electoras de suministrar a la C\u00e1mara los datos exigibles sobre la empresa y, si procede, sobre el sector de su actividad. Tambi\u00e9n recordad que, de acuerdo con el art\u00edculo [&hellip;]<\/p>\n","protected":false},"author":6,"featured_media":0,"parent":1466,"menu_order":0,"comment_status":"closed","ping_status":"closed","template":"","meta":{"_acf_changed":false,"inline_featured_image":false,"ep_exclude_from_search":false,"footnotes":""},"class_list":["post-104158","page","type-page","status-publish","hentry"],"pp_statuses_selecting_workflow":false,"pp_workflow_action":"current","pp_status_selection":"publish","acf":[],"yoast_head":"<!-- This site is optimized with the Yoast SEO Premium plugin v27.1 (Yoast SEO v27.1.1) - https:\/\/yoast.com\/product\/yoast-seo-premium-wordpress\/ -->\n<title>Consulta del Censo electoral y del Censo p\u00fablico de empresas 2025 | Cambra de Comer\u00e7 de Barcelona<\/title>\n<meta name=\"robots\" content=\"index, follow, max-snippet:-1, max-image-preview:large, max-video-preview:-1\" \/>\n<link rel=\"canonical\" href=\"https:\/\/cambrabcn.org\/es\/es-sobre-cambra\/transparencia-y-perfil-del-contratante\/transparencia\/consulta-del-censo-electoral-y-del-censo-publico-de-empresas-2025\/\" \/>\n<meta property=\"og:locale\" content=\"es_ES\" \/>\n<meta property=\"og:type\" content=\"article\" \/>\n<meta property=\"og:title\" content=\"Consulta del Censo electoral y del Censo p\u00fablico de empresas 2025\" \/>\n<meta property=\"og:description\" content=\"De acuerdo con la normativa cameral aplicable, la Cambra tiene la obligaci\u00f3n de elaborar el censo electoral y el censo p\u00fablico de empresas, y las personas electoras de suministrar a la C\u00e1mara los datos exigibles sobre la empresa y, si procede, sobre el sector de su actividad. Tambi\u00e9n recordad que, de acuerdo con el art\u00edculo [&hellip;]\" \/>\n<meta property=\"og:url\" content=\"https:\/\/cambrabcn.org\/es\/es-sobre-cambra\/transparencia-y-perfil-del-contratante\/transparencia\/consulta-del-censo-electoral-y-del-censo-publico-de-empresas-2025\/\" \/>\n<meta property=\"og:site_name\" content=\"Cambra de Comer\u00e7 de Barcelona\" \/>\n<meta property=\"article:modified_time\" content=\"2025-10-15T06:36:18+00:00\" \/>\n<meta property=\"og:image\" content=\"https:\/\/cambrabcn.org\/wp-content\/uploads\/2024\/02\/Cens_Electoral_Public_1200x273.png\" \/>\n\t<meta property=\"og:image:width\" content=\"1200\" \/>\n\t<meta property=\"og:image:height\" content=\"273\" \/>\n\t<meta property=\"og:image:type\" content=\"image\/png\" \/>\n<meta name=\"twitter:card\" content=\"summary_large_image\" \/>\n<meta name=\"twitter:site\" content=\"@cambrabcn\" \/>\n<meta name=\"twitter:label1\" content=\"Tiempo de lectura\" \/>\n\t<meta name=\"twitter:data1\" content=\"3 minutos\" \/>\n<script type=\"application\/ld+json\" class=\"yoast-schema-graph\">{\"@context\":\"https:\/\/schema.org\",\"@graph\":[{\"@type\":\"WebPage\",\"@id\":\"https:\/\/cambrabcn.org\/es\/es-sobre-cambra\/transparencia-y-perfil-del-contratante\/transparencia\/consulta-del-censo-electoral-y-del-censo-publico-de-empresas-2025\/\",\"url\":\"https:\/\/cambrabcn.org\/es\/es-sobre-cambra\/transparencia-y-perfil-del-contratante\/transparencia\/consulta-del-censo-electoral-y-del-censo-publico-de-empresas-2025\/\",\"name\":\"Consulta del Censo electoral y del Censo p\u00fablico de empresas 2025 | Cambra de Comer\u00e7 de Barcelona\",\"isPartOf\":{\"@id\":\"https:\/\/cambrabcn.org\/es\/#website\"},\"primaryImageOfPage\":{\"@id\":\"https:\/\/cambrabcn.org\/es\/es-sobre-cambra\/transparencia-y-perfil-del-contratante\/transparencia\/consulta-del-censo-electoral-y-del-censo-publico-de-empresas-2025\/#primaryimage\"},\"image\":{\"@id\":\"https:\/\/cambrabcn.org\/es\/es-sobre-cambra\/transparencia-y-perfil-del-contratante\/transparencia\/consulta-del-censo-electoral-y-del-censo-publico-de-empresas-2025\/#primaryimage\"},\"thumbnailUrl\":\"https:\/\/cambrabcn.org\/wp-content\/uploads\/2024\/02\/Cens_Electoral_Public_1200x273-1024x233.png\",\"datePublished\":\"2025-10-15T06:16:39+00:00\",\"dateModified\":\"2025-10-15T06:36:18+00:00\",\"breadcrumb\":{\"@id\":\"https:\/\/cambrabcn.org\/es\/es-sobre-cambra\/transparencia-y-perfil-del-contratante\/transparencia\/consulta-del-censo-electoral-y-del-censo-publico-de-empresas-2025\/#breadcrumb\"},\"inLanguage\":\"es\",\"potentialAction\":[{\"@type\":\"ReadAction\",\"target\":[\"https:\/\/cambrabcn.org\/es\/es-sobre-cambra\/transparencia-y-perfil-del-contratante\/transparencia\/consulta-del-censo-electoral-y-del-censo-publico-de-empresas-2025\/\"]}]},{\"@type\":\"ImageObject\",\"inLanguage\":\"es\",\"@id\":\"https:\/\/cambrabcn.org\/es\/es-sobre-cambra\/transparencia-y-perfil-del-contratante\/transparencia\/consulta-del-censo-electoral-y-del-censo-publico-de-empresas-2025\/#primaryimage\",\"url\":\"https:\/\/cambrabcn.org\/wp-content\/uploads\/2024\/02\/Cens_Electoral_Public_1200x273-1024x233.png\",\"contentUrl\":\"https:\/\/cambrabcn.org\/wp-content\/uploads\/2024\/02\/Cens_Electoral_Public_1200x273-1024x233.png\"},{\"@type\":\"BreadcrumbList\",\"@id\":\"https:\/\/cambrabcn.org\/es\/es-sobre-cambra\/transparencia-y-perfil-del-contratante\/transparencia\/consulta-del-censo-electoral-y-del-censo-publico-de-empresas-2025\/#breadcrumb\",\"itemListElement\":[{\"@type\":\"ListItem\",\"position\":1,\"name\":\"Home\",\"item\":\"https:\/\/cambrabcn.org\/es\/\"},{\"@type\":\"ListItem\",\"position\":2,\"name\":\"Sobre Cambra\",\"item\":\"https:\/\/cambrabcn.org\/es\/es-sobre-cambra\/\"},{\"@type\":\"ListItem\",\"position\":3,\"name\":\"Transparencia y Perfil del contratante\",\"item\":\"https:\/\/cambrabcn.org\/es\/es-sobre-cambra\/transparencia-y-perfil-del-contratante\/\"},{\"@type\":\"ListItem\",\"position\":4,\"name\":\"Transparencia\",\"item\":\"https:\/\/cambrabcn.org\/es\/es-sobre-cambra\/transparencia-y-perfil-del-contratante\/transparencia\/\"},{\"@type\":\"ListItem\",\"position\":5,\"name\":\"Consulta del Censo electoral y del Censo p\u00fablico de empresas 2025\"}]},{\"@type\":\"WebSite\",\"@id\":\"https:\/\/cambrabcn.org\/es\/#website\",\"url\":\"https:\/\/cambrabcn.org\/es\/\",\"name\":\"Cambra de Comer\u00e7 de Barcelona\",\"description\":\"La Cambra de Tothom\",\"publisher\":{\"@id\":\"https:\/\/cambrabcn.org\/es\/#organization\"},\"alternateName\":\"Cambra Oficial de Comer\u00e7, Ind\u00fastria, Serveis i Navegaci\u00f3 de Barcelona\",\"potentialAction\":[{\"@type\":\"SearchAction\",\"target\":{\"@type\":\"EntryPoint\",\"urlTemplate\":\"https:\/\/cambrabcn.org\/es\/?s={search_term_string}\"},\"query-input\":{\"@type\":\"PropertyValueSpecification\",\"valueRequired\":true,\"valueName\":\"search_term_string\"}}],\"inLanguage\":\"es\"},{\"@type\":\"Organization\",\"@id\":\"https:\/\/cambrabcn.org\/es\/#organization\",\"name\":\"Cambra de Comer\u00e7 de Barcelona\",\"alternateName\":\"Cambra Oficial de Comer\u00e7, Ind\u00fastria, Serveis i Navegaci\u00f3 de Barcelona\",\"url\":\"https:\/\/cambrabcn.org\/es\/\",\"logo\":{\"@type\":\"ImageObject\",\"inLanguage\":\"es\",\"@id\":\"https:\/\/cambrabcn.org\/es\/#\/schema\/logo\/image\/\",\"url\":\"https:\/\/cambrabcn.org\/wp-content\/uploads\/2023\/11\/logo-cambra-300x77-1.png\",\"contentUrl\":\"https:\/\/cambrabcn.org\/wp-content\/uploads\/2023\/11\/logo-cambra-300x77-1.png\",\"width\":300,\"height\":77,\"caption\":\"Cambra de Comer\u00e7 de Barcelona\"},\"image\":{\"@id\":\"https:\/\/cambrabcn.org\/es\/#\/schema\/logo\/image\/\"},\"sameAs\":[\"https:\/\/x.com\/cambrabcn\",\"https:\/\/www.instagram.com\/cambrabcn\/\",\"https:\/\/www.linkedin.com\/school\/cambrabcn\",\"https:\/\/www.youtube.com\/user\/PressCambrabcn\",\"https:\/\/ca.wikipedia.org\/wiki\/Cambra_Oficial_de_Comer\u00e7,_Ind\u00fastria_i_Navegaci\u00f3_de_Barcelona\",\"http:\/\/viaf.org\/viaf\/124017095\"],\"description\":\"La Cambra Oficial de Comer\u00e7, Ind\u00fastria, Serveis i Navegaci\u00f3 de Barcelona \u00e9s una corporaci\u00f3 de dret p\u00fablic que presta serveis a les empreses, contribuint a la regeneraci\u00f3 del teixit econ\u00f2mic i la creaci\u00f3 d\u2019ocupaci\u00f3.\",\"email\":\"cambra@cambrabcn.cat\",\"telephone\":\"+34 93 416 93 00\",\"legalName\":\"La Cambra Oficial de Comer\u00e7, Ind\u00fastria, Serveis i Navegaci\u00f3 de Barcelona\",\"foundingDate\":\"1886-01-01\",\"vatID\":\"Q0873001B\",\"taxID\":\"Q0873001B\",\"naics\":\"813910\"}]}<\/script>\n<!-- \/ Yoast SEO Premium plugin. -->","yoast_head_json":{"title":"Consulta del Censo electoral y del Censo p\u00fablico de empresas 2025 | Cambra de Comer\u00e7 de Barcelona","robots":{"index":"index","follow":"follow","max-snippet":"max-snippet:-1","max-image-preview":"max-image-preview:large","max-video-preview":"max-video-preview:-1"},"canonical":"https:\/\/cambrabcn.org\/es\/es-sobre-cambra\/transparencia-y-perfil-del-contratante\/transparencia\/consulta-del-censo-electoral-y-del-censo-publico-de-empresas-2025\/","og_locale":"es_ES","og_type":"article","og_title":"Consulta del Censo electoral y del Censo p\u00fablico de empresas 2025","og_description":"De acuerdo con la normativa cameral aplicable, la Cambra tiene la obligaci\u00f3n de elaborar el censo electoral y el censo p\u00fablico de empresas, y las personas electoras de suministrar a la C\u00e1mara los datos exigibles sobre la empresa y, si procede, sobre el sector de su actividad. Tambi\u00e9n recordad que, de acuerdo con el art\u00edculo [&hellip;]","og_url":"https:\/\/cambrabcn.org\/es\/es-sobre-cambra\/transparencia-y-perfil-del-contratante\/transparencia\/consulta-del-censo-electoral-y-del-censo-publico-de-empresas-2025\/","og_site_name":"Cambra de Comer\u00e7 de Barcelona","article_modified_time":"2025-10-15T06:36:18+00:00","og_image":[{"width":1200,"height":273,"url":"https:\/\/cambrabcn.org\/wp-content\/uploads\/2024\/02\/Cens_Electoral_Public_1200x273.png","type":"image\/png"}],"twitter_card":"summary_large_image","twitter_site":"@cambrabcn","twitter_misc":{"Tiempo de lectura":"3 minutos"},"schema":{"@context":"https:\/\/schema.org","@graph":[{"@type":"WebPage","@id":"https:\/\/cambrabcn.org\/es\/es-sobre-cambra\/transparencia-y-perfil-del-contratante\/transparencia\/consulta-del-censo-electoral-y-del-censo-publico-de-empresas-2025\/","url":"https:\/\/cambrabcn.org\/es\/es-sobre-cambra\/transparencia-y-perfil-del-contratante\/transparencia\/consulta-del-censo-electoral-y-del-censo-publico-de-empresas-2025\/","name":"Consulta del Censo electoral y del Censo p\u00fablico de empresas 2025 | Cambra de Comer\u00e7 de Barcelona","isPartOf":{"@id":"https:\/\/cambrabcn.org\/es\/#website"},"primaryImageOfPage":{"@id":"https:\/\/cambrabcn.org\/es\/es-sobre-cambra\/transparencia-y-perfil-del-contratante\/transparencia\/consulta-del-censo-electoral-y-del-censo-publico-de-empresas-2025\/#primaryimage"},"image":{"@id":"https:\/\/cambrabcn.org\/es\/es-sobre-cambra\/transparencia-y-perfil-del-contratante\/transparencia\/consulta-del-censo-electoral-y-del-censo-publico-de-empresas-2025\/#primaryimage"},"thumbnailUrl":"https:\/\/cambrabcn.org\/wp-content\/uploads\/2024\/02\/Cens_Electoral_Public_1200x273-1024x233.png","datePublished":"2025-10-15T06:16:39+00:00","dateModified":"2025-10-15T06:36:18+00:00","breadcrumb":{"@id":"https:\/\/cambrabcn.org\/es\/es-sobre-cambra\/transparencia-y-perfil-del-contratante\/transparencia\/consulta-del-censo-electoral-y-del-censo-publico-de-empresas-2025\/#breadcrumb"},"inLanguage":"es","potentialAction":[{"@type":"ReadAction","target":["https:\/\/cambrabcn.org\/es\/es-sobre-cambra\/transparencia-y-perfil-del-contratante\/transparencia\/consulta-del-censo-electoral-y-del-censo-publico-de-empresas-2025\/"]}]},{"@type":"ImageObject","inLanguage":"es","@id":"https:\/\/cambrabcn.org\/es\/es-sobre-cambra\/transparencia-y-perfil-del-contratante\/transparencia\/consulta-del-censo-electoral-y-del-censo-publico-de-empresas-2025\/#primaryimage","url":"https:\/\/cambrabcn.org\/wp-content\/uploads\/2024\/02\/Cens_Electoral_Public_1200x273-1024x233.png","contentUrl":"https:\/\/cambrabcn.org\/wp-content\/uploads\/2024\/02\/Cens_Electoral_Public_1200x273-1024x233.png"},{"@type":"BreadcrumbList","@id":"https:\/\/cambrabcn.org\/es\/es-sobre-cambra\/transparencia-y-perfil-del-contratante\/transparencia\/consulta-del-censo-electoral-y-del-censo-publico-de-empresas-2025\/#breadcrumb","itemListElement":[{"@type":"ListItem","position":1,"name":"Home","item":"https:\/\/cambrabcn.org\/es\/"},{"@type":"ListItem","position":2,"name":"Sobre Cambra","item":"https:\/\/cambrabcn.org\/es\/es-sobre-cambra\/"},{"@type":"ListItem","position":3,"name":"Transparencia y Perfil del contratante","item":"https:\/\/cambrabcn.org\/es\/es-sobre-cambra\/transparencia-y-perfil-del-contratante\/"},{"@type":"ListItem","position":4,"name":"Transparencia","item":"https:\/\/cambrabcn.org\/es\/es-sobre-cambra\/transparencia-y-perfil-del-contratante\/transparencia\/"},{"@type":"ListItem","position":5,"name":"Consulta del Censo electoral y del Censo p\u00fablico de empresas 2025"}]},{"@type":"WebSite","@id":"https:\/\/cambrabcn.org\/es\/#website","url":"https:\/\/cambrabcn.org\/es\/","name":"Cambra de Comer\u00e7 de Barcelona","description":"La Cambra de Tothom","publisher":{"@id":"https:\/\/cambrabcn.org\/es\/#organization"},"alternateName":"Cambra Oficial de Comer\u00e7, Ind\u00fastria, Serveis i Navegaci\u00f3 de Barcelona","potentialAction":[{"@type":"SearchAction","target":{"@type":"EntryPoint","urlTemplate":"https:\/\/cambrabcn.org\/es\/?s={search_term_string}"},"query-input":{"@type":"PropertyValueSpecification","valueRequired":true,"valueName":"search_term_string"}}],"inLanguage":"es"},{"@type":"Organization","@id":"https:\/\/cambrabcn.org\/es\/#organization","name":"Cambra de Comer\u00e7 de Barcelona","alternateName":"Cambra Oficial de Comer\u00e7, Ind\u00fastria, Serveis i Navegaci\u00f3 de Barcelona","url":"https:\/\/cambrabcn.org\/es\/","logo":{"@type":"ImageObject","inLanguage":"es","@id":"https:\/\/cambrabcn.org\/es\/#\/schema\/logo\/image\/","url":"https:\/\/cambrabcn.org\/wp-content\/uploads\/2023\/11\/logo-cambra-300x77-1.png","contentUrl":"https:\/\/cambrabcn.org\/wp-content\/uploads\/2023\/11\/logo-cambra-300x77-1.png","width":300,"height":77,"caption":"Cambra de Comer\u00e7 de Barcelona"},"image":{"@id":"https:\/\/cambrabcn.org\/es\/#\/schema\/logo\/image\/"},"sameAs":["https:\/\/x.com\/cambrabcn","https:\/\/www.instagram.com\/cambrabcn\/","https:\/\/www.linkedin.com\/school\/cambrabcn","https:\/\/www.youtube.com\/user\/PressCambrabcn","https:\/\/ca.wikipedia.org\/wiki\/Cambra_Oficial_de_Comer\u00e7,_Ind\u00fastria_i_Navegaci\u00f3_de_Barcelona","http:\/\/viaf.org\/viaf\/124017095"],"description":"La Cambra Oficial de Comer\u00e7, Ind\u00fastria, Serveis i Navegaci\u00f3 de Barcelona \u00e9s una corporaci\u00f3 de dret p\u00fablic que presta serveis a les empreses, contribuint a la regeneraci\u00f3 del teixit econ\u00f2mic i la creaci\u00f3 d\u2019ocupaci\u00f3.","email":"cambra@cambrabcn.cat","telephone":"+34 93 416 93 00","legalName":"La Cambra Oficial de Comer\u00e7, Ind\u00fastria, Serveis i Navegaci\u00f3 de Barcelona","foundingDate":"1886-01-01","vatID":"Q0873001B","taxID":"Q0873001B","naics":"813910"}]}},"mfb_rest_fields":["pp_statuses_selecting_workflow","pp_workflow_action","pp_status_selection","yoast_head","yoast_head_json"],"_links":{"self":[{"href":"https:\/\/cambrabcn.org\/es\/wp-json\/wp\/v2\/pages\/104158","targetHints":{"allow":["GET"]}}],"collection":[{"href":"https:\/\/cambrabcn.org\/es\/wp-json\/wp\/v2\/pages"}],"about":[{"href":"https:\/\/cambrabcn.org\/es\/wp-json\/wp\/v2\/types\/page"}],"author":[{"embeddable":true,"href":"https:\/\/cambrabcn.org\/es\/wp-json\/wp\/v2\/users\/6"}],"replies":[{"embeddable":true,"href":"https:\/\/cambrabcn.org\/es\/wp-json\/wp\/v2\/comments?post=104158"}],"version-history":[{"count":1,"href":"https:\/\/cambrabcn.org\/es\/wp-json\/wp\/v2\/pages\/104158\/revisions"}],"predecessor-version":[{"id":104159,"href":"https:\/\/cambrabcn.org\/es\/wp-json\/wp\/v2\/pages\/104158\/revisions\/104159"}],"up":[{"embeddable":true,"href":"https:\/\/cambrabcn.org\/es\/wp-json\/wp\/v2\/pages\/1466"}],"wp:attachment":[{"href":"https:\/\/cambrabcn.org\/es\/wp-json\/wp\/v2\/media?parent=104158"}],"curies":[{"name":"wp","href":"https:\/\/api.w.org\/{rel}","templated":true}]}}