{"id":309,"date":"2024-02-01T12:00:00","date_gmt":"2024-02-01T10:00:00","guid":{"rendered":"https:\/\/cambrabcn.org\/actualidad-i-publicaciones\/"},"modified":"2024-06-12T16:54:57","modified_gmt":"2024-06-12T14:54:57","slug":"publicacions","status":"publish","type":"page","link":"https:\/\/cambrabcn.org\/en\/publicacions\/","title":{"rendered":"Publicacions"},"content":{"rendered":"\n<div class=\"wp-block-cambra-custom-blocks-cambra-hero alignfull\">\n<div class=\"wp-block-cover\"><span aria-hidden=\"true\" class=\"wp-block-cover__background has-background-dim-70 has-background-dim\"><\/span><img data-dominant-color=\"a8bac9\" data-has-transparency=\"false\" style=\"--dominant-color: #a8bac9;\" loading=\"lazy\" decoding=\"async\" width=\"2560\" height=\"1707\" class=\"wp-block-cover__image-background wp-image-311 not-transparent\" alt=\"\" src=\"https:\/\/cambrabcn.org\/wp-content\/uploads\/2023\/11\/sala-de-comunicacio-scaled.webp\" data-object-fit=\"cover\" srcset=\"https:\/\/cambrabcn.org\/wp-content\/uploads\/2023\/11\/sala-de-comunicacio-scaled.webp 2560w, https:\/\/cambrabcn.org\/wp-content\/uploads\/2023\/11\/sala-de-comunicacio-300x200.webp 300w, https:\/\/cambrabcn.org\/wp-content\/uploads\/2023\/11\/sala-de-comunicacio-1024x683.webp 1024w, https:\/\/cambrabcn.org\/wp-content\/uploads\/2023\/11\/sala-de-comunicacio-768x512.webp 768w, https:\/\/cambrabcn.org\/wp-content\/uploads\/2023\/11\/sala-de-comunicacio-1536x1024.webp 1536w, https:\/\/cambrabcn.org\/wp-content\/uploads\/2023\/11\/sala-de-comunicacio-2048x1365.webp 2048w, https:\/\/cambrabcn.org\/wp-content\/uploads\/2023\/11\/sala-de-comunicacio-600x400.webp 600w\" sizes=\"auto, (max-width: 2560px) 100vw, 2560px\" \/><div class=\"wp-block-cover__inner-container is-layout-flow wp-block-cover-is-layout-flow\"><div class=\"wp-block-cambra-custom-blocks-cambra-breadcrumbs has-text-color has-cambra-bg-color\"><nav role=\"navigation\" aria-label=\"Breadcrumb\" class=\"breadcrumb\"><ol class=\"breadcrumb-items\"><li class=\"breadcrumb-item breadcrumb-item--current breadcrumb-item--home\"><span class=\"breadcrumb-item-name\">Home<\/span><\/li><\/ol><\/nav><\/div>\n\n\n<h1 class=\"wp-block-heading heading-1 has-cambra-bg-color has-text-color\">Actualitat i publicacions<\/h1>\n\n\n\n<h5 class=\"wp-block-heading has-cambra-bg-color has-text-color\">Estigues actualitzat de totes les nostres not\u00edcies<\/h5>\n<\/div><\/div>\n<\/div>\n\n\n\n<div class=\"wp-block-group is-layout-constrained wp-block-group-is-layout-constrained\">\n<div class=\"wp-block-group is-layout-constrained wp-block-group-is-layout-constrained\"><\/div>\n\n\n<\/div>\n\n\n\n<div class=\"wp-block-group is-layout-constrained wp-block-group-is-layout-constrained\"><div id=\"cambra-studies-featured-cards-block-block_62cdae693e2e9fbdead1967026e8d506\" class=\"cambra-studies-featured-cards-block relative\">\n    <div class=\"wp-block-group cambra-cards-heading-link-container\">\n                    <h3 class=\"wp-block-heading heading-3\">Estudis<\/h3>\n                            <p class=\"has-text-align-right icon-right icon-right--black\"><a href=\"\/estudis\">Veure tot<\/a><\/p>\n            <\/div>\n\t\t<div id=\"cambra-spinner\" class=\"cambra-spinner\"><\/div>\n\t<div\n\t\tclass=\"is-layout-flow cambra-studies-featured-cards-container is-featured\">\n\t\t\n<ul class=\"wp-block-post-template wp-block-post-custom-template columns-4 card-box-shadow cambra-card\">\n\t\t\t\t\t\t\n<li class=\"wp-block-post has-post-thumbnail card-study\">\n    <figure class=\"wp-block-post-featured-image\">\n        <a href=\"https:\/\/cambrabcn.org\/en\/barcelona-air-traffic-observatory-air-cargo-2022\/\">\n\t\t\t<img loading=\"lazy\" decoding=\"async\" width=\"280\" height=\"350\" src=\"https:\/\/cambrabcn.org\/wp-content\/uploads\/2024\/03\/Obs_Traf_Aeri_Carrega_45_280x350.png\" class=\"attachment-post-thumbnail size-post-thumbnail wp-post-image\" alt=\"tr\u00e0fic aeri\" srcset=\"https:\/\/cambrabcn.org\/wp-content\/uploads\/2024\/03\/Obs_Traf_Aeri_Carrega_45_280x350.png 280w, https:\/\/cambrabcn.org\/wp-content\/uploads\/2024\/03\/Obs_Traf_Aeri_Carrega_45_280x350-240x300.png 240w\" sizes=\"auto, (max-width: 280px) 100vw, 280px\" \/>        <\/a>\n    <\/figure>\n    <div class=\"has-text-color has-secondary-light-black-color wp-block-post-date\">\n        <time datetime=\"2023-12-01T12:13:00+02:00\">\n\t\t\t1 de December de 2023        <\/time>\n    <\/div>\n    <h2 class=\"wp-block-post-title has-normal-font-size heading-2\">\n        <a href=\"https:\/\/cambrabcn.org\/en\/barcelona-air-traffic-observatory-air-cargo-2022\/\">\n\t\t\tBarcelona Air Traffic Observatory &#8211; Air Cargo 2022        <\/a>\n    <\/h2>\n    <div class=\"has-text-color has-secondary-neutral-black-color wp-block-post-excerpt has-small-font-size\">\n        <p class=\"wp-block-post-excerpt__excerpt\">\n\t\t\t        <\/p>\n    <\/div>\n    <a class=\"cambra-card-full-link\" href=\"https:\/\/cambrabcn.org\/en\/barcelona-air-traffic-observatory-air-cargo-2022\/\"><\/a>\n<\/li>\n\t\t\t\t<\/ul>\n\t<\/div>\n<\/div>\n<\/div>\n\n\n\n<div class=\"wp-block-group is-layout-constrained wp-block-group-is-layout-constrained\"><\/div>\n\n\n\n<div style=\"height:32px\" aria-hidden=\"true\" class=\"wp-block-spacer\"><\/div>\n","protected":false},"excerpt":{"rendered":"","protected":false},"author":2,"featured_media":0,"parent":0,"menu_order":0,"comment_status":"closed","ping_status":"closed","template":"","meta":{"_acf_changed":false,"inline_featured_image":false,"ep_exclude_from_search":false,"footnotes":""},"class_list":["post-309","page","type-page","status-publish","hentry"],"pp_statuses_selecting_workflow":false,"pp_workflow_action":"current","pp_status_selection":"publish","acf":[],"yoast_head":"<!-- This site is optimized with the Yoast SEO Premium plugin v27.1 (Yoast SEO v27.1.1) - https:\/\/yoast.com\/product\/yoast-seo-premium-wordpress\/ -->\n<title>Publicacions | Cambra de Comer\u00e7 de Barcelona<\/title>\n<meta name=\"robots\" content=\"index, follow, max-snippet:-1, max-image-preview:large, max-video-preview:-1\" \/>\n<link rel=\"canonical\" href=\"https:\/\/cambrabcn.org\/en\/publicacions\/\" \/>\n<meta property=\"og:locale\" content=\"en_US\" \/>\n<meta property=\"og:type\" content=\"article\" \/>\n<meta property=\"og:title\" content=\"Publicacions\" \/>\n<meta property=\"og:url\" content=\"https:\/\/cambrabcn.org\/en\/publicacions\/\" \/>\n<meta property=\"og:site_name\" content=\"Cambra de Comer\u00e7 de Barcelona\" \/>\n<meta property=\"article:modified_time\" content=\"2024-06-12T14:54:57+00:00\" \/>\n<meta property=\"og:image\" content=\"https:\/\/cambrabcn.org\/wp-content\/uploads\/2023\/11\/sala-de-comunicacio-scaled.webp\" \/>\n<meta name=\"twitter:card\" content=\"summary_large_image\" \/>\n<meta name=\"twitter:site\" content=\"@cambrabcn\" \/>\n<meta name=\"twitter:label1\" content=\"Est. reading time\" \/>\n\t<meta name=\"twitter:data1\" content=\"1 minute\" \/>\n<script type=\"application\/ld+json\" class=\"yoast-schema-graph\">{\"@context\":\"https:\/\/schema.org\",\"@graph\":[{\"@type\":\"WebPage\",\"@id\":\"https:\/\/cambrabcn.org\/en\/publicacions\/\",\"url\":\"https:\/\/cambrabcn.org\/en\/publicacions\/\",\"name\":\"Publicacions | Cambra de Comer\u00e7 de Barcelona\",\"isPartOf\":{\"@id\":\"https:\/\/cambrabcn.org\/en\/#website\"},\"primaryImageOfPage\":{\"@id\":\"https:\/\/cambrabcn.org\/en\/publicacions\/#primaryimage\"},\"image\":{\"@id\":\"https:\/\/cambrabcn.org\/en\/publicacions\/#primaryimage\"},\"thumbnailUrl\":\"https:\/\/cambrabcn.org\/wp-content\/uploads\/2023\/11\/sala-de-comunicacio-scaled.webp\",\"datePublished\":\"2024-02-01T10:00:00+00:00\",\"dateModified\":\"2024-06-12T14:54:57+00:00\",\"breadcrumb\":{\"@id\":\"https:\/\/cambrabcn.org\/en\/publicacions\/#breadcrumb\"},\"inLanguage\":\"en-US\",\"potentialAction\":[{\"@type\":\"ReadAction\",\"target\":[\"https:\/\/cambrabcn.org\/en\/publicacions\/\"]}]},{\"@type\":\"ImageObject\",\"inLanguage\":\"en-US\",\"@id\":\"https:\/\/cambrabcn.org\/en\/publicacions\/#primaryimage\",\"url\":\"https:\/\/cambrabcn.org\/wp-content\/uploads\/2023\/11\/sala-de-comunicacio-scaled.webp\",\"contentUrl\":\"https:\/\/cambrabcn.org\/wp-content\/uploads\/2023\/11\/sala-de-comunicacio-scaled.webp\"},{\"@type\":\"BreadcrumbList\",\"@id\":\"https:\/\/cambrabcn.org\/en\/publicacions\/#breadcrumb\",\"itemListElement\":[{\"@type\":\"ListItem\",\"position\":1,\"name\":\"Home\",\"item\":\"https:\/\/cambrabcn.org\/en\/\"},{\"@type\":\"ListItem\",\"position\":2,\"name\":\"Publicacions\"}]},{\"@type\":\"WebSite\",\"@id\":\"https:\/\/cambrabcn.org\/en\/#website\",\"url\":\"https:\/\/cambrabcn.org\/en\/\",\"name\":\"Cambra de Comer\u00e7 de Barcelona\",\"description\":\"La Cambra de Tothom\",\"publisher\":{\"@id\":\"https:\/\/cambrabcn.org\/en\/#organization\"},\"alternateName\":\"Cambra Oficial de Comer\u00e7, Ind\u00fastria, Serveis i Navegaci\u00f3 de Barcelona\",\"potentialAction\":[{\"@type\":\"SearchAction\",\"target\":{\"@type\":\"EntryPoint\",\"urlTemplate\":\"https:\/\/cambrabcn.org\/en\/?s={search_term_string}\"},\"query-input\":{\"@type\":\"PropertyValueSpecification\",\"valueRequired\":true,\"valueName\":\"search_term_string\"}}],\"inLanguage\":\"en-US\"},{\"@type\":\"Organization\",\"@id\":\"https:\/\/cambrabcn.org\/en\/#organization\",\"name\":\"Cambra de Comer\u00e7 de Barcelona\",\"alternateName\":\"Cambra Oficial de Comer\u00e7, Ind\u00fastria, Serveis i Navegaci\u00f3 de Barcelona\",\"url\":\"https:\/\/cambrabcn.org\/en\/\",\"logo\":{\"@type\":\"ImageObject\",\"inLanguage\":\"en-US\",\"@id\":\"https:\/\/cambrabcn.org\/en\/#\/schema\/logo\/image\/\",\"url\":\"https:\/\/cambrabcn.org\/wp-content\/uploads\/2023\/11\/logo-cambra-300x77-1.png\",\"contentUrl\":\"https:\/\/cambrabcn.org\/wp-content\/uploads\/2023\/11\/logo-cambra-300x77-1.png\",\"width\":300,\"height\":77,\"caption\":\"Cambra de Comer\u00e7 de Barcelona\"},\"image\":{\"@id\":\"https:\/\/cambrabcn.org\/en\/#\/schema\/logo\/image\/\"},\"sameAs\":[\"https:\/\/x.com\/cambrabcn\",\"https:\/\/www.instagram.com\/cambrabcn\/\",\"https:\/\/www.linkedin.com\/school\/cambrabcn\",\"https:\/\/www.youtube.com\/user\/PressCambrabcn\",\"https:\/\/ca.wikipedia.org\/wiki\/Cambra_Oficial_de_Comer\u00e7,_Ind\u00fastria_i_Navegaci\u00f3_de_Barcelona\",\"http:\/\/viaf.org\/viaf\/124017095\"],\"description\":\"La Cambra Oficial de Comer\u00e7, Ind\u00fastria, Serveis i Navegaci\u00f3 de Barcelona \u00e9s una corporaci\u00f3 de dret p\u00fablic que presta serveis a les empreses, contribuint a la regeneraci\u00f3 del teixit econ\u00f2mic i la creaci\u00f3 d\u2019ocupaci\u00f3.\",\"email\":\"cambra@cambrabcn.cat\",\"telephone\":\"+34 93 416 93 00\",\"legalName\":\"La Cambra Oficial de Comer\u00e7, Ind\u00fastria, Serveis i Navegaci\u00f3 de Barcelona\",\"foundingDate\":\"1886-01-01\",\"vatID\":\"Q0873001B\",\"taxID\":\"Q0873001B\",\"naics\":\"813910\"}]}<\/script>\n<!-- \/ Yoast SEO Premium plugin. -->","yoast_head_json":{"title":"Publicacions | Cambra de Comer\u00e7 de Barcelona","robots":{"index":"index","follow":"follow","max-snippet":"max-snippet:-1","max-image-preview":"max-image-preview:large","max-video-preview":"max-video-preview:-1"},"canonical":"https:\/\/cambrabcn.org\/en\/publicacions\/","og_locale":"en_US","og_type":"article","og_title":"Publicacions","og_url":"https:\/\/cambrabcn.org\/en\/publicacions\/","og_site_name":"Cambra de Comer\u00e7 de Barcelona","article_modified_time":"2024-06-12T14:54:57+00:00","og_image":[{"url":"https:\/\/cambrabcn.org\/wp-content\/uploads\/2023\/11\/sala-de-comunicacio-scaled.webp","type":"","width":"","height":""}],"twitter_card":"summary_large_image","twitter_site":"@cambrabcn","twitter_misc":{"Est. reading time":"1 minute"},"schema":{"@context":"https:\/\/schema.org","@graph":[{"@type":"WebPage","@id":"https:\/\/cambrabcn.org\/en\/publicacions\/","url":"https:\/\/cambrabcn.org\/en\/publicacions\/","name":"Publicacions | Cambra de Comer\u00e7 de Barcelona","isPartOf":{"@id":"https:\/\/cambrabcn.org\/en\/#website"},"primaryImageOfPage":{"@id":"https:\/\/cambrabcn.org\/en\/publicacions\/#primaryimage"},"image":{"@id":"https:\/\/cambrabcn.org\/en\/publicacions\/#primaryimage"},"thumbnailUrl":"https:\/\/cambrabcn.org\/wp-content\/uploads\/2023\/11\/sala-de-comunicacio-scaled.webp","datePublished":"2024-02-01T10:00:00+00:00","dateModified":"2024-06-12T14:54:57+00:00","breadcrumb":{"@id":"https:\/\/cambrabcn.org\/en\/publicacions\/#breadcrumb"},"inLanguage":"en-US","potentialAction":[{"@type":"ReadAction","target":["https:\/\/cambrabcn.org\/en\/publicacions\/"]}]},{"@type":"ImageObject","inLanguage":"en-US","@id":"https:\/\/cambrabcn.org\/en\/publicacions\/#primaryimage","url":"https:\/\/cambrabcn.org\/wp-content\/uploads\/2023\/11\/sala-de-comunicacio-scaled.webp","contentUrl":"https:\/\/cambrabcn.org\/wp-content\/uploads\/2023\/11\/sala-de-comunicacio-scaled.webp"},{"@type":"BreadcrumbList","@id":"https:\/\/cambrabcn.org\/en\/publicacions\/#breadcrumb","itemListElement":[{"@type":"ListItem","position":1,"name":"Home","item":"https:\/\/cambrabcn.org\/en\/"},{"@type":"ListItem","position":2,"name":"Publicacions"}]},{"@type":"WebSite","@id":"https:\/\/cambrabcn.org\/en\/#website","url":"https:\/\/cambrabcn.org\/en\/","name":"Cambra de Comer\u00e7 de Barcelona","description":"La Cambra de Tothom","publisher":{"@id":"https:\/\/cambrabcn.org\/en\/#organization"},"alternateName":"Cambra Oficial de Comer\u00e7, Ind\u00fastria, Serveis i Navegaci\u00f3 de Barcelona","potentialAction":[{"@type":"SearchAction","target":{"@type":"EntryPoint","urlTemplate":"https:\/\/cambrabcn.org\/en\/?s={search_term_string}"},"query-input":{"@type":"PropertyValueSpecification","valueRequired":true,"valueName":"search_term_string"}}],"inLanguage":"en-US"},{"@type":"Organization","@id":"https:\/\/cambrabcn.org\/en\/#organization","name":"Cambra de Comer\u00e7 de Barcelona","alternateName":"Cambra Oficial de Comer\u00e7, Ind\u00fastria, Serveis i Navegaci\u00f3 de Barcelona","url":"https:\/\/cambrabcn.org\/en\/","logo":{"@type":"ImageObject","inLanguage":"en-US","@id":"https:\/\/cambrabcn.org\/en\/#\/schema\/logo\/image\/","url":"https:\/\/cambrabcn.org\/wp-content\/uploads\/2023\/11\/logo-cambra-300x77-1.png","contentUrl":"https:\/\/cambrabcn.org\/wp-content\/uploads\/2023\/11\/logo-cambra-300x77-1.png","width":300,"height":77,"caption":"Cambra de Comer\u00e7 de Barcelona"},"image":{"@id":"https:\/\/cambrabcn.org\/en\/#\/schema\/logo\/image\/"},"sameAs":["https:\/\/x.com\/cambrabcn","https:\/\/www.instagram.com\/cambrabcn\/","https:\/\/www.linkedin.com\/school\/cambrabcn","https:\/\/www.youtube.com\/user\/PressCambrabcn","https:\/\/ca.wikipedia.org\/wiki\/Cambra_Oficial_de_Comer\u00e7,_Ind\u00fastria_i_Navegaci\u00f3_de_Barcelona","http:\/\/viaf.org\/viaf\/124017095"],"description":"La Cambra Oficial de Comer\u00e7, Ind\u00fastria, Serveis i Navegaci\u00f3 de Barcelona \u00e9s una corporaci\u00f3 de dret p\u00fablic que presta serveis a les empreses, contribuint a la regeneraci\u00f3 del teixit econ\u00f2mic i la creaci\u00f3 d\u2019ocupaci\u00f3.","email":"cambra@cambrabcn.cat","telephone":"+34 93 416 93 00","legalName":"La Cambra Oficial de Comer\u00e7, Ind\u00fastria, Serveis i Navegaci\u00f3 de Barcelona","foundingDate":"1886-01-01","vatID":"Q0873001B","taxID":"Q0873001B","naics":"813910"}]}},"mfb_rest_fields":["pp_statuses_selecting_workflow","pp_workflow_action","pp_status_selection","yoast_head","yoast_head_json"],"_links":{"self":[{"href":"https:\/\/cambrabcn.org\/en\/wp-json\/wp\/v2\/pages\/309","targetHints":{"allow":["GET"]}}],"collection":[{"href":"https:\/\/cambrabcn.org\/en\/wp-json\/wp\/v2\/pages"}],"about":[{"href":"https:\/\/cambrabcn.org\/en\/wp-json\/wp\/v2\/types\/page"}],"author":[{"embeddable":true,"href":"https:\/\/cambrabcn.org\/en\/wp-json\/wp\/v2\/users\/2"}],"replies":[{"embeddable":true,"href":"https:\/\/cambrabcn.org\/en\/wp-json\/wp\/v2\/comments?post=309"}],"version-history":[{"count":10,"href":"https:\/\/cambrabcn.org\/en\/wp-json\/wp\/v2\/pages\/309\/revisions"}],"predecessor-version":[{"id":50374,"href":"https:\/\/cambrabcn.org\/en\/wp-json\/wp\/v2\/pages\/309\/revisions\/50374"}],"wp:attachment":[{"href":"https:\/\/cambrabcn.org\/en\/wp-json\/wp\/v2\/media?parent=309"}],"curies":[{"name":"wp","href":"https:\/\/api.w.org\/{rel}","templated":true}]}}