{"id":1461,"date":"2024-02-01T12:00:00","date_gmt":"2024-02-01T10:00:00","guid":{"rendered":"https:\/\/cambrabcn.org\/sobre-cambra\/la-institucio\/organs-de-govern\/"},"modified":"2024-10-21T08:56:30","modified_gmt":"2024-10-21T06:56:30","slug":"governing-bodies","status":"publish","type":"page","link":"https:\/\/cambrabcn.org\/en\/about-cambra\/the-institution\/governing-bodies\/","title":{"rendered":"Governing Bodies"},"content":{"rendered":"\n<div class=\"wp-block-group cambra-page-about-us-single is-layout-constrained wp-container-core-group-is-layout-e9b1e06a wp-block-group-is-layout-constrained\">\n<div style=\"height:2.5rem\" aria-hidden=\"true\" class=\"wp-block-spacer hide-mobile\"><\/div>\n\n\n\n<div class=\"wp-block-group is-layout-constrained wp-container-core-group-is-layout-6b712b1a wp-block-group-is-layout-constrained\"><div class=\"wp-block-cambra-custom-blocks-cambra-breadcrumbs\"><nav role=\"navigation\" aria-label=\"Breadcrumb\" class=\"breadcrumb\"><ol class=\"breadcrumb-items\"><li class=\"breadcrumb-item breadcrumb-item--current breadcrumb-item--home\"><span class=\"breadcrumb-item-name\">Home<\/span><\/li><\/ol><\/nav><\/div><\/div>\n\n\n\n<div style=\"height:2.5rem\" aria-hidden=\"true\" class=\"wp-block-spacer hide-mobile\"><\/div>\n\n\n\n<div class=\"wp-block-group main-content is-layout-constrained wp-container-core-group-is-layout-6b712b1a wp-block-group-is-layout-constrained\"><figure class=\"aligncenter wp-block-post-featured-image\"><img loading=\"lazy\" decoding=\"async\" width=\"1200\" height=\"273\" src=\"https:\/\/cambrabcn.org\/wp-content\/uploads\/2024\/09\/cambra_organs-de-govern_slider.jpg\" class=\"attachment-post-thumbnail size-post-thumbnail wp-post-image\" alt=\"\" style=\"object-fit:cover;\" srcset=\"https:\/\/cambrabcn.org\/wp-content\/uploads\/2024\/09\/cambra_organs-de-govern_slider.jpg 1200w, https:\/\/cambrabcn.org\/wp-content\/uploads\/2024\/09\/cambra_organs-de-govern_slider-300x68.jpg 300w, https:\/\/cambrabcn.org\/wp-content\/uploads\/2024\/09\/cambra_organs-de-govern_slider-1024x233.jpg 1024w, https:\/\/cambrabcn.org\/wp-content\/uploads\/2024\/09\/cambra_organs-de-govern_slider-768x175.jpg 768w, https:\/\/cambrabcn.org\/wp-content\/uploads\/2024\/09\/cambra_organs-de-govern_slider-600x137.jpg 600w\" sizes=\"auto, (max-width: 1200px) 100vw, 1200px\" \/><\/figure>\n\n\n<div class=\"wp-block-group cambra-bottom-line is-layout-constrained wp-container-core-group-is-layout-7fca5b48 wp-block-group-is-layout-constrained\"><h1 class=\"heading-1 wp-block-post-title\">Governing Bodies<\/h1><\/div>\n<\/div>\n\n\n\n<div style=\"height:3.75rem\" aria-hidden=\"true\" class=\"wp-block-spacer\"><\/div>\n\n\n\n<div class=\"wp-block-group has-secondary-neutral-black-color has-text-color is-layout-constrained wp-container-core-group-is-layout-6b712b1a wp-block-group-is-layout-constrained\">\n<div class=\"wp-block-group is-layout-constrained wp-container-core-group-is-layout-7fca5b48 wp-block-group-is-layout-constrained\">\n<p class=\"has-secondary-light-black-color has-text-color has-link-color wp-elements-0af5ae9c8190b2f291bb0a2f95a0916d\">The Barcelona Chamber is a corporation with a democratic structure and functioning.<\/p>\n\n\n\n<p>The governing bodies of the Chamber include the <strong>Plenary<\/strong>, the <strong>Executive Committee<\/strong>, and the <strong>President<\/strong>.<\/p>\n\n\n\n<p class=\"has-secondary-light-black-color has-text-color has-link-color wp-elements-ab35975f27cb0c3600de330c44538361\">The Chamber&#8217;s electoral procedure is based on the principle of ensuring the <strong>right of voters to freely choose their representatives<\/strong>, thus shaping the representation of general interests and the <strong>full inclusivity<\/strong> that characterizes chambers of commerce.<\/p>\n<\/div>\n\n\n\n<div class=\"wp-block-group is-layout-constrained wp-container-core-group-is-layout-7fca5b48 wp-block-group-is-layout-constrained\">\n<h3 class=\"wp-block-heading heading-3 has-secondary-light-black-color has-text-color\"><strong>The Presidency<\/strong><\/h3>\n\n\n\n<p class=\"has-secondary-light-black-color has-text-color has-link-color wp-elements-34cf63d09d2a211b408f944b25588f10\">The President is the figure who represents the Chamber. The President also chairs the Executive Committee and all other collegiate bodies and is responsible for executing their decisions.<\/p>\n<\/div>\n\n\n\n<div class=\"wp-block-group is-layout-constrained wp-container-core-group-is-layout-7fca5b48 wp-block-group-is-layout-constrained\">\n<h6 class=\"wp-block-heading heading-3 has-secondary-light-black-color has-text-color\">Josep Santacreu i Bonjoch, <strong>president of the Barcelona Chamber of Commerce<\/strong><\/h6>\n\n\n\n<div style=\"height:15px\" aria-hidden=\"true\" class=\"wp-block-spacer\"><\/div>\n\n\n\n<div class=\"wp-block-columns is-layout-flex wp-container-core-columns-is-layout-28f84493 wp-block-columns-is-layout-flex\">\n<div class=\"wp-block-column is-layout-flow wp-block-column-is-layout-flow\">\n<figure class=\"wp-block-image size-large is-resized\"><img data-dominant-color=\"604134\" data-has-transparency=\"false\" loading=\"lazy\" decoding=\"async\" width=\"1035\" height=\"776\" src=\"https:\/\/cambrabcn.org\/wp-content\/uploads\/2024\/02\/image-edited-1.webp\" alt=\"\" class=\"wp-image-36897 not-transparent\" style=\"--dominant-color: #604134; width:585px;height:auto\" srcset=\"https:\/\/cambrabcn.org\/wp-content\/uploads\/2024\/02\/image-edited-1.webp 1035w, https:\/\/cambrabcn.org\/wp-content\/uploads\/2024\/02\/image-edited-1-300x225.webp 300w, https:\/\/cambrabcn.org\/wp-content\/uploads\/2024\/02\/image-edited-1-1024x768.webp 1024w, https:\/\/cambrabcn.org\/wp-content\/uploads\/2024\/02\/image-edited-1-768x576.webp 768w, https:\/\/cambrabcn.org\/wp-content\/uploads\/2024\/02\/image-edited-1-600x450.webp 600w\" sizes=\"auto, (max-width: 1035px) 100vw, 1035px\" \/><\/figure>\n\n\n\n<p class=\"has-text-align-center has-secondary-whitest-black-background-color has-background has-small-font-size\">Image of the President of the Barcelona Chamber of Commerce, Josep Santacreu<\/p>\n<\/div>\n\n\n\n<div class=\"wp-block-column is-layout-flow wp-block-column-is-layout-flow\">\n<p class=\"has-secondary-light-black-color has-text-color has-link-color wp-elements-8ebc668446062f8e0ad56366be058afd\">Josep Santacreu i Bonjoch is the president of the Barcelona Chamber of Commerce. He holds a degree in Medicine from the Autonomous University of Barcelona, a PhD in Business Organization from the Polytechnic University of Catalonia, and several diplomas in Business Administration, Hospital Management, and Health Economics. He has completed the Stanford Executive Program at the Stanford Graduate School of Business.<\/p>\n\n\n\n<p class=\"has-secondary-light-black-color has-text-color has-link-color wp-elements-e8d05ca24d6cf940c204577d5e3347bf\">With over three decades of experience, Josep Santacreu i Bonjoch has served as CEO of DKV Seguros and has been active in promoting labor inclusion for people with disabilities through initiatives like the DKV Integralia Foundation. He has also advised the Government of Catalonia on healthcare sustainability and has held leadership roles in various organizations, including founding and presiding over Respon.cat.<br><br>Josep Santacreu i Bonjoch has a prominent leadership background, having founded and presided over Respon.cat, served as a member of the Plenary of the Barcelona Chamber of Commerce, and collaborated with various NGOs. He is the author of the book <em>&#8220;Planta\u2019t&#8221;<\/em> and remains actively involved in health and sustainability initiatives. He has been recognized with awards such as the Creu de Sant Jordi for his contributions.<\/p>\n\n\n\n<p class=\"has-secondary-light-black-color has-text-color has-link-color wp-elements-6ea747cc5873072a9bd5db92628e7fc5\">Josep Santacreu i Bonjoch was appointed president of the Barcelona Chamber of Commerce on October 9, 2023.<\/p>\n<\/div>\n<\/div>\n\n\n\n<div style=\"height:20px\" aria-hidden=\"true\" class=\"wp-block-spacer\"><\/div>\n<\/div>\n\n\n\n<div class=\"wp-block-group is-layout-constrained wp-container-core-group-is-layout-7fca5b48 wp-block-group-is-layout-constrained\">\n<h3 class=\"wp-block-heading heading-3 has-secondary-light-black-color has-text-color\">Legal personality and full capacity to act<\/h3>\n\n\n\n<p class=\"has-secondary-light-black-color has-text-color has-link-color wp-elements-543a1a8230662473f6e11bb685251a2b\">Integrated by all the companies in the condition of voters, the Corporation has autonomy of action and economy, without prejudice to the tutelage of the Generalitat and the superior supervision by the Audit Office.<\/p>\n\n\n\n<p class=\"download--pdf has-primary-alternative-red-color has-text-color\"><strong><strong><a href=\"https:\/\/cambrabcn.org\/wp-content\/uploads\/2024\/03\/Reglament-regim-intern_2022-OK.pdf\">Regulation of internal regime of the Official Chamber of Commerce, Industry and Navigation of Barcelona of 2022<\/a><\/strong><\/strong><\/p>\n<\/div>\n<\/div>\n\n\n\n<div style=\"height:3rem\" aria-hidden=\"true\" class=\"wp-block-spacer hide-mobile\"><\/div>\n<\/div>\n\n\n\n<p><\/p>\n","protected":false},"excerpt":{"rendered":"<p>La Cambra de Barcelona \u00e9s una corporaci\u00f3 amb\u00a0<strong>estructura i funcionament democr\u00e0tic<\/strong>.<br \/>Els \u00f2rgans de govern de la Cambra integren el\u00a0<strong>Ple<\/strong>, el\u00a0<strong>Comit\u00e8 Executiu<\/strong>\u00a0i el\u00a0<strong>President<\/strong>\u00a0o Presidenta.\u00a0<br \/>El procediment i el r\u00e8gim electoral de Cambra parteix del principi de garantia\u00a0<strong>del dret dels electors i electores a escollir lliurement<\/strong>\u00a0els seus representants per tal de formar la representativitat dels interessos generals i la\u00a0<strong>plenitud subjectiva<\/strong>\u00a0que caracteritzen les cambres.<\/p>\n","protected":false},"author":2,"featured_media":65897,"parent":1431,"menu_order":0,"comment_status":"closed","ping_status":"closed","template":"","meta":{"_acf_changed":false,"inline_featured_image":false,"ep_exclude_from_search":false,"footnotes":""},"class_list":["post-1461","page","type-page","status-publish","has-post-thumbnail","hentry"],"pp_statuses_selecting_workflow":false,"pp_workflow_action":"current","pp_status_selection":"publish","acf":[],"yoast_head":"<!-- This site is optimized with the Yoast SEO Premium plugin v27.1 (Yoast SEO v27.4) - https:\/\/yoast.com\/product\/yoast-seo-premium-wordpress\/ -->\n<title>Governing Bodies | Cambra de Comer\u00e7 de Barcelona<\/title>\n<meta name=\"robots\" content=\"index, follow, max-snippet:-1, max-image-preview:large, max-video-preview:-1\" \/>\n<link rel=\"canonical\" href=\"https:\/\/cambrabcn.org\/en\/about-cambra\/the-institution\/governing-bodies\/\" \/>\n<meta property=\"og:locale\" content=\"en_US\" \/>\n<meta property=\"og:type\" content=\"article\" \/>\n<meta property=\"og:title\" content=\"Governing Bodies\" \/>\n<meta property=\"og:description\" content=\"La Cambra de Barcelona \u00e9s una corporaci\u00f3 amb\u00a0estructura i funcionament democr\u00e0tic.Els \u00f2rgans de govern de la Cambra integren el\u00a0Ple, el\u00a0Comit\u00e8 Executiu\u00a0i el\u00a0President\u00a0o Presidenta.\u00a0El procediment i el r\u00e8gim electoral de Cambra parteix del principi de garantia\u00a0del dret dels electors i electores a escollir lliurement\u00a0els seus representants per tal de formar la representativitat dels interessos generals i la\u00a0plenitud subjectiva\u00a0que caracteritzen les cambres.\" \/>\n<meta property=\"og:url\" content=\"https:\/\/cambrabcn.org\/en\/about-cambra\/the-institution\/governing-bodies\/\" \/>\n<meta property=\"og:site_name\" content=\"Cambra de Comer\u00e7 de Barcelona\" \/>\n<meta property=\"article:modified_time\" content=\"2024-10-21T06:56:30+00:00\" \/>\n<meta property=\"og:image\" content=\"https:\/\/cambrabcn.org\/wp-content\/uploads\/2024\/09\/cambra_organs-de-govern_slider.jpg\" \/>\n\t<meta property=\"og:image:width\" content=\"1200\" \/>\n\t<meta property=\"og:image:height\" content=\"273\" \/>\n\t<meta property=\"og:image:type\" content=\"image\/jpeg\" \/>\n<meta name=\"twitter:card\" content=\"summary_large_image\" \/>\n<meta name=\"twitter:site\" content=\"@cambrabcn\" \/>\n<meta name=\"twitter:label1\" content=\"Est. reading time\" \/>\n\t<meta name=\"twitter:data1\" content=\"3 minutes\" \/>\n<script type=\"application\/ld+json\" class=\"yoast-schema-graph\">{\"@context\":\"https:\\\/\\\/schema.org\",\"@graph\":[{\"@type\":\"WebPage\",\"@id\":\"https:\\\/\\\/cambrabcn.org\\\/en\\\/about-cambra\\\/the-institution\\\/governing-bodies\\\/\",\"url\":\"https:\\\/\\\/cambrabcn.org\\\/en\\\/about-cambra\\\/the-institution\\\/governing-bodies\\\/\",\"name\":\"Governing Bodies | Cambra de Comer\u00e7 de Barcelona\",\"isPartOf\":{\"@id\":\"https:\\\/\\\/cambrabcn.org\\\/en\\\/#website\"},\"primaryImageOfPage\":{\"@id\":\"https:\\\/\\\/cambrabcn.org\\\/en\\\/about-cambra\\\/the-institution\\\/governing-bodies\\\/#primaryimage\"},\"image\":{\"@id\":\"https:\\\/\\\/cambrabcn.org\\\/en\\\/about-cambra\\\/the-institution\\\/governing-bodies\\\/#primaryimage\"},\"thumbnailUrl\":\"https:\\\/\\\/cambrabcn.org\\\/wp-content\\\/uploads\\\/2024\\\/09\\\/cambra_organs-de-govern_slider.jpg\",\"datePublished\":\"2024-02-01T10:00:00+00:00\",\"dateModified\":\"2024-10-21T06:56:30+00:00\",\"breadcrumb\":{\"@id\":\"https:\\\/\\\/cambrabcn.org\\\/en\\\/about-cambra\\\/the-institution\\\/governing-bodies\\\/#breadcrumb\"},\"inLanguage\":\"en-US\",\"potentialAction\":[{\"@type\":\"ReadAction\",\"target\":[\"https:\\\/\\\/cambrabcn.org\\\/en\\\/about-cambra\\\/the-institution\\\/governing-bodies\\\/\"]}]},{\"@type\":\"ImageObject\",\"inLanguage\":\"en-US\",\"@id\":\"https:\\\/\\\/cambrabcn.org\\\/en\\\/about-cambra\\\/the-institution\\\/governing-bodies\\\/#primaryimage\",\"url\":\"https:\\\/\\\/cambrabcn.org\\\/wp-content\\\/uploads\\\/2024\\\/09\\\/cambra_organs-de-govern_slider.jpg\",\"contentUrl\":\"https:\\\/\\\/cambrabcn.org\\\/wp-content\\\/uploads\\\/2024\\\/09\\\/cambra_organs-de-govern_slider.jpg\",\"width\":1200,\"height\":273},{\"@type\":\"BreadcrumbList\",\"@id\":\"https:\\\/\\\/cambrabcn.org\\\/en\\\/about-cambra\\\/the-institution\\\/governing-bodies\\\/#breadcrumb\",\"itemListElement\":[{\"@type\":\"ListItem\",\"position\":1,\"name\":\"Home\",\"item\":\"https:\\\/\\\/cambrabcn.org\\\/en\\\/\"},{\"@type\":\"ListItem\",\"position\":2,\"name\":\"About Cambra\",\"item\":\"https:\\\/\\\/cambrabcn.org\\\/en\\\/about-cambra\\\/\"},{\"@type\":\"ListItem\",\"position\":3,\"name\":\"The Institution\",\"item\":\"https:\\\/\\\/cambrabcn.org\\\/en\\\/about-cambra\\\/the-institution\\\/\"},{\"@type\":\"ListItem\",\"position\":4,\"name\":\"Governing Bodies\"}]},{\"@type\":\"WebSite\",\"@id\":\"https:\\\/\\\/cambrabcn.org\\\/en\\\/#website\",\"url\":\"https:\\\/\\\/cambrabcn.org\\\/en\\\/\",\"name\":\"Cambra de Comer\u00e7 de Barcelona\",\"description\":\"La Cambra de Tothom\",\"publisher\":{\"@id\":\"https:\\\/\\\/cambrabcn.org\\\/en\\\/#organization\"},\"alternateName\":\"Cambra Oficial de Comer\u00e7, Ind\u00fastria, Serveis i Navegaci\u00f3 de Barcelona\",\"potentialAction\":[{\"@type\":\"SearchAction\",\"target\":{\"@type\":\"EntryPoint\",\"urlTemplate\":\"https:\\\/\\\/cambrabcn.org\\\/en\\\/?s={search_term_string}\"},\"query-input\":{\"@type\":\"PropertyValueSpecification\",\"valueRequired\":true,\"valueName\":\"search_term_string\"}}],\"inLanguage\":\"en-US\"},{\"@type\":\"Organization\",\"@id\":\"https:\\\/\\\/cambrabcn.org\\\/en\\\/#organization\",\"name\":\"Cambra de Comer\u00e7 de Barcelona\",\"alternateName\":\"Cambra Oficial de Comer\u00e7, Ind\u00fastria, Serveis i Navegaci\u00f3 de Barcelona\",\"url\":\"https:\\\/\\\/cambrabcn.org\\\/en\\\/\",\"logo\":{\"@type\":\"ImageObject\",\"inLanguage\":\"en-US\",\"@id\":\"https:\\\/\\\/cambrabcn.org\\\/en\\\/#\\\/schema\\\/logo\\\/image\\\/\",\"url\":\"https:\\\/\\\/cambrabcn.org\\\/wp-content\\\/uploads\\\/2023\\\/11\\\/logo-cambra-300x77-1.png\",\"contentUrl\":\"https:\\\/\\\/cambrabcn.org\\\/wp-content\\\/uploads\\\/2023\\\/11\\\/logo-cambra-300x77-1.png\",\"width\":300,\"height\":77,\"caption\":\"Cambra de Comer\u00e7 de Barcelona\"},\"image\":{\"@id\":\"https:\\\/\\\/cambrabcn.org\\\/en\\\/#\\\/schema\\\/logo\\\/image\\\/\"},\"sameAs\":[\"https:\\\/\\\/x.com\\\/cambrabcn\",\"https:\\\/\\\/www.instagram.com\\\/cambrabcn\\\/\",\"https:\\\/\\\/www.linkedin.com\\\/school\\\/cambrabcn\",\"https:\\\/\\\/www.youtube.com\\\/user\\\/PressCambrabcn\",\"https:\\\/\\\/ca.wikipedia.org\\\/wiki\\\/Cambra_Oficial_de_Comer\u00e7,_Ind\u00fastria_i_Navegaci\u00f3_de_Barcelona\",\"http:\\\/\\\/viaf.org\\\/viaf\\\/124017095\"],\"description\":\"La Cambra Oficial de Comer\u00e7, Ind\u00fastria, Serveis i Navegaci\u00f3 de Barcelona \u00e9s una corporaci\u00f3 de dret p\u00fablic que presta serveis a les empreses, contribuint a la regeneraci\u00f3 del teixit econ\u00f2mic i la creaci\u00f3 d\u2019ocupaci\u00f3.\",\"email\":\"cambra@cambrabcn.cat\",\"telephone\":\"+34 93 416 93 00\",\"legalName\":\"La Cambra Oficial de Comer\u00e7, Ind\u00fastria, Serveis i Navegaci\u00f3 de Barcelona\",\"foundingDate\":\"1886-01-01\",\"vatID\":\"Q0873001B\",\"taxID\":\"Q0873001B\",\"naics\":\"813910\"}]}<\/script>\n<!-- \/ Yoast SEO Premium plugin. -->","yoast_head_json":{"title":"Governing Bodies | Cambra de Comer\u00e7 de Barcelona","robots":{"index":"index","follow":"follow","max-snippet":"max-snippet:-1","max-image-preview":"max-image-preview:large","max-video-preview":"max-video-preview:-1"},"canonical":"https:\/\/cambrabcn.org\/en\/about-cambra\/the-institution\/governing-bodies\/","og_locale":"en_US","og_type":"article","og_title":"Governing Bodies","og_description":"La Cambra de Barcelona \u00e9s una corporaci\u00f3 amb\u00a0estructura i funcionament democr\u00e0tic.Els \u00f2rgans de govern de la Cambra integren el\u00a0Ple, el\u00a0Comit\u00e8 Executiu\u00a0i el\u00a0President\u00a0o Presidenta.\u00a0El procediment i el r\u00e8gim electoral de Cambra parteix del principi de garantia\u00a0del dret dels electors i electores a escollir lliurement\u00a0els seus representants per tal de formar la representativitat dels interessos generals i la\u00a0plenitud subjectiva\u00a0que caracteritzen les cambres.","og_url":"https:\/\/cambrabcn.org\/en\/about-cambra\/the-institution\/governing-bodies\/","og_site_name":"Cambra de Comer\u00e7 de Barcelona","article_modified_time":"2024-10-21T06:56:30+00:00","og_image":[{"width":1200,"height":273,"url":"https:\/\/cambrabcn.org\/wp-content\/uploads\/2024\/09\/cambra_organs-de-govern_slider.jpg","type":"image\/jpeg"}],"twitter_card":"summary_large_image","twitter_site":"@cambrabcn","twitter_misc":{"Est. reading time":"3 minutes"},"schema":{"@context":"https:\/\/schema.org","@graph":[{"@type":"WebPage","@id":"https:\/\/cambrabcn.org\/en\/about-cambra\/the-institution\/governing-bodies\/","url":"https:\/\/cambrabcn.org\/en\/about-cambra\/the-institution\/governing-bodies\/","name":"Governing Bodies | Cambra de Comer\u00e7 de Barcelona","isPartOf":{"@id":"https:\/\/cambrabcn.org\/en\/#website"},"primaryImageOfPage":{"@id":"https:\/\/cambrabcn.org\/en\/about-cambra\/the-institution\/governing-bodies\/#primaryimage"},"image":{"@id":"https:\/\/cambrabcn.org\/en\/about-cambra\/the-institution\/governing-bodies\/#primaryimage"},"thumbnailUrl":"https:\/\/cambrabcn.org\/wp-content\/uploads\/2024\/09\/cambra_organs-de-govern_slider.jpg","datePublished":"2024-02-01T10:00:00+00:00","dateModified":"2024-10-21T06:56:30+00:00","breadcrumb":{"@id":"https:\/\/cambrabcn.org\/en\/about-cambra\/the-institution\/governing-bodies\/#breadcrumb"},"inLanguage":"en-US","potentialAction":[{"@type":"ReadAction","target":["https:\/\/cambrabcn.org\/en\/about-cambra\/the-institution\/governing-bodies\/"]}]},{"@type":"ImageObject","inLanguage":"en-US","@id":"https:\/\/cambrabcn.org\/en\/about-cambra\/the-institution\/governing-bodies\/#primaryimage","url":"https:\/\/cambrabcn.org\/wp-content\/uploads\/2024\/09\/cambra_organs-de-govern_slider.jpg","contentUrl":"https:\/\/cambrabcn.org\/wp-content\/uploads\/2024\/09\/cambra_organs-de-govern_slider.jpg","width":1200,"height":273},{"@type":"BreadcrumbList","@id":"https:\/\/cambrabcn.org\/en\/about-cambra\/the-institution\/governing-bodies\/#breadcrumb","itemListElement":[{"@type":"ListItem","position":1,"name":"Home","item":"https:\/\/cambrabcn.org\/en\/"},{"@type":"ListItem","position":2,"name":"About Cambra","item":"https:\/\/cambrabcn.org\/en\/about-cambra\/"},{"@type":"ListItem","position":3,"name":"The Institution","item":"https:\/\/cambrabcn.org\/en\/about-cambra\/the-institution\/"},{"@type":"ListItem","position":4,"name":"Governing Bodies"}]},{"@type":"WebSite","@id":"https:\/\/cambrabcn.org\/en\/#website","url":"https:\/\/cambrabcn.org\/en\/","name":"Cambra de Comer\u00e7 de Barcelona","description":"La Cambra de Tothom","publisher":{"@id":"https:\/\/cambrabcn.org\/en\/#organization"},"alternateName":"Cambra Oficial de Comer\u00e7, Ind\u00fastria, Serveis i Navegaci\u00f3 de Barcelona","potentialAction":[{"@type":"SearchAction","target":{"@type":"EntryPoint","urlTemplate":"https:\/\/cambrabcn.org\/en\/?s={search_term_string}"},"query-input":{"@type":"PropertyValueSpecification","valueRequired":true,"valueName":"search_term_string"}}],"inLanguage":"en-US"},{"@type":"Organization","@id":"https:\/\/cambrabcn.org\/en\/#organization","name":"Cambra de Comer\u00e7 de Barcelona","alternateName":"Cambra Oficial de Comer\u00e7, Ind\u00fastria, Serveis i Navegaci\u00f3 de Barcelona","url":"https:\/\/cambrabcn.org\/en\/","logo":{"@type":"ImageObject","inLanguage":"en-US","@id":"https:\/\/cambrabcn.org\/en\/#\/schema\/logo\/image\/","url":"https:\/\/cambrabcn.org\/wp-content\/uploads\/2023\/11\/logo-cambra-300x77-1.png","contentUrl":"https:\/\/cambrabcn.org\/wp-content\/uploads\/2023\/11\/logo-cambra-300x77-1.png","width":300,"height":77,"caption":"Cambra de Comer\u00e7 de Barcelona"},"image":{"@id":"https:\/\/cambrabcn.org\/en\/#\/schema\/logo\/image\/"},"sameAs":["https:\/\/x.com\/cambrabcn","https:\/\/www.instagram.com\/cambrabcn\/","https:\/\/www.linkedin.com\/school\/cambrabcn","https:\/\/www.youtube.com\/user\/PressCambrabcn","https:\/\/ca.wikipedia.org\/wiki\/Cambra_Oficial_de_Comer\u00e7,_Ind\u00fastria_i_Navegaci\u00f3_de_Barcelona","http:\/\/viaf.org\/viaf\/124017095"],"description":"La Cambra Oficial de Comer\u00e7, Ind\u00fastria, Serveis i Navegaci\u00f3 de Barcelona \u00e9s una corporaci\u00f3 de dret p\u00fablic que presta serveis a les empreses, contribuint a la regeneraci\u00f3 del teixit econ\u00f2mic i la creaci\u00f3 d\u2019ocupaci\u00f3.","email":"cambra@cambrabcn.cat","telephone":"+34 93 416 93 00","legalName":"La Cambra Oficial de Comer\u00e7, Ind\u00fastria, Serveis i Navegaci\u00f3 de Barcelona","foundingDate":"1886-01-01","vatID":"Q0873001B","taxID":"Q0873001B","naics":"813910"}]}},"mfb_rest_fields":["pp_statuses_selecting_workflow","pp_workflow_action","pp_status_selection","yoast_head","yoast_head_json"],"_links":{"self":[{"href":"https:\/\/cambrabcn.org\/en\/wp-json\/wp\/v2\/pages\/1461","targetHints":{"allow":["GET"]}}],"collection":[{"href":"https:\/\/cambrabcn.org\/en\/wp-json\/wp\/v2\/pages"}],"about":[{"href":"https:\/\/cambrabcn.org\/en\/wp-json\/wp\/v2\/types\/page"}],"author":[{"embeddable":true,"href":"https:\/\/cambrabcn.org\/en\/wp-json\/wp\/v2\/users\/2"}],"replies":[{"embeddable":true,"href":"https:\/\/cambrabcn.org\/en\/wp-json\/wp\/v2\/comments?post=1461"}],"version-history":[{"count":15,"href":"https:\/\/cambrabcn.org\/en\/wp-json\/wp\/v2\/pages\/1461\/revisions"}],"predecessor-version":[{"id":69728,"href":"https:\/\/cambrabcn.org\/en\/wp-json\/wp\/v2\/pages\/1461\/revisions\/69728"}],"up":[{"embeddable":true,"href":"https:\/\/cambrabcn.org\/en\/wp-json\/wp\/v2\/pages\/1431"}],"wp:featuredmedia":[{"embeddable":true,"href":"https:\/\/cambrabcn.org\/en\/wp-json\/wp\/v2\/media\/65897"}],"wp:attachment":[{"href":"https:\/\/cambrabcn.org\/en\/wp-json\/wp\/v2\/media?parent=1461"}],"curies":[{"name":"wp","href":"https:\/\/api.w.org\/{rel}","templated":true}]}}