{"id":1459,"date":"2024-02-01T12:00:00","date_gmt":"2024-02-01T10:00:00","guid":{"rendered":"https:\/\/cambrabcn.org\/sobre-cambra\/la-institucio\/linies-estrategiques\/"},"modified":"2024-03-19T22:19:30","modified_gmt":"2024-03-19T20:19:30","slug":"linies-estrategiques","status":"publish","type":"page","link":"https:\/\/cambrabcn.org\/en\/about-cambra\/the-institution\/linies-estrategiques\/","title":{"rendered":"L\u00ednies estrat\u00e8giques"},"content":{"rendered":"\n<div class=\"wp-block-group cambra-page-about-us-single is-layout-constrained wp-container-core-group-is-layout-e9b1e06a wp-block-group-is-layout-constrained\">\n<div style=\"height:2.5rem\" aria-hidden=\"true\" class=\"wp-block-spacer hide-mobile\"><\/div>\n\n\n\n<div class=\"wp-block-group is-layout-constrained wp-container-core-group-is-layout-6b712b1a wp-block-group-is-layout-constrained\"><div class=\"wp-block-cambra-custom-blocks-cambra-breadcrumbs\"><nav role=\"navigation\" aria-label=\"Breadcrumb\" class=\"breadcrumb\"><ol class=\"breadcrumb-items\"><li class=\"breadcrumb-item breadcrumb-item--current breadcrumb-item--home\"><span class=\"breadcrumb-item-name\">Home<\/span><\/li><\/ol><\/nav><\/div><\/div>\n\n\n\n<div style=\"height:2.5rem\" aria-hidden=\"true\" class=\"wp-block-spacer hide-mobile\"><\/div>\n\n\n\n<div class=\"wp-block-group main-content is-layout-constrained wp-container-core-group-is-layout-6b712b1a wp-block-group-is-layout-constrained\"><figure class=\"aligncenter wp-block-post-featured-image\"><img loading=\"lazy\" decoding=\"async\" width=\"1210\" height=\"283\" src=\"https:\/\/cambrabcn.org\/wp-content\/uploads\/2023\/11\/fondo.webp\" class=\"attachment-post-thumbnail size-post-thumbnail wp-post-image\" alt=\"\" style=\"object-fit:cover;\" srcset=\"https:\/\/cambrabcn.org\/wp-content\/uploads\/2023\/11\/fondo.webp 1210w, https:\/\/cambrabcn.org\/wp-content\/uploads\/2023\/11\/fondo-300x70.webp 300w, https:\/\/cambrabcn.org\/wp-content\/uploads\/2023\/11\/fondo-1024x239.webp 1024w, https:\/\/cambrabcn.org\/wp-content\/uploads\/2023\/11\/fondo-768x180.webp 768w, https:\/\/cambrabcn.org\/wp-content\/uploads\/2023\/11\/fondo-600x140.webp 600w\" sizes=\"auto, (max-width: 1210px) 100vw, 1210px\" \/><\/figure>\n\n\n<div class=\"wp-block-group cambra-bottom-line is-layout-constrained wp-container-core-group-is-layout-7fca5b48 wp-block-group-is-layout-constrained\"><h1 class=\"heading-1 wp-block-post-title\">L\u00ednies estrat\u00e8giques<\/h1>\n\n<div class=\"wp-block-post-excerpt has-text-color has-secondary-neutral-black-color\"><p class=\"wp-block-post-excerpt__excerpt\">Precedents a l&#8217;Edat Mitjana Lorem ipsum dolor sit amet, consectetur adipiscing elit. Pellentesque a gravida ex, et consequat dui. Aenean ullamcorper, metus sed aliquet porta, quam odio rutrum purus, non suscipit dui ante at lorem. Aliquam placerat fermentum erat at malesuada. Integer rhoncus efficitur gravida. Curabitur ut eleifend nunc. Fusce vestibulum felis sit amet sem&hellip; <\/p><\/div><\/div>\n<\/div>\n\n\n\n<div style=\"height:3.75rem\" aria-hidden=\"true\" class=\"wp-block-spacer\"><\/div>\n\n\n\n<div class=\"wp-block-group has-secondary-neutral-black-color has-text-color is-layout-constrained wp-container-core-group-is-layout-6b712b1a wp-block-group-is-layout-constrained\">\n<div class=\"wp-block-group is-layout-constrained wp-container-core-group-is-layout-7fca5b48 wp-block-group-is-layout-constrained\">\n<h3 class=\"wp-block-heading heading-3 has-secondary-light-black-color has-text-color\">Precedents a l&#8217;Edat Mitjana<\/h3>\n\n\n\n<p>Lorem ipsum dolor sit amet, consectetur adipiscing elit. Pellentesque a gravida ex, et consequat dui. Aenean ullamcorper, metus sed aliquet porta, quam odio rutrum purus, non suscipit dui ante at lorem. Aliquam placerat fermentum erat at malesuada. Integer rhoncus efficitur gravida. Curabitur ut eleifend nunc. Fusce vestibulum felis sit amet sem sollicitudin efficitur. Phasellus finibus vel enim quis fringilla. Donec eget odio vel elit accumsan commodo. Nulla viverra augue vel massa porttitor dignissim. Cras ut blandit libero. Sed sagittis consectetur volutpat. Orci varius natoque penatibus etcucucuculus mus. Morbi tincidunt risus in quam tempor, ac ullamcorper dui sodales. Sed in ligula facilisis, sodales lectus bibendum, mattis odio. Sed velit augue, faucibus in efficitur ac, facilisis id nunc.<\/p>\n<\/div>\n\n\n\n<div class=\"wp-block-group is-layout-constrained wp-container-core-group-is-layout-7fca5b48 wp-block-group-is-layout-constrained\">\n<h3 class=\"wp-block-heading heading-3 has-secondary-light-black-color has-text-color\">130 anys a la vida econ\u00f2mica<\/h3>\n\n\n\n<p>Lorem ipsum dolor sit amet, consectetur adipiscing elit. Pellentesque a gravida ex, et consequat dui. Aenean ullamcorper, metus sed aliquet porta, quam odio rutrum purus, non suscipit dui ante at lorem. Aliquam placerat fermentum erat at malesuada. Integer rhoncus efficitur gravida. Curabitur ut eleifend nunc. Fusce vestibulum         felis sit amet sem sollicitudin efficitur. Phasellus finibus vel enim quis fringilla. Donec eget odio vel elit accumsan commodo. Nulla viverra augue vel massa porttitor dignissim. Cras ut blandit libero. Sed sagittis consectetur volutpat. Orci varius natoque penatibus etcucucuculus mus. Morbi tincidunt risus in quam tempor, ac         ullamcorper dui sodales. Sed in ligula facilisis, sodales lectus bibendum, mattis odio. Sed velit augue, faucibus in efficitur ac, facilisis id nunc.<\/p>\n<\/div>\n\n\n\n<div class=\"wp-block-group is-layout-constrained wp-container-core-group-is-layout-7fca5b48 wp-block-group-is-layout-constrained\">\n<h3 class=\"wp-block-heading heading-3 has-secondary-light-black-color has-text-color\">Seu corporativa a Casa Llotja de Mar<\/h3>\n\n\n\n<p>Lorem ipsum dolor sit amet, consectetur adipiscing elit. Pellentesque a gravida ex, et consequat dui. Aenean ullamcorper, metus sed aliquet porta, quam odio rutrum purus, non suscipit dui ante at lorem. Aliquam placerat fermentum erat at malesuada. Integer rhoncus efficitur gravida. Curabitur ut eleifend nunc. Fusce vestibulum felis sit amet sem sollicitudin efficitur. Phasellus finibus vel enim quis fringilla. Donec eget odio vel elit accumsan commodo. Nulla viverra augue vel massa porttitor dignissim. Cras ut blandit libero. Sed sagittis consectetur volutpat. Orci varius natoque penatibus etcucucuculus mus. Morbi tincidunt risus in quam tempor, ac ullamcorper dui sodales. Sed in ligula facilisis, sodales lectus bibendum, mattis odio. Sed velit augue, faucibus in efficitur ac, facilisis id nunc.<\/p>\n<\/div>\n\n\n\n<div class=\"wp-block-group is-layout-constrained wp-container-core-group-is-layout-7fca5b48 wp-block-group-is-layout-constrained\">\n<h3 class=\"wp-block-heading heading-3 has-secondary-light-black-color has-text-color\">Fons documental<\/h3>\n\n\n\n<p>Lorem ipsum dolor sit amet, consectetur adipiscing elit. Pellentesque a gravida ex, et consequat dui. Aenean ullamcorper, metus sed aliquet porta, quam odio rutrum purus, non suscipit dui ante at lorem. Aliquam placerat fermentum erat at malesuada. Integer rhoncus efficitur gravida. Curabitur ut eleifend nunc. Fusce vestibulum felis sit amet sem sollicitudin efficitur. Phasellus finibus vel enim quis fringilla. Donec eget odio vel elit accumsan commodo. Nulla viverra augue vel massa porttitor dignissim. Cras ut blandit libero. Sed sagittis consectetur volutpat. Orci varius natoque penatibus etcucucuculus mus. Morbi tincidunt risus in quam tempor, ac ullamcorper dui sodales. Sed in ligula facilisis, sodales lectus bibendum, mattis odio. Sed velit augue, faucibus in efficitur ac, facilisis id nunc.<\/p>\n<\/div>\n<\/div>\n\n\n\n<div style=\"height:3rem\" aria-hidden=\"true\" class=\"wp-block-spacer hide-mobile\"><\/div>\n<\/div>\n","protected":false},"excerpt":{"rendered":"<p>Precedents a l&#8217;Edat Mitjana Lorem ipsum dolor sit amet, consectetur adipiscing elit. Pellentesque a gravida ex, et consequat dui. Aenean ullamcorper, metus sed aliquet porta, quam odio rutrum purus, non suscipit dui ante at lorem. Aliquam placerat fermentum erat at malesuada. Integer rhoncus efficitur gravida. Curabitur ut eleifend nunc. Fusce vestibulum felis sit amet sem [&hellip;]<\/p>\n","protected":false},"author":2,"featured_media":1441,"parent":1431,"menu_order":0,"comment_status":"closed","ping_status":"closed","template":"","meta":{"_acf_changed":false,"inline_featured_image":false,"ep_exclude_from_search":false,"footnotes":""},"class_list":["post-1459","page","type-page","status-publish","has-post-thumbnail","hentry"],"pp_statuses_selecting_workflow":false,"pp_workflow_action":"current","pp_status_selection":"publish","acf":[],"yoast_head":"<!-- This site is optimized with the Yoast SEO Premium plugin v27.1 (Yoast SEO v27.4) - https:\/\/yoast.com\/product\/yoast-seo-premium-wordpress\/ -->\n<title>L\u00ednies estrat\u00e8giques | Cambra de Comer\u00e7 de Barcelona<\/title>\n<meta name=\"robots\" content=\"index, follow, max-snippet:-1, max-image-preview:large, max-video-preview:-1\" \/>\n<link rel=\"canonical\" href=\"https:\/\/cambrabcn.org\/en\/about-cambra\/the-institution\/linies-estrategiques\/\" \/>\n<meta property=\"og:locale\" content=\"en_US\" \/>\n<meta property=\"og:type\" content=\"article\" \/>\n<meta property=\"og:title\" content=\"L\u00ednies estrat\u00e8giques\" \/>\n<meta property=\"og:description\" content=\"Precedents a l&#8217;Edat Mitjana Lorem ipsum dolor sit amet, consectetur adipiscing elit. Pellentesque a gravida ex, et consequat dui. Aenean ullamcorper, metus sed aliquet porta, quam odio rutrum purus, non suscipit dui ante at lorem. Aliquam placerat fermentum erat at malesuada. Integer rhoncus efficitur gravida. Curabitur ut eleifend nunc. Fusce vestibulum felis sit amet sem [&hellip;]\" \/>\n<meta property=\"og:url\" content=\"https:\/\/cambrabcn.org\/en\/about-cambra\/the-institution\/linies-estrategiques\/\" \/>\n<meta property=\"og:site_name\" content=\"Cambra de Comer\u00e7 de Barcelona\" \/>\n<meta property=\"article:modified_time\" content=\"2024-03-19T20:19:30+00:00\" \/>\n<meta property=\"og:image\" content=\"https:\/\/cambrabcn.org\/wp-content\/uploads\/2023\/11\/fondo.webp\" \/>\n\t<meta property=\"og:image:width\" content=\"1210\" \/>\n\t<meta property=\"og:image:height\" content=\"283\" \/>\n\t<meta property=\"og:image:type\" content=\"image\/webp\" \/>\n<meta name=\"twitter:card\" content=\"summary_large_image\" \/>\n<meta name=\"twitter:site\" content=\"@cambrabcn\" \/>\n<meta name=\"twitter:label1\" content=\"Est. reading time\" \/>\n\t<meta name=\"twitter:data1\" content=\"3 minutes\" \/>\n<script type=\"application\/ld+json\" class=\"yoast-schema-graph\">{\"@context\":\"https:\\\/\\\/schema.org\",\"@graph\":[{\"@type\":\"WebPage\",\"@id\":\"https:\\\/\\\/cambrabcn.org\\\/en\\\/about-cambra\\\/the-institution\\\/linies-estrategiques\\\/\",\"url\":\"https:\\\/\\\/cambrabcn.org\\\/en\\\/about-cambra\\\/the-institution\\\/linies-estrategiques\\\/\",\"name\":\"L\u00ednies estrat\u00e8giques | Cambra de Comer\u00e7 de Barcelona\",\"isPartOf\":{\"@id\":\"https:\\\/\\\/cambrabcn.org\\\/en\\\/#website\"},\"primaryImageOfPage\":{\"@id\":\"https:\\\/\\\/cambrabcn.org\\\/en\\\/about-cambra\\\/the-institution\\\/linies-estrategiques\\\/#primaryimage\"},\"image\":{\"@id\":\"https:\\\/\\\/cambrabcn.org\\\/en\\\/about-cambra\\\/the-institution\\\/linies-estrategiques\\\/#primaryimage\"},\"thumbnailUrl\":\"https:\\\/\\\/cambrabcn.org\\\/wp-content\\\/uploads\\\/2023\\\/11\\\/fondo.webp\",\"datePublished\":\"2024-02-01T10:00:00+00:00\",\"dateModified\":\"2024-03-19T20:19:30+00:00\",\"breadcrumb\":{\"@id\":\"https:\\\/\\\/cambrabcn.org\\\/en\\\/about-cambra\\\/the-institution\\\/linies-estrategiques\\\/#breadcrumb\"},\"inLanguage\":\"en-US\",\"potentialAction\":[{\"@type\":\"ReadAction\",\"target\":[\"https:\\\/\\\/cambrabcn.org\\\/en\\\/about-cambra\\\/the-institution\\\/linies-estrategiques\\\/\"]}]},{\"@type\":\"ImageObject\",\"inLanguage\":\"en-US\",\"@id\":\"https:\\\/\\\/cambrabcn.org\\\/en\\\/about-cambra\\\/the-institution\\\/linies-estrategiques\\\/#primaryimage\",\"url\":\"https:\\\/\\\/cambrabcn.org\\\/wp-content\\\/uploads\\\/2023\\\/11\\\/fondo.webp\",\"contentUrl\":\"https:\\\/\\\/cambrabcn.org\\\/wp-content\\\/uploads\\\/2023\\\/11\\\/fondo.webp\",\"width\":1210,\"height\":283},{\"@type\":\"BreadcrumbList\",\"@id\":\"https:\\\/\\\/cambrabcn.org\\\/en\\\/about-cambra\\\/the-institution\\\/linies-estrategiques\\\/#breadcrumb\",\"itemListElement\":[{\"@type\":\"ListItem\",\"position\":1,\"name\":\"Home\",\"item\":\"https:\\\/\\\/cambrabcn.org\\\/en\\\/\"},{\"@type\":\"ListItem\",\"position\":2,\"name\":\"About Cambra\",\"item\":\"https:\\\/\\\/cambrabcn.org\\\/en\\\/about-cambra\\\/\"},{\"@type\":\"ListItem\",\"position\":3,\"name\":\"The Institution\",\"item\":\"https:\\\/\\\/cambrabcn.org\\\/en\\\/about-cambra\\\/the-institution\\\/\"},{\"@type\":\"ListItem\",\"position\":4,\"name\":\"L\u00ednies estrat\u00e8giques\"}]},{\"@type\":\"WebSite\",\"@id\":\"https:\\\/\\\/cambrabcn.org\\\/en\\\/#website\",\"url\":\"https:\\\/\\\/cambrabcn.org\\\/en\\\/\",\"name\":\"Cambra de Comer\u00e7 de Barcelona\",\"description\":\"La Cambra de Tothom\",\"publisher\":{\"@id\":\"https:\\\/\\\/cambrabcn.org\\\/en\\\/#organization\"},\"alternateName\":\"Cambra Oficial de Comer\u00e7, Ind\u00fastria, Serveis i Navegaci\u00f3 de Barcelona\",\"potentialAction\":[{\"@type\":\"SearchAction\",\"target\":{\"@type\":\"EntryPoint\",\"urlTemplate\":\"https:\\\/\\\/cambrabcn.org\\\/en\\\/?s={search_term_string}\"},\"query-input\":{\"@type\":\"PropertyValueSpecification\",\"valueRequired\":true,\"valueName\":\"search_term_string\"}}],\"inLanguage\":\"en-US\"},{\"@type\":\"Organization\",\"@id\":\"https:\\\/\\\/cambrabcn.org\\\/en\\\/#organization\",\"name\":\"Cambra de Comer\u00e7 de Barcelona\",\"alternateName\":\"Cambra Oficial de Comer\u00e7, Ind\u00fastria, Serveis i Navegaci\u00f3 de Barcelona\",\"url\":\"https:\\\/\\\/cambrabcn.org\\\/en\\\/\",\"logo\":{\"@type\":\"ImageObject\",\"inLanguage\":\"en-US\",\"@id\":\"https:\\\/\\\/cambrabcn.org\\\/en\\\/#\\\/schema\\\/logo\\\/image\\\/\",\"url\":\"https:\\\/\\\/cambrabcn.org\\\/wp-content\\\/uploads\\\/2023\\\/11\\\/logo-cambra-300x77-1.png\",\"contentUrl\":\"https:\\\/\\\/cambrabcn.org\\\/wp-content\\\/uploads\\\/2023\\\/11\\\/logo-cambra-300x77-1.png\",\"width\":300,\"height\":77,\"caption\":\"Cambra de Comer\u00e7 de Barcelona\"},\"image\":{\"@id\":\"https:\\\/\\\/cambrabcn.org\\\/en\\\/#\\\/schema\\\/logo\\\/image\\\/\"},\"sameAs\":[\"https:\\\/\\\/x.com\\\/cambrabcn\",\"https:\\\/\\\/www.instagram.com\\\/cambrabcn\\\/\",\"https:\\\/\\\/www.linkedin.com\\\/school\\\/cambrabcn\",\"https:\\\/\\\/www.youtube.com\\\/user\\\/PressCambrabcn\",\"https:\\\/\\\/ca.wikipedia.org\\\/wiki\\\/Cambra_Oficial_de_Comer\u00e7,_Ind\u00fastria_i_Navegaci\u00f3_de_Barcelona\",\"http:\\\/\\\/viaf.org\\\/viaf\\\/124017095\"],\"description\":\"La Cambra Oficial de Comer\u00e7, Ind\u00fastria, Serveis i Navegaci\u00f3 de Barcelona \u00e9s una corporaci\u00f3 de dret p\u00fablic que presta serveis a les empreses, contribuint a la regeneraci\u00f3 del teixit econ\u00f2mic i la creaci\u00f3 d\u2019ocupaci\u00f3.\",\"email\":\"cambra@cambrabcn.cat\",\"telephone\":\"+34 93 416 93 00\",\"legalName\":\"La Cambra Oficial de Comer\u00e7, Ind\u00fastria, Serveis i Navegaci\u00f3 de Barcelona\",\"foundingDate\":\"1886-01-01\",\"vatID\":\"Q0873001B\",\"taxID\":\"Q0873001B\",\"naics\":\"813910\"}]}<\/script>\n<!-- \/ Yoast SEO Premium plugin. -->","yoast_head_json":{"title":"L\u00ednies estrat\u00e8giques | Cambra de Comer\u00e7 de Barcelona","robots":{"index":"index","follow":"follow","max-snippet":"max-snippet:-1","max-image-preview":"max-image-preview:large","max-video-preview":"max-video-preview:-1"},"canonical":"https:\/\/cambrabcn.org\/en\/about-cambra\/the-institution\/linies-estrategiques\/","og_locale":"en_US","og_type":"article","og_title":"L\u00ednies estrat\u00e8giques","og_description":"Precedents a l&#8217;Edat Mitjana Lorem ipsum dolor sit amet, consectetur adipiscing elit. Pellentesque a gravida ex, et consequat dui. Aenean ullamcorper, metus sed aliquet porta, quam odio rutrum purus, non suscipit dui ante at lorem. Aliquam placerat fermentum erat at malesuada. Integer rhoncus efficitur gravida. Curabitur ut eleifend nunc. Fusce vestibulum felis sit amet sem [&hellip;]","og_url":"https:\/\/cambrabcn.org\/en\/about-cambra\/the-institution\/linies-estrategiques\/","og_site_name":"Cambra de Comer\u00e7 de Barcelona","article_modified_time":"2024-03-19T20:19:30+00:00","og_image":[{"width":1210,"height":283,"url":"https:\/\/cambrabcn.org\/wp-content\/uploads\/2023\/11\/fondo.webp","type":"image\/webp"}],"twitter_card":"summary_large_image","twitter_site":"@cambrabcn","twitter_misc":{"Est. reading time":"3 minutes"},"schema":{"@context":"https:\/\/schema.org","@graph":[{"@type":"WebPage","@id":"https:\/\/cambrabcn.org\/en\/about-cambra\/the-institution\/linies-estrategiques\/","url":"https:\/\/cambrabcn.org\/en\/about-cambra\/the-institution\/linies-estrategiques\/","name":"L\u00ednies estrat\u00e8giques | Cambra de Comer\u00e7 de Barcelona","isPartOf":{"@id":"https:\/\/cambrabcn.org\/en\/#website"},"primaryImageOfPage":{"@id":"https:\/\/cambrabcn.org\/en\/about-cambra\/the-institution\/linies-estrategiques\/#primaryimage"},"image":{"@id":"https:\/\/cambrabcn.org\/en\/about-cambra\/the-institution\/linies-estrategiques\/#primaryimage"},"thumbnailUrl":"https:\/\/cambrabcn.org\/wp-content\/uploads\/2023\/11\/fondo.webp","datePublished":"2024-02-01T10:00:00+00:00","dateModified":"2024-03-19T20:19:30+00:00","breadcrumb":{"@id":"https:\/\/cambrabcn.org\/en\/about-cambra\/the-institution\/linies-estrategiques\/#breadcrumb"},"inLanguage":"en-US","potentialAction":[{"@type":"ReadAction","target":["https:\/\/cambrabcn.org\/en\/about-cambra\/the-institution\/linies-estrategiques\/"]}]},{"@type":"ImageObject","inLanguage":"en-US","@id":"https:\/\/cambrabcn.org\/en\/about-cambra\/the-institution\/linies-estrategiques\/#primaryimage","url":"https:\/\/cambrabcn.org\/wp-content\/uploads\/2023\/11\/fondo.webp","contentUrl":"https:\/\/cambrabcn.org\/wp-content\/uploads\/2023\/11\/fondo.webp","width":1210,"height":283},{"@type":"BreadcrumbList","@id":"https:\/\/cambrabcn.org\/en\/about-cambra\/the-institution\/linies-estrategiques\/#breadcrumb","itemListElement":[{"@type":"ListItem","position":1,"name":"Home","item":"https:\/\/cambrabcn.org\/en\/"},{"@type":"ListItem","position":2,"name":"About Cambra","item":"https:\/\/cambrabcn.org\/en\/about-cambra\/"},{"@type":"ListItem","position":3,"name":"The Institution","item":"https:\/\/cambrabcn.org\/en\/about-cambra\/the-institution\/"},{"@type":"ListItem","position":4,"name":"L\u00ednies estrat\u00e8giques"}]},{"@type":"WebSite","@id":"https:\/\/cambrabcn.org\/en\/#website","url":"https:\/\/cambrabcn.org\/en\/","name":"Cambra de Comer\u00e7 de Barcelona","description":"La Cambra de Tothom","publisher":{"@id":"https:\/\/cambrabcn.org\/en\/#organization"},"alternateName":"Cambra Oficial de Comer\u00e7, Ind\u00fastria, Serveis i Navegaci\u00f3 de Barcelona","potentialAction":[{"@type":"SearchAction","target":{"@type":"EntryPoint","urlTemplate":"https:\/\/cambrabcn.org\/en\/?s={search_term_string}"},"query-input":{"@type":"PropertyValueSpecification","valueRequired":true,"valueName":"search_term_string"}}],"inLanguage":"en-US"},{"@type":"Organization","@id":"https:\/\/cambrabcn.org\/en\/#organization","name":"Cambra de Comer\u00e7 de Barcelona","alternateName":"Cambra Oficial de Comer\u00e7, Ind\u00fastria, Serveis i Navegaci\u00f3 de Barcelona","url":"https:\/\/cambrabcn.org\/en\/","logo":{"@type":"ImageObject","inLanguage":"en-US","@id":"https:\/\/cambrabcn.org\/en\/#\/schema\/logo\/image\/","url":"https:\/\/cambrabcn.org\/wp-content\/uploads\/2023\/11\/logo-cambra-300x77-1.png","contentUrl":"https:\/\/cambrabcn.org\/wp-content\/uploads\/2023\/11\/logo-cambra-300x77-1.png","width":300,"height":77,"caption":"Cambra de Comer\u00e7 de Barcelona"},"image":{"@id":"https:\/\/cambrabcn.org\/en\/#\/schema\/logo\/image\/"},"sameAs":["https:\/\/x.com\/cambrabcn","https:\/\/www.instagram.com\/cambrabcn\/","https:\/\/www.linkedin.com\/school\/cambrabcn","https:\/\/www.youtube.com\/user\/PressCambrabcn","https:\/\/ca.wikipedia.org\/wiki\/Cambra_Oficial_de_Comer\u00e7,_Ind\u00fastria_i_Navegaci\u00f3_de_Barcelona","http:\/\/viaf.org\/viaf\/124017095"],"description":"La Cambra Oficial de Comer\u00e7, Ind\u00fastria, Serveis i Navegaci\u00f3 de Barcelona \u00e9s una corporaci\u00f3 de dret p\u00fablic que presta serveis a les empreses, contribuint a la regeneraci\u00f3 del teixit econ\u00f2mic i la creaci\u00f3 d\u2019ocupaci\u00f3.","email":"cambra@cambrabcn.cat","telephone":"+34 93 416 93 00","legalName":"La Cambra Oficial de Comer\u00e7, Ind\u00fastria, Serveis i Navegaci\u00f3 de Barcelona","foundingDate":"1886-01-01","vatID":"Q0873001B","taxID":"Q0873001B","naics":"813910"}]}},"mfb_rest_fields":["pp_statuses_selecting_workflow","pp_workflow_action","pp_status_selection","yoast_head","yoast_head_json"],"_links":{"self":[{"href":"https:\/\/cambrabcn.org\/en\/wp-json\/wp\/v2\/pages\/1459","targetHints":{"allow":["GET"]}}],"collection":[{"href":"https:\/\/cambrabcn.org\/en\/wp-json\/wp\/v2\/pages"}],"about":[{"href":"https:\/\/cambrabcn.org\/en\/wp-json\/wp\/v2\/types\/page"}],"author":[{"embeddable":true,"href":"https:\/\/cambrabcn.org\/en\/wp-json\/wp\/v2\/users\/2"}],"replies":[{"embeddable":true,"href":"https:\/\/cambrabcn.org\/en\/wp-json\/wp\/v2\/comments?post=1459"}],"version-history":[{"count":1,"href":"https:\/\/cambrabcn.org\/en\/wp-json\/wp\/v2\/pages\/1459\/revisions"}],"predecessor-version":[{"id":43291,"href":"https:\/\/cambrabcn.org\/en\/wp-json\/wp\/v2\/pages\/1459\/revisions\/43291"}],"up":[{"embeddable":true,"href":"https:\/\/cambrabcn.org\/en\/wp-json\/wp\/v2\/pages\/1431"}],"wp:featuredmedia":[{"embeddable":true,"href":"https:\/\/cambrabcn.org\/en\/wp-json\/wp\/v2\/media\/1441"}],"wp:attachment":[{"href":"https:\/\/cambrabcn.org\/en\/wp-json\/wp\/v2\/media?parent=1459"}],"curies":[{"name":"wp","href":"https:\/\/api.w.org\/{rel}","templated":true}]}}