{"id":1457,"date":"2024-02-01T12:00:00","date_gmt":"2024-02-01T10:00:00","guid":{"rendered":"https:\/\/cambrabcn.org\/sobre-cambra\/la-institucio\/missio-vissio-i-valors\/"},"modified":"2024-10-21T09:24:12","modified_gmt":"2024-10-21T07:24:12","slug":"mision-vision-and-values","status":"publish","type":"page","link":"https:\/\/cambrabcn.org\/en\/about-cambra\/the-institution\/mision-vision-and-values\/","title":{"rendered":"Mission, vision and values"},"content":{"rendered":"\n<div class=\"wp-block-group cambra-page-about-us-single is-layout-constrained wp-container-core-group-is-layout-e9b1e06a wp-block-group-is-layout-constrained\">\n<div style=\"height:2.5rem\" aria-hidden=\"true\" class=\"wp-block-spacer hide-mobile\"><\/div>\n\n\n\n<div class=\"wp-block-group is-layout-constrained wp-container-core-group-is-layout-6b712b1a wp-block-group-is-layout-constrained\"><div class=\"wp-block-cambra-custom-blocks-cambra-breadcrumbs\"><nav role=\"navigation\" aria-label=\"Breadcrumb\" class=\"breadcrumb\"><ol class=\"breadcrumb-items\"><li class=\"breadcrumb-item breadcrumb-item--current breadcrumb-item--home\"><span class=\"breadcrumb-item-name\">Home<\/span><\/li><\/ol><\/nav><\/div><\/div>\n\n\n\n<div style=\"height:2.5rem\" aria-hidden=\"true\" class=\"wp-block-spacer hide-mobile\"><\/div>\n\n\n\n<div class=\"wp-block-group main-content is-layout-constrained wp-container-core-group-is-layout-6b712b1a wp-block-group-is-layout-constrained\"><figure class=\"aligncenter wp-block-post-featured-image\"><img loading=\"lazy\" decoding=\"async\" width=\"1200\" height=\"273\" src=\"https:\/\/cambrabcn.org\/wp-content\/uploads\/2024\/03\/cambra_edifici-jpg.webp\" class=\"attachment-post-thumbnail size-post-thumbnail wp-post-image\" alt=\"\" style=\"object-fit:cover;\" srcset=\"https:\/\/cambrabcn.org\/wp-content\/uploads\/2024\/03\/cambra_edifici-jpg.webp 1200w, https:\/\/cambrabcn.org\/wp-content\/uploads\/2024\/03\/cambra_edifici-300x68.webp 300w, https:\/\/cambrabcn.org\/wp-content\/uploads\/2024\/03\/cambra_edifici-1024x233.webp 1024w, https:\/\/cambrabcn.org\/wp-content\/uploads\/2024\/03\/cambra_edifici-768x175.webp 768w, https:\/\/cambrabcn.org\/wp-content\/uploads\/2024\/03\/cambra_edifici-600x137.webp 600w\" sizes=\"auto, (max-width: 1200px) 100vw, 1200px\" \/><\/figure>\n\n\n<div class=\"wp-block-group cambra-bottom-line is-layout-constrained wp-container-core-group-is-layout-7fca5b48 wp-block-group-is-layout-constrained\"><h1 class=\"heading-1 wp-block-post-title\">Mission, vision and values<\/h1><\/div>\n<\/div>\n\n\n\n<div style=\"height:3.75rem\" aria-hidden=\"true\" class=\"wp-block-spacer\"><\/div>\n\n\n\n<div class=\"wp-block-group has-secondary-neutral-black-color has-text-color is-layout-constrained wp-container-core-group-is-layout-6b712b1a wp-block-group-is-layout-constrained\">\n<p class=\"has-cambra-fg-color has-text-color has-link-color wp-elements-3b7b6ca6d7b4b98eb479eb077a894526\"><strong>Mission. We are the Chamber for Everyone<\/strong><\/p>\n\n\n\n<p class=\"has-cambra-fg-color has-text-color has-link-color wp-elements-d5504d3355ddaf76f84838dca5680329\">The Barcelona Chamber of Commerce aims to represent, promote, and defend the general interests of the entire productive fabric to contribute to economic development. Specifically, the organization fosters competitiveness and supports businesses and freelancers in creating, consolidating, and driving the growth of their enterprises, while helping them face new future challenges.<\/p>\n\n\n\n<p class=\"has-cambra-fg-color has-text-color has-link-color wp-elements-247b2e54f677501bbef7a0377ba68a38\"><strong>Vision. Driving growth and economic well-being<\/strong><\/p>\n\n\n\n<p class=\"has-cambra-fg-color has-text-color has-link-color wp-elements-b83e356217281011063933d03e4f354f\">To be a trusted and leading organization within the productive fabric, contributing to its local, national, and international development and consolidation, acting as one of the key drivers of growth and well-being in Catalonia and Europe.<\/p>\n\n\n\n<p class=\"has-cambra-fg-color has-text-color has-link-color wp-elements-fb92bb4b66059b9c57c6aa13e024f2e1\"><strong>Values. Close and forward-thinking<\/strong><\/p>\n\n\n\n<ul class=\"wp-block-list\">\n<li><strong>Innovation:<\/strong> We drive projects focused on the future, contributing to progress and economic growth, prioritizing well-being, sustainability, and resilience.<\/li>\n\n\n\n<li><strong>Proximity:<\/strong> We are present in the region, developing specific initiatives and fostering close, fluid relationships.<\/li>\n\n\n\n<li><strong>Leadership:<\/strong> We promote change with proposals and actions aimed at administrations, businesses, and freelancers to help them transform and grow.<\/li>\n\n\n\n<li><strong>Belonging:<\/strong> We connect companies and freelancers to foster synergies and boost competitiveness.<\/li>\n\n\n\n<li><strong>Knowledge:<\/strong> We bring our experience, professionalism, and cross-disciplinary expertise to support the productive fabric.<\/li>\n\n\n\n<li><strong>Sustainability:<\/strong> We act with social, environmental, and economic responsibility, contributing to a model that cares for the present and future in line with the United Nations&#8217; 2030 Agenda goals.<\/li>\n<\/ul>\n<\/div>\n\n\n\n<div style=\"height:3rem\" aria-hidden=\"true\" class=\"wp-block-spacer\"><\/div>\n\n\n\n<hr class=\"wp-block-separator has-alpha-channel-opacity is-style-wide\"\/>\n\n\n\n<div class=\"wp-block-group is-layout-constrained wp-container-core-group-is-layout-7fca5b48 wp-block-group-is-layout-constrained\">\n<h3 class=\"wp-block-heading\"><strong>We are a Public Law Corporation<\/strong><\/h3>\n\n\n\n<p>The Official Chamber of Commerce, Industry, Services, and Navigation of Barcelona is a public law corporation founded in 1886 and headquartered in Barcelona. It is governed by Catalonia&#8217;s Law 14\/2002 and the national Basic Law 4\/2014.<\/p>\n\n\n\n<ul class=\"wp-block-list\">\n<li><strong>Law 14\/2002<\/strong>, of June 27, on the Official Chambers of Commerce, Industry, and Navigation of Catalonia and the General Council of the Chambers.<\/li>\n\n\n\n<li><strong>Law 4\/2014<\/strong>, of April 1, Basic Law on the Official Chambers of Commerce, Industry, Services, and Navigation.<\/li>\n\n\n\n<li><strong>Decree Law 3\/2017<\/strong>, of June 27, on urgent measures for the election of official chambers of commerce, industry, services, and navigation of Catalonia and the constitution of their governing bodies.<\/li>\n<\/ul>\n\n\n\n<p><strong>Broad Representation of Businesses<\/strong><\/p>\n\n\n\n<p>The Barcelona Chamber of Commerce is an entity that brings together economic agents from all sectors of activity.<\/p>\n\n\n\n<p>All companies, both national and foreign, with economic activity within the jurisdiction of the Barcelona Chamber are part of it.<\/p>\n\n\n\n<p>We represent approximately <strong>300,000<\/strong> companies (freelancers, entrepreneurs, small businesses, medium-sized companies, and corporations) from Barcelona city and surrounding regions: Barcelon\u00e8s, Baix Llobregat, Garraf, Anoia, Alt Pened\u00e8s, Barcelon\u00e8s Nord, Maresme, Osona, Bergued\u00e0, and Vall\u00e8s Oriental.<\/p>\n\n\n\n<p><strong>Defense and Promotion of Businesses<\/strong><\/p>\n\n\n\n<p>The Barcelona Chamber is a representative institution that ensures the promotion of economic and business activity as well as the sustainable development of the region. Its mission is to defend the general interests of businesses and to foster initiatives that enhance business competitiveness.<\/p>\n\n\n\n<p><strong>Collaboration with Public Administrations<\/strong><\/p>\n\n\n\n<p>As a public law corporation with legal personality and full capacity to act, the Barcelona Chamber collaborates with public administrations. It is endowed with public administrative powers and functions as assigned by law, independent of those delegated by public administrations.<\/p>\n<\/div>\n<\/div>\n","protected":false},"excerpt":{"rendered":"<p>Consulta la nostra identitat i descobreix all\u00f2 que ens motiva i promovem com a corporaci\u00f3. Una mirada adaptada als nous temps per contribuir al progr\u00e9s econ\u00f2mic.\u00a0<\/p>\n","protected":false},"author":2,"featured_media":43144,"parent":1431,"menu_order":0,"comment_status":"closed","ping_status":"closed","template":"","meta":{"_acf_changed":false,"inline_featured_image":false,"ep_exclude_from_search":false,"footnotes":""},"class_list":["post-1457","page","type-page","status-publish","has-post-thumbnail","hentry"],"pp_statuses_selecting_workflow":false,"pp_workflow_action":"current","pp_status_selection":"publish","acf":[],"yoast_head":"<!-- This site is optimized with the Yoast SEO Premium plugin v27.1 (Yoast SEO v27.4) - https:\/\/yoast.com\/product\/yoast-seo-premium-wordpress\/ -->\n<title>Mission, vision and values | Cambra de Comer\u00e7 de Barcelona<\/title>\n<meta name=\"robots\" content=\"index, follow, max-snippet:-1, max-image-preview:large, max-video-preview:-1\" \/>\n<link rel=\"canonical\" href=\"https:\/\/cambrabcn.org\/en\/about-cambra\/the-institution\/mision-vision-and-values\/\" \/>\n<meta property=\"og:locale\" content=\"en_US\" \/>\n<meta property=\"og:type\" content=\"article\" \/>\n<meta property=\"og:title\" content=\"Mission, vision and values\" \/>\n<meta property=\"og:description\" content=\"Consulta la nostra identitat i descobreix all\u00f2 que ens motiva i promovem com a corporaci\u00f3. Una mirada adaptada als nous temps per contribuir al progr\u00e9s econ\u00f2mic.\u00a0\" \/>\n<meta property=\"og:url\" content=\"https:\/\/cambrabcn.org\/en\/about-cambra\/the-institution\/mision-vision-and-values\/\" \/>\n<meta property=\"og:site_name\" content=\"Cambra de Comer\u00e7 de Barcelona\" \/>\n<meta property=\"article:modified_time\" content=\"2024-10-21T07:24:12+00:00\" \/>\n<meta property=\"og:image\" content=\"https:\/\/cambrabcn.org\/wp-content\/uploads\/2024\/03\/cambra_edifici-jpg.webp\" \/>\n\t<meta property=\"og:image:width\" content=\"1200\" \/>\n\t<meta property=\"og:image:height\" content=\"273\" \/>\n\t<meta property=\"og:image:type\" content=\"image\/jpeg\" \/>\n<meta name=\"twitter:card\" content=\"summary_large_image\" \/>\n<meta name=\"twitter:site\" content=\"@cambrabcn\" \/>\n<meta name=\"twitter:label1\" content=\"Est. reading time\" \/>\n\t<meta name=\"twitter:data1\" content=\"3 minutes\" \/>\n<script type=\"application\/ld+json\" class=\"yoast-schema-graph\">{\"@context\":\"https:\\\/\\\/schema.org\",\"@graph\":[{\"@type\":\"WebPage\",\"@id\":\"https:\\\/\\\/cambrabcn.org\\\/en\\\/about-cambra\\\/the-institution\\\/mision-vision-and-values\\\/\",\"url\":\"https:\\\/\\\/cambrabcn.org\\\/en\\\/about-cambra\\\/the-institution\\\/mision-vision-and-values\\\/\",\"name\":\"Mission, vision and values | Cambra de Comer\u00e7 de Barcelona\",\"isPartOf\":{\"@id\":\"https:\\\/\\\/cambrabcn.org\\\/en\\\/#website\"},\"primaryImageOfPage\":{\"@id\":\"https:\\\/\\\/cambrabcn.org\\\/en\\\/about-cambra\\\/the-institution\\\/mision-vision-and-values\\\/#primaryimage\"},\"image\":{\"@id\":\"https:\\\/\\\/cambrabcn.org\\\/en\\\/about-cambra\\\/the-institution\\\/mision-vision-and-values\\\/#primaryimage\"},\"thumbnailUrl\":\"https:\\\/\\\/cambrabcn.org\\\/wp-content\\\/uploads\\\/2024\\\/03\\\/cambra_edifici-jpg.webp\",\"datePublished\":\"2024-02-01T10:00:00+00:00\",\"dateModified\":\"2024-10-21T07:24:12+00:00\",\"breadcrumb\":{\"@id\":\"https:\\\/\\\/cambrabcn.org\\\/en\\\/about-cambra\\\/the-institution\\\/mision-vision-and-values\\\/#breadcrumb\"},\"inLanguage\":\"en-US\",\"potentialAction\":[{\"@type\":\"ReadAction\",\"target\":[\"https:\\\/\\\/cambrabcn.org\\\/en\\\/about-cambra\\\/the-institution\\\/mision-vision-and-values\\\/\"]}]},{\"@type\":\"ImageObject\",\"inLanguage\":\"en-US\",\"@id\":\"https:\\\/\\\/cambrabcn.org\\\/en\\\/about-cambra\\\/the-institution\\\/mision-vision-and-values\\\/#primaryimage\",\"url\":\"https:\\\/\\\/cambrabcn.org\\\/wp-content\\\/uploads\\\/2024\\\/03\\\/cambra_edifici-jpg.webp\",\"contentUrl\":\"https:\\\/\\\/cambrabcn.org\\\/wp-content\\\/uploads\\\/2024\\\/03\\\/cambra_edifici-jpg.webp\",\"width\":1200,\"height\":273},{\"@type\":\"BreadcrumbList\",\"@id\":\"https:\\\/\\\/cambrabcn.org\\\/en\\\/about-cambra\\\/the-institution\\\/mision-vision-and-values\\\/#breadcrumb\",\"itemListElement\":[{\"@type\":\"ListItem\",\"position\":1,\"name\":\"Home\",\"item\":\"https:\\\/\\\/cambrabcn.org\\\/en\\\/\"},{\"@type\":\"ListItem\",\"position\":2,\"name\":\"About Cambra\",\"item\":\"https:\\\/\\\/cambrabcn.org\\\/en\\\/about-cambra\\\/\"},{\"@type\":\"ListItem\",\"position\":3,\"name\":\"The Institution\",\"item\":\"https:\\\/\\\/cambrabcn.org\\\/en\\\/about-cambra\\\/the-institution\\\/\"},{\"@type\":\"ListItem\",\"position\":4,\"name\":\"Mission, vision and values\"}]},{\"@type\":\"WebSite\",\"@id\":\"https:\\\/\\\/cambrabcn.org\\\/en\\\/#website\",\"url\":\"https:\\\/\\\/cambrabcn.org\\\/en\\\/\",\"name\":\"Cambra de Comer\u00e7 de Barcelona\",\"description\":\"La Cambra de Tothom\",\"publisher\":{\"@id\":\"https:\\\/\\\/cambrabcn.org\\\/en\\\/#organization\"},\"alternateName\":\"Cambra Oficial de Comer\u00e7, Ind\u00fastria, Serveis i Navegaci\u00f3 de Barcelona\",\"potentialAction\":[{\"@type\":\"SearchAction\",\"target\":{\"@type\":\"EntryPoint\",\"urlTemplate\":\"https:\\\/\\\/cambrabcn.org\\\/en\\\/?s={search_term_string}\"},\"query-input\":{\"@type\":\"PropertyValueSpecification\",\"valueRequired\":true,\"valueName\":\"search_term_string\"}}],\"inLanguage\":\"en-US\"},{\"@type\":\"Organization\",\"@id\":\"https:\\\/\\\/cambrabcn.org\\\/en\\\/#organization\",\"name\":\"Cambra de Comer\u00e7 de Barcelona\",\"alternateName\":\"Cambra Oficial de Comer\u00e7, Ind\u00fastria, Serveis i Navegaci\u00f3 de Barcelona\",\"url\":\"https:\\\/\\\/cambrabcn.org\\\/en\\\/\",\"logo\":{\"@type\":\"ImageObject\",\"inLanguage\":\"en-US\",\"@id\":\"https:\\\/\\\/cambrabcn.org\\\/en\\\/#\\\/schema\\\/logo\\\/image\\\/\",\"url\":\"https:\\\/\\\/cambrabcn.org\\\/wp-content\\\/uploads\\\/2023\\\/11\\\/logo-cambra-300x77-1.png\",\"contentUrl\":\"https:\\\/\\\/cambrabcn.org\\\/wp-content\\\/uploads\\\/2023\\\/11\\\/logo-cambra-300x77-1.png\",\"width\":300,\"height\":77,\"caption\":\"Cambra de Comer\u00e7 de Barcelona\"},\"image\":{\"@id\":\"https:\\\/\\\/cambrabcn.org\\\/en\\\/#\\\/schema\\\/logo\\\/image\\\/\"},\"sameAs\":[\"https:\\\/\\\/x.com\\\/cambrabcn\",\"https:\\\/\\\/www.instagram.com\\\/cambrabcn\\\/\",\"https:\\\/\\\/www.linkedin.com\\\/school\\\/cambrabcn\",\"https:\\\/\\\/www.youtube.com\\\/user\\\/PressCambrabcn\",\"https:\\\/\\\/ca.wikipedia.org\\\/wiki\\\/Cambra_Oficial_de_Comer\u00e7,_Ind\u00fastria_i_Navegaci\u00f3_de_Barcelona\",\"http:\\\/\\\/viaf.org\\\/viaf\\\/124017095\"],\"description\":\"La Cambra Oficial de Comer\u00e7, Ind\u00fastria, Serveis i Navegaci\u00f3 de Barcelona \u00e9s una corporaci\u00f3 de dret p\u00fablic que presta serveis a les empreses, contribuint a la regeneraci\u00f3 del teixit econ\u00f2mic i la creaci\u00f3 d\u2019ocupaci\u00f3.\",\"email\":\"cambra@cambrabcn.cat\",\"telephone\":\"+34 93 416 93 00\",\"legalName\":\"La Cambra Oficial de Comer\u00e7, Ind\u00fastria, Serveis i Navegaci\u00f3 de Barcelona\",\"foundingDate\":\"1886-01-01\",\"vatID\":\"Q0873001B\",\"taxID\":\"Q0873001B\",\"naics\":\"813910\"}]}<\/script>\n<!-- \/ Yoast SEO Premium plugin. -->","yoast_head_json":{"title":"Mission, vision and values | Cambra de Comer\u00e7 de Barcelona","robots":{"index":"index","follow":"follow","max-snippet":"max-snippet:-1","max-image-preview":"max-image-preview:large","max-video-preview":"max-video-preview:-1"},"canonical":"https:\/\/cambrabcn.org\/en\/about-cambra\/the-institution\/mision-vision-and-values\/","og_locale":"en_US","og_type":"article","og_title":"Mission, vision and values","og_description":"Consulta la nostra identitat i descobreix all\u00f2 que ens motiva i promovem com a corporaci\u00f3. Una mirada adaptada als nous temps per contribuir al progr\u00e9s econ\u00f2mic.\u00a0","og_url":"https:\/\/cambrabcn.org\/en\/about-cambra\/the-institution\/mision-vision-and-values\/","og_site_name":"Cambra de Comer\u00e7 de Barcelona","article_modified_time":"2024-10-21T07:24:12+00:00","og_image":[{"width":1200,"height":273,"url":"https:\/\/cambrabcn.org\/wp-content\/uploads\/2024\/03\/cambra_edifici-jpg.webp","type":"image\/jpeg"}],"twitter_card":"summary_large_image","twitter_site":"@cambrabcn","twitter_misc":{"Est. reading time":"3 minutes"},"schema":{"@context":"https:\/\/schema.org","@graph":[{"@type":"WebPage","@id":"https:\/\/cambrabcn.org\/en\/about-cambra\/the-institution\/mision-vision-and-values\/","url":"https:\/\/cambrabcn.org\/en\/about-cambra\/the-institution\/mision-vision-and-values\/","name":"Mission, vision and values | Cambra de Comer\u00e7 de Barcelona","isPartOf":{"@id":"https:\/\/cambrabcn.org\/en\/#website"},"primaryImageOfPage":{"@id":"https:\/\/cambrabcn.org\/en\/about-cambra\/the-institution\/mision-vision-and-values\/#primaryimage"},"image":{"@id":"https:\/\/cambrabcn.org\/en\/about-cambra\/the-institution\/mision-vision-and-values\/#primaryimage"},"thumbnailUrl":"https:\/\/cambrabcn.org\/wp-content\/uploads\/2024\/03\/cambra_edifici-jpg.webp","datePublished":"2024-02-01T10:00:00+00:00","dateModified":"2024-10-21T07:24:12+00:00","breadcrumb":{"@id":"https:\/\/cambrabcn.org\/en\/about-cambra\/the-institution\/mision-vision-and-values\/#breadcrumb"},"inLanguage":"en-US","potentialAction":[{"@type":"ReadAction","target":["https:\/\/cambrabcn.org\/en\/about-cambra\/the-institution\/mision-vision-and-values\/"]}]},{"@type":"ImageObject","inLanguage":"en-US","@id":"https:\/\/cambrabcn.org\/en\/about-cambra\/the-institution\/mision-vision-and-values\/#primaryimage","url":"https:\/\/cambrabcn.org\/wp-content\/uploads\/2024\/03\/cambra_edifici-jpg.webp","contentUrl":"https:\/\/cambrabcn.org\/wp-content\/uploads\/2024\/03\/cambra_edifici-jpg.webp","width":1200,"height":273},{"@type":"BreadcrumbList","@id":"https:\/\/cambrabcn.org\/en\/about-cambra\/the-institution\/mision-vision-and-values\/#breadcrumb","itemListElement":[{"@type":"ListItem","position":1,"name":"Home","item":"https:\/\/cambrabcn.org\/en\/"},{"@type":"ListItem","position":2,"name":"About Cambra","item":"https:\/\/cambrabcn.org\/en\/about-cambra\/"},{"@type":"ListItem","position":3,"name":"The Institution","item":"https:\/\/cambrabcn.org\/en\/about-cambra\/the-institution\/"},{"@type":"ListItem","position":4,"name":"Mission, vision and values"}]},{"@type":"WebSite","@id":"https:\/\/cambrabcn.org\/en\/#website","url":"https:\/\/cambrabcn.org\/en\/","name":"Cambra de Comer\u00e7 de Barcelona","description":"La Cambra de Tothom","publisher":{"@id":"https:\/\/cambrabcn.org\/en\/#organization"},"alternateName":"Cambra Oficial de Comer\u00e7, Ind\u00fastria, Serveis i Navegaci\u00f3 de Barcelona","potentialAction":[{"@type":"SearchAction","target":{"@type":"EntryPoint","urlTemplate":"https:\/\/cambrabcn.org\/en\/?s={search_term_string}"},"query-input":{"@type":"PropertyValueSpecification","valueRequired":true,"valueName":"search_term_string"}}],"inLanguage":"en-US"},{"@type":"Organization","@id":"https:\/\/cambrabcn.org\/en\/#organization","name":"Cambra de Comer\u00e7 de Barcelona","alternateName":"Cambra Oficial de Comer\u00e7, Ind\u00fastria, Serveis i Navegaci\u00f3 de Barcelona","url":"https:\/\/cambrabcn.org\/en\/","logo":{"@type":"ImageObject","inLanguage":"en-US","@id":"https:\/\/cambrabcn.org\/en\/#\/schema\/logo\/image\/","url":"https:\/\/cambrabcn.org\/wp-content\/uploads\/2023\/11\/logo-cambra-300x77-1.png","contentUrl":"https:\/\/cambrabcn.org\/wp-content\/uploads\/2023\/11\/logo-cambra-300x77-1.png","width":300,"height":77,"caption":"Cambra de Comer\u00e7 de Barcelona"},"image":{"@id":"https:\/\/cambrabcn.org\/en\/#\/schema\/logo\/image\/"},"sameAs":["https:\/\/x.com\/cambrabcn","https:\/\/www.instagram.com\/cambrabcn\/","https:\/\/www.linkedin.com\/school\/cambrabcn","https:\/\/www.youtube.com\/user\/PressCambrabcn","https:\/\/ca.wikipedia.org\/wiki\/Cambra_Oficial_de_Comer\u00e7,_Ind\u00fastria_i_Navegaci\u00f3_de_Barcelona","http:\/\/viaf.org\/viaf\/124017095"],"description":"La Cambra Oficial de Comer\u00e7, Ind\u00fastria, Serveis i Navegaci\u00f3 de Barcelona \u00e9s una corporaci\u00f3 de dret p\u00fablic que presta serveis a les empreses, contribuint a la regeneraci\u00f3 del teixit econ\u00f2mic i la creaci\u00f3 d\u2019ocupaci\u00f3.","email":"cambra@cambrabcn.cat","telephone":"+34 93 416 93 00","legalName":"La Cambra Oficial de Comer\u00e7, Ind\u00fastria, Serveis i Navegaci\u00f3 de Barcelona","foundingDate":"1886-01-01","vatID":"Q0873001B","taxID":"Q0873001B","naics":"813910"}]}},"mfb_rest_fields":["pp_statuses_selecting_workflow","pp_workflow_action","pp_status_selection","yoast_head","yoast_head_json"],"_links":{"self":[{"href":"https:\/\/cambrabcn.org\/en\/wp-json\/wp\/v2\/pages\/1457","targetHints":{"allow":["GET"]}}],"collection":[{"href":"https:\/\/cambrabcn.org\/en\/wp-json\/wp\/v2\/pages"}],"about":[{"href":"https:\/\/cambrabcn.org\/en\/wp-json\/wp\/v2\/types\/page"}],"author":[{"embeddable":true,"href":"https:\/\/cambrabcn.org\/en\/wp-json\/wp\/v2\/users\/2"}],"replies":[{"embeddable":true,"href":"https:\/\/cambrabcn.org\/en\/wp-json\/wp\/v2\/comments?post=1457"}],"version-history":[{"count":13,"href":"https:\/\/cambrabcn.org\/en\/wp-json\/wp\/v2\/pages\/1457\/revisions"}],"predecessor-version":[{"id":69734,"href":"https:\/\/cambrabcn.org\/en\/wp-json\/wp\/v2\/pages\/1457\/revisions\/69734"}],"up":[{"embeddable":true,"href":"https:\/\/cambrabcn.org\/en\/wp-json\/wp\/v2\/pages\/1431"}],"wp:featuredmedia":[{"embeddable":true,"href":"https:\/\/cambrabcn.org\/en\/wp-json\/wp\/v2\/media\/43144"}],"wp:attachment":[{"href":"https:\/\/cambrabcn.org\/en\/wp-json\/wp\/v2\/media?parent=1457"}],"curies":[{"name":"wp","href":"https:\/\/api.w.org\/{rel}","templated":true}]}}