{"id":1453,"date":"2024-02-01T12:00:00","date_gmt":"2024-02-01T10:00:00","guid":{"rendered":"https:\/\/cambrabcn.org\/sobre-cambra\/la-institucio\/estructura-organizativa\/"},"modified":"2026-02-12T16:32:47","modified_gmt":"2026-02-12T14:32:47","slug":"estructura-organitzativa","status":"publish","type":"page","link":"https:\/\/cambrabcn.org\/en\/about-cambra\/the-institution\/estructura-organitzativa\/","title":{"rendered":"Estructura organitzativa"},"content":{"rendered":"\n<div class=\"wp-block-group cambra-page-about-us-single is-layout-constrained wp-container-core-group-is-layout-e9b1e06a wp-block-group-is-layout-constrained\">\n<div style=\"height:2.5rem\" aria-hidden=\"true\" class=\"wp-block-spacer hide-mobile\"><\/div>\n\n\n\n<div class=\"wp-block-group is-layout-constrained wp-container-core-group-is-layout-6b712b1a wp-block-group-is-layout-constrained\"><div class=\"wp-block-cambra-custom-blocks-cambra-breadcrumbs\"><nav role=\"navigation\" aria-label=\"Breadcrumb\" class=\"breadcrumb\"><ol class=\"breadcrumb-items\"><li class=\"breadcrumb-item breadcrumb-item--current breadcrumb-item--home\"><span class=\"breadcrumb-item-name\">Home<\/span><\/li><\/ol><\/nav><\/div><\/div>\n\n\n\n<div style=\"height:2.5rem\" aria-hidden=\"true\" class=\"wp-block-spacer hide-mobile\"><\/div>\n\n\n\n<div class=\"wp-block-group main-content is-layout-constrained wp-container-core-group-is-layout-6b712b1a wp-block-group-is-layout-constrained\"><figure class=\"aligncenter wp-block-post-featured-image\"><img loading=\"lazy\" decoding=\"async\" width=\"1800\" height=\"409\" src=\"https:\/\/cambrabcn.org\/wp-content\/uploads\/2024\/03\/cambra-reunio-treball-4-jpg.webp\" class=\"attachment-post-thumbnail size-post-thumbnail wp-post-image\" alt=\"\" style=\"object-fit:cover;\" srcset=\"https:\/\/cambrabcn.org\/wp-content\/uploads\/2024\/03\/cambra-reunio-treball-4-jpg.webp 1800w, https:\/\/cambrabcn.org\/wp-content\/uploads\/2024\/03\/cambra-reunio-treball-4-300x68.webp 300w, https:\/\/cambrabcn.org\/wp-content\/uploads\/2024\/03\/cambra-reunio-treball-4-1024x233.webp 1024w, https:\/\/cambrabcn.org\/wp-content\/uploads\/2024\/03\/cambra-reunio-treball-4-768x175.webp 768w, https:\/\/cambrabcn.org\/wp-content\/uploads\/2024\/03\/cambra-reunio-treball-4-1536x349.webp 1536w, https:\/\/cambrabcn.org\/wp-content\/uploads\/2024\/03\/cambra-reunio-treball-4-600x136.webp 600w\" sizes=\"auto, (max-width: 1800px) 100vw, 1800px\" \/><\/figure>\n\n\n<div class=\"wp-block-group cambra-bottom-line is-layout-constrained wp-container-core-group-is-layout-7fca5b48 wp-block-group-is-layout-constrained\"><h1 class=\"heading-1 wp-block-post-title\">Estructura organitzativa<\/h1><\/div>\n<\/div>\n\n\n\n<div style=\"height:3.75rem\" aria-hidden=\"true\" class=\"wp-block-spacer\"><\/div>\n\n\n\n<div class=\"wp-block-group has-secondary-neutral-black-color has-text-color is-layout-constrained wp-container-core-group-is-layout-6b712b1a wp-block-group-is-layout-constrained\">\n<div class=\"wp-block-group is-layout-constrained wp-container-core-group-is-layout-7fca5b48 wp-block-group-is-layout-constrained\">\n<p><strong>Direcci\u00f3 \/ Ger\u00e8ncia: <\/strong>Roger Guasch<\/p>\n\n\n\n<p><strong>Secretaria General:<\/strong> Xavier Coronas&nbsp;<\/p>\n\n\n\n<p><strong>Direcci\u00f3 de Relacions Institucionals: <\/strong>Anna Teixid\u00f3<strong>&nbsp;<\/strong><\/p>\n\n\n\n<p><strong>Direcci\u00f3 de Comunicaci\u00f3 i M\u00e0rqueting:<\/strong> No\u00e8lia Val\u00e8ncia<\/p>\n\n\n\n<p><strong>Direcci\u00f3 de Gabinet d&#8217;Estudis Econ\u00f2mics i d&#8217;Infraestructures:<\/strong> Joan Ramon Rovira<\/p>\n\n\n\n<p><strong>Direcci\u00f3 d&#8217;An\u00e0lisi Econ\u00f2mica i de l&#8217;Observatori Dona, Empresa i Economia: <\/strong>Carme Poveda<\/p>\n\n\n\n<p><strong>Direcci\u00f3 d&#8217;Estudis d&#8217;Infraestructures:<\/strong> Al\u00edcia Casart<\/p>\n\n\n\n<p><strong>Direcci\u00f3 de Comissions, Ens Aut\u00f2noms i Participades \/ Vicesecretari:<\/strong> Cristian Casellas<\/p>\n\n\n\n<p><strong>Direcci\u00f3 Comercial:<\/strong> Josep Camps<\/p>\n\n\n\n<p><strong>Direcci\u00f3 de Competitivitat:<\/strong> Laura L\u00f3pez<\/p>\n\n\n\n<p><strong>Direcci\u00f3 de Control de Projectes i adjunt a la Direcci\u00f3 General:<\/strong> Jaume Fradera<\/p>\n\n\n\n<p><strong>Direcci\u00f3 del Centre de Serveis Empresarials:<\/strong> Jos\u00e9 Antonio Gonz\u00e1lez<\/p>\n\n\n\n<p><strong>Direcci\u00f3 d&#8217;Internacional:<\/strong> Berta P\u00e9rez<\/p>\n\n\n\n<p><strong>Direcci\u00f3 de Formaci\u00f3 i Qualificaci\u00f3 Professional:<\/strong> Andr\u00e9s N\u00fa\u00f1ez<\/p>\n\n\n\n<p><strong>Direcci\u00f3 de La Llotja de Mar:<\/strong> Mafalda Pigrau<\/p>\n\n\n\n<p><strong>Direcci\u00f3 de Territori:<\/strong> Xavier Ricart<\/p>\n\n\n\n<p><strong>Direcci\u00f3 de Finances i Recursos Humans:<\/strong> Carolina Gonz\u00e1lez&nbsp;<\/p>\n\n\n\n<p><strong>Direcci\u00f3 de Tecnologia i Sistemes d&#8217;Informaci\u00f3 i Serveis Generals:<\/strong> Albert Sierra&nbsp;<\/p>\n<\/div>\n<\/div>\n\n\n\n<div style=\"height:3rem\" aria-hidden=\"true\" class=\"wp-block-spacer hide-mobile\"><\/div>\n<\/div>\n","protected":false},"excerpt":{"rendered":"<p>Direcci\u00f3 \/ Ger\u00e8ncia: Roger Guasch Secretaria General: Xavier Coronas&nbsp; Direcci\u00f3 de Relacions Institucionals: Anna Teixid\u00f3&nbsp; Direcci\u00f3 de Comunicaci\u00f3 i M\u00e0rqueting: No\u00e8lia Val\u00e8ncia Direcci\u00f3 de Gabinet d&#8217;Estudis Econ\u00f2mics i d&#8217;Infraestructures: Joan Ramon Rovira Direcci\u00f3 d&#8217;An\u00e0lisi Econ\u00f2mica i de l&#8217;Observatori Dona, Empresa i Economia: Carme Poveda Direcci\u00f3 d&#8217;Estudis d&#8217;Infraestructures: Al\u00edcia Casart Direcci\u00f3 de Comissions, Ens Aut\u00f2noms i [&hellip;]<\/p>\n","protected":false},"author":2,"featured_media":44059,"parent":1431,"menu_order":0,"comment_status":"closed","ping_status":"closed","template":"","meta":{"_acf_changed":false,"inline_featured_image":false,"ep_exclude_from_search":false,"footnotes":""},"class_list":["post-1453","page","type-page","status-publish","has-post-thumbnail","hentry"],"pp_statuses_selecting_workflow":false,"pp_workflow_action":"current","pp_status_selection":"publish","acf":[],"yoast_head":"<!-- This site is optimized with the Yoast SEO Premium plugin v27.1 (Yoast SEO v27.1.1) - https:\/\/yoast.com\/product\/yoast-seo-premium-wordpress\/ -->\n<title>Estructura organitzativa | Cambra de Comer\u00e7 de Barcelona<\/title>\n<meta name=\"robots\" content=\"index, follow, max-snippet:-1, max-image-preview:large, max-video-preview:-1\" \/>\n<link rel=\"canonical\" href=\"https:\/\/cambrabcn.org\/en\/about-cambra\/the-institution\/estructura-organitzativa\/\" \/>\n<meta property=\"og:locale\" content=\"en_US\" \/>\n<meta property=\"og:type\" content=\"article\" \/>\n<meta property=\"og:title\" content=\"Estructura organitzativa\" \/>\n<meta property=\"og:description\" content=\"Direcci\u00f3 \/ Ger\u00e8ncia: Roger Guasch Secretaria General: Xavier Coronas&nbsp; Direcci\u00f3 de Relacions Institucionals: Anna Teixid\u00f3&nbsp; Direcci\u00f3 de Comunicaci\u00f3 i M\u00e0rqueting: No\u00e8lia Val\u00e8ncia Direcci\u00f3 de Gabinet d&#8217;Estudis Econ\u00f2mics i d&#8217;Infraestructures: Joan Ramon Rovira Direcci\u00f3 d&#8217;An\u00e0lisi Econ\u00f2mica i de l&#8217;Observatori Dona, Empresa i Economia: Carme Poveda Direcci\u00f3 d&#8217;Estudis d&#8217;Infraestructures: Al\u00edcia Casart Direcci\u00f3 de Comissions, Ens Aut\u00f2noms i [&hellip;]\" \/>\n<meta property=\"og:url\" content=\"https:\/\/cambrabcn.org\/en\/about-cambra\/the-institution\/estructura-organitzativa\/\" \/>\n<meta property=\"og:site_name\" content=\"Cambra de Comer\u00e7 de Barcelona\" \/>\n<meta property=\"article:modified_time\" content=\"2026-02-12T14:32:47+00:00\" \/>\n<meta property=\"og:image\" content=\"https:\/\/cambrabcn.org\/wp-content\/uploads\/2024\/03\/cambra-reunio-treball-4-jpg.webp\" \/>\n\t<meta property=\"og:image:width\" content=\"1800\" \/>\n\t<meta property=\"og:image:height\" content=\"409\" \/>\n\t<meta property=\"og:image:type\" content=\"image\/jpeg\" \/>\n<meta name=\"twitter:card\" content=\"summary_large_image\" \/>\n<meta name=\"twitter:site\" content=\"@cambrabcn\" \/>\n<meta name=\"twitter:label1\" content=\"Est. reading time\" \/>\n\t<meta name=\"twitter:data1\" content=\"1 minute\" \/>\n<script type=\"application\/ld+json\" class=\"yoast-schema-graph\">{\"@context\":\"https:\/\/schema.org\",\"@graph\":[{\"@type\":\"WebPage\",\"@id\":\"https:\/\/cambrabcn.org\/en\/about-cambra\/the-institution\/estructura-organitzativa\/\",\"url\":\"https:\/\/cambrabcn.org\/en\/about-cambra\/the-institution\/estructura-organitzativa\/\",\"name\":\"Estructura organitzativa | Cambra de Comer\u00e7 de Barcelona\",\"isPartOf\":{\"@id\":\"https:\/\/cambrabcn.org\/en\/#website\"},\"primaryImageOfPage\":{\"@id\":\"https:\/\/cambrabcn.org\/en\/about-cambra\/the-institution\/estructura-organitzativa\/#primaryimage\"},\"image\":{\"@id\":\"https:\/\/cambrabcn.org\/en\/about-cambra\/the-institution\/estructura-organitzativa\/#primaryimage\"},\"thumbnailUrl\":\"https:\/\/cambrabcn.org\/wp-content\/uploads\/2024\/03\/cambra-reunio-treball-4-jpg.webp\",\"datePublished\":\"2024-02-01T10:00:00+00:00\",\"dateModified\":\"2026-02-12T14:32:47+00:00\",\"breadcrumb\":{\"@id\":\"https:\/\/cambrabcn.org\/en\/about-cambra\/the-institution\/estructura-organitzativa\/#breadcrumb\"},\"inLanguage\":\"en-US\",\"potentialAction\":[{\"@type\":\"ReadAction\",\"target\":[\"https:\/\/cambrabcn.org\/en\/about-cambra\/the-institution\/estructura-organitzativa\/\"]}]},{\"@type\":\"ImageObject\",\"inLanguage\":\"en-US\",\"@id\":\"https:\/\/cambrabcn.org\/en\/about-cambra\/the-institution\/estructura-organitzativa\/#primaryimage\",\"url\":\"https:\/\/cambrabcn.org\/wp-content\/uploads\/2024\/03\/cambra-reunio-treball-4-jpg.webp\",\"contentUrl\":\"https:\/\/cambrabcn.org\/wp-content\/uploads\/2024\/03\/cambra-reunio-treball-4-jpg.webp\",\"width\":1800,\"height\":409},{\"@type\":\"BreadcrumbList\",\"@id\":\"https:\/\/cambrabcn.org\/en\/about-cambra\/the-institution\/estructura-organitzativa\/#breadcrumb\",\"itemListElement\":[{\"@type\":\"ListItem\",\"position\":1,\"name\":\"Home\",\"item\":\"https:\/\/cambrabcn.org\/en\/\"},{\"@type\":\"ListItem\",\"position\":2,\"name\":\"About Cambra\",\"item\":\"https:\/\/cambrabcn.org\/en\/about-cambra\/\"},{\"@type\":\"ListItem\",\"position\":3,\"name\":\"The Institution\",\"item\":\"https:\/\/cambrabcn.org\/en\/about-cambra\/the-institution\/\"},{\"@type\":\"ListItem\",\"position\":4,\"name\":\"Estructura organitzativa\"}]},{\"@type\":\"WebSite\",\"@id\":\"https:\/\/cambrabcn.org\/en\/#website\",\"url\":\"https:\/\/cambrabcn.org\/en\/\",\"name\":\"Cambra de Comer\u00e7 de Barcelona\",\"description\":\"La Cambra de Tothom\",\"publisher\":{\"@id\":\"https:\/\/cambrabcn.org\/en\/#organization\"},\"alternateName\":\"Cambra Oficial de Comer\u00e7, Ind\u00fastria, Serveis i Navegaci\u00f3 de Barcelona\",\"potentialAction\":[{\"@type\":\"SearchAction\",\"target\":{\"@type\":\"EntryPoint\",\"urlTemplate\":\"https:\/\/cambrabcn.org\/en\/?s={search_term_string}\"},\"query-input\":{\"@type\":\"PropertyValueSpecification\",\"valueRequired\":true,\"valueName\":\"search_term_string\"}}],\"inLanguage\":\"en-US\"},{\"@type\":\"Organization\",\"@id\":\"https:\/\/cambrabcn.org\/en\/#organization\",\"name\":\"Cambra de Comer\u00e7 de Barcelona\",\"alternateName\":\"Cambra Oficial de Comer\u00e7, Ind\u00fastria, Serveis i Navegaci\u00f3 de Barcelona\",\"url\":\"https:\/\/cambrabcn.org\/en\/\",\"logo\":{\"@type\":\"ImageObject\",\"inLanguage\":\"en-US\",\"@id\":\"https:\/\/cambrabcn.org\/en\/#\/schema\/logo\/image\/\",\"url\":\"https:\/\/cambrabcn.org\/wp-content\/uploads\/2023\/11\/logo-cambra-300x77-1.png\",\"contentUrl\":\"https:\/\/cambrabcn.org\/wp-content\/uploads\/2023\/11\/logo-cambra-300x77-1.png\",\"width\":300,\"height\":77,\"caption\":\"Cambra de Comer\u00e7 de Barcelona\"},\"image\":{\"@id\":\"https:\/\/cambrabcn.org\/en\/#\/schema\/logo\/image\/\"},\"sameAs\":[\"https:\/\/x.com\/cambrabcn\",\"https:\/\/www.instagram.com\/cambrabcn\/\",\"https:\/\/www.linkedin.com\/school\/cambrabcn\",\"https:\/\/www.youtube.com\/user\/PressCambrabcn\",\"https:\/\/ca.wikipedia.org\/wiki\/Cambra_Oficial_de_Comer\u00e7,_Ind\u00fastria_i_Navegaci\u00f3_de_Barcelona\",\"http:\/\/viaf.org\/viaf\/124017095\"],\"description\":\"La Cambra Oficial de Comer\u00e7, Ind\u00fastria, Serveis i Navegaci\u00f3 de Barcelona \u00e9s una corporaci\u00f3 de dret p\u00fablic que presta serveis a les empreses, contribuint a la regeneraci\u00f3 del teixit econ\u00f2mic i la creaci\u00f3 d\u2019ocupaci\u00f3.\",\"email\":\"cambra@cambrabcn.cat\",\"telephone\":\"+34 93 416 93 00\",\"legalName\":\"La Cambra Oficial de Comer\u00e7, Ind\u00fastria, Serveis i Navegaci\u00f3 de Barcelona\",\"foundingDate\":\"1886-01-01\",\"vatID\":\"Q0873001B\",\"taxID\":\"Q0873001B\",\"naics\":\"813910\"}]}<\/script>\n<!-- \/ Yoast SEO Premium plugin. -->","yoast_head_json":{"title":"Estructura organitzativa | Cambra de Comer\u00e7 de Barcelona","robots":{"index":"index","follow":"follow","max-snippet":"max-snippet:-1","max-image-preview":"max-image-preview:large","max-video-preview":"max-video-preview:-1"},"canonical":"https:\/\/cambrabcn.org\/en\/about-cambra\/the-institution\/estructura-organitzativa\/","og_locale":"en_US","og_type":"article","og_title":"Estructura organitzativa","og_description":"Direcci\u00f3 \/ Ger\u00e8ncia: Roger Guasch Secretaria General: Xavier Coronas&nbsp; Direcci\u00f3 de Relacions Institucionals: Anna Teixid\u00f3&nbsp; Direcci\u00f3 de Comunicaci\u00f3 i M\u00e0rqueting: No\u00e8lia Val\u00e8ncia Direcci\u00f3 de Gabinet d&#8217;Estudis Econ\u00f2mics i d&#8217;Infraestructures: Joan Ramon Rovira Direcci\u00f3 d&#8217;An\u00e0lisi Econ\u00f2mica i de l&#8217;Observatori Dona, Empresa i Economia: Carme Poveda Direcci\u00f3 d&#8217;Estudis d&#8217;Infraestructures: Al\u00edcia Casart Direcci\u00f3 de Comissions, Ens Aut\u00f2noms i [&hellip;]","og_url":"https:\/\/cambrabcn.org\/en\/about-cambra\/the-institution\/estructura-organitzativa\/","og_site_name":"Cambra de Comer\u00e7 de Barcelona","article_modified_time":"2026-02-12T14:32:47+00:00","og_image":[{"width":1800,"height":409,"url":"https:\/\/cambrabcn.org\/wp-content\/uploads\/2024\/03\/cambra-reunio-treball-4-jpg.webp","type":"image\/jpeg"}],"twitter_card":"summary_large_image","twitter_site":"@cambrabcn","twitter_misc":{"Est. reading time":"1 minute"},"schema":{"@context":"https:\/\/schema.org","@graph":[{"@type":"WebPage","@id":"https:\/\/cambrabcn.org\/en\/about-cambra\/the-institution\/estructura-organitzativa\/","url":"https:\/\/cambrabcn.org\/en\/about-cambra\/the-institution\/estructura-organitzativa\/","name":"Estructura organitzativa | Cambra de Comer\u00e7 de Barcelona","isPartOf":{"@id":"https:\/\/cambrabcn.org\/en\/#website"},"primaryImageOfPage":{"@id":"https:\/\/cambrabcn.org\/en\/about-cambra\/the-institution\/estructura-organitzativa\/#primaryimage"},"image":{"@id":"https:\/\/cambrabcn.org\/en\/about-cambra\/the-institution\/estructura-organitzativa\/#primaryimage"},"thumbnailUrl":"https:\/\/cambrabcn.org\/wp-content\/uploads\/2024\/03\/cambra-reunio-treball-4-jpg.webp","datePublished":"2024-02-01T10:00:00+00:00","dateModified":"2026-02-12T14:32:47+00:00","breadcrumb":{"@id":"https:\/\/cambrabcn.org\/en\/about-cambra\/the-institution\/estructura-organitzativa\/#breadcrumb"},"inLanguage":"en-US","potentialAction":[{"@type":"ReadAction","target":["https:\/\/cambrabcn.org\/en\/about-cambra\/the-institution\/estructura-organitzativa\/"]}]},{"@type":"ImageObject","inLanguage":"en-US","@id":"https:\/\/cambrabcn.org\/en\/about-cambra\/the-institution\/estructura-organitzativa\/#primaryimage","url":"https:\/\/cambrabcn.org\/wp-content\/uploads\/2024\/03\/cambra-reunio-treball-4-jpg.webp","contentUrl":"https:\/\/cambrabcn.org\/wp-content\/uploads\/2024\/03\/cambra-reunio-treball-4-jpg.webp","width":1800,"height":409},{"@type":"BreadcrumbList","@id":"https:\/\/cambrabcn.org\/en\/about-cambra\/the-institution\/estructura-organitzativa\/#breadcrumb","itemListElement":[{"@type":"ListItem","position":1,"name":"Home","item":"https:\/\/cambrabcn.org\/en\/"},{"@type":"ListItem","position":2,"name":"About Cambra","item":"https:\/\/cambrabcn.org\/en\/about-cambra\/"},{"@type":"ListItem","position":3,"name":"The Institution","item":"https:\/\/cambrabcn.org\/en\/about-cambra\/the-institution\/"},{"@type":"ListItem","position":4,"name":"Estructura organitzativa"}]},{"@type":"WebSite","@id":"https:\/\/cambrabcn.org\/en\/#website","url":"https:\/\/cambrabcn.org\/en\/","name":"Cambra de Comer\u00e7 de Barcelona","description":"La Cambra de Tothom","publisher":{"@id":"https:\/\/cambrabcn.org\/en\/#organization"},"alternateName":"Cambra Oficial de Comer\u00e7, Ind\u00fastria, Serveis i Navegaci\u00f3 de Barcelona","potentialAction":[{"@type":"SearchAction","target":{"@type":"EntryPoint","urlTemplate":"https:\/\/cambrabcn.org\/en\/?s={search_term_string}"},"query-input":{"@type":"PropertyValueSpecification","valueRequired":true,"valueName":"search_term_string"}}],"inLanguage":"en-US"},{"@type":"Organization","@id":"https:\/\/cambrabcn.org\/en\/#organization","name":"Cambra de Comer\u00e7 de Barcelona","alternateName":"Cambra Oficial de Comer\u00e7, Ind\u00fastria, Serveis i Navegaci\u00f3 de Barcelona","url":"https:\/\/cambrabcn.org\/en\/","logo":{"@type":"ImageObject","inLanguage":"en-US","@id":"https:\/\/cambrabcn.org\/en\/#\/schema\/logo\/image\/","url":"https:\/\/cambrabcn.org\/wp-content\/uploads\/2023\/11\/logo-cambra-300x77-1.png","contentUrl":"https:\/\/cambrabcn.org\/wp-content\/uploads\/2023\/11\/logo-cambra-300x77-1.png","width":300,"height":77,"caption":"Cambra de Comer\u00e7 de Barcelona"},"image":{"@id":"https:\/\/cambrabcn.org\/en\/#\/schema\/logo\/image\/"},"sameAs":["https:\/\/x.com\/cambrabcn","https:\/\/www.instagram.com\/cambrabcn\/","https:\/\/www.linkedin.com\/school\/cambrabcn","https:\/\/www.youtube.com\/user\/PressCambrabcn","https:\/\/ca.wikipedia.org\/wiki\/Cambra_Oficial_de_Comer\u00e7,_Ind\u00fastria_i_Navegaci\u00f3_de_Barcelona","http:\/\/viaf.org\/viaf\/124017095"],"description":"La Cambra Oficial de Comer\u00e7, Ind\u00fastria, Serveis i Navegaci\u00f3 de Barcelona \u00e9s una corporaci\u00f3 de dret p\u00fablic que presta serveis a les empreses, contribuint a la regeneraci\u00f3 del teixit econ\u00f2mic i la creaci\u00f3 d\u2019ocupaci\u00f3.","email":"cambra@cambrabcn.cat","telephone":"+34 93 416 93 00","legalName":"La Cambra Oficial de Comer\u00e7, Ind\u00fastria, Serveis i Navegaci\u00f3 de Barcelona","foundingDate":"1886-01-01","vatID":"Q0873001B","taxID":"Q0873001B","naics":"813910"}]}},"mfb_rest_fields":["pp_statuses_selecting_workflow","pp_workflow_action","pp_status_selection","yoast_head","yoast_head_json"],"_links":{"self":[{"href":"https:\/\/cambrabcn.org\/en\/wp-json\/wp\/v2\/pages\/1453","targetHints":{"allow":["GET"]}}],"collection":[{"href":"https:\/\/cambrabcn.org\/en\/wp-json\/wp\/v2\/pages"}],"about":[{"href":"https:\/\/cambrabcn.org\/en\/wp-json\/wp\/v2\/types\/page"}],"author":[{"embeddable":true,"href":"https:\/\/cambrabcn.org\/en\/wp-json\/wp\/v2\/users\/2"}],"replies":[{"embeddable":true,"href":"https:\/\/cambrabcn.org\/en\/wp-json\/wp\/v2\/comments?post=1453"}],"version-history":[{"count":3,"href":"https:\/\/cambrabcn.org\/en\/wp-json\/wp\/v2\/pages\/1453\/revisions"}],"predecessor-version":[{"id":119496,"href":"https:\/\/cambrabcn.org\/en\/wp-json\/wp\/v2\/pages\/1453\/revisions\/119496"}],"up":[{"embeddable":true,"href":"https:\/\/cambrabcn.org\/en\/wp-json\/wp\/v2\/pages\/1431"}],"wp:featuredmedia":[{"embeddable":true,"href":"https:\/\/cambrabcn.org\/en\/wp-json\/wp\/v2\/media\/44059"}],"wp:attachment":[{"href":"https:\/\/cambrabcn.org\/en\/wp-json\/wp\/v2\/media?parent=1453"}],"curies":[{"name":"wp","href":"https:\/\/api.w.org\/{rel}","templated":true}]}}