{"id":1433,"date":"2024-02-01T12:00:00","date_gmt":"2024-02-01T10:00:00","guid":{"rendered":"https:\/\/cambrabcn.org\/sobre-cambra\/"},"modified":"2024-10-21T08:54:15","modified_gmt":"2024-10-21T06:54:15","slug":"about-cambra","status":"publish","type":"page","link":"https:\/\/cambrabcn.org\/en\/about-cambra\/","title":{"rendered":"About Cambra"},"content":{"rendered":"\n<div class=\"wp-block-cambra-custom-blocks-cambra-hero alignfull\">\n<div class=\"wp-block-cover\"><span aria-hidden=\"true\" class=\"wp-block-cover__background has-background-dim-70 has-background-dim\" style=\"background-color:#292929\"><\/span><img loading=\"lazy\" decoding=\"async\" width=\"1200\" height=\"278\" class=\"wp-block-cover__image-background wp-image-45773\" alt=\"\" src=\"https:\/\/cambrabcn.org\/wp-content\/uploads\/2024\/04\/BACKGROUND_HOME.png\" data-object-fit=\"cover\" srcset=\"https:\/\/cambrabcn.org\/wp-content\/uploads\/2024\/04\/BACKGROUND_HOME.png 1200w, https:\/\/cambrabcn.org\/wp-content\/uploads\/2024\/04\/BACKGROUND_HOME-300x70.png 300w, https:\/\/cambrabcn.org\/wp-content\/uploads\/2024\/04\/BACKGROUND_HOME-1024x237.png 1024w, https:\/\/cambrabcn.org\/wp-content\/uploads\/2024\/04\/BACKGROUND_HOME-768x178.png 768w, https:\/\/cambrabcn.org\/wp-content\/uploads\/2024\/04\/BACKGROUND_HOME-600x139.png 600w\" sizes=\"auto, (max-width: 1200px) 100vw, 1200px\" \/><div class=\"wp-block-cover__inner-container is-layout-flow wp-block-cover-is-layout-flow\"><div class=\"wp-block-cambra-custom-blocks-cambra-breadcrumbs has-text-color has-cambra-bg-color\"><nav role=\"navigation\" aria-label=\"Breadcrumb\" class=\"breadcrumb\"><ol class=\"breadcrumb-items\"><li class=\"breadcrumb-item breadcrumb-item--current breadcrumb-item--home\"><span class=\"breadcrumb-item-name\">Home<\/span><\/li><\/ol><\/nav><\/div>\n\n\n<h1 class=\"wp-block-heading heading-1 has-cambra-bg-color has-text-color\">About Cambra<\/h1>\n\n\n\n<h5 class=\"wp-block-heading has-cambra-bg-color has-text-color\">Find all the information about us<\/h5>\n<\/div><\/div>\n<\/div>\n\n\n\n<div class=\"wp-block-group cambra-home-about-us is-layout-constrained wp-container-core-group-is-layout-1026f38c wp-block-group-is-layout-constrained\">\n<div class=\"wp-block-cambra-custom-blocks-cambra-section-title cambra-section-title is-style-alternative-left\" style=\"margin-bottom:20px\"><h2 class=\"cambra-section-title--title\">Who are we?<\/h2><h5 class=\"cambra-section-title--content\">The Official Chamber of Commerce, Industry, Services and Navigation of Barcelona is a public law corporation that provides services to companies, contributing to the regeneration of the economic fabric and job creation.<\/h5><\/div>\n\n\n\n<div class=\"wp-block-group is-layout-constrained wp-container-core-group-is-layout-e9b1e06a wp-block-group-is-layout-constrained\">\n<div style=\"height:32px\" aria-hidden=\"true\" class=\"wp-block-spacer hide-mobile\"><\/div>\n\n\n\n<div style=\"height:1px\" aria-hidden=\"true\" class=\"wp-block-spacer\"><\/div>\n<\/div>\n\n\n\n<div class=\"wp-block-group is-layout-constrained wp-block-group-is-layout-constrained\">\n<div class=\"wp-block-group card-box-shadow cambra-card is-layout-constrained wp-block-group-is-layout-constrained\">\n<div class=\"wp-block-columns is-layout-flex wp-container-core-columns-is-layout-28f84493 wp-block-columns-is-layout-flex\">\n<div class=\"wp-block-column is-layout-flow wp-container-core-column-is-layout-a77db08e wp-block-column-is-layout-flow\">\n<div class=\"wp-block-cover is-light\"><span aria-hidden=\"true\" class=\"wp-block-cover__background has-background-dim-0 has-background-dim\" style=\"background-color:#d4827c\"><\/span><img loading=\"lazy\" decoding=\"async\" width=\"384\" height=\"238\" class=\"wp-block-cover__image-background wp-image-43172\" alt=\"\" src=\"https:\/\/cambrabcn.org\/wp-content\/uploads\/2024\/03\/cambra_la-institucio-jpg.webp\" data-object-fit=\"cover\" srcset=\"https:\/\/cambrabcn.org\/wp-content\/uploads\/2024\/03\/cambra_la-institucio-jpg.webp 384w, https:\/\/cambrabcn.org\/wp-content\/uploads\/2024\/03\/cambra_la-institucio-300x186.webp 300w\" sizes=\"auto, (max-width: 384px) 100vw, 384px\" \/><div class=\"wp-block-cover__inner-container is-layout-flow wp-block-cover-is-layout-flow\">\n<p class=\"has-text-align-center has-large-font-size\"><\/p>\n<\/div><\/div>\n\n\n\n<div class=\"wp-block-group is-layout-constrained wp-container-core-group-is-layout-e4f67336 wp-block-group-is-layout-constrained\" style=\"padding-top:0;padding-right:1rem;padding-bottom:0;padding-left:1rem\">\n<h3 class=\"wp-block-heading has-normal-font-size\" style=\"margin-top:var(--wp--preset--spacing--40);margin-right:var(--wp--preset--spacing--40);margin-bottom:var(--wp--preset--spacing--40);margin-left:var(--wp--preset--spacing--40)\"><a href=\"https:\/\/cambrabcn.org\/en\/about-cambra\/the-institution\/\">The Institution<\/a><\/h3>\n\n\n\n<p class=\"has-small-font-size\" style=\"margin-top:var(--wp--preset--spacing--40);margin-right:var(--wp--preset--spacing--40);margin-bottom:var(--wp--preset--spacing--40);margin-left:var(--wp--preset--spacing--40)\">We actively participate in the defense of the general interest of the productive fabric, promoting its competitiveness and driving its growth.<\/p>\n<\/div>\n<\/div>\n\n\n\n<div class=\"wp-block-column is-layout-flow wp-container-core-column-is-layout-8a368f38 wp-block-column-is-layout-flow\">\n<div class=\"wp-block-cover is-light\"><span aria-hidden=\"true\" class=\"wp-block-cover__background has-background-dim-0 has-background-dim\" style=\"background-color:#8e9297\"><\/span><img loading=\"lazy\" decoding=\"async\" width=\"384\" height=\"238\" class=\"wp-block-cover__image-background wp-image-43168\" alt=\"\" src=\"https:\/\/cambrabcn.org\/wp-content\/uploads\/2024\/03\/cambra-reunio-treball-quadrat-jpg.webp\" data-object-fit=\"cover\" srcset=\"https:\/\/cambrabcn.org\/wp-content\/uploads\/2024\/03\/cambra-reunio-treball-quadrat-jpg.webp 384w, https:\/\/cambrabcn.org\/wp-content\/uploads\/2024\/03\/cambra-reunio-treball-quadrat-300x186.webp 300w\" sizes=\"auto, (max-width: 384px) 100vw, 384px\" \/><div class=\"wp-block-cover__inner-container is-layout-flow wp-block-cover-is-layout-flow\">\n<p class=\"has-text-align-center has-large-font-size\"><\/p>\n<\/div><\/div>\n\n\n\n<div class=\"wp-block-group is-layout-constrained wp-container-core-group-is-layout-96dd1c74 wp-block-group-is-layout-constrained\" style=\"padding-top:0;padding-right:1rem;padding-bottom:0;padding-left:1rem\">\n<h3 class=\"wp-block-heading has-normal-font-size\" style=\"margin-top:var(--wp--preset--spacing--40);margin-right:var(--wp--preset--spacing--40);margin-bottom:var(--wp--preset--spacing--40);margin-left:var(--wp--preset--spacing--40)\"><a href=\"https:\/\/cambrabcn.org\/en\/about-cambra\/our-activity\/\">Our Activity<\/a><\/h3>\n\n\n\n<p class=\"has-small-font-size\" style=\"margin-top:var(--wp--preset--spacing--40);margin-right:var(--wp--preset--spacing--40);margin-bottom:var(--wp--preset--spacing--40);margin-left:var(--wp--preset--spacing--40)\">We actively participate in the promotion and defense of the productive fabric to encourage its competitiveness and growth.<\/p>\n<\/div>\n<\/div>\n\n\n\n<div class=\"wp-block-column is-layout-flow wp-container-core-column-is-layout-8a368f38 wp-block-column-is-layout-flow\">\n<div class=\"wp-block-cover\"><span aria-hidden=\"true\" class=\"wp-block-cover__background has-background-dim-0 has-background-dim\" style=\"background-color:#827162\"><\/span><img loading=\"lazy\" decoding=\"async\" width=\"384\" height=\"238\" class=\"wp-block-cover__image-background wp-image-43175\" alt=\"\" src=\"https:\/\/cambrabcn.org\/wp-content\/uploads\/2024\/03\/cambra-la-llotja-historia-jpg.webp\" data-object-fit=\"cover\" srcset=\"https:\/\/cambrabcn.org\/wp-content\/uploads\/2024\/03\/cambra-la-llotja-historia-jpg.webp 384w, https:\/\/cambrabcn.org\/wp-content\/uploads\/2024\/03\/cambra-la-llotja-historia-300x186.webp 300w\" sizes=\"auto, (max-width: 384px) 100vw, 384px\" \/><div class=\"wp-block-cover__inner-container is-layout-flow wp-block-cover-is-layout-flow\">\n<p class=\"has-text-align-center has-large-font-size\"><\/p>\n<\/div><\/div>\n\n\n\n<div class=\"wp-block-group is-layout-constrained wp-container-core-group-is-layout-96dd1c74 wp-block-group-is-layout-constrained\" style=\"padding-top:0;padding-right:1rem;padding-bottom:0;padding-left:1rem\">\n<h3 class=\"wp-block-heading has-normal-font-size\" style=\"margin-top:var(--wp--preset--spacing--40);margin-right:var(--wp--preset--spacing--40);margin-bottom:var(--wp--preset--spacing--40);margin-left:var(--wp--preset--spacing--40)\"><a href=\"https:\/\/cambrabcn.org\/about-cambra\/history\/\">Our History<\/a><\/h3>\n\n\n\n<p class=\"has-small-font-size\" style=\"margin-top:var(--wp--preset--spacing--40);margin-right:var(--wp--preset--spacing--40);margin-bottom:var(--wp--preset--spacing--40);margin-left:var(--wp--preset--spacing--40)\">We are a corporation with more than 135 years of history, heir to the Consulate of the Sea and the Board of Trade, which contributes to economic progress.<\/p>\n<\/div>\n<\/div>\n<\/div>\n<\/div>\n\n\n\n<div class=\"wp-block-group card-box-shadow cambra-card is-layout-constrained wp-block-group-is-layout-constrained\"><\/div>\n<\/div>\n\n\n\n<div class=\"wp-block-group cambra-home-news-cards is-layout-constrained wp-block-group-is-layout-constrained\">\n<div style=\"height:10px\" aria-hidden=\"true\" class=\"wp-block-spacer\"><\/div>\n<\/div>\n<\/div>\n\n\n\n<p><\/p>\n","protected":false},"excerpt":{"rendered":"<p>The Institution We actively participate in the defense of the general interest of the productive fabric, promoting its competitiveness and driving its growth. Our Activity We actively participate in the promotion and defense of the productive fabric to encourage its competitiveness and growth. Our History We are a corporation with more than 135 years of [&hellip;]<\/p>\n","protected":false},"author":2,"featured_media":0,"parent":0,"menu_order":0,"comment_status":"closed","ping_status":"closed","template":"","meta":{"_acf_changed":false,"inline_featured_image":false,"ep_exclude_from_search":false,"footnotes":""},"class_list":["post-1433","page","type-page","status-publish","hentry"],"pp_statuses_selecting_workflow":false,"pp_workflow_action":"current","pp_status_selection":"publish","acf":[],"yoast_head":"<!-- This site is optimized with the Yoast SEO Premium plugin v27.1 (Yoast SEO v27.4) - https:\/\/yoast.com\/product\/yoast-seo-premium-wordpress\/ -->\n<title>About Cambra | Cambra de Comer\u00e7 de Barcelona<\/title>\n<meta name=\"robots\" content=\"index, follow, max-snippet:-1, max-image-preview:large, max-video-preview:-1\" \/>\n<link rel=\"canonical\" href=\"https:\/\/cambrabcn.org\/en\/about-cambra\/\" \/>\n<meta property=\"og:locale\" content=\"en_US\" \/>\n<meta property=\"og:type\" content=\"article\" \/>\n<meta property=\"og:title\" content=\"About Cambra\" \/>\n<meta property=\"og:description\" content=\"The Institution We actively participate in the defense of the general interest of the productive fabric, promoting its competitiveness and driving its growth. Our Activity We actively participate in the promotion and defense of the productive fabric to encourage its competitiveness and growth. Our History We are a corporation with more than 135 years of [&hellip;]\" \/>\n<meta property=\"og:url\" content=\"https:\/\/cambrabcn.org\/en\/about-cambra\/\" \/>\n<meta property=\"og:site_name\" content=\"Cambra de Comer\u00e7 de Barcelona\" \/>\n<meta property=\"article:modified_time\" content=\"2024-10-21T06:54:15+00:00\" \/>\n<meta property=\"og:image\" content=\"https:\/\/cambrabcn.org\/wp-content\/uploads\/2024\/04\/BACKGROUND_HOME.png\" \/>\n<meta name=\"twitter:card\" content=\"summary_large_image\" \/>\n<meta name=\"twitter:site\" content=\"@cambrabcn\" \/>\n<meta name=\"twitter:label1\" content=\"Est. reading time\" \/>\n\t<meta name=\"twitter:data1\" content=\"2 minutes\" \/>\n<script type=\"application\/ld+json\" class=\"yoast-schema-graph\">{\"@context\":\"https:\\\/\\\/schema.org\",\"@graph\":[{\"@type\":\"WebPage\",\"@id\":\"https:\\\/\\\/cambrabcn.org\\\/en\\\/about-cambra\\\/\",\"url\":\"https:\\\/\\\/cambrabcn.org\\\/en\\\/about-cambra\\\/\",\"name\":\"About Cambra | Cambra de Comer\u00e7 de Barcelona\",\"isPartOf\":{\"@id\":\"https:\\\/\\\/cambrabcn.org\\\/en\\\/#website\"},\"primaryImageOfPage\":{\"@id\":\"https:\\\/\\\/cambrabcn.org\\\/en\\\/about-cambra\\\/#primaryimage\"},\"image\":{\"@id\":\"https:\\\/\\\/cambrabcn.org\\\/en\\\/about-cambra\\\/#primaryimage\"},\"thumbnailUrl\":\"https:\\\/\\\/cambrabcn.org\\\/wp-content\\\/uploads\\\/2024\\\/04\\\/BACKGROUND_HOME.png\",\"datePublished\":\"2024-02-01T10:00:00+00:00\",\"dateModified\":\"2024-10-21T06:54:15+00:00\",\"breadcrumb\":{\"@id\":\"https:\\\/\\\/cambrabcn.org\\\/en\\\/about-cambra\\\/#breadcrumb\"},\"inLanguage\":\"en-US\",\"potentialAction\":[{\"@type\":\"ReadAction\",\"target\":[\"https:\\\/\\\/cambrabcn.org\\\/en\\\/about-cambra\\\/\"]}]},{\"@type\":\"ImageObject\",\"inLanguage\":\"en-US\",\"@id\":\"https:\\\/\\\/cambrabcn.org\\\/en\\\/about-cambra\\\/#primaryimage\",\"url\":\"https:\\\/\\\/cambrabcn.org\\\/wp-content\\\/uploads\\\/2024\\\/04\\\/BACKGROUND_HOME.png\",\"contentUrl\":\"https:\\\/\\\/cambrabcn.org\\\/wp-content\\\/uploads\\\/2024\\\/04\\\/BACKGROUND_HOME.png\"},{\"@type\":\"BreadcrumbList\",\"@id\":\"https:\\\/\\\/cambrabcn.org\\\/en\\\/about-cambra\\\/#breadcrumb\",\"itemListElement\":[{\"@type\":\"ListItem\",\"position\":1,\"name\":\"Home\",\"item\":\"https:\\\/\\\/cambrabcn.org\\\/en\\\/\"},{\"@type\":\"ListItem\",\"position\":2,\"name\":\"About Cambra\"}]},{\"@type\":\"WebSite\",\"@id\":\"https:\\\/\\\/cambrabcn.org\\\/en\\\/#website\",\"url\":\"https:\\\/\\\/cambrabcn.org\\\/en\\\/\",\"name\":\"Cambra de Comer\u00e7 de Barcelona\",\"description\":\"La Cambra de Tothom\",\"publisher\":{\"@id\":\"https:\\\/\\\/cambrabcn.org\\\/en\\\/#organization\"},\"alternateName\":\"Cambra Oficial de Comer\u00e7, Ind\u00fastria, Serveis i Navegaci\u00f3 de Barcelona\",\"potentialAction\":[{\"@type\":\"SearchAction\",\"target\":{\"@type\":\"EntryPoint\",\"urlTemplate\":\"https:\\\/\\\/cambrabcn.org\\\/en\\\/?s={search_term_string}\"},\"query-input\":{\"@type\":\"PropertyValueSpecification\",\"valueRequired\":true,\"valueName\":\"search_term_string\"}}],\"inLanguage\":\"en-US\"},{\"@type\":\"Organization\",\"@id\":\"https:\\\/\\\/cambrabcn.org\\\/en\\\/#organization\",\"name\":\"Cambra de Comer\u00e7 de Barcelona\",\"alternateName\":\"Cambra Oficial de Comer\u00e7, Ind\u00fastria, Serveis i Navegaci\u00f3 de Barcelona\",\"url\":\"https:\\\/\\\/cambrabcn.org\\\/en\\\/\",\"logo\":{\"@type\":\"ImageObject\",\"inLanguage\":\"en-US\",\"@id\":\"https:\\\/\\\/cambrabcn.org\\\/en\\\/#\\\/schema\\\/logo\\\/image\\\/\",\"url\":\"https:\\\/\\\/cambrabcn.org\\\/wp-content\\\/uploads\\\/2023\\\/11\\\/logo-cambra-300x77-1.png\",\"contentUrl\":\"https:\\\/\\\/cambrabcn.org\\\/wp-content\\\/uploads\\\/2023\\\/11\\\/logo-cambra-300x77-1.png\",\"width\":300,\"height\":77,\"caption\":\"Cambra de Comer\u00e7 de Barcelona\"},\"image\":{\"@id\":\"https:\\\/\\\/cambrabcn.org\\\/en\\\/#\\\/schema\\\/logo\\\/image\\\/\"},\"sameAs\":[\"https:\\\/\\\/x.com\\\/cambrabcn\",\"https:\\\/\\\/www.instagram.com\\\/cambrabcn\\\/\",\"https:\\\/\\\/www.linkedin.com\\\/school\\\/cambrabcn\",\"https:\\\/\\\/www.youtube.com\\\/user\\\/PressCambrabcn\",\"https:\\\/\\\/ca.wikipedia.org\\\/wiki\\\/Cambra_Oficial_de_Comer\u00e7,_Ind\u00fastria_i_Navegaci\u00f3_de_Barcelona\",\"http:\\\/\\\/viaf.org\\\/viaf\\\/124017095\"],\"description\":\"La Cambra Oficial de Comer\u00e7, Ind\u00fastria, Serveis i Navegaci\u00f3 de Barcelona \u00e9s una corporaci\u00f3 de dret p\u00fablic que presta serveis a les empreses, contribuint a la regeneraci\u00f3 del teixit econ\u00f2mic i la creaci\u00f3 d\u2019ocupaci\u00f3.\",\"email\":\"cambra@cambrabcn.cat\",\"telephone\":\"+34 93 416 93 00\",\"legalName\":\"La Cambra Oficial de Comer\u00e7, Ind\u00fastria, Serveis i Navegaci\u00f3 de Barcelona\",\"foundingDate\":\"1886-01-01\",\"vatID\":\"Q0873001B\",\"taxID\":\"Q0873001B\",\"naics\":\"813910\"}]}<\/script>\n<!-- \/ Yoast SEO Premium plugin. -->","yoast_head_json":{"title":"About Cambra | Cambra de Comer\u00e7 de Barcelona","robots":{"index":"index","follow":"follow","max-snippet":"max-snippet:-1","max-image-preview":"max-image-preview:large","max-video-preview":"max-video-preview:-1"},"canonical":"https:\/\/cambrabcn.org\/en\/about-cambra\/","og_locale":"en_US","og_type":"article","og_title":"About Cambra","og_description":"The Institution We actively participate in the defense of the general interest of the productive fabric, promoting its competitiveness and driving its growth. Our Activity We actively participate in the promotion and defense of the productive fabric to encourage its competitiveness and growth. Our History We are a corporation with more than 135 years of [&hellip;]","og_url":"https:\/\/cambrabcn.org\/en\/about-cambra\/","og_site_name":"Cambra de Comer\u00e7 de Barcelona","article_modified_time":"2024-10-21T06:54:15+00:00","og_image":[{"url":"https:\/\/cambrabcn.org\/wp-content\/uploads\/2024\/04\/BACKGROUND_HOME.png","type":"","width":"","height":""}],"twitter_card":"summary_large_image","twitter_site":"@cambrabcn","twitter_misc":{"Est. reading time":"2 minutes"},"schema":{"@context":"https:\/\/schema.org","@graph":[{"@type":"WebPage","@id":"https:\/\/cambrabcn.org\/en\/about-cambra\/","url":"https:\/\/cambrabcn.org\/en\/about-cambra\/","name":"About Cambra | Cambra de Comer\u00e7 de Barcelona","isPartOf":{"@id":"https:\/\/cambrabcn.org\/en\/#website"},"primaryImageOfPage":{"@id":"https:\/\/cambrabcn.org\/en\/about-cambra\/#primaryimage"},"image":{"@id":"https:\/\/cambrabcn.org\/en\/about-cambra\/#primaryimage"},"thumbnailUrl":"https:\/\/cambrabcn.org\/wp-content\/uploads\/2024\/04\/BACKGROUND_HOME.png","datePublished":"2024-02-01T10:00:00+00:00","dateModified":"2024-10-21T06:54:15+00:00","breadcrumb":{"@id":"https:\/\/cambrabcn.org\/en\/about-cambra\/#breadcrumb"},"inLanguage":"en-US","potentialAction":[{"@type":"ReadAction","target":["https:\/\/cambrabcn.org\/en\/about-cambra\/"]}]},{"@type":"ImageObject","inLanguage":"en-US","@id":"https:\/\/cambrabcn.org\/en\/about-cambra\/#primaryimage","url":"https:\/\/cambrabcn.org\/wp-content\/uploads\/2024\/04\/BACKGROUND_HOME.png","contentUrl":"https:\/\/cambrabcn.org\/wp-content\/uploads\/2024\/04\/BACKGROUND_HOME.png"},{"@type":"BreadcrumbList","@id":"https:\/\/cambrabcn.org\/en\/about-cambra\/#breadcrumb","itemListElement":[{"@type":"ListItem","position":1,"name":"Home","item":"https:\/\/cambrabcn.org\/en\/"},{"@type":"ListItem","position":2,"name":"About Cambra"}]},{"@type":"WebSite","@id":"https:\/\/cambrabcn.org\/en\/#website","url":"https:\/\/cambrabcn.org\/en\/","name":"Cambra de Comer\u00e7 de Barcelona","description":"La Cambra de Tothom","publisher":{"@id":"https:\/\/cambrabcn.org\/en\/#organization"},"alternateName":"Cambra Oficial de Comer\u00e7, Ind\u00fastria, Serveis i Navegaci\u00f3 de Barcelona","potentialAction":[{"@type":"SearchAction","target":{"@type":"EntryPoint","urlTemplate":"https:\/\/cambrabcn.org\/en\/?s={search_term_string}"},"query-input":{"@type":"PropertyValueSpecification","valueRequired":true,"valueName":"search_term_string"}}],"inLanguage":"en-US"},{"@type":"Organization","@id":"https:\/\/cambrabcn.org\/en\/#organization","name":"Cambra de Comer\u00e7 de Barcelona","alternateName":"Cambra Oficial de Comer\u00e7, Ind\u00fastria, Serveis i Navegaci\u00f3 de Barcelona","url":"https:\/\/cambrabcn.org\/en\/","logo":{"@type":"ImageObject","inLanguage":"en-US","@id":"https:\/\/cambrabcn.org\/en\/#\/schema\/logo\/image\/","url":"https:\/\/cambrabcn.org\/wp-content\/uploads\/2023\/11\/logo-cambra-300x77-1.png","contentUrl":"https:\/\/cambrabcn.org\/wp-content\/uploads\/2023\/11\/logo-cambra-300x77-1.png","width":300,"height":77,"caption":"Cambra de Comer\u00e7 de Barcelona"},"image":{"@id":"https:\/\/cambrabcn.org\/en\/#\/schema\/logo\/image\/"},"sameAs":["https:\/\/x.com\/cambrabcn","https:\/\/www.instagram.com\/cambrabcn\/","https:\/\/www.linkedin.com\/school\/cambrabcn","https:\/\/www.youtube.com\/user\/PressCambrabcn","https:\/\/ca.wikipedia.org\/wiki\/Cambra_Oficial_de_Comer\u00e7,_Ind\u00fastria_i_Navegaci\u00f3_de_Barcelona","http:\/\/viaf.org\/viaf\/124017095"],"description":"La Cambra Oficial de Comer\u00e7, Ind\u00fastria, Serveis i Navegaci\u00f3 de Barcelona \u00e9s una corporaci\u00f3 de dret p\u00fablic que presta serveis a les empreses, contribuint a la regeneraci\u00f3 del teixit econ\u00f2mic i la creaci\u00f3 d\u2019ocupaci\u00f3.","email":"cambra@cambrabcn.cat","telephone":"+34 93 416 93 00","legalName":"La Cambra Oficial de Comer\u00e7, Ind\u00fastria, Serveis i Navegaci\u00f3 de Barcelona","foundingDate":"1886-01-01","vatID":"Q0873001B","taxID":"Q0873001B","naics":"813910"}]}},"mfb_rest_fields":["pp_statuses_selecting_workflow","pp_workflow_action","pp_status_selection","yoast_head","yoast_head_json"],"_links":{"self":[{"href":"https:\/\/cambrabcn.org\/en\/wp-json\/wp\/v2\/pages\/1433","targetHints":{"allow":["GET"]}}],"collection":[{"href":"https:\/\/cambrabcn.org\/en\/wp-json\/wp\/v2\/pages"}],"about":[{"href":"https:\/\/cambrabcn.org\/en\/wp-json\/wp\/v2\/types\/page"}],"author":[{"embeddable":true,"href":"https:\/\/cambrabcn.org\/en\/wp-json\/wp\/v2\/users\/2"}],"replies":[{"embeddable":true,"href":"https:\/\/cambrabcn.org\/en\/wp-json\/wp\/v2\/comments?post=1433"}],"version-history":[{"count":14,"href":"https:\/\/cambrabcn.org\/en\/wp-json\/wp\/v2\/pages\/1433\/revisions"}],"predecessor-version":[{"id":69727,"href":"https:\/\/cambrabcn.org\/en\/wp-json\/wp\/v2\/pages\/1433\/revisions\/69727"}],"wp:attachment":[{"href":"https:\/\/cambrabcn.org\/en\/wp-json\/wp\/v2\/media?parent=1433"}],"curies":[{"name":"wp","href":"https:\/\/api.w.org\/{rel}","templated":true}]}}