{"id":1431,"date":"2024-02-01T12:00:00","date_gmt":"2024-02-01T10:00:00","guid":{"rendered":"https:\/\/cambrabcn.org\/la-institucio\/"},"modified":"2024-10-21T09:05:08","modified_gmt":"2024-10-21T07:05:08","slug":"the-institution","status":"publish","type":"page","link":"https:\/\/cambrabcn.org\/en\/about-cambra\/the-institution\/","title":{"rendered":"The Institution"},"content":{"rendered":"\n<div class=\"wp-block-group cambra-plp-about-us is-layout-constrained wp-container-core-group-is-layout-e555385e wp-block-group-is-layout-constrained\">\n<div style=\"height:1.5rem\" aria-hidden=\"true\" class=\"wp-block-spacer\"><\/div>\n\n\n<div class=\"wp-block-cambra-custom-blocks-cambra-breadcrumbs\"><nav role=\"navigation\" aria-label=\"Breadcrumb\" class=\"breadcrumb\"><ol class=\"breadcrumb-items\"><li class=\"breadcrumb-item breadcrumb-item--current breadcrumb-item--home\"><span class=\"breadcrumb-item-name\">Home<\/span><\/li><\/ol><\/nav><\/div>\n\n\n<div style=\"height:1.5rem\" aria-hidden=\"true\" class=\"wp-block-spacer hide-mobile\"><\/div>\n\n\n\n<div class=\"wp-block-group wp-block-cambra-custom-blocks-cambra-section-title cambra-section-title cambra-bottom-line cambra-bottom-line--center is-layout-constrained wp-block-group-is-layout-constrained\">\n<h1 class=\"wp-block-heading has-text-align-center heading-1\">The Institution<\/h1>\n\n\n\n<p class=\"has-text-align-center paragraph-s-big has-secondary-neutral-black-color has-text-color has-link-color wp-elements-28aa9261e8ba9a18b7a5200fd096f993\">We represent, listen and take action in favor of companies and self-employed individuals<\/p>\n<\/div>\n\n\n\n<div style=\"height:2rem\" aria-hidden=\"true\" class=\"wp-block-spacer\"><\/div>\n\n\n\n<div style=\"height:2rem\" aria-hidden=\"true\" class=\"wp-block-spacer hide-mobile\"><\/div>\n\n\n\n<div class=\"wp-block-columns is-layout-flex wp-container-core-columns-is-layout-91ca75f0 wp-block-columns-is-layout-flex\">\n<div class=\"wp-block-column is-layout-flow wp-block-column-is-layout-flow\" style=\"flex-basis:23%\">\n<div id=\"cambra-side-menu-block-block_0cbe8ef0707044c42e99f339025c9593\" class=\"cambra-side-menu-block w-100 side-menu-md-right\">\n\t<div data-control=\"tablet-dropdown\" class=\"cambra-side-menu cambra-dropdown tablet-dropdown\">\n    <a class=\"cambra-side-menu--title drop\" href=\"#\">\n\t\tAbout Cambra        <span class=\"cambra-arrow-down\"><\/span>\n    <\/a>\n    <ul class=\"cambra-side-menu--links cambra-dropdown-list\">\n\t\t            <li>\n\t\t\t\t                    <div>\n                        <a class=\"cambra-collapsible current\" href=\"\">\n\t\t\t\t\t\t\tThe Institution                            <span class=\"cambra-arrow-down\"><\/span>\n                        <\/a>\n                        <ul class=\"cambra-collapsible--content\">\n\t\t\t\t\t\t\t\t\t\t\t\t\t\t                                <li>\n                                    <a class=\"cambra-collapsible-link\"\n                                       href=\"\/en\/about-cambra\/the-institution\/mision-vision-and-values\/\">\n\t\t\t\t\t\t\t\t\t\tMision, vision and values                                    <\/a>\n                                <\/li>\n\t\t\t\t\t\t\t                                <li>\n                                    <a class=\"cambra-collapsible-link\"\n                                       href=\"\/en\/about-cambra\/the-institution\/governing-bodies\/\">\n\t\t\t\t\t\t\t\t\t\tGovernment Bodies                                    <\/a>\n                                <\/li>\n\t\t\t\t\t\t\t                        <\/ul>\n                    <\/div>\n\t\t\t\t            <\/li>\n\t\t            <li>\n\t\t\t\t                    <a class=\"\"\n                       href=\"\/en\/about-cambra\/our-activity\/\">\n\t\t\t\t\t\tOur Activity                    <\/a>\n\t\t\t\t            <\/li>\n\t\t            <li>\n\t\t\t\t                    <a class=\"\"\n                       href=\"\/en\/about-cambra\/history\/\">\n\t\t\t\t\t\tOur History                    <\/a>\n\t\t\t\t            <\/li>\n\t\t    <\/ul>\n<\/div>\n<\/div>\n<\/div>\n\n\n\n<div class=\"wp-block-column is-layout-flow wp-block-column-is-layout-flow\" style=\"flex-basis:77%\">\n<div class=\"wp-block-group card-box-shadow cambra-card is-layout-constrained wp-block-group-is-layout-constrained\">\n<div class=\"wp-block-columns is-layout-flex wp-container-core-columns-is-layout-28f84493 wp-block-columns-is-layout-flex\">\n<div class=\"wp-block-column is-layout-flow wp-container-core-column-is-layout-8a368f38 wp-block-column-is-layout-flow\">\n<div class=\"wp-block-cover is-light\"><span aria-hidden=\"true\" class=\"wp-block-cover__background has-background-dim-0 has-background-dim\" style=\"background-color:#aa908e\"><\/span><img data-dominant-color=\"9b7776\" data-has-transparency=\"false\" style=\"--dominant-color: #9b7776;\" loading=\"lazy\" decoding=\"async\" width=\"384\" height=\"238\" class=\"wp-block-cover__image-background wp-image-43186 not-transparent\" alt=\"\" src=\"https:\/\/cambrabcn.org\/wp-content\/uploads\/2024\/03\/cambra_missio-jpg.webp\" data-object-fit=\"cover\" srcset=\"https:\/\/cambrabcn.org\/wp-content\/uploads\/2024\/03\/cambra_missio-jpg.webp 384w, https:\/\/cambrabcn.org\/wp-content\/uploads\/2024\/03\/cambra_missio-300x186.webp 300w\" sizes=\"auto, (max-width: 384px) 100vw, 384px\" \/><div class=\"wp-block-cover__inner-container is-layout-flow wp-block-cover-is-layout-flow\">\n<p class=\"has-text-align-center has-large-font-size\"><\/p>\n<\/div><\/div>\n\n\n\n<div class=\"wp-block-group is-layout-constrained wp-container-core-group-is-layout-da470a24 wp-block-group-is-layout-constrained\" style=\"padding-top:0;padding-right:var(--wp--preset--spacing--40);padding-bottom:0;padding-left:var(--wp--preset--spacing--40)\">\n<h3 class=\"wp-block-heading has-normal-font-size\" style=\"margin-top:var(--wp--preset--spacing--40);margin-right:var(--wp--preset--spacing--40);margin-bottom:var(--wp--preset--spacing--40);margin-left:var(--wp--preset--spacing--40)\"><a href=\"https:\/\/cambrabcn.org\/en\/about-cambra\/the-institution\/mision-vision-and-values\/\">Mision, vision and values<\/a><\/h3>\n\n\n\n<p class=\"has-small-font-size\" style=\"margin-top:var(--wp--preset--spacing--40);margin-right:var(--wp--preset--spacing--40);margin-bottom:var(--wp--preset--spacing--40);margin-left:var(--wp--preset--spacing--40)\">Discover Our Identity and What Drives Us as a Corporation. Take a look into who we are and uncover what motivates and inspires us. We offer a perspective adapted to modern times, with the aim of contributing to economic progress.<\/p>\n<\/div>\n<\/div>\n\n\n\n<div class=\"wp-block-column is-layout-flow wp-block-column-is-layout-flow\">\n<div class=\"wp-block-cover\" style=\"min-height:160px;aspect-ratio:unset;\"><span aria-hidden=\"true\" class=\"wp-block-cover__background has-background-dim-0 has-background-dim\" style=\"background-color:#9e968e\"><\/span><img data-dominant-color=\"785f4a\" data-has-transparency=\"false\" style=\"--dominant-color: #785f4a;\" loading=\"lazy\" decoding=\"async\" width=\"2000\" height=\"1500\" class=\"wp-block-cover__image-background wp-image-65899 not-transparent\" alt=\"\" src=\"https:\/\/cambrabcn.org\/wp-content\/uploads\/2024\/09\/cambra_organs-de-govern.jpg\" data-object-fit=\"cover\" srcset=\"https:\/\/cambrabcn.org\/wp-content\/uploads\/2024\/09\/cambra_organs-de-govern.jpg 2000w, https:\/\/cambrabcn.org\/wp-content\/uploads\/2024\/09\/cambra_organs-de-govern-300x225.jpg 300w, https:\/\/cambrabcn.org\/wp-content\/uploads\/2024\/09\/cambra_organs-de-govern-1024x768.jpg 1024w, https:\/\/cambrabcn.org\/wp-content\/uploads\/2024\/09\/cambra_organs-de-govern-768x576.jpg 768w, https:\/\/cambrabcn.org\/wp-content\/uploads\/2024\/09\/cambra_organs-de-govern-1536x1152.jpg 1536w, https:\/\/cambrabcn.org\/wp-content\/uploads\/2024\/09\/cambra_organs-de-govern-600x450.jpg 600w\" sizes=\"auto, (max-width: 2000px) 100vw, 2000px\" \/><div class=\"wp-block-cover__inner-container is-layout-flow wp-block-cover-is-layout-flow\">\n<p class=\"has-text-align-center has-large-font-size\"><\/p>\n<\/div><\/div>\n\n\n\n<div class=\"wp-block-group is-layout-constrained wp-container-core-group-is-layout-0866b24a wp-block-group-is-layout-constrained\" style=\"margin-top:0;margin-bottom:0;padding-top:0;padding-right:var(--wp--preset--spacing--40);padding-bottom:0;padding-left:var(--wp--preset--spacing--40)\">\n<h3 class=\"wp-block-heading has-normal-font-size\" style=\"margin-top:var(--wp--preset--spacing--40);margin-right:var(--wp--preset--spacing--40);margin-bottom:var(--wp--preset--spacing--40);margin-left:var(--wp--preset--spacing--40)\"><a href=\"https:\/\/cambrabcn.org\/en\/about-cambra\/the-institution\/governing-bodies\/\">Government Bodies<\/a><\/h3>\n\n\n\n<p class=\"has-small-font-size\" style=\"margin-top:var(--wp--preset--spacing--40);margin-right:var(--wp--preset--spacing--40);margin-bottom:var(--wp--preset--spacing--40);margin-left:var(--wp--preset--spacing--40)\">The Plenary, the Executive Committee, and the Presidency make up the governing and representative bodies of the corporation. These positions are renewed every four years.<\/p>\n<\/div>\n<\/div>\n<\/div>\n<\/div>\n<\/div>\n<\/div>\n\n\n\n<div style=\"height:2rem\" aria-hidden=\"true\" class=\"wp-block-spacer\"><\/div>\n<\/div>\n","protected":false},"excerpt":{"rendered":"<p>The Institution We represent, listen and take action in favor of companies and self-employed individuals Mision, vision and values Discover Our Identity and What Drives Us as a Corporation. Take a look into who we are and uncover what motivates and inspires us. We offer a perspective adapted to modern times, with the aim of [&hellip;]<\/p>\n","protected":false},"author":2,"featured_media":0,"parent":1433,"menu_order":0,"comment_status":"closed","ping_status":"closed","template":"","meta":{"_acf_changed":false,"inline_featured_image":false,"ep_exclude_from_search":false,"footnotes":""},"class_list":["post-1431","page","type-page","status-publish","hentry"],"pp_statuses_selecting_workflow":false,"pp_workflow_action":"current","pp_status_selection":"publish","acf":[],"yoast_head":"<!-- This site is optimized with the Yoast SEO Premium plugin v27.1 (Yoast SEO v27.1.1) - https:\/\/yoast.com\/product\/yoast-seo-premium-wordpress\/ -->\n<title>The Institution | Cambra de Comer\u00e7 de Barcelona<\/title>\n<meta name=\"robots\" content=\"index, follow, max-snippet:-1, max-image-preview:large, max-video-preview:-1\" \/>\n<link rel=\"canonical\" href=\"https:\/\/cambrabcn.org\/en\/about-cambra\/the-institution\/\" \/>\n<meta property=\"og:locale\" content=\"en_US\" \/>\n<meta property=\"og:type\" content=\"article\" \/>\n<meta property=\"og:title\" content=\"The Institution\" \/>\n<meta property=\"og:description\" content=\"The Institution We represent, listen and take action in favor of companies and self-employed individuals Mision, vision and values Discover Our Identity and What Drives Us as a Corporation. Take a look into who we are and uncover what motivates and inspires us. We offer a perspective adapted to modern times, with the aim of [&hellip;]\" \/>\n<meta property=\"og:url\" content=\"https:\/\/cambrabcn.org\/en\/about-cambra\/the-institution\/\" \/>\n<meta property=\"og:site_name\" content=\"Cambra de Comer\u00e7 de Barcelona\" \/>\n<meta property=\"article:modified_time\" content=\"2024-10-21T07:05:08+00:00\" \/>\n<meta property=\"og:image\" content=\"https:\/\/cambrabcn.org\/wp-content\/uploads\/2024\/03\/cambra_missio-jpg.webp\" \/>\n<meta name=\"twitter:card\" content=\"summary_large_image\" \/>\n<meta name=\"twitter:site\" content=\"@cambrabcn\" \/>\n<meta name=\"twitter:label1\" content=\"Est. reading time\" \/>\n\t<meta name=\"twitter:data1\" content=\"1 minute\" \/>\n<script type=\"application\/ld+json\" class=\"yoast-schema-graph\">{\"@context\":\"https:\/\/schema.org\",\"@graph\":[{\"@type\":\"WebPage\",\"@id\":\"https:\/\/cambrabcn.org\/en\/about-cambra\/the-institution\/\",\"url\":\"https:\/\/cambrabcn.org\/en\/about-cambra\/the-institution\/\",\"name\":\"The Institution | Cambra de Comer\u00e7 de Barcelona\",\"isPartOf\":{\"@id\":\"https:\/\/cambrabcn.org\/en\/#website\"},\"primaryImageOfPage\":{\"@id\":\"https:\/\/cambrabcn.org\/en\/about-cambra\/the-institution\/#primaryimage\"},\"image\":{\"@id\":\"https:\/\/cambrabcn.org\/en\/about-cambra\/the-institution\/#primaryimage\"},\"thumbnailUrl\":\"https:\/\/cambrabcn.org\/wp-content\/uploads\/2024\/03\/cambra_missio-jpg.webp\",\"datePublished\":\"2024-02-01T10:00:00+00:00\",\"dateModified\":\"2024-10-21T07:05:08+00:00\",\"breadcrumb\":{\"@id\":\"https:\/\/cambrabcn.org\/en\/about-cambra\/the-institution\/#breadcrumb\"},\"inLanguage\":\"en-US\",\"potentialAction\":[{\"@type\":\"ReadAction\",\"target\":[\"https:\/\/cambrabcn.org\/en\/about-cambra\/the-institution\/\"]}]},{\"@type\":\"ImageObject\",\"inLanguage\":\"en-US\",\"@id\":\"https:\/\/cambrabcn.org\/en\/about-cambra\/the-institution\/#primaryimage\",\"url\":\"https:\/\/cambrabcn.org\/wp-content\/uploads\/2024\/03\/cambra_missio-jpg.webp\",\"contentUrl\":\"https:\/\/cambrabcn.org\/wp-content\/uploads\/2024\/03\/cambra_missio-jpg.webp\"},{\"@type\":\"BreadcrumbList\",\"@id\":\"https:\/\/cambrabcn.org\/en\/about-cambra\/the-institution\/#breadcrumb\",\"itemListElement\":[{\"@type\":\"ListItem\",\"position\":1,\"name\":\"Home\",\"item\":\"https:\/\/cambrabcn.org\/en\/\"},{\"@type\":\"ListItem\",\"position\":2,\"name\":\"About Cambra\",\"item\":\"https:\/\/cambrabcn.org\/en\/about-cambra\/\"},{\"@type\":\"ListItem\",\"position\":3,\"name\":\"The Institution\"}]},{\"@type\":\"WebSite\",\"@id\":\"https:\/\/cambrabcn.org\/en\/#website\",\"url\":\"https:\/\/cambrabcn.org\/en\/\",\"name\":\"Cambra de Comer\u00e7 de Barcelona\",\"description\":\"La Cambra de Tothom\",\"publisher\":{\"@id\":\"https:\/\/cambrabcn.org\/en\/#organization\"},\"alternateName\":\"Cambra Oficial de Comer\u00e7, Ind\u00fastria, Serveis i Navegaci\u00f3 de Barcelona\",\"potentialAction\":[{\"@type\":\"SearchAction\",\"target\":{\"@type\":\"EntryPoint\",\"urlTemplate\":\"https:\/\/cambrabcn.org\/en\/?s={search_term_string}\"},\"query-input\":{\"@type\":\"PropertyValueSpecification\",\"valueRequired\":true,\"valueName\":\"search_term_string\"}}],\"inLanguage\":\"en-US\"},{\"@type\":\"Organization\",\"@id\":\"https:\/\/cambrabcn.org\/en\/#organization\",\"name\":\"Cambra de Comer\u00e7 de Barcelona\",\"alternateName\":\"Cambra Oficial de Comer\u00e7, Ind\u00fastria, Serveis i Navegaci\u00f3 de Barcelona\",\"url\":\"https:\/\/cambrabcn.org\/en\/\",\"logo\":{\"@type\":\"ImageObject\",\"inLanguage\":\"en-US\",\"@id\":\"https:\/\/cambrabcn.org\/en\/#\/schema\/logo\/image\/\",\"url\":\"https:\/\/cambrabcn.org\/wp-content\/uploads\/2023\/11\/logo-cambra-300x77-1.png\",\"contentUrl\":\"https:\/\/cambrabcn.org\/wp-content\/uploads\/2023\/11\/logo-cambra-300x77-1.png\",\"width\":300,\"height\":77,\"caption\":\"Cambra de Comer\u00e7 de Barcelona\"},\"image\":{\"@id\":\"https:\/\/cambrabcn.org\/en\/#\/schema\/logo\/image\/\"},\"sameAs\":[\"https:\/\/x.com\/cambrabcn\",\"https:\/\/www.instagram.com\/cambrabcn\/\",\"https:\/\/www.linkedin.com\/school\/cambrabcn\",\"https:\/\/www.youtube.com\/user\/PressCambrabcn\",\"https:\/\/ca.wikipedia.org\/wiki\/Cambra_Oficial_de_Comer\u00e7,_Ind\u00fastria_i_Navegaci\u00f3_de_Barcelona\",\"http:\/\/viaf.org\/viaf\/124017095\"],\"description\":\"La Cambra Oficial de Comer\u00e7, Ind\u00fastria, Serveis i Navegaci\u00f3 de Barcelona \u00e9s una corporaci\u00f3 de dret p\u00fablic que presta serveis a les empreses, contribuint a la regeneraci\u00f3 del teixit econ\u00f2mic i la creaci\u00f3 d\u2019ocupaci\u00f3.\",\"email\":\"cambra@cambrabcn.cat\",\"telephone\":\"+34 93 416 93 00\",\"legalName\":\"La Cambra Oficial de Comer\u00e7, Ind\u00fastria, Serveis i Navegaci\u00f3 de Barcelona\",\"foundingDate\":\"1886-01-01\",\"vatID\":\"Q0873001B\",\"taxID\":\"Q0873001B\",\"naics\":\"813910\"}]}<\/script>\n<!-- \/ Yoast SEO Premium plugin. -->","yoast_head_json":{"title":"The Institution | Cambra de Comer\u00e7 de Barcelona","robots":{"index":"index","follow":"follow","max-snippet":"max-snippet:-1","max-image-preview":"max-image-preview:large","max-video-preview":"max-video-preview:-1"},"canonical":"https:\/\/cambrabcn.org\/en\/about-cambra\/the-institution\/","og_locale":"en_US","og_type":"article","og_title":"The Institution","og_description":"The Institution We represent, listen and take action in favor of companies and self-employed individuals Mision, vision and values Discover Our Identity and What Drives Us as a Corporation. Take a look into who we are and uncover what motivates and inspires us. We offer a perspective adapted to modern times, with the aim of [&hellip;]","og_url":"https:\/\/cambrabcn.org\/en\/about-cambra\/the-institution\/","og_site_name":"Cambra de Comer\u00e7 de Barcelona","article_modified_time":"2024-10-21T07:05:08+00:00","og_image":[{"url":"https:\/\/cambrabcn.org\/wp-content\/uploads\/2024\/03\/cambra_missio-jpg.webp","type":"","width":"","height":""}],"twitter_card":"summary_large_image","twitter_site":"@cambrabcn","twitter_misc":{"Est. reading time":"1 minute"},"schema":{"@context":"https:\/\/schema.org","@graph":[{"@type":"WebPage","@id":"https:\/\/cambrabcn.org\/en\/about-cambra\/the-institution\/","url":"https:\/\/cambrabcn.org\/en\/about-cambra\/the-institution\/","name":"The Institution | Cambra de Comer\u00e7 de Barcelona","isPartOf":{"@id":"https:\/\/cambrabcn.org\/en\/#website"},"primaryImageOfPage":{"@id":"https:\/\/cambrabcn.org\/en\/about-cambra\/the-institution\/#primaryimage"},"image":{"@id":"https:\/\/cambrabcn.org\/en\/about-cambra\/the-institution\/#primaryimage"},"thumbnailUrl":"https:\/\/cambrabcn.org\/wp-content\/uploads\/2024\/03\/cambra_missio-jpg.webp","datePublished":"2024-02-01T10:00:00+00:00","dateModified":"2024-10-21T07:05:08+00:00","breadcrumb":{"@id":"https:\/\/cambrabcn.org\/en\/about-cambra\/the-institution\/#breadcrumb"},"inLanguage":"en-US","potentialAction":[{"@type":"ReadAction","target":["https:\/\/cambrabcn.org\/en\/about-cambra\/the-institution\/"]}]},{"@type":"ImageObject","inLanguage":"en-US","@id":"https:\/\/cambrabcn.org\/en\/about-cambra\/the-institution\/#primaryimage","url":"https:\/\/cambrabcn.org\/wp-content\/uploads\/2024\/03\/cambra_missio-jpg.webp","contentUrl":"https:\/\/cambrabcn.org\/wp-content\/uploads\/2024\/03\/cambra_missio-jpg.webp"},{"@type":"BreadcrumbList","@id":"https:\/\/cambrabcn.org\/en\/about-cambra\/the-institution\/#breadcrumb","itemListElement":[{"@type":"ListItem","position":1,"name":"Home","item":"https:\/\/cambrabcn.org\/en\/"},{"@type":"ListItem","position":2,"name":"About Cambra","item":"https:\/\/cambrabcn.org\/en\/about-cambra\/"},{"@type":"ListItem","position":3,"name":"The Institution"}]},{"@type":"WebSite","@id":"https:\/\/cambrabcn.org\/en\/#website","url":"https:\/\/cambrabcn.org\/en\/","name":"Cambra de Comer\u00e7 de Barcelona","description":"La Cambra de Tothom","publisher":{"@id":"https:\/\/cambrabcn.org\/en\/#organization"},"alternateName":"Cambra Oficial de Comer\u00e7, Ind\u00fastria, Serveis i Navegaci\u00f3 de Barcelona","potentialAction":[{"@type":"SearchAction","target":{"@type":"EntryPoint","urlTemplate":"https:\/\/cambrabcn.org\/en\/?s={search_term_string}"},"query-input":{"@type":"PropertyValueSpecification","valueRequired":true,"valueName":"search_term_string"}}],"inLanguage":"en-US"},{"@type":"Organization","@id":"https:\/\/cambrabcn.org\/en\/#organization","name":"Cambra de Comer\u00e7 de Barcelona","alternateName":"Cambra Oficial de Comer\u00e7, Ind\u00fastria, Serveis i Navegaci\u00f3 de Barcelona","url":"https:\/\/cambrabcn.org\/en\/","logo":{"@type":"ImageObject","inLanguage":"en-US","@id":"https:\/\/cambrabcn.org\/en\/#\/schema\/logo\/image\/","url":"https:\/\/cambrabcn.org\/wp-content\/uploads\/2023\/11\/logo-cambra-300x77-1.png","contentUrl":"https:\/\/cambrabcn.org\/wp-content\/uploads\/2023\/11\/logo-cambra-300x77-1.png","width":300,"height":77,"caption":"Cambra de Comer\u00e7 de Barcelona"},"image":{"@id":"https:\/\/cambrabcn.org\/en\/#\/schema\/logo\/image\/"},"sameAs":["https:\/\/x.com\/cambrabcn","https:\/\/www.instagram.com\/cambrabcn\/","https:\/\/www.linkedin.com\/school\/cambrabcn","https:\/\/www.youtube.com\/user\/PressCambrabcn","https:\/\/ca.wikipedia.org\/wiki\/Cambra_Oficial_de_Comer\u00e7,_Ind\u00fastria_i_Navegaci\u00f3_de_Barcelona","http:\/\/viaf.org\/viaf\/124017095"],"description":"La Cambra Oficial de Comer\u00e7, Ind\u00fastria, Serveis i Navegaci\u00f3 de Barcelona \u00e9s una corporaci\u00f3 de dret p\u00fablic que presta serveis a les empreses, contribuint a la regeneraci\u00f3 del teixit econ\u00f2mic i la creaci\u00f3 d\u2019ocupaci\u00f3.","email":"cambra@cambrabcn.cat","telephone":"+34 93 416 93 00","legalName":"La Cambra Oficial de Comer\u00e7, Ind\u00fastria, Serveis i Navegaci\u00f3 de Barcelona","foundingDate":"1886-01-01","vatID":"Q0873001B","taxID":"Q0873001B","naics":"813910"}]}},"mfb_rest_fields":["pp_statuses_selecting_workflow","pp_workflow_action","pp_status_selection","yoast_head","yoast_head_json"],"_links":{"self":[{"href":"https:\/\/cambrabcn.org\/en\/wp-json\/wp\/v2\/pages\/1431","targetHints":{"allow":["GET"]}}],"collection":[{"href":"https:\/\/cambrabcn.org\/en\/wp-json\/wp\/v2\/pages"}],"about":[{"href":"https:\/\/cambrabcn.org\/en\/wp-json\/wp\/v2\/types\/page"}],"author":[{"embeddable":true,"href":"https:\/\/cambrabcn.org\/en\/wp-json\/wp\/v2\/users\/2"}],"replies":[{"embeddable":true,"href":"https:\/\/cambrabcn.org\/en\/wp-json\/wp\/v2\/comments?post=1431"}],"version-history":[{"count":14,"href":"https:\/\/cambrabcn.org\/en\/wp-json\/wp\/v2\/pages\/1431\/revisions"}],"predecessor-version":[{"id":69731,"href":"https:\/\/cambrabcn.org\/en\/wp-json\/wp\/v2\/pages\/1431\/revisions\/69731"}],"up":[{"embeddable":true,"href":"https:\/\/cambrabcn.org\/en\/wp-json\/wp\/v2\/pages\/1433"}],"wp:attachment":[{"href":"https:\/\/cambrabcn.org\/en\/wp-json\/wp\/v2\/media?parent=1431"}],"curies":[{"name":"wp","href":"https:\/\/api.w.org\/{rel}","templated":true}]}}