{"id":1427,"date":"2024-02-01T12:00:00","date_gmt":"2024-02-01T10:00:00","guid":{"rendered":"https:\/\/cambrabcn.org\/nostre-model-negoci\/"},"modified":"2024-10-19T07:22:46","modified_gmt":"2024-10-19T05:22:46","slug":"our-activity","status":"publish","type":"page","link":"https:\/\/cambrabcn.org\/en\/about-cambra\/our-activity\/","title":{"rendered":"Our Activity"},"content":{"rendered":"\n<div class=\"wp-block-group cambra-plp-about-us is-layout-constrained wp-container-core-group-is-layout-e555385e wp-block-group-is-layout-constrained\">\n<div style=\"height:1.5rem\" aria-hidden=\"true\" class=\"wp-block-spacer\"><\/div>\n\n\n<div class=\"wp-block-cambra-custom-blocks-cambra-breadcrumbs\"><nav role=\"navigation\" aria-label=\"Breadcrumb\" class=\"breadcrumb\"><ol class=\"breadcrumb-items\"><li class=\"breadcrumb-item breadcrumb-item--current breadcrumb-item--home\"><span class=\"breadcrumb-item-name\">Home<\/span><\/li><\/ol><\/nav><\/div>\n\n\n<div style=\"height:1.5rem\" aria-hidden=\"true\" class=\"wp-block-spacer hide-mobile\"><\/div>\n\n\n\n<div class=\"wp-block-group main-content is-layout-constrained wp-container-core-group-is-layout-6b712b1a wp-block-group-is-layout-constrained\"><figure class=\"aligncenter wp-block-post-featured-image\"><img loading=\"lazy\" decoding=\"async\" width=\"1200\" height=\"273\" src=\"https:\/\/cambrabcn.org\/wp-content\/uploads\/2024\/03\/cambra-reunio-treball-1-jpg.webp\" class=\"attachment-post-thumbnail size-post-thumbnail wp-post-image\" alt=\"\" style=\"object-fit:cover;\" srcset=\"https:\/\/cambrabcn.org\/wp-content\/uploads\/2024\/03\/cambra-reunio-treball-1-jpg.webp 1200w, https:\/\/cambrabcn.org\/wp-content\/uploads\/2024\/03\/cambra-reunio-treball-1-300x68.webp 300w, https:\/\/cambrabcn.org\/wp-content\/uploads\/2024\/03\/cambra-reunio-treball-1-1024x233.webp 1024w, https:\/\/cambrabcn.org\/wp-content\/uploads\/2024\/03\/cambra-reunio-treball-1-768x175.webp 768w, https:\/\/cambrabcn.org\/wp-content\/uploads\/2024\/03\/cambra-reunio-treball-1-600x137.webp 600w\" sizes=\"auto, (max-width: 1200px) 100vw, 1200px\" \/><\/figure><\/div>\n\n\n\n<ul class=\"wp-block-list\"><\/ul>\n\n\n\n<div style=\"height:3.75rem\" aria-hidden=\"true\" class=\"wp-block-spacer\"><\/div>\n\n\n\n<div class=\"wp-block-columns is-layout-flex wp-container-core-columns-is-layout-91ca75f0 wp-block-columns-is-layout-flex\">\n<div class=\"wp-block-column is-layout-flow wp-block-column-is-layout-flow\">\n<div class=\"wp-block-group cambra-bottom-line is-layout-constrained wp-container-core-group-is-layout-7fca5b48 wp-block-group-is-layout-constrained\">\n<h1 class=\"wp-block-heading heading-1\">Our Activity<\/h1>\n<\/div>\n\n\n\n<div style=\"height:20px\" aria-hidden=\"true\" class=\"wp-block-spacer\"><\/div>\n\n\n\n<p class=\"has-secondary-light-black-color has-text-color has-link-color wp-elements-69482efbb98508dbbd8eff73fd2f0d96\">The mission of the Barcelona Chamber of Commerce is to defend the general interests of the entire productive fabric with the aim of contributing to the development of the economy. Specifically, the Chamber promotes its competitiveness and accompanies companies and self-employed people to create, consolidate and promote the growth of their businesses and face the new challenges of the future.<\/p>\n\n\n\n<p>This nature is legally recognized, defining the Chamber as a public law corporation representative of the business fabric of its territorial demarcation. In this sense, as a Chamber we exercise public administrative functions for the creation of employment and the regeneration of the economic fabric; we put knowledge, spaces and contacts at your service; and we offer you trust, visibility and networks of influence.<\/p>\n\n\n\n<p class=\"has-secondary-light-black-color has-text-color has-link-color wp-elements-978613db0ad52458cbd2a96f637222b2\">In addition, the tradition of institutional service in the country, maintained for centuries by the chambers of commerce, is manifested today with a clear vocation of direct service to companies.<\/p>\n\n\n\n<h4 class=\"wp-block-heading heading-3 has-secondary-light-black-color has-text-color has-link-color wp-elements-90d03e2eb045429aa610a1ae93423664\">We are your Chamber, Everyone&#8217;s Chamber<\/h4>\n\n\n\n<p>The Barcelona Chamber of Commerce offers you a wide range of solutions to encourage the growth of your business and strengthen its development. This catalog of products and programs is aimed at the entire productive fabric of the demarcation of the Chamber, self-employed people, small, medium and large companies. Because the Chamber is all of you, Everyone!<\/p>\n\n\n\n<p><strong>We open your business to new international markets.<\/strong><\/p>\n\n\n\n<ul class=\"wp-block-list\">\n<li>We bring the world&#8217;s markets closer together and support the internationalization of companies.<\/li>\n\n\n\n<li>We prospect markets through trade missions.<\/li>\n\n\n\n<li>We help find suppliers, distributors, partners and customers abroad.<\/li>\n\n\n\n<li>We help negotiate commercial agreements and help prevent and mediate commercial conflicts.<\/li>\n\n\n\n<li>We offer commercial certificates, customs reports, visas and official procedures.<\/li>\n<\/ul>\n\n\n\n<p><strong>We promote your professional growth<\/strong><\/p>\n\n\n\n<ul class=\"wp-block-list\">\n<li>We train entrepreneurs and managers.<\/li>\n\n\n\n<li>We program continuous training courses in the territory, and at a distance, on various areas of knowledge.<\/li>\n\n\n\n<li>We design tailor-made training, organized in the companies themselves, or wherever it is determined.<\/li>\n<\/ul>\n\n\n\n<p><strong>We digitally transform your business to gain competitiveness<\/strong><\/p>\n\n\n\n<ul class=\"wp-block-list\">\n<li>We advise on secure connection, communication, storage and digital management solutions, promoting operational and management efficiency.<\/li>\n\n\n\n<li>We promote electronic commerce, promoting commercial efficiency.<\/li>\n<\/ul>\n\n\n\n<p><strong>We provide you with access to financing tools to help you realize your projects<\/strong><\/p>\n\n\n\n<ul class=\"wp-block-list\">\n<li>We report on financial products, recommending the most appropriate ones to the companies that request advice from us.<\/li>\n\n\n\n<li>We offer lines of credit.<\/li>\n\n\n\n<li>We accompany companies that are candidates to benefit from aid through our European Projects Office.<\/li>\n<\/ul>\n\n\n\n<p><strong>We boost trade and tourism<\/strong><\/p>\n\n\n\n<ul class=\"wp-block-list\">\n<li>We energize the commercial fabric and promote the quality of the tourist offer through specific services.<\/li>\n<\/ul>\n\n\n\n<p><strong>They accompany you in realizing your business idea!<\/strong><\/p>\n\n\n\n<ul class=\"wp-block-list\">\n<li>We guide entrepreneurs, set up companies and help them grow.<\/li>\n\n\n\n<li>We resolve the legal, tax and fiscal, financial, technological and commercial doubts of the companies that consult us.<\/li>\n<\/ul>\n\n\n\n<p><strong>We offer you a wide range of spaces<\/strong><\/p>\n\n\n\n<p>We put La Llotja de Mar, the Diagonal building and the territorial offices at the service of companies interested in organizing meetings, trainings, product presentations and celebrations.<\/p>\n\n\n\n<p><strong>We create knowledge and generate opinion<\/strong><\/p>\n\n\n\n<ul class=\"wp-block-list\">\n<li>Our Office of Economic and Infrastructure Studies becomes a permanent observatory of the evolution of the environment, and periodically publishes reference studies on key socio-economic issues. It also prepares proposals for action in the field of infrastructure.<\/li>\n\n\n\n<li>We invite the media and report permanently from our digital channels. We create opinion and defend the general interests of companies.<\/li>\n<\/ul>\n\n\n\n<p class=\"has-secondary-light-black-color has-text-color has-link-color wp-elements-040a8b0811fba955684d2fdd3cc1b2e2\"><strong>We convene events and create a network<\/strong><\/p>\n\n\n\n<ul class=\"wp-block-list\">\n<li>We organize meetings of companies, entities and institutions in the country with the aim of promoting mutual knowledge, dialogue and exchange.<\/li>\n\n\n\n<li>From the Chamber of Barcelona we maintain an active presence in important local, national, European and global organizations. We are a key Mediterranean node in the global network of chambers of commerce, made up of 130 countries.<\/li>\n<\/ul>\n\n\n\n<p><strong>We bring you the most disruptive and innovative initiatives<\/strong><\/p>\n\n\n\n<p>Project your business by entering the world of new economies or fostering innovation. The blockchain, the newspace, the metaverse\u2026 these are disruptions that may sound distant to you, but they are here to stay. Discover with us the opportunities they can offer your business!<\/p>\n\n\n\n<p><strong>And all this, and much more, we do by your side<\/strong><\/p>\n\n\n\n<p class=\"has-secondary-light-black-color has-text-color has-link-color wp-elements-a30c03f144b5377f0b8bb0c17bfb8a1f\">We visit companies in Alt Pened\u00e8s, Anoia, Baix Llobregat, Barcelon\u00e8s, Bergued\u00e0, Llu\u00e7an\u00e8s,Garraf, el Maresme, Osona i el Vall\u00e8s Oriental, per con\u00e8ixer de primera m\u00e0 les seves necessitats de millora de la gesti\u00f3 empresarial, avaluant aix\u00ed i ajustant la nostra oferta de serveis.<\/p>\n<\/div>\n<\/div>\n\n\n\n<div style=\"height:50px\" aria-hidden=\"true\" class=\"wp-block-spacer\"><\/div>\n<\/div>\n","protected":false},"excerpt":{"rendered":"<p>Our Activity The mission of the Barcelona Chamber of Commerce is to defend the general interests of the entire productive fabric with the aim of contributing to the development of the economy. Specifically, the Chamber promotes its competitiveness and accompanies companies and self-employed people to create, consolidate and promote the growth of their businesses and [&hellip;]<\/p>\n","protected":false},"author":2,"featured_media":44034,"parent":1433,"menu_order":0,"comment_status":"closed","ping_status":"closed","template":"","meta":{"_acf_changed":false,"inline_featured_image":false,"ep_exclude_from_search":false,"footnotes":""},"class_list":["post-1427","page","type-page","status-publish","has-post-thumbnail","hentry"],"pp_statuses_selecting_workflow":false,"pp_workflow_action":"current","pp_status_selection":"publish","acf":[],"yoast_head":"<!-- This site is optimized with the Yoast SEO Premium plugin v27.1 (Yoast SEO v27.4) - https:\/\/yoast.com\/product\/yoast-seo-premium-wordpress\/ -->\n<title>Our Activity | Cambra de Comer\u00e7 de Barcelona<\/title>\n<meta name=\"robots\" content=\"index, follow, max-snippet:-1, max-image-preview:large, max-video-preview:-1\" \/>\n<link rel=\"canonical\" href=\"https:\/\/cambrabcn.org\/en\/about-cambra\/our-activity\/\" \/>\n<meta property=\"og:locale\" content=\"en_US\" \/>\n<meta property=\"og:type\" content=\"article\" \/>\n<meta property=\"og:title\" content=\"Our Activity\" \/>\n<meta property=\"og:description\" content=\"Our Activity The mission of the Barcelona Chamber of Commerce is to defend the general interests of the entire productive fabric with the aim of contributing to the development of the economy. Specifically, the Chamber promotes its competitiveness and accompanies companies and self-employed people to create, consolidate and promote the growth of their businesses and [&hellip;]\" \/>\n<meta property=\"og:url\" content=\"https:\/\/cambrabcn.org\/en\/about-cambra\/our-activity\/\" \/>\n<meta property=\"og:site_name\" content=\"Cambra de Comer\u00e7 de Barcelona\" \/>\n<meta property=\"article:modified_time\" content=\"2024-10-19T05:22:46+00:00\" \/>\n<meta property=\"og:image\" content=\"https:\/\/cambrabcn.org\/wp-content\/uploads\/2024\/03\/cambra-reunio-treball-1-jpg.webp\" \/>\n\t<meta property=\"og:image:width\" content=\"1200\" \/>\n\t<meta property=\"og:image:height\" content=\"273\" \/>\n\t<meta property=\"og:image:type\" content=\"image\/jpeg\" \/>\n<meta name=\"twitter:card\" content=\"summary_large_image\" \/>\n<meta name=\"twitter:site\" content=\"@cambrabcn\" \/>\n<meta name=\"twitter:label1\" content=\"Est. reading time\" \/>\n\t<meta name=\"twitter:data1\" content=\"5 minutes\" \/>\n<script type=\"application\/ld+json\" class=\"yoast-schema-graph\">{\"@context\":\"https:\\\/\\\/schema.org\",\"@graph\":[{\"@type\":\"WebPage\",\"@id\":\"https:\\\/\\\/cambrabcn.org\\\/en\\\/about-cambra\\\/our-activity\\\/\",\"url\":\"https:\\\/\\\/cambrabcn.org\\\/en\\\/about-cambra\\\/our-activity\\\/\",\"name\":\"Our Activity | Cambra de Comer\u00e7 de Barcelona\",\"isPartOf\":{\"@id\":\"https:\\\/\\\/cambrabcn.org\\\/en\\\/#website\"},\"primaryImageOfPage\":{\"@id\":\"https:\\\/\\\/cambrabcn.org\\\/en\\\/about-cambra\\\/our-activity\\\/#primaryimage\"},\"image\":{\"@id\":\"https:\\\/\\\/cambrabcn.org\\\/en\\\/about-cambra\\\/our-activity\\\/#primaryimage\"},\"thumbnailUrl\":\"https:\\\/\\\/cambrabcn.org\\\/wp-content\\\/uploads\\\/2024\\\/03\\\/cambra-reunio-treball-1-jpg.webp\",\"datePublished\":\"2024-02-01T10:00:00+00:00\",\"dateModified\":\"2024-10-19T05:22:46+00:00\",\"breadcrumb\":{\"@id\":\"https:\\\/\\\/cambrabcn.org\\\/en\\\/about-cambra\\\/our-activity\\\/#breadcrumb\"},\"inLanguage\":\"en-US\",\"potentialAction\":[{\"@type\":\"ReadAction\",\"target\":[\"https:\\\/\\\/cambrabcn.org\\\/en\\\/about-cambra\\\/our-activity\\\/\"]}]},{\"@type\":\"ImageObject\",\"inLanguage\":\"en-US\",\"@id\":\"https:\\\/\\\/cambrabcn.org\\\/en\\\/about-cambra\\\/our-activity\\\/#primaryimage\",\"url\":\"https:\\\/\\\/cambrabcn.org\\\/wp-content\\\/uploads\\\/2024\\\/03\\\/cambra-reunio-treball-1-jpg.webp\",\"contentUrl\":\"https:\\\/\\\/cambrabcn.org\\\/wp-content\\\/uploads\\\/2024\\\/03\\\/cambra-reunio-treball-1-jpg.webp\",\"width\":1200,\"height\":273},{\"@type\":\"BreadcrumbList\",\"@id\":\"https:\\\/\\\/cambrabcn.org\\\/en\\\/about-cambra\\\/our-activity\\\/#breadcrumb\",\"itemListElement\":[{\"@type\":\"ListItem\",\"position\":1,\"name\":\"Home\",\"item\":\"https:\\\/\\\/cambrabcn.org\\\/en\\\/\"},{\"@type\":\"ListItem\",\"position\":2,\"name\":\"About Cambra\",\"item\":\"https:\\\/\\\/cambrabcn.org\\\/en\\\/about-cambra\\\/\"},{\"@type\":\"ListItem\",\"position\":3,\"name\":\"Our Activity\"}]},{\"@type\":\"WebSite\",\"@id\":\"https:\\\/\\\/cambrabcn.org\\\/en\\\/#website\",\"url\":\"https:\\\/\\\/cambrabcn.org\\\/en\\\/\",\"name\":\"Cambra de Comer\u00e7 de Barcelona\",\"description\":\"La Cambra de Tothom\",\"publisher\":{\"@id\":\"https:\\\/\\\/cambrabcn.org\\\/en\\\/#organization\"},\"alternateName\":\"Cambra Oficial de Comer\u00e7, Ind\u00fastria, Serveis i Navegaci\u00f3 de Barcelona\",\"potentialAction\":[{\"@type\":\"SearchAction\",\"target\":{\"@type\":\"EntryPoint\",\"urlTemplate\":\"https:\\\/\\\/cambrabcn.org\\\/en\\\/?s={search_term_string}\"},\"query-input\":{\"@type\":\"PropertyValueSpecification\",\"valueRequired\":true,\"valueName\":\"search_term_string\"}}],\"inLanguage\":\"en-US\"},{\"@type\":\"Organization\",\"@id\":\"https:\\\/\\\/cambrabcn.org\\\/en\\\/#organization\",\"name\":\"Cambra de Comer\u00e7 de Barcelona\",\"alternateName\":\"Cambra Oficial de Comer\u00e7, Ind\u00fastria, Serveis i Navegaci\u00f3 de Barcelona\",\"url\":\"https:\\\/\\\/cambrabcn.org\\\/en\\\/\",\"logo\":{\"@type\":\"ImageObject\",\"inLanguage\":\"en-US\",\"@id\":\"https:\\\/\\\/cambrabcn.org\\\/en\\\/#\\\/schema\\\/logo\\\/image\\\/\",\"url\":\"https:\\\/\\\/cambrabcn.org\\\/wp-content\\\/uploads\\\/2023\\\/11\\\/logo-cambra-300x77-1.png\",\"contentUrl\":\"https:\\\/\\\/cambrabcn.org\\\/wp-content\\\/uploads\\\/2023\\\/11\\\/logo-cambra-300x77-1.png\",\"width\":300,\"height\":77,\"caption\":\"Cambra de Comer\u00e7 de Barcelona\"},\"image\":{\"@id\":\"https:\\\/\\\/cambrabcn.org\\\/en\\\/#\\\/schema\\\/logo\\\/image\\\/\"},\"sameAs\":[\"https:\\\/\\\/x.com\\\/cambrabcn\",\"https:\\\/\\\/www.instagram.com\\\/cambrabcn\\\/\",\"https:\\\/\\\/www.linkedin.com\\\/school\\\/cambrabcn\",\"https:\\\/\\\/www.youtube.com\\\/user\\\/PressCambrabcn\",\"https:\\\/\\\/ca.wikipedia.org\\\/wiki\\\/Cambra_Oficial_de_Comer\u00e7,_Ind\u00fastria_i_Navegaci\u00f3_de_Barcelona\",\"http:\\\/\\\/viaf.org\\\/viaf\\\/124017095\"],\"description\":\"La Cambra Oficial de Comer\u00e7, Ind\u00fastria, Serveis i Navegaci\u00f3 de Barcelona \u00e9s una corporaci\u00f3 de dret p\u00fablic que presta serveis a les empreses, contribuint a la regeneraci\u00f3 del teixit econ\u00f2mic i la creaci\u00f3 d\u2019ocupaci\u00f3.\",\"email\":\"cambra@cambrabcn.cat\",\"telephone\":\"+34 93 416 93 00\",\"legalName\":\"La Cambra Oficial de Comer\u00e7, Ind\u00fastria, Serveis i Navegaci\u00f3 de Barcelona\",\"foundingDate\":\"1886-01-01\",\"vatID\":\"Q0873001B\",\"taxID\":\"Q0873001B\",\"naics\":\"813910\"}]}<\/script>\n<!-- \/ Yoast SEO Premium plugin. -->","yoast_head_json":{"title":"Our Activity | Cambra de Comer\u00e7 de Barcelona","robots":{"index":"index","follow":"follow","max-snippet":"max-snippet:-1","max-image-preview":"max-image-preview:large","max-video-preview":"max-video-preview:-1"},"canonical":"https:\/\/cambrabcn.org\/en\/about-cambra\/our-activity\/","og_locale":"en_US","og_type":"article","og_title":"Our Activity","og_description":"Our Activity The mission of the Barcelona Chamber of Commerce is to defend the general interests of the entire productive fabric with the aim of contributing to the development of the economy. Specifically, the Chamber promotes its competitiveness and accompanies companies and self-employed people to create, consolidate and promote the growth of their businesses and [&hellip;]","og_url":"https:\/\/cambrabcn.org\/en\/about-cambra\/our-activity\/","og_site_name":"Cambra de Comer\u00e7 de Barcelona","article_modified_time":"2024-10-19T05:22:46+00:00","og_image":[{"width":1200,"height":273,"url":"https:\/\/cambrabcn.org\/wp-content\/uploads\/2024\/03\/cambra-reunio-treball-1-jpg.webp","type":"image\/jpeg"}],"twitter_card":"summary_large_image","twitter_site":"@cambrabcn","twitter_misc":{"Est. reading time":"5 minutes"},"schema":{"@context":"https:\/\/schema.org","@graph":[{"@type":"WebPage","@id":"https:\/\/cambrabcn.org\/en\/about-cambra\/our-activity\/","url":"https:\/\/cambrabcn.org\/en\/about-cambra\/our-activity\/","name":"Our Activity | Cambra de Comer\u00e7 de Barcelona","isPartOf":{"@id":"https:\/\/cambrabcn.org\/en\/#website"},"primaryImageOfPage":{"@id":"https:\/\/cambrabcn.org\/en\/about-cambra\/our-activity\/#primaryimage"},"image":{"@id":"https:\/\/cambrabcn.org\/en\/about-cambra\/our-activity\/#primaryimage"},"thumbnailUrl":"https:\/\/cambrabcn.org\/wp-content\/uploads\/2024\/03\/cambra-reunio-treball-1-jpg.webp","datePublished":"2024-02-01T10:00:00+00:00","dateModified":"2024-10-19T05:22:46+00:00","breadcrumb":{"@id":"https:\/\/cambrabcn.org\/en\/about-cambra\/our-activity\/#breadcrumb"},"inLanguage":"en-US","potentialAction":[{"@type":"ReadAction","target":["https:\/\/cambrabcn.org\/en\/about-cambra\/our-activity\/"]}]},{"@type":"ImageObject","inLanguage":"en-US","@id":"https:\/\/cambrabcn.org\/en\/about-cambra\/our-activity\/#primaryimage","url":"https:\/\/cambrabcn.org\/wp-content\/uploads\/2024\/03\/cambra-reunio-treball-1-jpg.webp","contentUrl":"https:\/\/cambrabcn.org\/wp-content\/uploads\/2024\/03\/cambra-reunio-treball-1-jpg.webp","width":1200,"height":273},{"@type":"BreadcrumbList","@id":"https:\/\/cambrabcn.org\/en\/about-cambra\/our-activity\/#breadcrumb","itemListElement":[{"@type":"ListItem","position":1,"name":"Home","item":"https:\/\/cambrabcn.org\/en\/"},{"@type":"ListItem","position":2,"name":"About Cambra","item":"https:\/\/cambrabcn.org\/en\/about-cambra\/"},{"@type":"ListItem","position":3,"name":"Our Activity"}]},{"@type":"WebSite","@id":"https:\/\/cambrabcn.org\/en\/#website","url":"https:\/\/cambrabcn.org\/en\/","name":"Cambra de Comer\u00e7 de Barcelona","description":"La Cambra de Tothom","publisher":{"@id":"https:\/\/cambrabcn.org\/en\/#organization"},"alternateName":"Cambra Oficial de Comer\u00e7, Ind\u00fastria, Serveis i Navegaci\u00f3 de Barcelona","potentialAction":[{"@type":"SearchAction","target":{"@type":"EntryPoint","urlTemplate":"https:\/\/cambrabcn.org\/en\/?s={search_term_string}"},"query-input":{"@type":"PropertyValueSpecification","valueRequired":true,"valueName":"search_term_string"}}],"inLanguage":"en-US"},{"@type":"Organization","@id":"https:\/\/cambrabcn.org\/en\/#organization","name":"Cambra de Comer\u00e7 de Barcelona","alternateName":"Cambra Oficial de Comer\u00e7, Ind\u00fastria, Serveis i Navegaci\u00f3 de Barcelona","url":"https:\/\/cambrabcn.org\/en\/","logo":{"@type":"ImageObject","inLanguage":"en-US","@id":"https:\/\/cambrabcn.org\/en\/#\/schema\/logo\/image\/","url":"https:\/\/cambrabcn.org\/wp-content\/uploads\/2023\/11\/logo-cambra-300x77-1.png","contentUrl":"https:\/\/cambrabcn.org\/wp-content\/uploads\/2023\/11\/logo-cambra-300x77-1.png","width":300,"height":77,"caption":"Cambra de Comer\u00e7 de Barcelona"},"image":{"@id":"https:\/\/cambrabcn.org\/en\/#\/schema\/logo\/image\/"},"sameAs":["https:\/\/x.com\/cambrabcn","https:\/\/www.instagram.com\/cambrabcn\/","https:\/\/www.linkedin.com\/school\/cambrabcn","https:\/\/www.youtube.com\/user\/PressCambrabcn","https:\/\/ca.wikipedia.org\/wiki\/Cambra_Oficial_de_Comer\u00e7,_Ind\u00fastria_i_Navegaci\u00f3_de_Barcelona","http:\/\/viaf.org\/viaf\/124017095"],"description":"La Cambra Oficial de Comer\u00e7, Ind\u00fastria, Serveis i Navegaci\u00f3 de Barcelona \u00e9s una corporaci\u00f3 de dret p\u00fablic que presta serveis a les empreses, contribuint a la regeneraci\u00f3 del teixit econ\u00f2mic i la creaci\u00f3 d\u2019ocupaci\u00f3.","email":"cambra@cambrabcn.cat","telephone":"+34 93 416 93 00","legalName":"La Cambra Oficial de Comer\u00e7, Ind\u00fastria, Serveis i Navegaci\u00f3 de Barcelona","foundingDate":"1886-01-01","vatID":"Q0873001B","taxID":"Q0873001B","naics":"813910"}]}},"mfb_rest_fields":["pp_statuses_selecting_workflow","pp_workflow_action","pp_status_selection","yoast_head","yoast_head_json"],"_links":{"self":[{"href":"https:\/\/cambrabcn.org\/en\/wp-json\/wp\/v2\/pages\/1427","targetHints":{"allow":["GET"]}}],"collection":[{"href":"https:\/\/cambrabcn.org\/en\/wp-json\/wp\/v2\/pages"}],"about":[{"href":"https:\/\/cambrabcn.org\/en\/wp-json\/wp\/v2\/types\/page"}],"author":[{"embeddable":true,"href":"https:\/\/cambrabcn.org\/en\/wp-json\/wp\/v2\/users\/2"}],"replies":[{"embeddable":true,"href":"https:\/\/cambrabcn.org\/en\/wp-json\/wp\/v2\/comments?post=1427"}],"version-history":[{"count":4,"href":"https:\/\/cambrabcn.org\/en\/wp-json\/wp\/v2\/pages\/1427\/revisions"}],"predecessor-version":[{"id":69698,"href":"https:\/\/cambrabcn.org\/en\/wp-json\/wp\/v2\/pages\/1427\/revisions\/69698"}],"up":[{"embeddable":true,"href":"https:\/\/cambrabcn.org\/en\/wp-json\/wp\/v2\/pages\/1433"}],"wp:featuredmedia":[{"embeddable":true,"href":"https:\/\/cambrabcn.org\/en\/wp-json\/wp\/v2\/media\/44034"}],"wp:attachment":[{"href":"https:\/\/cambrabcn.org\/en\/wp-json\/wp\/v2\/media?parent=1427"}],"curies":[{"name":"wp","href":"https:\/\/api.w.org\/{rel}","templated":true}]}}