{"id":1423,"date":"2024-02-01T12:00:00","date_gmt":"2024-02-01T10:00:00","guid":{"rendered":"https:\/\/cambrabcn.org\/transparencia-i-perfil-del-contractant\/perfil-del-contractant\/"},"modified":"2025-11-19T11:07:11","modified_gmt":"2025-11-19T09:07:11","slug":"perfil-del-contractant","status":"publish","type":"page","link":"https:\/\/cambrabcn.org\/en\/about-cambra\/transparencia-i-perfil-del-contractant\/perfil-del-contractant\/","title":{"rendered":"Perfil del contractant"},"content":{"rendered":"\n<div class=\"wp-block-group cambra-plp-about-us is-layout-constrained wp-container-core-group-is-layout-e555385e wp-block-group-is-layout-constrained\">\n<div style=\"height:1.5rem\" aria-hidden=\"true\" class=\"wp-block-spacer\"><\/div>\n\n\n<div class=\"wp-block-cambra-custom-blocks-cambra-breadcrumbs\"><nav role=\"navigation\" aria-label=\"Breadcrumb\" class=\"breadcrumb\"><ol class=\"breadcrumb-items\"><li class=\"breadcrumb-item breadcrumb-item--current breadcrumb-item--home\"><span class=\"breadcrumb-item-name\">Home<\/span><\/li><\/ol><\/nav><\/div>\n\n\n<div style=\"height:1.5rem\" aria-hidden=\"true\" class=\"wp-block-spacer hide-mobile\"><\/div>\n\n\n\n<div class=\"wp-block-group cambra-bottom-line cambra-bottom-line--center is-layout-constrained wp-block-group-is-layout-constrained\">\n<h1 class=\"wp-block-heading has-text-align-center heading-1\">Perfil del contractant<\/h1>\n\n\n\n<p class=\"has-text-align-center paragraph-s-big has-secondary-neutral-black-color has-text-color has-link-color wp-elements-c978f53cf82945bc4c7d471dc65799c7\">Consulta tota la informaci\u00f3 relativa a la corporaci\u00f3<\/p>\n<\/div>\n\n\n\n<div style=\"height:25px\" aria-hidden=\"true\" class=\"wp-block-spacer hide-mobile\"><\/div>\n\n\n\n<div style=\"height:32px\" aria-hidden=\"true\" class=\"wp-block-spacer hide-mobile\"><\/div>\n\n\n\n<div class=\"wp-block-columns is-layout-flex wp-container-core-columns-is-layout-91ca75f0 wp-block-columns-is-layout-flex\">\n<div class=\"wp-block-column is-layout-flow wp-block-column-is-layout-flow\" style=\"flex-basis:23%\">\n<div id=\"cambra-side-menu-block-block_7af3e251645afebec56179a046df055a\" class=\"cambra-side-menu-block w-100 side-menu-md-right\">\n\t<div data-control=\"tablet-dropdown\" class=\"cambra-side-menu cambra-dropdown tablet-dropdown\">\n    <a class=\"cambra-side-menu--title drop\" href=\"#\">\n\t\tSobre Cambra        <span class=\"cambra-arrow-down\"><\/span>\n    <\/a>\n    <ul class=\"cambra-side-menu--links cambra-dropdown-list\">\n\t\t            <li>\n\t\t\t\t                    <div>\n                        <a class=\"cambra-collapsible \" href=\"\">\n\t\t\t\t\t\t\tLa instituci\u00f3                            <span class=\"cambra-arrow-down\"><\/span>\n                        <\/a>\n                        <ul class=\"cambra-collapsible--content\">\n\t\t\t\t\t\t\t\t\t\t\t\t\t\t                                <li>\n                                    <a class=\"cambra-collapsible-link\"\n                                       href=\"\/sobre-cambra\/la-institucio\/missio-visio-i-valors\/\">\n\t\t\t\t\t\t\t\t\t\tMissi\u00f3, visi\u00f3 i valors                                    <\/a>\n                                <\/li>\n\t\t\t\t\t\t\t                                <li>\n                                    <a class=\"cambra-collapsible-link\"\n                                       href=\"\/sobre-cambra\/la-institucio\/organs-de-govern\/\">\n\t\t\t\t\t\t\t\t\t\t\u00d2rgans de govern                                    <\/a>\n                                <\/li>\n\t\t\t\t\t\t\t                                <li>\n                                    <a class=\"cambra-collapsible-link\"\n                                       href=\"\/sobre-cambra\/la-institucio\/organs-consultius\/\">\n\t\t\t\t\t\t\t\t\t\t\u00d2rgans consultius                                    <\/a>\n                                <\/li>\n\t\t\t\t\t\t\t                                <li>\n                                    <a class=\"cambra-collapsible-link\"\n                                       href=\"\/sobre-cambra\/la-institucio\/estructura-organitzativa\/\">\n\t\t\t\t\t\t\t\t\t\tEstructura organizativa                                    <\/a>\n                                <\/li>\n\t\t\t\t\t\t\t                                <li>\n                                    <a class=\"cambra-collapsible-link\"\n                                       href=\"\/sobre-cambra\/la-institucio\/relacions-institucionals\/\">\n\t\t\t\t\t\t\t\t\t\tRelacions institucionals                                    <\/a>\n                                <\/li>\n\t\t\t\t\t\t\t                        <\/ul>\n                    <\/div>\n\t\t\t\t            <\/li>\n\t\t            <li>\n\t\t\t\t                    <a class=\"\"\n                       href=\"\/sobre-cambra\/la-nostra-activitat\/\">\n\t\t\t\t\t\tLa nostra activitat                    <\/a>\n\t\t\t\t            <\/li>\n\t\t            <li>\n\t\t\t\t                    <a class=\"\"\n                       href=\"\/sobre-cambra\/historia\/\">\n\t\t\t\t\t\tLa nostra hist\u00f2ria                    <\/a>\n\t\t\t\t            <\/li>\n\t\t            <li>\n\t\t\t\t                    <a class=\"\"\n                       href=\"\/sobre-cambra\/red-cameral\/\">\n\t\t\t\t\t\tXarxa Cameral                    <\/a>\n\t\t\t\t            <\/li>\n\t\t            <li>\n\t\t\t\t                    <a class=\"\"\n                       href=\"\/sobre-cambra\/grup-cambra\/\">\n\t\t\t\t\t\tGrup Cambra                    <\/a>\n\t\t\t\t            <\/li>\n\t\t            <li>\n\t\t\t\t                    <a class=\"\"\n                       href=\"\/sobre-cambra\/xarxa-territorial\/\">\n\t\t\t\t\t\tLa Xarxa territorial                    <\/a>\n\t\t\t\t            <\/li>\n\t\t            <li>\n\t\t\t\t                    <div>\n                        <a class=\"cambra-collapsible current\" href=\"\">\n\t\t\t\t\t\t\tTranspar\u00e8ncia i Perfil del contractant                            <span class=\"cambra-arrow-down\"><\/span>\n                        <\/a>\n                        <ul class=\"cambra-collapsible--content\">\n\t\t\t\t\t\t\t\t\t\t\t\t\t\t                                <li>\n                                    <a class=\"cambra-collapsible-link\"\n                                       href=\"\/sobre-cambra\/transparencia-i-perfil-del-contractant\/transparencia\/\">\n\t\t\t\t\t\t\t\t\t\tTransparencia                                    <\/a>\n                                <\/li>\n\t\t\t\t\t\t\t                                <li>\n                                    <a class=\"cambra-collapsible-link\"\n                                       href=\"\/sobre-cambra\/transparencia-i-perfil-del-contractant\/perfil-del-contractant\/\">\n\t\t\t\t\t\t\t\t\t\tPerfil del contractant                                    <\/a>\n                                <\/li>\n\t\t\t\t\t\t\t                        <\/ul>\n                    <\/div>\n\t\t\t\t            <\/li>\n\t\t    <\/ul>\n<\/div>\n<\/div>\n<\/div>\n\n\n\n<div class=\"wp-block-column is-layout-flow wp-block-column-is-layout-flow\" style=\"flex-basis:77%\">\n<p>D\u2019acord amb el que estableix la Llei 19\/2013 de transpar\u00e8ncia, acc\u00e9s a la informaci\u00f3 p\u00fablica i bon govern, la Cambra de Comer\u00e7 de Barcelona facilita l&#8217;acc\u00e9s p\u00fablic a la informaci\u00f3 relativa a la seva activitat contractual.&nbsp;<\/p>\n\n\n\n<p><strong>Principis i instruccions de contractaci\u00f3<\/strong><\/p>\n\n\n\n<p>Els procediments de contractaci\u00f3 de la Cambra de Barcelona es fonamenten en el respecte als principis de publicitat, concurr\u00e8ncia, transpar\u00e8ncia, confidencialitat, igualtat i no discriminaci\u00f3.<\/p>\n\n\n\n<p>Les normes reguladores del procediment de contractaci\u00f3 de Cambra de Barcelona garanteixen el compliment d\u2019aquests principis i imposen als \u00f2rgans de contractaci\u00f3 una actuaci\u00f3 en tot moment orientada a la satisfacci\u00f3 dels citats principis.<\/p>\n\n\n\n<p class=\"download--pdf has-primary-alternative-red-color has-text-color\"><strong><a href=\"https:\/\/cambrabcn.org\/wp-content\/uploads\/2024\/12\/Normes-reguladores-procediment-contractacio_2024.pdf\" target=\"_blank\" rel=\"noreferrer noopener\">Normes reguladores de procediment de contractaci\u00f3 de Cambra de Comer\u00e7 de Barcelona<\/a> <\/strong><\/p>\n\n\n\n\n\n<div class=\"wp-block-columns card-box-shadow cambra-card is-layout-flex wp-container-core-columns-is-layout-28f84493 wp-block-columns-is-layout-flex\">\n<div class=\"wp-block-column is-layout-flow wp-container-core-column-is-layout-8a368f38 wp-block-column-is-layout-flow\">\n<div class=\"wp-block-cover is-light\"><img data-dominant-color=\"aca5a6\" data-has-transparency=\"true\" style=\"--dominant-color: #aca5a6;\" loading=\"lazy\" decoding=\"async\" width=\"384\" height=\"144\" class=\"wp-block-cover__image-background wp-image-52582 has-transparency\" alt=\"\" src=\"https:\/\/cambrabcn.org\/wp-content\/uploads\/2024\/06\/Licitacions-en-curs_384x144.png\" data-object-fit=\"cover\" srcset=\"https:\/\/cambrabcn.org\/wp-content\/uploads\/2024\/06\/Licitacions-en-curs_384x144.png 384w, https:\/\/cambrabcn.org\/wp-content\/uploads\/2024\/06\/Licitacions-en-curs_384x144-300x113.png 300w\" sizes=\"auto, (max-width: 384px) 100vw, 384px\" \/><span aria-hidden=\"true\" class=\"wp-block-cover__background has-background-dim-0 has-background-dim\" style=\"background-color:#bfb8b9\"><\/span><div class=\"wp-block-cover__inner-container is-layout-flow wp-block-cover-is-layout-flow\">\n<p class=\"has-text-align-center has-large-font-size\"><\/p>\n<\/div><\/div>\n\n\n\n<div class=\"wp-block-group is-layout-constrained wp-container-core-group-is-layout-da470a24 wp-block-group-is-layout-constrained\" style=\"padding-top:0;padding-right:var(--wp--preset--spacing--40);padding-bottom:0;padding-left:var(--wp--preset--spacing--40)\">\n<h3 class=\"wp-block-heading has-normal-font-size\" style=\"margin-top:var(--wp--preset--spacing--40);margin-right:var(--wp--preset--spacing--40);margin-bottom:var(--wp--preset--spacing--40);margin-left:var(--wp--preset--spacing--40)\"><a href=\"\/sobre-cambra\/transparencia-i-perfil-del-contractant\/perfil-del-contractant\/licitacions-en-curs\/\">Licitacions en curs<\/a><\/h3>\n\n\n\n<p class=\"has-small-font-size\" style=\"margin-top:var(--wp--preset--spacing--40);margin-right:var(--wp--preset--spacing--40);margin-bottom:var(--wp--preset--spacing--40);margin-left:var(--wp--preset--spacing--40)\"><\/p>\n<\/div>\n<\/div>\n\n\n\n<div class=\"wp-block-column is-layout-flow wp-container-core-column-is-layout-8a368f38 wp-block-column-is-layout-flow\">\n<div class=\"wp-block-cover is-light\"><img data-dominant-color=\"999da1\" data-has-transparency=\"true\" style=\"--dominant-color: #999da1;\" loading=\"lazy\" decoding=\"async\" width=\"384\" height=\"144\" class=\"wp-block-cover__image-background wp-image-52579 has-transparency\" alt=\"\" src=\"https:\/\/cambrabcn.org\/wp-content\/uploads\/2024\/06\/Licitacions-adjudicades_384x144.png\" data-object-fit=\"cover\" srcset=\"https:\/\/cambrabcn.org\/wp-content\/uploads\/2024\/06\/Licitacions-adjudicades_384x144.png 384w, https:\/\/cambrabcn.org\/wp-content\/uploads\/2024\/06\/Licitacions-adjudicades_384x144-300x113.png 300w\" sizes=\"auto, (max-width: 384px) 100vw, 384px\" \/><span aria-hidden=\"true\" class=\"wp-block-cover__background has-background-dim-0 has-background-dim\" style=\"background-color:#a7b1b4\"><\/span><div class=\"wp-block-cover__inner-container is-layout-flow wp-block-cover-is-layout-flow\">\n<p class=\"has-text-align-center has-large-font-size\"><\/p>\n<\/div><\/div>\n\n\n\n<div class=\"wp-block-group is-layout-constrained wp-container-core-group-is-layout-da470a24 wp-block-group-is-layout-constrained\" style=\"padding-top:0;padding-right:var(--wp--preset--spacing--40);padding-bottom:0;padding-left:var(--wp--preset--spacing--40)\">\n<h3 class=\"wp-block-heading has-normal-font-size\" style=\"margin-top:var(--wp--preset--spacing--40);margin-right:var(--wp--preset--spacing--40);margin-bottom:var(--wp--preset--spacing--40);margin-left:var(--wp--preset--spacing--40)\"><a href=\"https:\/\/cambrabcn.org\/sobre-cambra\/transparencia-i-perfil-del-contractant\/perfil-del-contractant\/licitacions-adjudicades-2024-2025\/\">Licitacions adjudicades<\/a><\/h3>\n\n\n\n<p class=\"has-small-font-size\" style=\"margin-top:var(--wp--preset--spacing--40);margin-right:var(--wp--preset--spacing--40);margin-bottom:var(--wp--preset--spacing--40);margin-left:var(--wp--preset--spacing--40)\"><\/p>\n<\/div>\n<\/div>\n<\/div>\n<\/div>\n<\/div>\n\n\n\n<div style=\"height:50px\" aria-hidden=\"true\" class=\"wp-block-spacer hide-mobile\"><\/div>\n<\/div>\n\n\n\n<p><\/p>\n","protected":false},"excerpt":{"rendered":"<p>Perfil del contractant Consulta tota la informaci\u00f3 relativa a la corporaci\u00f3 D\u2019acord amb el que estableix la Llei 19\/2013 de transpar\u00e8ncia, acc\u00e9s a la informaci\u00f3 p\u00fablica i bon govern, la Cambra de Comer\u00e7 de Barcelona facilita l&#8217;acc\u00e9s p\u00fablic a la informaci\u00f3 relativa a la seva activitat contractual.&nbsp; Principis i instruccions de contractaci\u00f3 Els procediments de [&hellip;]<\/p>\n","protected":false},"author":2,"featured_media":0,"parent":1421,"menu_order":0,"comment_status":"closed","ping_status":"closed","template":"","meta":{"_acf_changed":false,"inline_featured_image":false,"ep_exclude_from_search":false,"footnotes":""},"class_list":["post-1423","page","type-page","status-publish","hentry"],"pp_statuses_selecting_workflow":false,"pp_workflow_action":"current","pp_status_selection":"publish","acf":[],"yoast_head":"<!-- This site is optimized with the Yoast SEO Premium plugin v27.1 (Yoast SEO v27.4) - https:\/\/yoast.com\/product\/yoast-seo-premium-wordpress\/ -->\n<title>Perfil del contractant | Cambra de Comer\u00e7 de Barcelona<\/title>\n<meta name=\"robots\" content=\"index, follow, max-snippet:-1, max-image-preview:large, max-video-preview:-1\" \/>\n<link rel=\"canonical\" href=\"https:\/\/cambrabcn.org\/en\/about-cambra\/transparencia-i-perfil-del-contractant\/perfil-del-contractant\/\" \/>\n<meta property=\"og:locale\" content=\"en_US\" \/>\n<meta property=\"og:type\" content=\"article\" \/>\n<meta property=\"og:title\" content=\"Perfil del contractant\" \/>\n<meta property=\"og:description\" content=\"Perfil del contractant Consulta tota la informaci\u00f3 relativa a la corporaci\u00f3 D\u2019acord amb el que estableix la Llei 19\/2013 de transpar\u00e8ncia, acc\u00e9s a la informaci\u00f3 p\u00fablica i bon govern, la Cambra de Comer\u00e7 de Barcelona facilita l&#8217;acc\u00e9s p\u00fablic a la informaci\u00f3 relativa a la seva activitat contractual.&nbsp; Principis i instruccions de contractaci\u00f3 Els procediments de [&hellip;]\" \/>\n<meta property=\"og:url\" content=\"https:\/\/cambrabcn.org\/en\/about-cambra\/transparencia-i-perfil-del-contractant\/perfil-del-contractant\/\" \/>\n<meta property=\"og:site_name\" content=\"Cambra de Comer\u00e7 de Barcelona\" \/>\n<meta property=\"article:modified_time\" content=\"2025-11-19T09:07:11+00:00\" \/>\n<meta property=\"og:image\" content=\"https:\/\/cambrabcn.org\/wp-content\/uploads\/2024\/06\/Licitacions-en-curs_384x144.png\" \/>\n\t<meta property=\"og:image:width\" content=\"384\" \/>\n\t<meta property=\"og:image:height\" content=\"144\" \/>\n\t<meta property=\"og:image:type\" content=\"image\/png\" \/>\n<meta name=\"twitter:card\" content=\"summary_large_image\" \/>\n<meta name=\"twitter:site\" content=\"@cambrabcn\" \/>\n<meta name=\"twitter:label1\" content=\"Est. reading time\" \/>\n\t<meta name=\"twitter:data1\" content=\"2 minutes\" \/>\n<script type=\"application\/ld+json\" class=\"yoast-schema-graph\">{\"@context\":\"https:\\\/\\\/schema.org\",\"@graph\":[{\"@type\":\"WebPage\",\"@id\":\"https:\\\/\\\/cambrabcn.org\\\/en\\\/about-cambra\\\/transparencia-i-perfil-del-contractant\\\/perfil-del-contractant\\\/\",\"url\":\"https:\\\/\\\/cambrabcn.org\\\/en\\\/about-cambra\\\/transparencia-i-perfil-del-contractant\\\/perfil-del-contractant\\\/\",\"name\":\"Perfil del contractant | Cambra de Comer\u00e7 de Barcelona\",\"isPartOf\":{\"@id\":\"https:\\\/\\\/cambrabcn.org\\\/en\\\/#website\"},\"primaryImageOfPage\":{\"@id\":\"https:\\\/\\\/cambrabcn.org\\\/en\\\/about-cambra\\\/transparencia-i-perfil-del-contractant\\\/perfil-del-contractant\\\/#primaryimage\"},\"image\":{\"@id\":\"https:\\\/\\\/cambrabcn.org\\\/en\\\/about-cambra\\\/transparencia-i-perfil-del-contractant\\\/perfil-del-contractant\\\/#primaryimage\"},\"thumbnailUrl\":\"https:\\\/\\\/cambrabcn.org\\\/wp-content\\\/uploads\\\/2024\\\/06\\\/Licitacions-en-curs_384x144.png\",\"datePublished\":\"2024-02-01T10:00:00+00:00\",\"dateModified\":\"2025-11-19T09:07:11+00:00\",\"breadcrumb\":{\"@id\":\"https:\\\/\\\/cambrabcn.org\\\/en\\\/about-cambra\\\/transparencia-i-perfil-del-contractant\\\/perfil-del-contractant\\\/#breadcrumb\"},\"inLanguage\":\"en-US\",\"potentialAction\":[{\"@type\":\"ReadAction\",\"target\":[\"https:\\\/\\\/cambrabcn.org\\\/en\\\/about-cambra\\\/transparencia-i-perfil-del-contractant\\\/perfil-del-contractant\\\/\"]}]},{\"@type\":\"ImageObject\",\"inLanguage\":\"en-US\",\"@id\":\"https:\\\/\\\/cambrabcn.org\\\/en\\\/about-cambra\\\/transparencia-i-perfil-del-contractant\\\/perfil-del-contractant\\\/#primaryimage\",\"url\":\"https:\\\/\\\/cambrabcn.org\\\/wp-content\\\/uploads\\\/2024\\\/06\\\/Licitacions-en-curs_384x144.png\",\"contentUrl\":\"https:\\\/\\\/cambrabcn.org\\\/wp-content\\\/uploads\\\/2024\\\/06\\\/Licitacions-en-curs_384x144.png\"},{\"@type\":\"BreadcrumbList\",\"@id\":\"https:\\\/\\\/cambrabcn.org\\\/en\\\/about-cambra\\\/transparencia-i-perfil-del-contractant\\\/perfil-del-contractant\\\/#breadcrumb\",\"itemListElement\":[{\"@type\":\"ListItem\",\"position\":1,\"name\":\"Home\",\"item\":\"https:\\\/\\\/cambrabcn.org\\\/en\\\/\"},{\"@type\":\"ListItem\",\"position\":2,\"name\":\"About Cambra\",\"item\":\"https:\\\/\\\/cambrabcn.org\\\/en\\\/about-cambra\\\/\"},{\"@type\":\"ListItem\",\"position\":3,\"name\":\"Transpar\u00e8ncia i Perfil del contractant\",\"item\":\"https:\\\/\\\/cambrabcn.org\\\/en\\\/about-cambra\\\/transparencia-i-perfil-del-contractant\\\/\"},{\"@type\":\"ListItem\",\"position\":4,\"name\":\"Perfil del contractant\"}]},{\"@type\":\"WebSite\",\"@id\":\"https:\\\/\\\/cambrabcn.org\\\/en\\\/#website\",\"url\":\"https:\\\/\\\/cambrabcn.org\\\/en\\\/\",\"name\":\"Cambra de Comer\u00e7 de Barcelona\",\"description\":\"La Cambra de Tothom\",\"publisher\":{\"@id\":\"https:\\\/\\\/cambrabcn.org\\\/en\\\/#organization\"},\"alternateName\":\"Cambra Oficial de Comer\u00e7, Ind\u00fastria, Serveis i Navegaci\u00f3 de Barcelona\",\"potentialAction\":[{\"@type\":\"SearchAction\",\"target\":{\"@type\":\"EntryPoint\",\"urlTemplate\":\"https:\\\/\\\/cambrabcn.org\\\/en\\\/?s={search_term_string}\"},\"query-input\":{\"@type\":\"PropertyValueSpecification\",\"valueRequired\":true,\"valueName\":\"search_term_string\"}}],\"inLanguage\":\"en-US\"},{\"@type\":\"Organization\",\"@id\":\"https:\\\/\\\/cambrabcn.org\\\/en\\\/#organization\",\"name\":\"Cambra de Comer\u00e7 de Barcelona\",\"alternateName\":\"Cambra Oficial de Comer\u00e7, Ind\u00fastria, Serveis i Navegaci\u00f3 de Barcelona\",\"url\":\"https:\\\/\\\/cambrabcn.org\\\/en\\\/\",\"logo\":{\"@type\":\"ImageObject\",\"inLanguage\":\"en-US\",\"@id\":\"https:\\\/\\\/cambrabcn.org\\\/en\\\/#\\\/schema\\\/logo\\\/image\\\/\",\"url\":\"https:\\\/\\\/cambrabcn.org\\\/wp-content\\\/uploads\\\/2023\\\/11\\\/logo-cambra-300x77-1.png\",\"contentUrl\":\"https:\\\/\\\/cambrabcn.org\\\/wp-content\\\/uploads\\\/2023\\\/11\\\/logo-cambra-300x77-1.png\",\"width\":300,\"height\":77,\"caption\":\"Cambra de Comer\u00e7 de Barcelona\"},\"image\":{\"@id\":\"https:\\\/\\\/cambrabcn.org\\\/en\\\/#\\\/schema\\\/logo\\\/image\\\/\"},\"sameAs\":[\"https:\\\/\\\/x.com\\\/cambrabcn\",\"https:\\\/\\\/www.instagram.com\\\/cambrabcn\\\/\",\"https:\\\/\\\/www.linkedin.com\\\/school\\\/cambrabcn\",\"https:\\\/\\\/www.youtube.com\\\/user\\\/PressCambrabcn\",\"https:\\\/\\\/ca.wikipedia.org\\\/wiki\\\/Cambra_Oficial_de_Comer\u00e7,_Ind\u00fastria_i_Navegaci\u00f3_de_Barcelona\",\"http:\\\/\\\/viaf.org\\\/viaf\\\/124017095\"],\"description\":\"La Cambra Oficial de Comer\u00e7, Ind\u00fastria, Serveis i Navegaci\u00f3 de Barcelona \u00e9s una corporaci\u00f3 de dret p\u00fablic que presta serveis a les empreses, contribuint a la regeneraci\u00f3 del teixit econ\u00f2mic i la creaci\u00f3 d\u2019ocupaci\u00f3.\",\"email\":\"cambra@cambrabcn.cat\",\"telephone\":\"+34 93 416 93 00\",\"legalName\":\"La Cambra Oficial de Comer\u00e7, Ind\u00fastria, Serveis i Navegaci\u00f3 de Barcelona\",\"foundingDate\":\"1886-01-01\",\"vatID\":\"Q0873001B\",\"taxID\":\"Q0873001B\",\"naics\":\"813910\"}]}<\/script>\n<!-- \/ Yoast SEO Premium plugin. -->","yoast_head_json":{"title":"Perfil del contractant | Cambra de Comer\u00e7 de Barcelona","robots":{"index":"index","follow":"follow","max-snippet":"max-snippet:-1","max-image-preview":"max-image-preview:large","max-video-preview":"max-video-preview:-1"},"canonical":"https:\/\/cambrabcn.org\/en\/about-cambra\/transparencia-i-perfil-del-contractant\/perfil-del-contractant\/","og_locale":"en_US","og_type":"article","og_title":"Perfil del contractant","og_description":"Perfil del contractant Consulta tota la informaci\u00f3 relativa a la corporaci\u00f3 D\u2019acord amb el que estableix la Llei 19\/2013 de transpar\u00e8ncia, acc\u00e9s a la informaci\u00f3 p\u00fablica i bon govern, la Cambra de Comer\u00e7 de Barcelona facilita l&#8217;acc\u00e9s p\u00fablic a la informaci\u00f3 relativa a la seva activitat contractual.&nbsp; Principis i instruccions de contractaci\u00f3 Els procediments de [&hellip;]","og_url":"https:\/\/cambrabcn.org\/en\/about-cambra\/transparencia-i-perfil-del-contractant\/perfil-del-contractant\/","og_site_name":"Cambra de Comer\u00e7 de Barcelona","article_modified_time":"2025-11-19T09:07:11+00:00","og_image":[{"width":384,"height":144,"url":"https:\/\/cambrabcn.org\/wp-content\/uploads\/2024\/06\/Licitacions-en-curs_384x144.png","type":"image\/png"}],"twitter_card":"summary_large_image","twitter_site":"@cambrabcn","twitter_misc":{"Est. reading time":"2 minutes"},"schema":{"@context":"https:\/\/schema.org","@graph":[{"@type":"WebPage","@id":"https:\/\/cambrabcn.org\/en\/about-cambra\/transparencia-i-perfil-del-contractant\/perfil-del-contractant\/","url":"https:\/\/cambrabcn.org\/en\/about-cambra\/transparencia-i-perfil-del-contractant\/perfil-del-contractant\/","name":"Perfil del contractant | Cambra de Comer\u00e7 de Barcelona","isPartOf":{"@id":"https:\/\/cambrabcn.org\/en\/#website"},"primaryImageOfPage":{"@id":"https:\/\/cambrabcn.org\/en\/about-cambra\/transparencia-i-perfil-del-contractant\/perfil-del-contractant\/#primaryimage"},"image":{"@id":"https:\/\/cambrabcn.org\/en\/about-cambra\/transparencia-i-perfil-del-contractant\/perfil-del-contractant\/#primaryimage"},"thumbnailUrl":"https:\/\/cambrabcn.org\/wp-content\/uploads\/2024\/06\/Licitacions-en-curs_384x144.png","datePublished":"2024-02-01T10:00:00+00:00","dateModified":"2025-11-19T09:07:11+00:00","breadcrumb":{"@id":"https:\/\/cambrabcn.org\/en\/about-cambra\/transparencia-i-perfil-del-contractant\/perfil-del-contractant\/#breadcrumb"},"inLanguage":"en-US","potentialAction":[{"@type":"ReadAction","target":["https:\/\/cambrabcn.org\/en\/about-cambra\/transparencia-i-perfil-del-contractant\/perfil-del-contractant\/"]}]},{"@type":"ImageObject","inLanguage":"en-US","@id":"https:\/\/cambrabcn.org\/en\/about-cambra\/transparencia-i-perfil-del-contractant\/perfil-del-contractant\/#primaryimage","url":"https:\/\/cambrabcn.org\/wp-content\/uploads\/2024\/06\/Licitacions-en-curs_384x144.png","contentUrl":"https:\/\/cambrabcn.org\/wp-content\/uploads\/2024\/06\/Licitacions-en-curs_384x144.png"},{"@type":"BreadcrumbList","@id":"https:\/\/cambrabcn.org\/en\/about-cambra\/transparencia-i-perfil-del-contractant\/perfil-del-contractant\/#breadcrumb","itemListElement":[{"@type":"ListItem","position":1,"name":"Home","item":"https:\/\/cambrabcn.org\/en\/"},{"@type":"ListItem","position":2,"name":"About Cambra","item":"https:\/\/cambrabcn.org\/en\/about-cambra\/"},{"@type":"ListItem","position":3,"name":"Transpar\u00e8ncia i Perfil del contractant","item":"https:\/\/cambrabcn.org\/en\/about-cambra\/transparencia-i-perfil-del-contractant\/"},{"@type":"ListItem","position":4,"name":"Perfil del contractant"}]},{"@type":"WebSite","@id":"https:\/\/cambrabcn.org\/en\/#website","url":"https:\/\/cambrabcn.org\/en\/","name":"Cambra de Comer\u00e7 de Barcelona","description":"La Cambra de Tothom","publisher":{"@id":"https:\/\/cambrabcn.org\/en\/#organization"},"alternateName":"Cambra Oficial de Comer\u00e7, Ind\u00fastria, Serveis i Navegaci\u00f3 de Barcelona","potentialAction":[{"@type":"SearchAction","target":{"@type":"EntryPoint","urlTemplate":"https:\/\/cambrabcn.org\/en\/?s={search_term_string}"},"query-input":{"@type":"PropertyValueSpecification","valueRequired":true,"valueName":"search_term_string"}}],"inLanguage":"en-US"},{"@type":"Organization","@id":"https:\/\/cambrabcn.org\/en\/#organization","name":"Cambra de Comer\u00e7 de Barcelona","alternateName":"Cambra Oficial de Comer\u00e7, Ind\u00fastria, Serveis i Navegaci\u00f3 de Barcelona","url":"https:\/\/cambrabcn.org\/en\/","logo":{"@type":"ImageObject","inLanguage":"en-US","@id":"https:\/\/cambrabcn.org\/en\/#\/schema\/logo\/image\/","url":"https:\/\/cambrabcn.org\/wp-content\/uploads\/2023\/11\/logo-cambra-300x77-1.png","contentUrl":"https:\/\/cambrabcn.org\/wp-content\/uploads\/2023\/11\/logo-cambra-300x77-1.png","width":300,"height":77,"caption":"Cambra de Comer\u00e7 de Barcelona"},"image":{"@id":"https:\/\/cambrabcn.org\/en\/#\/schema\/logo\/image\/"},"sameAs":["https:\/\/x.com\/cambrabcn","https:\/\/www.instagram.com\/cambrabcn\/","https:\/\/www.linkedin.com\/school\/cambrabcn","https:\/\/www.youtube.com\/user\/PressCambrabcn","https:\/\/ca.wikipedia.org\/wiki\/Cambra_Oficial_de_Comer\u00e7,_Ind\u00fastria_i_Navegaci\u00f3_de_Barcelona","http:\/\/viaf.org\/viaf\/124017095"],"description":"La Cambra Oficial de Comer\u00e7, Ind\u00fastria, Serveis i Navegaci\u00f3 de Barcelona \u00e9s una corporaci\u00f3 de dret p\u00fablic que presta serveis a les empreses, contribuint a la regeneraci\u00f3 del teixit econ\u00f2mic i la creaci\u00f3 d\u2019ocupaci\u00f3.","email":"cambra@cambrabcn.cat","telephone":"+34 93 416 93 00","legalName":"La Cambra Oficial de Comer\u00e7, Ind\u00fastria, Serveis i Navegaci\u00f3 de Barcelona","foundingDate":"1886-01-01","vatID":"Q0873001B","taxID":"Q0873001B","naics":"813910"}]}},"mfb_rest_fields":["pp_statuses_selecting_workflow","pp_workflow_action","pp_status_selection","yoast_head","yoast_head_json"],"_links":{"self":[{"href":"https:\/\/cambrabcn.org\/en\/wp-json\/wp\/v2\/pages\/1423","targetHints":{"allow":["GET"]}}],"collection":[{"href":"https:\/\/cambrabcn.org\/en\/wp-json\/wp\/v2\/pages"}],"about":[{"href":"https:\/\/cambrabcn.org\/en\/wp-json\/wp\/v2\/types\/page"}],"author":[{"embeddable":true,"href":"https:\/\/cambrabcn.org\/en\/wp-json\/wp\/v2\/users\/2"}],"replies":[{"embeddable":true,"href":"https:\/\/cambrabcn.org\/en\/wp-json\/wp\/v2\/comments?post=1423"}],"version-history":[{"count":3,"href":"https:\/\/cambrabcn.org\/en\/wp-json\/wp\/v2\/pages\/1423\/revisions"}],"predecessor-version":[{"id":108727,"href":"https:\/\/cambrabcn.org\/en\/wp-json\/wp\/v2\/pages\/1423\/revisions\/108727"}],"up":[{"embeddable":true,"href":"https:\/\/cambrabcn.org\/en\/wp-json\/wp\/v2\/pages\/1421"}],"wp:attachment":[{"href":"https:\/\/cambrabcn.org\/en\/wp-json\/wp\/v2\/media?parent=1423"}],"curies":[{"name":"wp","href":"https:\/\/api.w.org\/{rel}","templated":true}]}}